{"id":2345,"date":"2025-07-31T08:52:28","date_gmt":"2025-07-31T08:52:28","guid":{"rendered":"https:\/\/shop.leaplytics.de\/?post_type=product&#038;p=2345"},"modified":"2026-03-05T20:01:09","modified_gmt":"2026-03-05T20:01:09","slug":"gantt-semasi","status":"publish","type":"product","link":"https:\/\/shop.leaplytics.de\/tr\/product\/gantt-semasi\/","title":{"rendered":"Gantt \u015eemas\u0131"},"content":{"rendered":"<p>Gantt \u015eemas\u0131<\/p>","protected":false},"excerpt":{"rendered":"<p>Power BI i\u00e7in Gantt Chart g\u00f6rselimiz ile risklerinizi zaman i\u00e7inde y\u00f6netin ve takip edin. Bu g\u00f6rsel, proje zaman \u00e7izelgelerini, kilometre ta\u015flar\u0131n\u0131 ve risk s\u00fcrelerini net ve yap\u0131land\u0131r\u0131lm\u0131\u015f bir zaman \u00e7izelgesi bi\u00e7iminde temsil etmenizi sa\u011flar. Risk y\u00f6netimini proje planlaman\u0131za entegre etmek i\u00e7in m\u00fckemmeldir.<\/p>\n<p><strong>A\u00e7\u0131klama:<\/strong><\/p>\n<ul>\n<li>Y\u0131ll\u0131k veya \u00e7ok y\u0131ll\u0131 lisans mevcuttur<\/li>\n<li>Lisans\u0131 tek bir \u015firket (t\u00fczel ki\u015filik) veya bir grup\/holding (birden fazla t\u00fczel ki\u015filik) i\u00e7in kullan\u0131n<\/li>\n<li><u><a href=\"https:\/\/shop.leaplytics.de\/tr\/garanti\/\">30 G\u00fcnl\u00fck Risksiz Garanti + \u00d6m\u00fcr Boyu Fiyat Kilidi<\/a><\/u><\/li>\n<li>Lisans kodu sat\u0131n ald\u0131ktan sonraki 24 saat i\u00e7inde e-postan\u0131za g\u00f6nderilecektir<\/li>\n<li>\n    M\u00fc\u015fteriye y\u00f6nelik ortamlarda ticari kullan\u0131m i\u00e7in l\u00fctfen bizimle \u015fu adresten ileti\u015fime ge\u00e7in<br \/>\n    <u><a href=\"mailto:info@leaplytics.de\">info@leaplytics.de<\/a><\/u>\n  <\/li>\n<\/ul>\n<p>Daha da iyi bir anla\u015fma m\u0131 ar\u0131yorsunuz? Bize ula\u015f\u0131n <a href=\"mailto:info@leaplytics.de\">info@leaplytics.de<\/a> ve \u00f6zel bir ekstra indirim kazan\u0131n!<\/p>","protected":false},"featured_media":2347,"template":"","meta":[],"product_brand":[],"product_cat":[19],"product_tag":[],"class_list":{"0":"post-2345","1":"product","2":"type-product","3":"status-publish","4":"has-post-thumbnail","6":"product_cat-bi-visual","7":"latest_post","9":"first","10":"instock","11":"taxable","12":"shipping-taxable","13":"purchasable","14":"product-type-variable"},"yoast_head":"<!-- This site is optimized with the Yoast SEO plugin v25.6 - https:\/\/yoast.com\/wordpress\/plugins\/seo\/ -->\n<title>Gantt Chart - LeapLytics&#039; Shop<\/title>\n<meta name=\"robots\" content=\"index, follow, max-snippet:-1, max-image-preview:large, max-video-preview:-1\" \/>\n<link rel=\"canonical\" href=\"https:\/\/shop.leaplytics.de\/tr\/product\/gantt-semasi\/\" \/>\n<meta property=\"og:locale\" content=\"tr_TR\" \/>\n<meta property=\"og:type\" content=\"article\" \/>\n<meta property=\"og:title\" content=\"Gantt Chart - LeapLytics&#039; Shop\" \/>\n<meta property=\"og:description\" content=\"Manage and track your risks over time with our Gantt Chart visual for Power BI. This visual lets you represent project timelines, milestones, and risk durations in a clear and structured timeline format. Perfect for integrating risk management into your project planning.  Description:   Annual or multi-year license available  Use the license for a single company (legal entity) or across a group\/holding (multiple legal entities)  30-Day Risk-Free Guarantee + Lifetime Price Lock  License code will be sent to your email within 24 hours of purchase     For commercial use in customer-facing environments, please contact us at    info@leaplytics.de     Looking for an even better deal? Contact us at info@leaplytics.de and get an exclusive extra discount!\" \/>\n<meta property=\"og:url\" content=\"https:\/\/shop.leaplytics.de\/tr\/product\/gantt-semasi\/\" \/>\n<meta property=\"og:site_name\" content=\"LeapLytics&#039; Shop\" \/>\n<meta property=\"article:modified_time\" content=\"2026-03-05T20:01:09+00:00\" \/>\n<meta property=\"og:image\" content=\"https:\/\/shop.leaplytics.de\/wp-content\/uploads\/2025\/07\/apps.35839.64dfaa4f-9ef5-41ac-922f-dd5c8ab6025b.263c167d-6e75-4b36-889b-7b60492b3da7.png\" \/>\n\t<meta property=\"og:image:width\" content=\"300\" \/>\n\t<meta property=\"og:image:height\" content=\"300\" \/>\n\t<meta property=\"og:image:type\" content=\"image\/png\" \/>\n<meta name=\"twitter:card\" content=\"summary_large_image\" \/>\n<meta name=\"twitter:label1\" content=\"Tahmini okuma s\u00fcresi\" \/>\n\t<meta name=\"twitter:data1\" content=\"1 dakika\" \/>\n<script type=\"application\/ld+json\" class=\"yoast-schema-graph\">{\"@context\":\"https:\/\/schema.org\",\"@graph\":[{\"@type\":\"WebPage\",\"@id\":\"https:\/\/shop.leaplytics.de\/product\/gantt-chart\/\",\"url\":\"https:\/\/shop.leaplytics.de\/product\/gantt-chart\/\",\"name\":\"Gantt Chart - LeapLytics&#039; Shop\",\"isPartOf\":{\"@id\":\"https:\/\/shop.leaplytics.de\/pt_br\/#website\"},\"primaryImageOfPage\":{\"@id\":\"https:\/\/shop.leaplytics.de\/product\/gantt-chart\/#primaryimage\"},\"image\":{\"@id\":\"https:\/\/shop.leaplytics.de\/product\/gantt-chart\/#primaryimage\"},\"thumbnailUrl\":\"https:\/\/shop.leaplytics.de\/wp-content\/uploads\/2025\/07\/apps.35839.64dfaa4f-9ef5-41ac-922f-dd5c8ab6025b.263c167d-6e75-4b36-889b-7b60492b3da7.png\",\"datePublished\":\"2025-07-31T08:52:28+00:00\",\"dateModified\":\"2026-03-05T20:01:09+00:00\",\"breadcrumb\":{\"@id\":\"https:\/\/shop.leaplytics.de\/product\/gantt-chart\/#breadcrumb\"},\"inLanguage\":\"tr\",\"potentialAction\":[{\"@type\":\"ReadAction\",\"target\":[\"https:\/\/shop.leaplytics.de\/product\/gantt-chart\/\"]}]},{\"@type\":\"ImageObject\",\"inLanguage\":\"tr\",\"@id\":\"https:\/\/shop.leaplytics.de\/product\/gantt-chart\/#primaryimage\",\"url\":\"https:\/\/shop.leaplytics.de\/wp-content\/uploads\/2025\/07\/apps.35839.64dfaa4f-9ef5-41ac-922f-dd5c8ab6025b.263c167d-6e75-4b36-889b-7b60492b3da7.png\",\"contentUrl\":\"https:\/\/shop.leaplytics.de\/wp-content\/uploads\/2025\/07\/apps.35839.64dfaa4f-9ef5-41ac-922f-dd5c8ab6025b.263c167d-6e75-4b36-889b-7b60492b3da7.png\",\"width\":300,\"height\":300},{\"@type\":\"BreadcrumbList\",\"@id\":\"https:\/\/shop.leaplytics.de\/product\/gantt-chart\/#breadcrumb\",\"itemListElement\":[{\"@type\":\"ListItem\",\"position\":1,\"name\":\"Home\",\"item\":\"https:\/\/shop.leaplytics.de\/\"},{\"@type\":\"ListItem\",\"position\":2,\"name\":\"Shop\",\"item\":\"https:\/\/shop.leaplytics.de\/\"},{\"@type\":\"ListItem\",\"position\":3,\"name\":\"Gantt Chart\"}]},{\"@type\":\"WebSite\",\"@id\":\"https:\/\/shop.leaplytics.de\/pt_br\/#website\",\"url\":\"https:\/\/shop.leaplytics.de\/pt_br\/\",\"name\":\"LeapLytics' Shop\",\"description\":\"leap reporting solutions\",\"potentialAction\":[{\"@type\":\"SearchAction\",\"target\":{\"@type\":\"EntryPoint\",\"urlTemplate\":\"https:\/\/shop.leaplytics.de\/pt_br\/?s={search_term_string}\"},\"query-input\":{\"@type\":\"PropertyValueSpecification\",\"valueRequired\":true,\"valueName\":\"search_term_string\"}}],\"inLanguage\":\"tr\"}]}<\/script>\n<!-- \/ Yoast SEO plugin. -->","yoast_head_json":{"title":"Gantt \u015eemas\u0131 - LeapLytics'in Ma\u011fazas\u0131","robots":{"index":"index","follow":"follow","max-snippet":"max-snippet:-1","max-image-preview":"max-image-preview:large","max-video-preview":"max-video-preview:-1"},"canonical":"https:\/\/shop.leaplytics.de\/tr\/product\/gantt-semasi\/","og_locale":"tr_TR","og_type":"article","og_title":"Gantt Chart - LeapLytics&#039; Shop","og_description":"Manage and track your risks over time with our Gantt Chart visual for Power BI. This visual lets you represent project timelines, milestones, and risk durations in a clear and structured timeline format. Perfect for integrating risk management into your project planning.  Description:   Annual or multi-year license available  Use the license for a single company (legal entity) or across a group\/holding (multiple legal entities)  30-Day Risk-Free Guarantee + Lifetime Price Lock  License code will be sent to your email within 24 hours of purchase     For commercial use in customer-facing environments, please contact us at    info@leaplytics.de     Looking for an even better deal? Contact us at info@leaplytics.de and get an exclusive extra discount!","og_url":"https:\/\/shop.leaplytics.de\/tr\/product\/gantt-semasi\/","og_site_name":"LeapLytics&#039; Shop","article_modified_time":"2026-03-05T20:01:09+00:00","og_image":[{"width":300,"height":300,"url":"https:\/\/shop.leaplytics.de\/wp-content\/uploads\/2025\/07\/apps.35839.64dfaa4f-9ef5-41ac-922f-dd5c8ab6025b.263c167d-6e75-4b36-889b-7b60492b3da7.png","type":"image\/png"}],"twitter_card":"summary_large_image","twitter_misc":{"Tahmini okuma s\u00fcresi":"1 dakika"},"schema":{"@context":"https:\/\/schema.org","@graph":[{"@type":"WebPage","@id":"https:\/\/shop.leaplytics.de\/product\/gantt-chart\/","url":"https:\/\/shop.leaplytics.de\/product\/gantt-chart\/","name":"Gantt \u015eemas\u0131 - LeapLytics'in Ma\u011fazas\u0131","isPartOf":{"@id":"https:\/\/shop.leaplytics.de\/pt_br\/#website"},"primaryImageOfPage":{"@id":"https:\/\/shop.leaplytics.de\/product\/gantt-chart\/#primaryimage"},"image":{"@id":"https:\/\/shop.leaplytics.de\/product\/gantt-chart\/#primaryimage"},"thumbnailUrl":"https:\/\/shop.leaplytics.de\/wp-content\/uploads\/2025\/07\/apps.35839.64dfaa4f-9ef5-41ac-922f-dd5c8ab6025b.263c167d-6e75-4b36-889b-7b60492b3da7.png","datePublished":"2025-07-31T08:52:28+00:00","dateModified":"2026-03-05T20:01:09+00:00","breadcrumb":{"@id":"https:\/\/shop.leaplytics.de\/product\/gantt-chart\/#breadcrumb"},"inLanguage":"tr","potentialAction":[{"@type":"ReadAction","target":["https:\/\/shop.leaplytics.de\/product\/gantt-chart\/"]}]},{"@type":"ImageObject","inLanguage":"tr","@id":"https:\/\/shop.leaplytics.de\/product\/gantt-chart\/#primaryimage","url":"https:\/\/shop.leaplytics.de\/wp-content\/uploads\/2025\/07\/apps.35839.64dfaa4f-9ef5-41ac-922f-dd5c8ab6025b.263c167d-6e75-4b36-889b-7b60492b3da7.png","contentUrl":"https:\/\/shop.leaplytics.de\/wp-content\/uploads\/2025\/07\/apps.35839.64dfaa4f-9ef5-41ac-922f-dd5c8ab6025b.263c167d-6e75-4b36-889b-7b60492b3da7.png","width":300,"height":300},{"@type":"BreadcrumbList","@id":"https:\/\/shop.leaplytics.de\/product\/gantt-chart\/#breadcrumb","itemListElement":[{"@type":"ListItem","position":1,"name":"Home","item":"https:\/\/shop.leaplytics.de\/"},{"@type":"ListItem","position":2,"name":"Shop","item":"https:\/\/shop.leaplytics.de\/"},{"@type":"ListItem","position":3,"name":"Gantt Chart"}]},{"@type":"WebSite","@id":"https:\/\/shop.leaplytics.de\/pt_br\/#website","url":"https:\/\/shop.leaplytics.de\/pt_br\/","name":"LeapLytics'in Ma\u011fazas\u0131","description":"leap raporlama \u00e7\u00f6z\u00fcmleri\u0307","potentialAction":[{"@type":"SearchAction","target":{"@type":"EntryPoint","urlTemplate":"https:\/\/shop.leaplytics.de\/pt_br\/?s={search_term_string}"},"query-input":{"@type":"PropertyValueSpecification","valueRequired":true,"valueName":"search_term_string"}}],"inLanguage":"tr"}]}},"_links":{"self":[{"href":"https:\/\/shop.leaplytics.de\/tr\/wp-json\/wp\/v2\/product\/2345","targetHints":{"allow":["GET"]}}],"collection":[{"href":"https:\/\/shop.leaplytics.de\/tr\/wp-json\/wp\/v2\/product"}],"about":[{"href":"https:\/\/shop.leaplytics.de\/tr\/wp-json\/wp\/v2\/types\/product"}],"wp:featuredmedia":[{"embeddable":true,"href":"https:\/\/shop.leaplytics.de\/tr\/wp-json\/wp\/v2\/media\/2347"}],"wp:attachment":[{"href":"https:\/\/shop.leaplytics.de\/tr\/wp-json\/wp\/v2\/media?parent=2345"}],"wp:term":[{"taxonomy":"product_brand","embeddable":true,"href":"https:\/\/shop.leaplytics.de\/tr\/wp-json\/wp\/v2\/product_brand?post=2345"},{"taxonomy":"product_cat","embeddable":true,"href":"https:\/\/shop.leaplytics.de\/tr\/wp-json\/wp\/v2\/product_cat?post=2345"},{"taxonomy":"product_tag","embeddable":true,"href":"https:\/\/shop.leaplytics.de\/tr\/wp-json\/wp\/v2\/product_tag?post=2345"}],"curies":[{"name":"wp","href":"https:\/\/api.w.org\/{rel}","templated":true}]}}