{"id":2016,"date":"2024-01-04T19:44:08","date_gmt":"2024-01-04T19:44:08","guid":{"rendered":"https:\/\/shop.leaplytics.de\/?post_type=product&#038;p=2016"},"modified":"2026-03-05T20:01:18","modified_gmt":"2026-03-05T20:01:18","slug":"paket-risk-isi-haritasi-ve-trafik-isigi-gorseli","status":"publish","type":"product","link":"https:\/\/shop.leaplytics.de\/tr\/product\/paket-risk-isi-haritasi-ve-trafik-isigi-gorseli\/","title":{"rendered":"Paket: Risk Is\u0131 Haritas\u0131 ve Trafik I\u015f\u0131\u011f\u0131 G\u00f6rseli"},"content":{"rendered":"<p>Risk Is\u0131 Haritas\u0131 G\u00f6rseli<\/p>","protected":false},"excerpt":{"rendered":"<p>Paket lisans\u0131m\u0131z a\u015fa\u011f\u0131dakilerden olu\u015fur <a href=\"https:\/\/shop.leaplytics.de\/tr\/product\/power-bi-risk-isi-haritasi\/\">Risk Is\u0131 Haritas\u0131 \/ Matrisi<\/a> ve <a href=\"https:\/\/shop.leaplytics.de\/tr\/product\/guc-bi-trafik-isigi\/\">Trafik I\u015f\u0131\u011f\u0131<\/a> Power BI veya Qlik Sense'de.<\/p>\n<p><strong>A\u00e7\u0131klama:<\/strong><\/p>\n<ul>\n<li>Y\u0131ll\u0131k veya \u00e7ok y\u0131ll\u0131 lisans<\/li>\n<li>Bir lisans\u0131 tek bir \u015firket (tek t\u00fczel ki\u015filik) veya bir grup\/holding (birden fazla t\u00fczel ki\u015filik) i\u00e7in kullanabilirsiniz.<\/li>\n<li><u><a href=\"https:\/\/shop.leaplytics.de\/tr\/garanti\/\">30 G\u00fcnl\u00fck Risksiz Garanti + \u00d6m\u00fcr Boyu Fiyat Kilidi<\/a><\/u><\/li>\n<li>Lisans kodunuzu sat\u0131n alma i\u015fleminizden sonraki 24 saat i\u00e7inde e-posta yoluyla almay\u0131 bekleyin.<\/li>\n<li>G\u00f6rseli d\u0131\u015f m\u00fc\u015fterileriniz i\u00e7in ticari bir ortamda kullanmak istiyorsan\u0131z, l\u00fctfen bizimle mail yoluyla ileti\u015fime ge\u00e7in <u><a href=\"mailto:info@leaplytics.de\">info@leaplytics.de<\/a><\/u>.<\/li>\n<\/ul>","protected":false},"featured_media":2024,"template":"","meta":[],"product_brand":[],"product_cat":[19],"product_tag":[],"class_list":{"0":"post-2016","1":"product","2":"type-product","3":"status-publish","4":"has-post-thumbnail","6":"product_cat-bi-visual","7":"latest_post","9":"first","10":"instock","11":"sale","12":"taxable","13":"shipping-taxable","14":"purchasable","15":"product-type-variable"},"yoast_head":"<!-- This site is optimized with the Yoast SEO plugin v25.6 - https:\/\/yoast.com\/wordpress\/plugins\/seo\/ -->\n<title>Bundle: Risk Heatmap and Traffic Light Visual - LeapLytics&#039; Shop<\/title>\n<meta name=\"robots\" content=\"index, follow, max-snippet:-1, max-image-preview:large, max-video-preview:-1\" \/>\n<link rel=\"canonical\" href=\"https:\/\/shop.leaplytics.de\/tr\/product\/paket-risk-isi-haritasi-ve-trafik-isigi-gorseli\/\" \/>\n<meta property=\"og:locale\" content=\"tr_TR\" \/>\n<meta property=\"og:type\" content=\"article\" \/>\n<meta property=\"og:title\" content=\"Bundle: Risk Heatmap and Traffic Light Visual - LeapLytics&#039; Shop\" \/>\n<meta property=\"og:description\" content=\"Bundle license consisting of our Risk Heatmap \/ Matrix and Traffic Light in Power BI or Qlik Sense.  Description:   Annual or multi-year license  You can use a license for one company (single legal entity) or a group\/holding (multiple legal entities).     30-Day Risk-Free Guarantee + Lifetime Price Lock  Expect to receive your license code via email within 24 hours of your purchase.  If you want to use the visual in a commercial environment for your external customers, please contact us via mail info@leaplytics.de.\" \/>\n<meta property=\"og:url\" content=\"https:\/\/shop.leaplytics.de\/tr\/product\/paket-risk-isi-haritasi-ve-trafik-isigi-gorseli\/\" \/>\n<meta property=\"og:site_name\" content=\"LeapLytics&#039; Shop\" \/>\n<meta property=\"article:modified_time\" content=\"2026-03-05T20:01:18+00:00\" \/>\n<meta property=\"og:image\" content=\"https:\/\/shop.leaplytics.de\/wp-content\/uploads\/2024\/01\/First_Slice_Combo_PowerBI-1.png\" \/>\n\t<meta property=\"og:image:width\" content=\"1140\" \/>\n\t<meta property=\"og:image:height\" content=\"641\" \/>\n\t<meta property=\"og:image:type\" content=\"image\/png\" \/>\n<meta name=\"twitter:card\" content=\"summary_large_image\" \/>\n<meta name=\"twitter:label1\" content=\"Tahmini okuma s\u00fcresi\" \/>\n\t<meta name=\"twitter:data1\" content=\"1 dakika\" \/>\n<script type=\"application\/ld+json\" class=\"yoast-schema-graph\">{\"@context\":\"https:\/\/schema.org\",\"@graph\":[{\"@type\":\"WebPage\",\"@id\":\"https:\/\/shop.leaplytics.de\/product\/bundle-risk-heatmap-and-traffic-light-visual\/\",\"url\":\"https:\/\/shop.leaplytics.de\/product\/bundle-risk-heatmap-and-traffic-light-visual\/\",\"name\":\"Bundle: Risk Heatmap and Traffic Light Visual - LeapLytics&#039; Shop\",\"isPartOf\":{\"@id\":\"https:\/\/shop.leaplytics.de\/pt_br\/#website\"},\"primaryImageOfPage\":{\"@id\":\"https:\/\/shop.leaplytics.de\/product\/bundle-risk-heatmap-and-traffic-light-visual\/#primaryimage\"},\"image\":{\"@id\":\"https:\/\/shop.leaplytics.de\/product\/bundle-risk-heatmap-and-traffic-light-visual\/#primaryimage\"},\"thumbnailUrl\":\"https:\/\/shop.leaplytics.de\/wp-content\/uploads\/2024\/01\/First_Slice_Combo_PowerBI-1.png\",\"datePublished\":\"2024-01-04T19:44:08+00:00\",\"dateModified\":\"2026-03-05T20:01:18+00:00\",\"breadcrumb\":{\"@id\":\"https:\/\/shop.leaplytics.de\/product\/bundle-risk-heatmap-and-traffic-light-visual\/#breadcrumb\"},\"inLanguage\":\"tr\",\"potentialAction\":[{\"@type\":\"ReadAction\",\"target\":[\"https:\/\/shop.leaplytics.de\/product\/bundle-risk-heatmap-and-traffic-light-visual\/\"]}]},{\"@type\":\"ImageObject\",\"inLanguage\":\"tr\",\"@id\":\"https:\/\/shop.leaplytics.de\/product\/bundle-risk-heatmap-and-traffic-light-visual\/#primaryimage\",\"url\":\"https:\/\/shop.leaplytics.de\/wp-content\/uploads\/2024\/01\/First_Slice_Combo_PowerBI-1.png\",\"contentUrl\":\"https:\/\/shop.leaplytics.de\/wp-content\/uploads\/2024\/01\/First_Slice_Combo_PowerBI-1.png\",\"width\":1140,\"height\":641},{\"@type\":\"BreadcrumbList\",\"@id\":\"https:\/\/shop.leaplytics.de\/product\/bundle-risk-heatmap-and-traffic-light-visual\/#breadcrumb\",\"itemListElement\":[{\"@type\":\"ListItem\",\"position\":1,\"name\":\"Home\",\"item\":\"https:\/\/shop.leaplytics.de\/\"},{\"@type\":\"ListItem\",\"position\":2,\"name\":\"Shop\",\"item\":\"https:\/\/shop.leaplytics.de\/\"},{\"@type\":\"ListItem\",\"position\":3,\"name\":\"Bundle: Risk Heatmap and Traffic Light Visual\"}]},{\"@type\":\"WebSite\",\"@id\":\"https:\/\/shop.leaplytics.de\/pt_br\/#website\",\"url\":\"https:\/\/shop.leaplytics.de\/pt_br\/\",\"name\":\"LeapLytics' Shop\",\"description\":\"leap reporting solutions\",\"potentialAction\":[{\"@type\":\"SearchAction\",\"target\":{\"@type\":\"EntryPoint\",\"urlTemplate\":\"https:\/\/shop.leaplytics.de\/pt_br\/?s={search_term_string}\"},\"query-input\":{\"@type\":\"PropertyValueSpecification\",\"valueRequired\":true,\"valueName\":\"search_term_string\"}}],\"inLanguage\":\"tr\"}]}<\/script>\n<!-- \/ Yoast SEO plugin. -->","yoast_head_json":{"title":"Paket: Risk Is\u0131 Haritas\u0131 ve Trafik I\u015f\u0131\u011f\u0131 G\u00f6rseli - LeapLytics' Shop","robots":{"index":"index","follow":"follow","max-snippet":"max-snippet:-1","max-image-preview":"max-image-preview:large","max-video-preview":"max-video-preview:-1"},"canonical":"https:\/\/shop.leaplytics.de\/tr\/product\/paket-risk-isi-haritasi-ve-trafik-isigi-gorseli\/","og_locale":"tr_TR","og_type":"article","og_title":"Bundle: Risk Heatmap and Traffic Light Visual - LeapLytics&#039; Shop","og_description":"Bundle license consisting of our Risk Heatmap \/ Matrix and Traffic Light in Power BI or Qlik Sense.  Description:   Annual or multi-year license  You can use a license for one company (single legal entity) or a group\/holding (multiple legal entities).     30-Day Risk-Free Guarantee + Lifetime Price Lock  Expect to receive your license code via email within 24 hours of your purchase.  If you want to use the visual in a commercial environment for your external customers, please contact us via mail info@leaplytics.de.","og_url":"https:\/\/shop.leaplytics.de\/tr\/product\/paket-risk-isi-haritasi-ve-trafik-isigi-gorseli\/","og_site_name":"LeapLytics&#039; Shop","article_modified_time":"2026-03-05T20:01:18+00:00","og_image":[{"width":1140,"height":641,"url":"https:\/\/shop.leaplytics.de\/wp-content\/uploads\/2024\/01\/First_Slice_Combo_PowerBI-1.png","type":"image\/png"}],"twitter_card":"summary_large_image","twitter_misc":{"Tahmini okuma s\u00fcresi":"1 dakika"},"schema":{"@context":"https:\/\/schema.org","@graph":[{"@type":"WebPage","@id":"https:\/\/shop.leaplytics.de\/product\/bundle-risk-heatmap-and-traffic-light-visual\/","url":"https:\/\/shop.leaplytics.de\/product\/bundle-risk-heatmap-and-traffic-light-visual\/","name":"Paket: Risk Is\u0131 Haritas\u0131 ve Trafik I\u015f\u0131\u011f\u0131 G\u00f6rseli - LeapLytics' Shop","isPartOf":{"@id":"https:\/\/shop.leaplytics.de\/pt_br\/#website"},"primaryImageOfPage":{"@id":"https:\/\/shop.leaplytics.de\/product\/bundle-risk-heatmap-and-traffic-light-visual\/#primaryimage"},"image":{"@id":"https:\/\/shop.leaplytics.de\/product\/bundle-risk-heatmap-and-traffic-light-visual\/#primaryimage"},"thumbnailUrl":"https:\/\/shop.leaplytics.de\/wp-content\/uploads\/2024\/01\/First_Slice_Combo_PowerBI-1.png","datePublished":"2024-01-04T19:44:08+00:00","dateModified":"2026-03-05T20:01:18+00:00","breadcrumb":{"@id":"https:\/\/shop.leaplytics.de\/product\/bundle-risk-heatmap-and-traffic-light-visual\/#breadcrumb"},"inLanguage":"tr","potentialAction":[{"@type":"ReadAction","target":["https:\/\/shop.leaplytics.de\/product\/bundle-risk-heatmap-and-traffic-light-visual\/"]}]},{"@type":"ImageObject","inLanguage":"tr","@id":"https:\/\/shop.leaplytics.de\/product\/bundle-risk-heatmap-and-traffic-light-visual\/#primaryimage","url":"https:\/\/shop.leaplytics.de\/wp-content\/uploads\/2024\/01\/First_Slice_Combo_PowerBI-1.png","contentUrl":"https:\/\/shop.leaplytics.de\/wp-content\/uploads\/2024\/01\/First_Slice_Combo_PowerBI-1.png","width":1140,"height":641},{"@type":"BreadcrumbList","@id":"https:\/\/shop.leaplytics.de\/product\/bundle-risk-heatmap-and-traffic-light-visual\/#breadcrumb","itemListElement":[{"@type":"ListItem","position":1,"name":"Home","item":"https:\/\/shop.leaplytics.de\/"},{"@type":"ListItem","position":2,"name":"Shop","item":"https:\/\/shop.leaplytics.de\/"},{"@type":"ListItem","position":3,"name":"Bundle: Risk Heatmap and Traffic Light Visual"}]},{"@type":"WebSite","@id":"https:\/\/shop.leaplytics.de\/pt_br\/#website","url":"https:\/\/shop.leaplytics.de\/pt_br\/","name":"LeapLytics'in Ma\u011fazas\u0131","description":"leap raporlama \u00e7\u00f6z\u00fcmleri\u0307","potentialAction":[{"@type":"SearchAction","target":{"@type":"EntryPoint","urlTemplate":"https:\/\/shop.leaplytics.de\/pt_br\/?s={search_term_string}"},"query-input":{"@type":"PropertyValueSpecification","valueRequired":true,"valueName":"search_term_string"}}],"inLanguage":"tr"}]}},"_links":{"self":[{"href":"https:\/\/shop.leaplytics.de\/tr\/wp-json\/wp\/v2\/product\/2016","targetHints":{"allow":["GET"]}}],"collection":[{"href":"https:\/\/shop.leaplytics.de\/tr\/wp-json\/wp\/v2\/product"}],"about":[{"href":"https:\/\/shop.leaplytics.de\/tr\/wp-json\/wp\/v2\/types\/product"}],"wp:featuredmedia":[{"embeddable":true,"href":"https:\/\/shop.leaplytics.de\/tr\/wp-json\/wp\/v2\/media\/2024"}],"wp:attachment":[{"href":"https:\/\/shop.leaplytics.de\/tr\/wp-json\/wp\/v2\/media?parent=2016"}],"wp:term":[{"taxonomy":"product_brand","embeddable":true,"href":"https:\/\/shop.leaplytics.de\/tr\/wp-json\/wp\/v2\/product_brand?post=2016"},{"taxonomy":"product_cat","embeddable":true,"href":"https:\/\/shop.leaplytics.de\/tr\/wp-json\/wp\/v2\/product_cat?post=2016"},{"taxonomy":"product_tag","embeddable":true,"href":"https:\/\/shop.leaplytics.de\/tr\/wp-json\/wp\/v2\/product_tag?post=2016"}],"curies":[{"name":"wp","href":"https:\/\/api.w.org\/{rel}","templated":true}]}}