{"id":266,"date":"2022-06-17T16:52:45","date_gmt":"2022-06-17T16:52:45","guid":{"rendered":"https:\/\/shop.leaplytics.de\/?page_id=266"},"modified":"2025-05-27T12:30:33","modified_gmt":"2025-05-27T12:30:33","slug":"fiyatlandirma","status":"publish","type":"page","link":"https:\/\/shop.leaplytics.de\/tr\/fiyatlandirma\/","title":{"rendered":"Fiyatland\u0131rma"},"content":{"rendered":"<p>LeapLytics olarak, lisanslaman\u0131n hayat\u0131n\u0131z\u0131 kolayla\u015ft\u0131rmas\u0131 gerekti\u011fine inan\u0131yoruz <strong>daha kolay<\/strong>daha karma\u015f\u0131k de\u011fil. \u0130\u015fte bu y\u00fczden bir <strong>basit, adil lisanslama modeli<\/strong> g\u00f6rsellerimiz i\u00e7in - kullan\u0131c\u0131 s\u0131n\u0131r\u0131 yok, ba\u015f a\u011fr\u0131s\u0131 yok, s\u00fcrpriz yok.<\/p>\n\n\n\n<h3 class=\"wp-block-heading\">Neden kullan\u0131c\u0131 tabanl\u0131 lisanslama yok?<\/h3>\n\n\n\n<p>D\u00fcr\u00fcst olal\u0131m: Kullan\u0131c\u0131 tabanl\u0131 lisanslama genellikle \u00e7\u00f6zd\u00fc\u011f\u00fcnden daha fazla soruna neden olur.<\/p>\n\n\n\n<p>Mevcut lisans say\u0131s\u0131ndan daha fazla ki\u015finin bir panoyu g\u00f6r\u00fcnt\u00fclemesi gerekti\u011finde, hayal k\u0131r\u0131kl\u0131\u011f\u0131 h\u0131zla artar. Kilitlenen ki\u015fi \u00f6nemli bir karar verici oldu\u011funda durum daha da k\u00f6t\u00fcle\u015fir. G\u00f6rsel ve eklenti kullan\u0131c\u0131lar\u0131 olarak biz de bu yollardan ge\u00e7tik. \u0130\u015fte tam da bundan ka\u00e7\u0131nmak istiyoruz.<\/p>\n\n\n\n<p>Bir de gizli maliyetler var: \"yetkisiz kullan\u0131c\u0131lar\" i\u00e7in kimsenin tahmin etmedi\u011fi beklenmedik faturalar? Bizde \u00f6yle de\u011fil.<\/p>\n\n\n\n<h3 class=\"wp-block-heading\">G\u00fcvenli Garanti<\/h3>\n\n\n\n<p>Ve karar\u0131n\u0131z\u0131 risksiz hale getirmek i\u00e7in: bir <strong>30 g\u00fcnl\u00fck para iade garantisi<\/strong>.<\/p>\n\n\n\n<p>G\u00f6rsel bekledi\u011finiz de\u011feri sunmazsa, 30 g\u00fcn i\u00e7inde bize bildirmeniz yeterlidir - paran\u0131z\u0131n tamam\u0131n\u0131 iade ederiz, <strong>soru sormak yok<\/strong>.<\/p>\n\n\n\n<h3 class=\"wp-block-heading\">S\u00f6z\u00fcm\u00fcz: S\u0131n\u0131r yok. S\u00fcrpriz yok.<\/h3>\n\n\n\n<p>LeapLytics ile, bir <strong>\u015firket veya holding\/grup \u00e7ap\u0131nda lisans<\/strong>. Bu \u015fu demek:<\/p>\n\n\n\n<p>\u2705 S\u0131n\u0131rs\u0131z kullan\u0131c\u0131<br>\u2705 S\u0131n\u0131rs\u0131z g\u00f6sterge tablosu<br>\u2705 S\u0131n\u0131rs\u0131z g\u00f6rseller<\/p>\n\n\n\n<p>G\u00f6rsellerimizi ihtiya\u00e7 duydu\u011funuz her yerde ve her \u015fekilde kullan\u0131n - <strong>s\u0131f\u0131r ince bask\u0131 ile<\/strong>.<\/p>\n\n\n\n<h3 class=\"wp-block-heading\">Basit, \u015feffaf fiyatland\u0131rma<\/h3>\n\n\n\n<p>Uzun vadeli tasarruf mu ar\u0131yorsunuz? Sizi teminat alt\u0131na ald\u0131k:<\/p>\n\n\n\n<ul class=\"wp-block-list\">\n<li><strong>2 y\u0131ll\u0131k lisans<\/strong> \u2192 +6 ay \u00fccretsiz<\/li>\n\n\n\n<li><strong>3 y\u0131ll\u0131k lisans<\/strong> \u2192 +12 ay \u00fccretsiz<\/li>\n<\/ul>\n\n\n\n<p>Bu, g\u00f6rselin g\u00fcnl\u00fck i\u015flerinizdeki ihtiya\u00e7lar\u0131n\u0131za uygun oldu\u011funu bildi\u011finizde harika bir se\u00e7enektir.<\/p>\n\n\n\n<p>Ma\u011faza sayfas\u0131n\u0131n sol alt k\u0131sm\u0131nda, para birimini tercihinize g\u00f6re de\u011fi\u015ftirebilirsiniz.<\/p>\n\n\n\n<h3 class=\"wp-block-heading\">Lisans\u0131n\u0131z\u0131 nas\u0131l al\u0131rs\u0131n\u0131z<\/h3>\n\n\n\n<p>Devam etmenin iki kolay yolu vard\u0131r:<\/p>\n\n\n\n<h4 class=\"wp-block-heading\">Se\u00e7enek 1: Teklif ve Fatura<\/h4>\n\n\n\n<ul class=\"wp-block-list\">\n<li>Bize \u015fu adresten ula\u015f\u0131n <strong><a href=\"mailto:info@leaplytics.de\">info@leaplytics.de<\/a>.<\/strong> Size resmi bir fiyat teklifi g\u00f6nderece\u011fiz.<\/li>\n\n\n\n<li>Kabul edildikten sonra lisans anahtar\u0131n\u0131 ve faturay\u0131 alacaks\u0131n\u0131z.<\/li>\n\n\n\n<li>\u00d6deme EUR cinsinden banka havalesi yoluyla yap\u0131l\u0131r.<\/li>\n<\/ul>\n\n\n\n<h4 class=\"wp-block-heading\">Se\u00e7enek 2: Online Sat\u0131n Al\u0131n<\/h4>\n\n\n\n<ul class=\"wp-block-list\">\n<li>Do\u011frudan ma\u011fazam\u0131zdan sipari\u015f verin.<\/li>\n\n\n\n<li>B\u00fcy\u00fck kredi kartlar\u0131 veya PayPal ile \u00f6deme yap\u0131n.<\/li>\n\n\n\n<li>Tercih etti\u011finiz para birimini se\u00e7in.<\/li>\n<\/ul>\n\n\n\n<h3 class=\"wp-block-heading\">\u0130zleyiciler i\u00e7in ekstra kurulum gerekmez<\/h3>\n\n\n\n<p>Ekip \u00fcyelerinizin herhangi bir \u015fey y\u00fcklemesi veya etkinle\u015ftirmesi gerekmez. G\u00f6rsel i\u00e7eren bir rapor yay\u0131nland\u0131ktan sonra, kurulu\u015funuzdaki herkes i\u00e7in \u00e7al\u0131\u015f\u0131r. Ayr\u0131 bir kurulum gerekmez.<\/p>","protected":false},"excerpt":{"rendered":"<p>At LeapLytics, we believe that licensing should make your life easier, not more complicated. That\u2019s why we\u2019ve designed a simple, fair licensing model for our visuals \u2013 no user limits, no headaches, no surprises. Why no user-based licensing? Let\u2019s be honest: User-based licensing often causes more problems than it solves. When more people need to &hellip; <\/p>","protected":false},"author":4,"featured_media":0,"parent":0,"menu_order":0,"comment_status":"closed","ping_status":"closed","template":"","meta":{"footnotes":""},"class_list":["post-266","page","type-page","status-publish","hentry","latest_post"],"yoast_head":"<!-- This site is optimized with the Yoast SEO plugin v25.6 - https:\/\/yoast.com\/wordpress\/plugins\/seo\/ -->\n<title>Pricing - LeapLytics&#039; Shop<\/title>\n<meta name=\"robots\" content=\"index, follow, max-snippet:-1, max-image-preview:large, max-video-preview:-1\" \/>\n<link rel=\"canonical\" href=\"https:\/\/shop.leaplytics.de\/tr\/fiyatlandirma\/\" \/>\n<meta property=\"og:locale\" content=\"tr_TR\" \/>\n<meta property=\"og:type\" content=\"article\" \/>\n<meta property=\"og:title\" content=\"Pricing - LeapLytics&#039; Shop\" \/>\n<meta property=\"og:description\" content=\"At LeapLytics, we believe that licensing should make your life easier, not more complicated. That\u2019s why we\u2019ve designed a simple, fair licensing model for our visuals \u2013 no user limits, no headaches, no surprises. Why no user-based licensing? Let\u2019s be honest: User-based licensing often causes more problems than it solves. When more people need to &hellip;\" \/>\n<meta property=\"og:url\" content=\"https:\/\/shop.leaplytics.de\/tr\/fiyatlandirma\/\" \/>\n<meta property=\"og:site_name\" content=\"LeapLytics&#039; Shop\" \/>\n<meta property=\"article:modified_time\" content=\"2025-05-27T12:30:33+00:00\" \/>\n<meta name=\"twitter:card\" content=\"summary_large_image\" \/>\n<meta name=\"twitter:label1\" content=\"Tahmini okuma s\u00fcresi\" \/>\n\t<meta name=\"twitter:data1\" content=\"2 dakika\" \/>\n<script type=\"application\/ld+json\" class=\"yoast-schema-graph\">{\"@context\":\"https:\/\/schema.org\",\"@graph\":[{\"@type\":\"WebPage\",\"@id\":\"https:\/\/shop.leaplytics.de\/pricing\/\",\"url\":\"https:\/\/shop.leaplytics.de\/pricing\/\",\"name\":\"Pricing - LeapLytics&#039; Shop\",\"isPartOf\":{\"@id\":\"https:\/\/shop.leaplytics.de\/pt_br\/#website\"},\"datePublished\":\"2022-06-17T16:52:45+00:00\",\"dateModified\":\"2025-05-27T12:30:33+00:00\",\"breadcrumb\":{\"@id\":\"https:\/\/shop.leaplytics.de\/pricing\/#breadcrumb\"},\"inLanguage\":\"tr\",\"potentialAction\":[{\"@type\":\"ReadAction\",\"target\":[\"https:\/\/shop.leaplytics.de\/pricing\/\"]}]},{\"@type\":\"BreadcrumbList\",\"@id\":\"https:\/\/shop.leaplytics.de\/pricing\/#breadcrumb\",\"itemListElement\":[{\"@type\":\"ListItem\",\"position\":1,\"name\":\"Home\",\"item\":\"https:\/\/shop.leaplytics.de\/\"},{\"@type\":\"ListItem\",\"position\":2,\"name\":\"Pricing\"}]},{\"@type\":\"WebSite\",\"@id\":\"https:\/\/shop.leaplytics.de\/pt_br\/#website\",\"url\":\"https:\/\/shop.leaplytics.de\/pt_br\/\",\"name\":\"LeapLytics' Shop\",\"description\":\"leap reporting solutions\",\"potentialAction\":[{\"@type\":\"SearchAction\",\"target\":{\"@type\":\"EntryPoint\",\"urlTemplate\":\"https:\/\/shop.leaplytics.de\/pt_br\/?s={search_term_string}\"},\"query-input\":{\"@type\":\"PropertyValueSpecification\",\"valueRequired\":true,\"valueName\":\"search_term_string\"}}],\"inLanguage\":\"tr\"}]}<\/script>\n<!-- \/ Yoast SEO plugin. -->","yoast_head_json":{"title":"Fiyatland\u0131rma - LeapLytics'in Ma\u011fazas\u0131","robots":{"index":"index","follow":"follow","max-snippet":"max-snippet:-1","max-image-preview":"max-image-preview:large","max-video-preview":"max-video-preview:-1"},"canonical":"https:\/\/shop.leaplytics.de\/tr\/fiyatlandirma\/","og_locale":"tr_TR","og_type":"article","og_title":"Pricing - LeapLytics&#039; Shop","og_description":"At LeapLytics, we believe that licensing should make your life easier, not more complicated. That\u2019s why we\u2019ve designed a simple, fair licensing model for our visuals \u2013 no user limits, no headaches, no surprises. Why no user-based licensing? Let\u2019s be honest: User-based licensing often causes more problems than it solves. When more people need to &hellip;","og_url":"https:\/\/shop.leaplytics.de\/tr\/fiyatlandirma\/","og_site_name":"LeapLytics&#039; Shop","article_modified_time":"2025-05-27T12:30:33+00:00","twitter_card":"summary_large_image","twitter_misc":{"Tahmini okuma s\u00fcresi":"2 dakika"},"schema":{"@context":"https:\/\/schema.org","@graph":[{"@type":"WebPage","@id":"https:\/\/shop.leaplytics.de\/pricing\/","url":"https:\/\/shop.leaplytics.de\/pricing\/","name":"Fiyatland\u0131rma - LeapLytics'in Ma\u011fazas\u0131","isPartOf":{"@id":"https:\/\/shop.leaplytics.de\/pt_br\/#website"},"datePublished":"2022-06-17T16:52:45+00:00","dateModified":"2025-05-27T12:30:33+00:00","breadcrumb":{"@id":"https:\/\/shop.leaplytics.de\/pricing\/#breadcrumb"},"inLanguage":"tr","potentialAction":[{"@type":"ReadAction","target":["https:\/\/shop.leaplytics.de\/pricing\/"]}]},{"@type":"BreadcrumbList","@id":"https:\/\/shop.leaplytics.de\/pricing\/#breadcrumb","itemListElement":[{"@type":"ListItem","position":1,"name":"Home","item":"https:\/\/shop.leaplytics.de\/"},{"@type":"ListItem","position":2,"name":"Pricing"}]},{"@type":"WebSite","@id":"https:\/\/shop.leaplytics.de\/pt_br\/#website","url":"https:\/\/shop.leaplytics.de\/pt_br\/","name":"LeapLytics'in Ma\u011fazas\u0131","description":"leap raporlama \u00e7\u00f6z\u00fcmleri\u0307","potentialAction":[{"@type":"SearchAction","target":{"@type":"EntryPoint","urlTemplate":"https:\/\/shop.leaplytics.de\/pt_br\/?s={search_term_string}"},"query-input":{"@type":"PropertyValueSpecification","valueRequired":true,"valueName":"search_term_string"}}],"inLanguage":"tr"}]}},"_links":{"self":[{"href":"https:\/\/shop.leaplytics.de\/tr\/wp-json\/wp\/v2\/pages\/266","targetHints":{"allow":["GET"]}}],"collection":[{"href":"https:\/\/shop.leaplytics.de\/tr\/wp-json\/wp\/v2\/pages"}],"about":[{"href":"https:\/\/shop.leaplytics.de\/tr\/wp-json\/wp\/v2\/types\/page"}],"author":[{"embeddable":true,"href":"https:\/\/shop.leaplytics.de\/tr\/wp-json\/wp\/v2\/users\/4"}],"replies":[{"embeddable":true,"href":"https:\/\/shop.leaplytics.de\/tr\/wp-json\/wp\/v2\/comments?post=266"}],"version-history":[{"count":0,"href":"https:\/\/shop.leaplytics.de\/tr\/wp-json\/wp\/v2\/pages\/266\/revisions"}],"wp:attachment":[{"href":"https:\/\/shop.leaplytics.de\/tr\/wp-json\/wp\/v2\/media?parent=266"}],"curies":[{"name":"wp","href":"https:\/\/api.w.org\/{rel}","templated":true}]}}