{"id":2215,"date":"2024-12-09T13:55:51","date_gmt":"2024-12-09T13:55:51","guid":{"rendered":"https:\/\/shop.leaplytics.de\/?page_id=2215"},"modified":"2026-03-05T19:58:24","modified_gmt":"2026-03-05T19:58:24","slug":"garanti","status":"publish","type":"page","link":"https:\/\/shop.leaplytics.de\/tr\/garanti\/","title":{"rendered":"Garanti"},"content":{"rendered":"<h3 class=\"wp-block-heading\">LeapLytics Risksiz ve \u00d6m\u00fcr Boyu Fiyat Kilitleme Garantisi<\/h3>\n\n\n\n<p>G\u00f6rsellerimizi zaten \u00fccretsiz olarak ke\u015ffetme \u015fans\u0131n\u0131z oldu. \u015eimdi kilidi a\u00e7ma zaman\u0131 <strong>t\u00fcm kurulu\u015funuz i\u00e7in tam eri\u015fim - s\u0131f\u0131r riskle.<\/strong><\/p>\n\n<p><strong>30 G\u00fcn Para \u0130ade Garantisi:<\/strong> LeapLytics ekibinize yard\u0131mc\u0131 olmuyorsa <strong>karma\u015f\u0131k verileri daha h\u0131zl\u0131 anlama<\/strong> ve yap <strong>daha iyi kararlar<\/strong> ilk 30 g\u00fcn i\u00e7inde bize e-posta g\u00f6ndermeniz yeterlidir. <strong>100% geri \u00f6deme<\/strong>. <strong>Form yok. S\u00fcrt\u00fc\u015fme yok. Soru yok.<\/strong><\/p>\n\n<p><strong>\u00d6m\u00fcr Boyu Fiyat Kilidi:<\/strong> Bir kez m\u00fc\u015fteri oldu\u011funuzda, fiyat\u0131n\u0131z <strong>kal\u0131c\u0131 olarak kilitlendi<\/strong> - yapacaks\u0131n <strong>asla daha fazla \u00f6deme yapmay\u0131n<\/strong>gelecekte fiyatlar\u0131m\u0131z y\u00fckselse bile.<\/p>\n\n<p>Olas\u0131 tek ayarlama \u015fu kaynaklardan gelebilir <strong>d\u00f6viz kuru dalgalanmalar\u0131<\/strong>. Asla ek \u00fccret veya zam eklemeyiz - para birimiyle ilgili t\u00fcm ayarlamalar yans\u0131t\u0131l\u0131r <strong>online ma\u011fazam\u0131zda \u015feffaf bir \u015fekilde<\/strong> ve tam olarak ortaya \u00e7\u0131kt\u0131klar\u0131 gibi uygulan\u0131r.<\/p>\n\n<p><strong>Gizli \u00fccret yok. Kullan\u0131c\u0131 ba\u015f\u0131na fiyatland\u0131rma yok. S\u00fcrpriz y\u00fckseltmeler yok.<\/strong> Gelecekteki t\u00fcm iyile\u015ftirmelerden yararlan\u0131rken bug\u00fcn\u00fcn fiyat\u0131n\u0131 g\u00fcvence alt\u0131na al\u0131rs\u0131n\u0131z.<\/p>\n\n\n\n<h3 class=\"wp-block-heading\">Ekipler Neden LeapLytics'i Se\u00e7iyor?<\/h3>\n\n\n\n<p>\n\u2705 <strong>\u00d6zel, y\u00fcksek performansl\u0131 Power BI g\u00f6rselleri<\/strong> ba\u015fka hi\u00e7bir yerde bulamazs\u0131n\u0131z<br>\n\u2705 <strong>S\u0131n\u0131rs\u0131z kullan\u0131c\u0131, g\u00f6sterge tablosu ve rapor<\/strong> - kullan\u0131c\u0131 ba\u015f\u0131na fiyatland\u0131rma yok<br>\n\u2705 <strong>Daha h\u0131zl\u0131 karar verme i\u00e7in tasarland\u0131<\/strong> - daha az t\u0131klama ile daha net i\u00e7g\u00f6r\u00fcler<br>\n\u2705 <strong>An\u0131nda da\u011f\u0131t\u0131m<\/strong> - bir kez yay\u0131nlay\u0131n ve t\u00fcm kurulu\u015funuz i\u00e7in \u00e7al\u0131\u015fs\u0131n<br>\n\u2705 <strong>\u00d6l\u00e7eklenebilir da\u011f\u0131t\u0131mlar i\u00e7in \u00fcretildi<\/strong> - ekipler ve raporlar aras\u0131nda tutarl\u0131 g\u00f6rseller\n<\/p>\n\n\n\n<p>G\u00f6rsellerimiz bekledi\u011finiz de\u011feri sunmazsa, sat\u0131n alma i\u015fleminizi iade ederiz. <strong>Paran\u0131z\u0131 istemiyoruz<\/strong> hak etmedi\u011fimiz s\u00fcrece.<\/p>\n\n\n\n<h3 class=\"wp-block-heading\">Garanti Nas\u0131l \u0130\u015fler?<\/h3>\n\n\n\n<p>\n1\ufe0f\u20e3 Tam lisans\u0131n\u0131z\u0131 etkinle\u015ftirin - teklif veya do\u011frudan sat\u0131n alma yoluyla.<br>\n2\ufe0f\u20e3 G\u00f6sterge tablolar\u0131, raporlar ve ekipler aras\u0131nda kullan\u0131ma sunun - ger\u00e7ek bir i\u015fe d\u00f6n\u00fc\u015ft\u00fcr\u00fcn.<br>\n3\ufe0f\u20e3 30 g\u00fcn i\u00e7inde memnun kalmazsan\u0131z, bize e-posta g\u00f6nderin. <strong>tam para iadesi<\/strong>. <strong>Zorluk yok. Risk yok.<\/strong><br>\n4\ufe0f\u20e3 Lisans\u0131n\u0131z\u0131 aktif tutun ve <strong>fiyat kilitli kal\u0131r<\/strong> - Sonsuza dek.\n<\/p>\n\n\n\n<h3 class=\"wp-block-heading\">Lisans\u0131n\u0131z\u0131 G\u00fcvence Alt\u0131na Al\u0131n ve Bug\u00fcn\u00fcn Fiyat\u0131na Kilitlenin<\/h3>\n\n\n\n<p>\n\ud83d\udc49 <strong>Fiyat teklifi isteyin:<\/strong> <a href=\"mailto:info@leaplytics.de\"><strong>info@leaplytics.de<\/strong><\/a><br>\n\ud83d\udc49 <strong>Veya lisans\u0131n\u0131z\u0131 do\u011frudan ma\u011fazadan sipari\u015f edin<\/strong>\n<\/p>\n\n\n\n<p>Power BI raporlar\u0131n\u0131z\u0131 daha net g\u00f6rseller ve daha h\u0131zl\u0131 i\u00e7g\u00f6r\u00fclerle y\u00fckseltin - <strong>risk olmadan.<\/strong><\/p>","protected":false},"excerpt":{"rendered":"<p>The LeapLytics Risk-Free &#038; Lifetime Price Lock Guarantee You\u2019ve already had the chance to explore our visuals for free. Now it\u2019s time to unlock full access for your entire organization \u2014 with zero risk. 30-Day Money-Back Guarantee: If LeapLytics doesn\u2019t help your team understand complex data faster and make better decisions within the first 30 &hellip; <\/p>","protected":false},"author":4,"featured_media":0,"parent":0,"menu_order":0,"comment_status":"closed","ping_status":"closed","template":"","meta":{"footnotes":""},"class_list":["post-2215","page","type-page","status-publish","hentry","latest_post"],"yoast_head":"<!-- This site is optimized with the Yoast SEO plugin v25.6 - https:\/\/yoast.com\/wordpress\/plugins\/seo\/ -->\n<title>Guarantee - LeapLytics&#039; Shop<\/title>\n<meta name=\"robots\" content=\"index, follow, max-snippet:-1, max-image-preview:large, max-video-preview:-1\" \/>\n<link rel=\"canonical\" href=\"https:\/\/shop.leaplytics.de\/tr\/garanti\/\" \/>\n<meta property=\"og:locale\" content=\"tr_TR\" \/>\n<meta property=\"og:type\" content=\"article\" \/>\n<meta property=\"og:title\" content=\"Guarantee - LeapLytics&#039; Shop\" \/>\n<meta property=\"og:description\" content=\"The LeapLytics Risk-Free &#038; Lifetime Price Lock Guarantee You\u2019ve already had the chance to explore our visuals for free. Now it\u2019s time to unlock full access for your entire organization \u2014 with zero risk. 30-Day Money-Back Guarantee: If LeapLytics doesn\u2019t help your team understand complex data faster and make better decisions within the first 30 &hellip;\" \/>\n<meta property=\"og:url\" content=\"https:\/\/shop.leaplytics.de\/tr\/garanti\/\" \/>\n<meta property=\"og:site_name\" content=\"LeapLytics&#039; Shop\" \/>\n<meta property=\"article:modified_time\" content=\"2026-03-05T19:58:24+00:00\" \/>\n<meta name=\"twitter:card\" content=\"summary_large_image\" \/>\n<meta name=\"twitter:label1\" content=\"Tahmini okuma s\u00fcresi\" \/>\n\t<meta name=\"twitter:data1\" content=\"2 dakika\" \/>\n<script type=\"application\/ld+json\" class=\"yoast-schema-graph\">{\"@context\":\"https:\/\/schema.org\",\"@graph\":[{\"@type\":\"WebPage\",\"@id\":\"https:\/\/shop.leaplytics.de\/guarantee\/\",\"url\":\"https:\/\/shop.leaplytics.de\/guarantee\/\",\"name\":\"Guarantee - LeapLytics&#039; Shop\",\"isPartOf\":{\"@id\":\"https:\/\/shop.leaplytics.de\/pt_br\/#website\"},\"datePublished\":\"2024-12-09T13:55:51+00:00\",\"dateModified\":\"2026-03-05T19:58:24+00:00\",\"breadcrumb\":{\"@id\":\"https:\/\/shop.leaplytics.de\/guarantee\/#breadcrumb\"},\"inLanguage\":\"tr\",\"potentialAction\":[{\"@type\":\"ReadAction\",\"target\":[\"https:\/\/shop.leaplytics.de\/guarantee\/\"]}]},{\"@type\":\"BreadcrumbList\",\"@id\":\"https:\/\/shop.leaplytics.de\/guarantee\/#breadcrumb\",\"itemListElement\":[{\"@type\":\"ListItem\",\"position\":1,\"name\":\"Home\",\"item\":\"https:\/\/shop.leaplytics.de\/\"},{\"@type\":\"ListItem\",\"position\":2,\"name\":\"Guarantee\"}]},{\"@type\":\"WebSite\",\"@id\":\"https:\/\/shop.leaplytics.de\/pt_br\/#website\",\"url\":\"https:\/\/shop.leaplytics.de\/pt_br\/\",\"name\":\"LeapLytics' Shop\",\"description\":\"leap reporting solutions\",\"potentialAction\":[{\"@type\":\"SearchAction\",\"target\":{\"@type\":\"EntryPoint\",\"urlTemplate\":\"https:\/\/shop.leaplytics.de\/pt_br\/?s={search_term_string}\"},\"query-input\":{\"@type\":\"PropertyValueSpecification\",\"valueRequired\":true,\"valueName\":\"search_term_string\"}}],\"inLanguage\":\"tr\"}]}<\/script>\n<!-- \/ Yoast SEO plugin. -->","yoast_head_json":{"title":"Garanti - LeapLytics'in Ma\u011fazas\u0131","robots":{"index":"index","follow":"follow","max-snippet":"max-snippet:-1","max-image-preview":"max-image-preview:large","max-video-preview":"max-video-preview:-1"},"canonical":"https:\/\/shop.leaplytics.de\/tr\/garanti\/","og_locale":"tr_TR","og_type":"article","og_title":"Guarantee - LeapLytics&#039; Shop","og_description":"The LeapLytics Risk-Free &#038; Lifetime Price Lock Guarantee You\u2019ve already had the chance to explore our visuals for free. Now it\u2019s time to unlock full access for your entire organization \u2014 with zero risk. 30-Day Money-Back Guarantee: If LeapLytics doesn\u2019t help your team understand complex data faster and make better decisions within the first 30 &hellip;","og_url":"https:\/\/shop.leaplytics.de\/tr\/garanti\/","og_site_name":"LeapLytics&#039; Shop","article_modified_time":"2026-03-05T19:58:24+00:00","twitter_card":"summary_large_image","twitter_misc":{"Tahmini okuma s\u00fcresi":"2 dakika"},"schema":{"@context":"https:\/\/schema.org","@graph":[{"@type":"WebPage","@id":"https:\/\/shop.leaplytics.de\/guarantee\/","url":"https:\/\/shop.leaplytics.de\/guarantee\/","name":"Garanti - LeapLytics'in Ma\u011fazas\u0131","isPartOf":{"@id":"https:\/\/shop.leaplytics.de\/pt_br\/#website"},"datePublished":"2024-12-09T13:55:51+00:00","dateModified":"2026-03-05T19:58:24+00:00","breadcrumb":{"@id":"https:\/\/shop.leaplytics.de\/guarantee\/#breadcrumb"},"inLanguage":"tr","potentialAction":[{"@type":"ReadAction","target":["https:\/\/shop.leaplytics.de\/guarantee\/"]}]},{"@type":"BreadcrumbList","@id":"https:\/\/shop.leaplytics.de\/guarantee\/#breadcrumb","itemListElement":[{"@type":"ListItem","position":1,"name":"Home","item":"https:\/\/shop.leaplytics.de\/"},{"@type":"ListItem","position":2,"name":"Guarantee"}]},{"@type":"WebSite","@id":"https:\/\/shop.leaplytics.de\/pt_br\/#website","url":"https:\/\/shop.leaplytics.de\/pt_br\/","name":"LeapLytics'in Ma\u011fazas\u0131","description":"leap raporlama \u00e7\u00f6z\u00fcmleri\u0307","potentialAction":[{"@type":"SearchAction","target":{"@type":"EntryPoint","urlTemplate":"https:\/\/shop.leaplytics.de\/pt_br\/?s={search_term_string}"},"query-input":{"@type":"PropertyValueSpecification","valueRequired":true,"valueName":"search_term_string"}}],"inLanguage":"tr"}]}},"_links":{"self":[{"href":"https:\/\/shop.leaplytics.de\/tr\/wp-json\/wp\/v2\/pages\/2215","targetHints":{"allow":["GET"]}}],"collection":[{"href":"https:\/\/shop.leaplytics.de\/tr\/wp-json\/wp\/v2\/pages"}],"about":[{"href":"https:\/\/shop.leaplytics.de\/tr\/wp-json\/wp\/v2\/types\/page"}],"author":[{"embeddable":true,"href":"https:\/\/shop.leaplytics.de\/tr\/wp-json\/wp\/v2\/users\/4"}],"replies":[{"embeddable":true,"href":"https:\/\/shop.leaplytics.de\/tr\/wp-json\/wp\/v2\/comments?post=2215"}],"version-history":[{"count":0,"href":"https:\/\/shop.leaplytics.de\/tr\/wp-json\/wp\/v2\/pages\/2215\/revisions"}],"wp:attachment":[{"href":"https:\/\/shop.leaplytics.de\/tr\/wp-json\/wp\/v2\/media?parent=2215"}],"curies":[{"name":"wp","href":"https:\/\/api.w.org\/{rel}","templated":true}]}}