{"id":2215,"date":"2024-12-09T13:55:51","date_gmt":"2024-12-09T13:55:51","guid":{"rendered":"https:\/\/shop.leaplytics.de\/?page_id=2215"},"modified":"2026-03-05T19:58:24","modified_gmt":"2026-03-05T19:58:24","slug":"garanti","status":"publish","type":"page","link":"https:\/\/shop.leaplytics.de\/sv\/garanti\/","title":{"rendered":"Garanti"},"content":{"rendered":"<h3 class=\"wp-block-heading\">LeapLytics Riskfri &amp; livstids prisl\u00e5sningsgaranti<\/h3>\n\n\n\n<p>Du har redan haft chansen att utforska v\u00e5ra bilder gratis. Nu \u00e4r det dags att l\u00e5sa upp <strong>full \u00e5tkomst f\u00f6r hela organisationen - med noll risk.<\/strong><\/p>\n\n<p><strong>30 dagars pengarna-tillbaka-garanti:<\/strong> Om LeapLytics inte hj\u00e4lper ditt team <strong>f\u00f6rst\u00e5 komplexa data snabbare<\/strong> och g\u00f6ra <strong>b\u00e4ttre beslut<\/strong> inom de f\u00f6rsta 30 dagarna, skicka ett e-postmeddelande till oss s\u00e5 utf\u00e4rdar vi en <strong>100% \u00e5terbetalning<\/strong>. <strong>Inga former. Ingen friktion. Inga fr\u00e5gor.<\/strong><\/p>\n\n<p><strong>Livstids prisl\u00e5sning:<\/strong> N\u00e4r du blir kund \u00e4r ditt pris <strong>inl\u00e5st permanent<\/strong> - du kommer <strong>aldrig betala mer<\/strong>\u00e4ven om v\u00e5ra priser skulle stiga i framtiden.<\/p>\n\n<p>Den enda m\u00f6jliga justeringen kan komma fr\u00e5n <strong>fluktuationer i valutakurser<\/strong>. Vi l\u00e4gger aldrig till till\u00e4ggsavgifter eller p\u00e5slag - alla valutarelaterade justeringar \u00e5terspeglas <strong>\u00f6ppet i v\u00e5r onlinebutik<\/strong> och till\u00e4mpas exakt n\u00e4r de intr\u00e4ffar.<\/p>\n\n<p><strong>Inga dolda avgifter. Ingen priss\u00e4ttning per anv\u00e4ndare. Inga \u00f6verraskande uppgraderingar.<\/strong> Du s\u00e4krar dagens pris samtidigt som du drar nytta av alla framtida f\u00f6rb\u00e4ttringar.<\/p>\n\n\n\n<h3 class=\"wp-block-heading\">Varf\u00f6r team v\u00e4ljer LeapLytics<\/h3>\n\n\n\n<p>\n\u2705 <strong>Exklusiva, h\u00f6gpresterande Power BI-visualiseringar<\/strong> som du inte hittar n\u00e5gon annanstans<br>\n\u2705 <strong>Obegr\u00e4nsat antal anv\u00e4ndare, instrumentpaneler och rapporter<\/strong> - ingen priss\u00e4ttning per anv\u00e4ndare<br>\n\u2705 <strong>Byggd f\u00f6r snabbare beslutsfattande<\/strong> - tydligare insikter med f\u00e4rre klick<br>\n\u2705 <strong>Omedelbar drifts\u00e4ttning<\/strong> - publicera en g\u00e5ng och det fungerar f\u00f6r hela din organisation<br>\n\u2705 <strong>Gjord f\u00f6r skalbara utrullningar<\/strong> - konsekventa bilder i olika team och rapporter\n<\/p>\n\n\n\n<p>Om v\u00e5ra bilder inte levererar det v\u00e4rde du f\u00f6rv\u00e4ntar dig, \u00e5terbetalar vi ditt k\u00f6p. <strong>Vi vill inte ha dina pengar<\/strong> om vi inte f\u00f6rtj\u00e4nar det.<\/p>\n\n\n\n<h3 class=\"wp-block-heading\">Hur garantin fungerar<\/h3>\n\n\n\n<p>\n1\ufe0f\u20e3 Aktivera din fullst\u00e4ndiga licens - via offert eller direktk\u00f6p.<br>\n2\ufe0f\u20e3 Rulla ut det \u00f6ver instrumentpaneler, rapporter och team - s\u00e4tt det i verkligt arbete.<br>\n3\ufe0f\u20e3 Om du inte \u00e4r n\u00f6jd inom 30 dagar kan du mejla oss f\u00f6r en <strong>full \u00e5terbetalning<\/strong>. <strong>Inget kr\u00e5ngel. Ingen risk.<\/strong><br>\n4\ufe0f\u20e3 H\u00e5ll din licens aktiv och din <strong>priset f\u00f6rblir l\u00e5st<\/strong> - f\u00f6r alltid.\n<\/p>\n\n\n\n<h3 class=\"wp-block-heading\">S\u00e4kra din licens och l\u00e5s in dagens pris<\/h3>\n\n\n\n<p>\n\ud83d\udc49 <strong>Beg\u00e4r en offert:<\/strong> <a href=\"mailto:info@leaplytics.de\"><strong>info@leaplytics.de<\/strong><\/a><br>\n\ud83d\udc49 <strong>Eller best\u00e4ll din licens direkt i butiken<\/strong>\n<\/p>\n\n\n\n<p>Uppgradera dina Power BI-rapporter med tydligare visualiseringar och snabbare insikter <strong>utan risk.<\/strong><\/p>","protected":false},"excerpt":{"rendered":"<p>The LeapLytics Risk-Free &#038; Lifetime Price Lock Guarantee You\u2019ve already had the chance to explore our visuals for free. Now it\u2019s time to unlock full access for your entire organization \u2014 with zero risk. 30-Day Money-Back Guarantee: If LeapLytics doesn\u2019t help your team understand complex data faster and make better decisions within the first 30 &hellip; <\/p>","protected":false},"author":4,"featured_media":0,"parent":0,"menu_order":0,"comment_status":"closed","ping_status":"closed","template":"","meta":{"footnotes":""},"class_list":["post-2215","page","type-page","status-publish","hentry","latest_post"],"yoast_head":"<!-- This site is optimized with the Yoast SEO plugin v25.6 - https:\/\/yoast.com\/wordpress\/plugins\/seo\/ -->\n<title>Guarantee - LeapLytics&#039; Shop<\/title>\n<meta name=\"robots\" content=\"index, follow, max-snippet:-1, max-image-preview:large, max-video-preview:-1\" \/>\n<link rel=\"canonical\" href=\"https:\/\/shop.leaplytics.de\/sv\/garanti\/\" \/>\n<meta property=\"og:locale\" content=\"sv_SE\" \/>\n<meta property=\"og:type\" content=\"article\" \/>\n<meta property=\"og:title\" content=\"Guarantee - LeapLytics&#039; Shop\" \/>\n<meta property=\"og:description\" content=\"The LeapLytics Risk-Free &#038; Lifetime Price Lock Guarantee You\u2019ve already had the chance to explore our visuals for free. Now it\u2019s time to unlock full access for your entire organization \u2014 with zero risk. 30-Day Money-Back Guarantee: If LeapLytics doesn\u2019t help your team understand complex data faster and make better decisions within the first 30 &hellip;\" \/>\n<meta property=\"og:url\" content=\"https:\/\/shop.leaplytics.de\/sv\/garanti\/\" \/>\n<meta property=\"og:site_name\" content=\"LeapLytics&#039; Shop\" \/>\n<meta property=\"article:modified_time\" content=\"2026-03-05T19:58:24+00:00\" \/>\n<meta name=\"twitter:card\" content=\"summary_large_image\" \/>\n<meta name=\"twitter:label1\" content=\"Ber\u00e4knad l\u00e4stid\" \/>\n\t<meta name=\"twitter:data1\" content=\"2 minuter\" \/>\n<script type=\"application\/ld+json\" class=\"yoast-schema-graph\">{\"@context\":\"https:\/\/schema.org\",\"@graph\":[{\"@type\":\"WebPage\",\"@id\":\"https:\/\/shop.leaplytics.de\/guarantee\/\",\"url\":\"https:\/\/shop.leaplytics.de\/guarantee\/\",\"name\":\"Guarantee - LeapLytics&#039; Shop\",\"isPartOf\":{\"@id\":\"https:\/\/shop.leaplytics.de\/pt_br\/#website\"},\"datePublished\":\"2024-12-09T13:55:51+00:00\",\"dateModified\":\"2026-03-05T19:58:24+00:00\",\"breadcrumb\":{\"@id\":\"https:\/\/shop.leaplytics.de\/guarantee\/#breadcrumb\"},\"inLanguage\":\"sv-SE\",\"potentialAction\":[{\"@type\":\"ReadAction\",\"target\":[\"https:\/\/shop.leaplytics.de\/guarantee\/\"]}]},{\"@type\":\"BreadcrumbList\",\"@id\":\"https:\/\/shop.leaplytics.de\/guarantee\/#breadcrumb\",\"itemListElement\":[{\"@type\":\"ListItem\",\"position\":1,\"name\":\"Home\",\"item\":\"https:\/\/shop.leaplytics.de\/\"},{\"@type\":\"ListItem\",\"position\":2,\"name\":\"Guarantee\"}]},{\"@type\":\"WebSite\",\"@id\":\"https:\/\/shop.leaplytics.de\/pt_br\/#website\",\"url\":\"https:\/\/shop.leaplytics.de\/pt_br\/\",\"name\":\"LeapLytics' Shop\",\"description\":\"leap reporting solutions\",\"potentialAction\":[{\"@type\":\"SearchAction\",\"target\":{\"@type\":\"EntryPoint\",\"urlTemplate\":\"https:\/\/shop.leaplytics.de\/pt_br\/?s={search_term_string}\"},\"query-input\":{\"@type\":\"PropertyValueSpecification\",\"valueRequired\":true,\"valueName\":\"search_term_string\"}}],\"inLanguage\":\"sv-SE\"}]}<\/script>\n<!-- \/ Yoast SEO plugin. -->","yoast_head_json":{"title":"Garanti - LeapLytics butik","robots":{"index":"index","follow":"follow","max-snippet":"max-snippet:-1","max-image-preview":"max-image-preview:large","max-video-preview":"max-video-preview:-1"},"canonical":"https:\/\/shop.leaplytics.de\/sv\/garanti\/","og_locale":"sv_SE","og_type":"article","og_title":"Guarantee - LeapLytics&#039; Shop","og_description":"The LeapLytics Risk-Free &#038; Lifetime Price Lock Guarantee You\u2019ve already had the chance to explore our visuals for free. Now it\u2019s time to unlock full access for your entire organization \u2014 with zero risk. 30-Day Money-Back Guarantee: If LeapLytics doesn\u2019t help your team understand complex data faster and make better decisions within the first 30 &hellip;","og_url":"https:\/\/shop.leaplytics.de\/sv\/garanti\/","og_site_name":"LeapLytics&#039; Shop","article_modified_time":"2026-03-05T19:58:24+00:00","twitter_card":"summary_large_image","twitter_misc":{"Ber\u00e4knad l\u00e4stid":"2 minuter"},"schema":{"@context":"https:\/\/schema.org","@graph":[{"@type":"WebPage","@id":"https:\/\/shop.leaplytics.de\/guarantee\/","url":"https:\/\/shop.leaplytics.de\/guarantee\/","name":"Garanti - LeapLytics butik","isPartOf":{"@id":"https:\/\/shop.leaplytics.de\/pt_br\/#website"},"datePublished":"2024-12-09T13:55:51+00:00","dateModified":"2026-03-05T19:58:24+00:00","breadcrumb":{"@id":"https:\/\/shop.leaplytics.de\/guarantee\/#breadcrumb"},"inLanguage":"sv-SE","potentialAction":[{"@type":"ReadAction","target":["https:\/\/shop.leaplytics.de\/guarantee\/"]}]},{"@type":"BreadcrumbList","@id":"https:\/\/shop.leaplytics.de\/guarantee\/#breadcrumb","itemListElement":[{"@type":"ListItem","position":1,"name":"Home","item":"https:\/\/shop.leaplytics.de\/"},{"@type":"ListItem","position":2,"name":"Guarantee"}]},{"@type":"WebSite","@id":"https:\/\/shop.leaplytics.de\/pt_br\/#website","url":"https:\/\/shop.leaplytics.de\/pt_br\/","name":"LeapLytics butik","description":"leap rapporteringsl\u00f6sningar","potentialAction":[{"@type":"SearchAction","target":{"@type":"EntryPoint","urlTemplate":"https:\/\/shop.leaplytics.de\/pt_br\/?s={search_term_string}"},"query-input":{"@type":"PropertyValueSpecification","valueRequired":true,"valueName":"search_term_string"}}],"inLanguage":"sv-SE"}]}},"_links":{"self":[{"href":"https:\/\/shop.leaplytics.de\/sv\/wp-json\/wp\/v2\/pages\/2215","targetHints":{"allow":["GET"]}}],"collection":[{"href":"https:\/\/shop.leaplytics.de\/sv\/wp-json\/wp\/v2\/pages"}],"about":[{"href":"https:\/\/shop.leaplytics.de\/sv\/wp-json\/wp\/v2\/types\/page"}],"author":[{"embeddable":true,"href":"https:\/\/shop.leaplytics.de\/sv\/wp-json\/wp\/v2\/users\/4"}],"replies":[{"embeddable":true,"href":"https:\/\/shop.leaplytics.de\/sv\/wp-json\/wp\/v2\/comments?post=2215"}],"version-history":[{"count":0,"href":"https:\/\/shop.leaplytics.de\/sv\/wp-json\/wp\/v2\/pages\/2215\/revisions"}],"wp:attachment":[{"href":"https:\/\/shop.leaplytics.de\/sv\/wp-json\/wp\/v2\/media?parent=2215"}],"curies":[{"name":"wp","href":"https:\/\/api.w.org\/{rel}","templated":true}]}}