{"id":266,"date":"2022-06-17T16:52:45","date_gmt":"2022-06-17T16:52:45","guid":{"rendered":"https:\/\/shop.leaplytics.de\/?page_id=266"},"modified":"2025-05-27T12:30:33","modified_gmt":"2025-05-27T12:30:33","slug":"oblikovanje-cen","status":"publish","type":"page","link":"https:\/\/shop.leaplytics.de\/sl\/oblikovanje-cen\/","title":{"rendered":"Oblikovanje cen"},"content":{"rendered":"<p>Pri LeapLytics verjamemo, da mora licenciranje olaj\u0161ati va\u0161e \u017eivljenje. <strong>la\u017eje<\/strong>, ne bolj zapleteno. Zato smo zasnovali <strong>preprost in po\u0161ten model licenciranja<\/strong> za na\u0161e vizualije - brez omejitev za uporabnike, brez glavobolov in presene\u010denj.<\/p>\n\n\n\n<h3 class=\"wp-block-heading\">Zakaj ni licenciranja na podlagi uporabnika?<\/h3>\n\n\n\n<p>Bodimo iskreni: licenciranje na podlagi uporabnikov pogosto povzro\u010di ve\u010d te\u017eav, kot jih re\u0161i.<\/p>\n\n\n\n<p>\u010ce si mora armaturno plo\u0161\u010do ogledati ve\u010d ljudi, kot je na voljo licenc, se frustracije hitro stopnjujejo. \u0160e huje je, \u010de je klju\u010dni odlo\u010devalec zaklenjen. Tudi sami smo bili tam - kot uporabniki vizualnih elementov in dodatkov. To\u010dno temu se \u017eelimo izogniti.<\/p>\n\n\n\n<p>In potem so tu \u0161e skriti stro\u0161ki: nepri\u010dakovani ra\u010duni za \"nepoobla\u0161\u010dene uporabnike\", ki jih nih\u010de ni pri\u010dakoval? Pri nas ne.<\/p>\n\n\n\n<h3 class=\"wp-block-heading\">Varno jamstvo<\/h3>\n\n\n\n<p>In da se boste lahko odlo\u010dili brez tveganja: ponujamo vam <strong>30-dnevno jamstvo za vra\u010dilo denarja<\/strong>.<\/p>\n\n\n\n<p>\u010ce vizualni izdelek ne bo imel pri\u010dakovane vrednosti, nam to sporo\u010dite v 30 dneh - vrnili vam bomo celotno kupnino, <strong>brez vpra\u0161anj<\/strong>.<\/p>\n\n\n\n<h3 class=\"wp-block-heading\">Na\u0161a obljuba: brez omejitev. Brez presene\u010denj.<\/h3>\n\n\n\n<p>Z orodjem LeapLytics dobite <strong>dovoljenje za celotno podjetje ali gospodarstvo\/skupino<\/strong>. To pomeni:<\/p>\n\n\n\n<p>\u2705 Neomejeno \u0161tevilo uporabnikov<br>\u2705 Neomejene nadzorne plo\u0161\u010de<br>\u2705 Neomejene vizualne vsebine<\/p>\n\n\n\n<p>Uporabite na\u0161e vizualne elemente, kjer koli in kakor koli \u017eelite - <strong>brez drobnega tiska<\/strong>.<\/p>\n\n\n\n<h3 class=\"wp-block-heading\">Enostavno in pregledno dolo\u010danje cen<\/h3>\n\n\n\n<p>I\u0161\u010dete dolgoro\u010dne prihranke? Za vas smo poskrbeli:<\/p>\n\n\n\n<ul class=\"wp-block-list\">\n<li><strong>2-letna licenca<\/strong> \u2192 +6 mesecev brezpla\u010dno<\/li>\n\n\n\n<li><strong>3-letna licenca<\/strong> \u2192 +12 mesecev brezpla\u010dno<\/li>\n<\/ul>\n\n\n\n<p>To je odli\u010dna mo\u017enost, \u010de veste, da vizualna podoba ustreza va\u0161im potrebam pri vsakodnevnem delu.<\/p>\n\n\n\n<p>V spodnjem levem kotu strani trgovine lahko spremenite valuto, da bo ustrezala va\u0161im \u017eeljam.<\/p>\n\n\n\n<h3 class=\"wp-block-heading\">Kako pridobiti licenco<\/h3>\n\n\n\n<p>Na voljo sta dva preprosta na\u010dina:<\/p>\n\n\n\n<h4 class=\"wp-block-heading\">Mo\u017enost 1: Citat in ra\u010dun<\/h4>\n\n\n\n<ul class=\"wp-block-list\">\n<li>Kontaktirajte nas na <strong><a href=\"mailto:info@leaplytics.de\">info@leaplytics.de<\/a>.<\/strong> Poslali vam bomo uradno ponudbo.<\/li>\n\n\n\n<li>Ko bo sprejet, boste prejeli licen\u010dni klju\u010d in ra\u010dun.<\/li>\n\n\n\n<li>Pla\u010dilo se izvede z ban\u010dnim nakazilom v EUR.<\/li>\n<\/ul>\n\n\n\n<h4 class=\"wp-block-heading\">Mo\u017enost 2: nakup prek spleta<\/h4>\n\n\n\n<ul class=\"wp-block-list\">\n<li>Naro\u010dite neposredno tukaj na\u0161a trgovina.<\/li>\n\n\n\n<li>Pla\u010dajte z ve\u010djimi kreditnimi karticami ali storitvijo PayPal.<\/li>\n\n\n\n<li>Izberite \u017eeleno valuto.<\/li>\n<\/ul>\n\n\n\n<h3 class=\"wp-block-heading\">Za gledalce ni potrebna dodatna nastavitev<\/h3>\n\n\n\n<p>\u010clanom va\u0161e ekipe ni treba ni\u010desar namestiti ali aktivirati. Ko je poro\u010dilo z vizualnim prikazom objavljeno, je uporabno za vse v va\u0161i organizaciji. Ni potrebna lo\u010dena namestitev.<\/p>","protected":false},"excerpt":{"rendered":"<p>V podjetju LeapLytics verjamemo, da vam mora licenciranje olaj\u0161ati \u017eivljenje, ne pa ga \u0161e bolj zapletati. Zato smo oblikovali preprost in po\u0161ten licen\u010dni model za na\u0161e vizualne vsebine - brez uporabni\u0161kih omejitev, brez glavobolov in presene\u010denj. Zakaj ni licenciranja na podlagi uporabnikov? Bodimo iskreni: licenciranje na podlagi uporabnikov pogosto povzro\u010di ve\u010d te\u017eav, kot jih re\u0161i. Ko mora ve\u010d ljudi ... <\/p>","protected":false},"author":4,"featured_media":0,"parent":0,"menu_order":0,"comment_status":"closed","ping_status":"closed","template":"","meta":{"footnotes":""},"class_list":["post-266","page","type-page","status-publish","hentry","latest_post"],"yoast_head":"<!-- This site is optimized with the Yoast SEO plugin v25.6 - https:\/\/yoast.com\/wordpress\/plugins\/seo\/ -->\n<title>Pricing - LeapLytics&#039; Shop<\/title>\n<meta name=\"robots\" content=\"index, follow, max-snippet:-1, max-image-preview:large, max-video-preview:-1\" \/>\n<link rel=\"canonical\" href=\"https:\/\/shop.leaplytics.de\/sl\/oblikovanje-cen\/\" \/>\n<meta property=\"og:locale\" content=\"sl_SI\" \/>\n<meta property=\"og:type\" content=\"article\" \/>\n<meta property=\"og:title\" content=\"Pricing - LeapLytics&#039; Shop\" \/>\n<meta property=\"og:description\" content=\"At LeapLytics, we believe that licensing should make your life easier, not more complicated. That\u2019s why we\u2019ve designed a simple, fair licensing model for our visuals \u2013 no user limits, no headaches, no surprises. Why no user-based licensing? Let\u2019s be honest: User-based licensing often causes more problems than it solves. When more people need to &hellip;\" \/>\n<meta property=\"og:url\" content=\"https:\/\/shop.leaplytics.de\/sl\/oblikovanje-cen\/\" \/>\n<meta property=\"og:site_name\" content=\"LeapLytics&#039; Shop\" \/>\n<meta property=\"article:modified_time\" content=\"2025-05-27T12:30:33+00:00\" \/>\n<meta name=\"twitter:card\" content=\"summary_large_image\" \/>\n<meta name=\"twitter:label1\" content=\"Est. reading time\" \/>\n\t<meta name=\"twitter:data1\" content=\"2 minuti\" \/>\n<script type=\"application\/ld+json\" class=\"yoast-schema-graph\">{\"@context\":\"https:\/\/schema.org\",\"@graph\":[{\"@type\":\"WebPage\",\"@id\":\"https:\/\/shop.leaplytics.de\/pricing\/\",\"url\":\"https:\/\/shop.leaplytics.de\/pricing\/\",\"name\":\"Pricing - LeapLytics&#039; Shop\",\"isPartOf\":{\"@id\":\"https:\/\/shop.leaplytics.de\/pt_br\/#website\"},\"datePublished\":\"2022-06-17T16:52:45+00:00\",\"dateModified\":\"2025-05-27T12:30:33+00:00\",\"breadcrumb\":{\"@id\":\"https:\/\/shop.leaplytics.de\/pricing\/#breadcrumb\"},\"inLanguage\":\"sl-SI\",\"potentialAction\":[{\"@type\":\"ReadAction\",\"target\":[\"https:\/\/shop.leaplytics.de\/pricing\/\"]}]},{\"@type\":\"BreadcrumbList\",\"@id\":\"https:\/\/shop.leaplytics.de\/pricing\/#breadcrumb\",\"itemListElement\":[{\"@type\":\"ListItem\",\"position\":1,\"name\":\"Home\",\"item\":\"https:\/\/shop.leaplytics.de\/\"},{\"@type\":\"ListItem\",\"position\":2,\"name\":\"Pricing\"}]},{\"@type\":\"WebSite\",\"@id\":\"https:\/\/shop.leaplytics.de\/pt_br\/#website\",\"url\":\"https:\/\/shop.leaplytics.de\/pt_br\/\",\"name\":\"LeapLytics' Shop\",\"description\":\"leap reporting solutions\",\"potentialAction\":[{\"@type\":\"SearchAction\",\"target\":{\"@type\":\"EntryPoint\",\"urlTemplate\":\"https:\/\/shop.leaplytics.de\/pt_br\/?s={search_term_string}\"},\"query-input\":{\"@type\":\"PropertyValueSpecification\",\"valueRequired\":true,\"valueName\":\"search_term_string\"}}],\"inLanguage\":\"sl-SI\"}]}<\/script>\n<!-- \/ Yoast SEO plugin. -->","yoast_head_json":{"title":"Cene - Trgovina LeapLytics","robots":{"index":"index","follow":"follow","max-snippet":"max-snippet:-1","max-image-preview":"max-image-preview:large","max-video-preview":"max-video-preview:-1"},"canonical":"https:\/\/shop.leaplytics.de\/sl\/oblikovanje-cen\/","og_locale":"sl_SI","og_type":"article","og_title":"Pricing - LeapLytics&#039; Shop","og_description":"At LeapLytics, we believe that licensing should make your life easier, not more complicated. That\u2019s why we\u2019ve designed a simple, fair licensing model for our visuals \u2013 no user limits, no headaches, no surprises. Why no user-based licensing? Let\u2019s be honest: User-based licensing often causes more problems than it solves. When more people need to &hellip;","og_url":"https:\/\/shop.leaplytics.de\/sl\/oblikovanje-cen\/","og_site_name":"LeapLytics&#039; Shop","article_modified_time":"2025-05-27T12:30:33+00:00","twitter_card":"summary_large_image","twitter_misc":{"Est. reading time":"2 minuti"},"schema":{"@context":"https:\/\/schema.org","@graph":[{"@type":"WebPage","@id":"https:\/\/shop.leaplytics.de\/pricing\/","url":"https:\/\/shop.leaplytics.de\/pricing\/","name":"Cene - Trgovina LeapLytics","isPartOf":{"@id":"https:\/\/shop.leaplytics.de\/pt_br\/#website"},"datePublished":"2022-06-17T16:52:45+00:00","dateModified":"2025-05-27T12:30:33+00:00","breadcrumb":{"@id":"https:\/\/shop.leaplytics.de\/pricing\/#breadcrumb"},"inLanguage":"sl-SI","potentialAction":[{"@type":"ReadAction","target":["https:\/\/shop.leaplytics.de\/pricing\/"]}]},{"@type":"BreadcrumbList","@id":"https:\/\/shop.leaplytics.de\/pricing\/#breadcrumb","itemListElement":[{"@type":"ListItem","position":1,"name":"Home","item":"https:\/\/shop.leaplytics.de\/"},{"@type":"ListItem","position":2,"name":"Pricing"}]},{"@type":"WebSite","@id":"https:\/\/shop.leaplytics.de\/pt_br\/#website","url":"https:\/\/shop.leaplytics.de\/pt_br\/","name":"Trgovina LeapLytics","description":"re\u0161itve za poro\u010danje v skoku","potentialAction":[{"@type":"SearchAction","target":{"@type":"EntryPoint","urlTemplate":"https:\/\/shop.leaplytics.de\/pt_br\/?s={search_term_string}"},"query-input":{"@type":"PropertyValueSpecification","valueRequired":true,"valueName":"search_term_string"}}],"inLanguage":"sl-SI"}]}},"_links":{"self":[{"href":"https:\/\/shop.leaplytics.de\/sl\/wp-json\/wp\/v2\/pages\/266","targetHints":{"allow":["GET"]}}],"collection":[{"href":"https:\/\/shop.leaplytics.de\/sl\/wp-json\/wp\/v2\/pages"}],"about":[{"href":"https:\/\/shop.leaplytics.de\/sl\/wp-json\/wp\/v2\/types\/page"}],"author":[{"embeddable":true,"href":"https:\/\/shop.leaplytics.de\/sl\/wp-json\/wp\/v2\/users\/4"}],"replies":[{"embeddable":true,"href":"https:\/\/shop.leaplytics.de\/sl\/wp-json\/wp\/v2\/comments?post=266"}],"version-history":[{"count":0,"href":"https:\/\/shop.leaplytics.de\/sl\/wp-json\/wp\/v2\/pages\/266\/revisions"}],"wp:attachment":[{"href":"https:\/\/shop.leaplytics.de\/sl\/wp-json\/wp\/v2\/media?parent=266"}],"curies":[{"name":"wp","href":"https:\/\/api.w.org\/{rel}","templated":true}]}}