{"id":2215,"date":"2024-12-09T13:55:51","date_gmt":"2024-12-09T13:55:51","guid":{"rendered":"https:\/\/shop.leaplytics.de\/?page_id=2215"},"modified":"2026-03-05T19:58:24","modified_gmt":"2026-03-05T19:58:24","slug":"jamstvo","status":"publish","type":"page","link":"https:\/\/shop.leaplytics.de\/sl\/jamstvo\/","title":{"rendered":"Jamstvo"},"content":{"rendered":"<h3 class=\"wp-block-heading\">Garancija brez tveganja in do\u017eivljenjska cenovna blokada LeapLytics<\/h3>\n\n\n\n<p>Na\u0161e vizualne vsebine ste \u017ee lahko brezpla\u010dno raziskali. Zdaj je \u010das, da odklenete <strong>popoln dostop za celotno organizacijo - brez tveganja.<\/strong><\/p>\n\n<p><strong>30-dnevno jamstvo za vra\u010dilo denarja:<\/strong> \u010ce LeapLytics ne pomaga va\u0161i ekipi <strong>hitrej\u0161e razumevanje kompleksnih podatkov.<\/strong> in naredite <strong>bolj\u0161e odlo\u010ditve.<\/strong> v prvih 30 dneh, nam po\u0161ljite e-po\u0161to in izdali vam bomo <strong>Nadomestilo 100%<\/strong>. <strong>Brez obrazcev. Brez trenja. Brez vpra\u0161anj.<\/strong><\/p>\n\n<p><strong>Do\u017eivljenjska blokada cene:<\/strong> Ko postanete stranka, je va\u0161a cena <strong>trajno zaklenjen.<\/strong> - boste <strong>nikoli ne pla\u010dajte ve\u010d<\/strong>, tudi \u010de se bodo na\u0161e cene v prihodnosti zvi\u0161ale.<\/p>\n\n<p>Edina mo\u017ena prilagoditev je lahko posledica <strong>nihanja menjalnega te\u010daja.<\/strong>. Nikoli ne dodajamo dodatnih dajatev ali pribitkov - vse prilagoditve, povezane z valuto, se odra\u017eajo <strong>pregledno v na\u0161i spletni trgovini<\/strong> in se uporabljajo to\u010dno tako, kot se pojavijo.<\/p>\n\n<p><strong>Brez skritih pristojbin. Brez cen na uporabnika. Brez presenetljivih nadgradenj.<\/strong> Zagotovite si dana\u0161njo ceno in hkrati izkoristite vse prihodnje izbolj\u0161ave.<\/p>\n\n\n\n<h3 class=\"wp-block-heading\">Zakaj ekipe izberejo LeapLytics<\/h3>\n\n\n\n<p>\n\u2705 <strong>Ekskluzivne, visoko zmogljive vizualne slike Power BI<\/strong> ki jih ne boste na\u0161li nikjer drugje.<br>\n\u2705 <strong>Neomejeno \u0161tevilo uporabnikov, nadzornih plo\u0161\u010d in poro\u010dil<\/strong> - brez cen na uporabnika<br>\n\u2705 <strong>Ustvarjeno za hitrej\u0161e sprejemanje odlo\u010ditev<\/strong> - jasnej\u0161i vpogledi z manj kliki<br>\n\u2705 <strong>Takoj\u0161nja uvedba<\/strong> - objavite enkrat in deluje za celotno organizacijo.<br>\n\u2705 <strong>Narejen za raz\u0161irljive uvedbe<\/strong> - dosledne vizualne podobe v ekipah in poro\u010dilih.\n<\/p>\n\n\n\n<p>\u010ce na\u0161e vizualne vsebine ne bodo zagotavljale pri\u010dakovane vrednosti, vam bomo vrnili kupnino. <strong>Ne \u017eelimo va\u0161ega denarja<\/strong> \u010de si ga ne zaslu\u017eimo.<\/p>\n\n\n\n<h3 class=\"wp-block-heading\">Kako deluje jamstvo<\/h3>\n\n\n\n<p>\n1\ufe0f\u20e3 Aktivirajte polno licenco - s ponudbo ali neposrednim nakupom.<br>\n2\ufe0f\u20e3 Uporabite ga na nadzornih plo\u0161\u010dah, v poro\u010dilih in skupinah - uporabite ga pri resni\u010dnem delu.<br>\n3\ufe0f\u20e3 \u010ce v 30 dneh niste zadovoljni, nam pi\u0161ite za <strong>polno nadomestilo<\/strong>. <strong>Brez te\u017eav. Brez tveganja.<\/strong><br>\n4\ufe0f\u20e3 Ohranite aktivno licenco in <strong>cena ostane zaklenjena<\/strong> - za vedno.\n<\/p>\n\n\n\n<h3 class=\"wp-block-heading\">Zagotovite si licenco in zaklenite dana\u0161njo ceno<\/h3>\n\n\n\n<p>\n\ud83d\udc49 <strong>Zahtevajte ponudbo:<\/strong> <a href=\"mailto:info@leaplytics.de\"><strong>info@leaplytics.de<\/strong><\/a><br>\n\ud83d\udc49 <strong>Ali naro\u010dite licenco neposredno v trgovini<\/strong>\n<\/p>\n\n\n\n<p>Nadgradite svoja poro\u010dila Power BI z jasnej\u0161imi vizualizacijami in hitrej\u0161imi vpogledi - <strong>brez tveganja.<\/strong><\/p>","protected":false},"excerpt":{"rendered":"<p>The LeapLytics Risk-Free &#038; Lifetime Price Lock Guarantee You\u2019ve already had the chance to explore our visuals for free. Now it\u2019s time to unlock full access for your entire organization \u2014 with zero risk. 30-Day Money-Back Guarantee: If LeapLytics doesn\u2019t help your team understand complex data faster and make better decisions within the first 30 &hellip; <\/p>","protected":false},"author":4,"featured_media":0,"parent":0,"menu_order":0,"comment_status":"closed","ping_status":"closed","template":"","meta":{"footnotes":""},"class_list":["post-2215","page","type-page","status-publish","hentry","latest_post"],"yoast_head":"<!-- This site is optimized with the Yoast SEO plugin v25.6 - https:\/\/yoast.com\/wordpress\/plugins\/seo\/ -->\n<title>Guarantee - LeapLytics&#039; Shop<\/title>\n<meta name=\"robots\" content=\"index, follow, max-snippet:-1, max-image-preview:large, max-video-preview:-1\" \/>\n<link rel=\"canonical\" href=\"https:\/\/shop.leaplytics.de\/sl\/jamstvo\/\" \/>\n<meta property=\"og:locale\" content=\"sl_SI\" \/>\n<meta property=\"og:type\" content=\"article\" \/>\n<meta property=\"og:title\" content=\"Guarantee - LeapLytics&#039; Shop\" \/>\n<meta property=\"og:description\" content=\"The LeapLytics Risk-Free &#038; Lifetime Price Lock Guarantee You\u2019ve already had the chance to explore our visuals for free. Now it\u2019s time to unlock full access for your entire organization \u2014 with zero risk. 30-Day Money-Back Guarantee: If LeapLytics doesn\u2019t help your team understand complex data faster and make better decisions within the first 30 &hellip;\" \/>\n<meta property=\"og:url\" content=\"https:\/\/shop.leaplytics.de\/sl\/jamstvo\/\" \/>\n<meta property=\"og:site_name\" content=\"LeapLytics&#039; Shop\" \/>\n<meta property=\"article:modified_time\" content=\"2026-03-05T19:58:24+00:00\" \/>\n<meta name=\"twitter:card\" content=\"summary_large_image\" \/>\n<meta name=\"twitter:label1\" content=\"Est. reading time\" \/>\n\t<meta name=\"twitter:data1\" content=\"2 minuti\" \/>\n<script type=\"application\/ld+json\" class=\"yoast-schema-graph\">{\"@context\":\"https:\/\/schema.org\",\"@graph\":[{\"@type\":\"WebPage\",\"@id\":\"https:\/\/shop.leaplytics.de\/guarantee\/\",\"url\":\"https:\/\/shop.leaplytics.de\/guarantee\/\",\"name\":\"Guarantee - LeapLytics&#039; Shop\",\"isPartOf\":{\"@id\":\"https:\/\/shop.leaplytics.de\/pt_br\/#website\"},\"datePublished\":\"2024-12-09T13:55:51+00:00\",\"dateModified\":\"2026-03-05T19:58:24+00:00\",\"breadcrumb\":{\"@id\":\"https:\/\/shop.leaplytics.de\/guarantee\/#breadcrumb\"},\"inLanguage\":\"sl-SI\",\"potentialAction\":[{\"@type\":\"ReadAction\",\"target\":[\"https:\/\/shop.leaplytics.de\/guarantee\/\"]}]},{\"@type\":\"BreadcrumbList\",\"@id\":\"https:\/\/shop.leaplytics.de\/guarantee\/#breadcrumb\",\"itemListElement\":[{\"@type\":\"ListItem\",\"position\":1,\"name\":\"Home\",\"item\":\"https:\/\/shop.leaplytics.de\/\"},{\"@type\":\"ListItem\",\"position\":2,\"name\":\"Guarantee\"}]},{\"@type\":\"WebSite\",\"@id\":\"https:\/\/shop.leaplytics.de\/pt_br\/#website\",\"url\":\"https:\/\/shop.leaplytics.de\/pt_br\/\",\"name\":\"LeapLytics' Shop\",\"description\":\"leap reporting solutions\",\"potentialAction\":[{\"@type\":\"SearchAction\",\"target\":{\"@type\":\"EntryPoint\",\"urlTemplate\":\"https:\/\/shop.leaplytics.de\/pt_br\/?s={search_term_string}\"},\"query-input\":{\"@type\":\"PropertyValueSpecification\",\"valueRequired\":true,\"valueName\":\"search_term_string\"}}],\"inLanguage\":\"sl-SI\"}]}<\/script>\n<!-- \/ Yoast SEO plugin. -->","yoast_head_json":{"title":"Jamstvo - Trgovina LeapLytics","robots":{"index":"index","follow":"follow","max-snippet":"max-snippet:-1","max-image-preview":"max-image-preview:large","max-video-preview":"max-video-preview:-1"},"canonical":"https:\/\/shop.leaplytics.de\/sl\/jamstvo\/","og_locale":"sl_SI","og_type":"article","og_title":"Guarantee - LeapLytics&#039; Shop","og_description":"The LeapLytics Risk-Free &#038; Lifetime Price Lock Guarantee You\u2019ve already had the chance to explore our visuals for free. Now it\u2019s time to unlock full access for your entire organization \u2014 with zero risk. 30-Day Money-Back Guarantee: If LeapLytics doesn\u2019t help your team understand complex data faster and make better decisions within the first 30 &hellip;","og_url":"https:\/\/shop.leaplytics.de\/sl\/jamstvo\/","og_site_name":"LeapLytics&#039; Shop","article_modified_time":"2026-03-05T19:58:24+00:00","twitter_card":"summary_large_image","twitter_misc":{"Est. reading time":"2 minuti"},"schema":{"@context":"https:\/\/schema.org","@graph":[{"@type":"WebPage","@id":"https:\/\/shop.leaplytics.de\/guarantee\/","url":"https:\/\/shop.leaplytics.de\/guarantee\/","name":"Jamstvo - Trgovina LeapLytics","isPartOf":{"@id":"https:\/\/shop.leaplytics.de\/pt_br\/#website"},"datePublished":"2024-12-09T13:55:51+00:00","dateModified":"2026-03-05T19:58:24+00:00","breadcrumb":{"@id":"https:\/\/shop.leaplytics.de\/guarantee\/#breadcrumb"},"inLanguage":"sl-SI","potentialAction":[{"@type":"ReadAction","target":["https:\/\/shop.leaplytics.de\/guarantee\/"]}]},{"@type":"BreadcrumbList","@id":"https:\/\/shop.leaplytics.de\/guarantee\/#breadcrumb","itemListElement":[{"@type":"ListItem","position":1,"name":"Home","item":"https:\/\/shop.leaplytics.de\/"},{"@type":"ListItem","position":2,"name":"Guarantee"}]},{"@type":"WebSite","@id":"https:\/\/shop.leaplytics.de\/pt_br\/#website","url":"https:\/\/shop.leaplytics.de\/pt_br\/","name":"Trgovina LeapLytics","description":"re\u0161itve za poro\u010danje v skoku","potentialAction":[{"@type":"SearchAction","target":{"@type":"EntryPoint","urlTemplate":"https:\/\/shop.leaplytics.de\/pt_br\/?s={search_term_string}"},"query-input":{"@type":"PropertyValueSpecification","valueRequired":true,"valueName":"search_term_string"}}],"inLanguage":"sl-SI"}]}},"_links":{"self":[{"href":"https:\/\/shop.leaplytics.de\/sl\/wp-json\/wp\/v2\/pages\/2215","targetHints":{"allow":["GET"]}}],"collection":[{"href":"https:\/\/shop.leaplytics.de\/sl\/wp-json\/wp\/v2\/pages"}],"about":[{"href":"https:\/\/shop.leaplytics.de\/sl\/wp-json\/wp\/v2\/types\/page"}],"author":[{"embeddable":true,"href":"https:\/\/shop.leaplytics.de\/sl\/wp-json\/wp\/v2\/users\/4"}],"replies":[{"embeddable":true,"href":"https:\/\/shop.leaplytics.de\/sl\/wp-json\/wp\/v2\/comments?post=2215"}],"version-history":[{"count":0,"href":"https:\/\/shop.leaplytics.de\/sl\/wp-json\/wp\/v2\/pages\/2215\/revisions"}],"wp:attachment":[{"href":"https:\/\/shop.leaplytics.de\/sl\/wp-json\/wp\/v2\/media?parent=2215"}],"curies":[{"name":"wp","href":"https:\/\/api.w.org\/{rel}","templated":true}]}}