{"id":2,"date":"2022-05-06T11:12:18","date_gmt":"2022-05-06T11:12:18","guid":{"rendered":"https:\/\/shop.leaplytics.de\/?page_id=2"},"modified":"2022-05-06T11:12:18","modified_gmt":"2022-05-06T11:12:18","slug":"vzorcna-stran","status":"publish","type":"page","link":"https:\/\/shop.leaplytics.de\/sl\/vzorcna-stran\/","title":{"rendered":"Stran vzorca"},"content":{"rendered":"<p>To je stran s primerom. Od objave na blogu se razlikuje po tem, da ostane na enem mestu in se prika\u017ee v navigaciji va\u0161ega spletnega mesta (v ve\u010dini tem). Ve\u010dina ljudi za\u010dne s stranjo O strani, ki jih predstavi potencialnim obiskovalcem spletnega mesta. Na njej lahko pi\u0161e nekaj takega:<\/p>\n\n\n\n<blockquote class=\"wp-block-quote is-layout-flow wp-block-quote-is-layout-flow\"><p>Pozdravljeni! Podnevi sem kolesarski kurir, pono\u010di ambiciozni igralec in to je moja spletna stran. \u017divim v Los Angelesu, imam \u010dudovitega psa Jacka in rada pi\u00f1a colado. (In se pustim ujeti v de\u017eju.)<\/p><\/blockquote>\n\n\n\n<p>...ali nekaj takega:<\/p>\n\n\n\n<blockquote class=\"wp-block-quote is-layout-flow wp-block-quote-is-layout-flow\"><p>Dru\u017eba XYZ Doohickey Company je bila ustanovljena leta 1971 in od takrat javnosti ponuja kakovostne doohickeye. Podjetje XYZ, ki se nahaja v Gotham Cityju, zaposluje ve\u010d kot 2.000 ljudi in po\u010dne vse mogo\u010de \u010dudovite stvari za gothamsko skupnost.<\/p><\/blockquote>\n\n\n\n<p>Kot nov uporabnik WordPressa morate iti na <a href=\"https:\/\/shop.leaplytics.de\/wp-admin\/\">va\u0161a armaturna plo\u0161\u010da<\/a> da to stran izbri\u0161ete in ustvarite nove strani za svojo vsebino. Zabavajte se!<\/p>","protected":false},"excerpt":{"rendered":"<p>To je stran s primerom. Od objave na blogu se razlikuje po tem, da ostane na enem mestu in se prika\u017ee v navigaciji va\u0161ega spletnega mesta (v ve\u010dini tem). Ve\u010dina ljudi za\u010dne s stranjo O strani, ki jih predstavi potencialnim obiskovalcem spletnega mesta. Na njej lahko pi\u0161e nekaj takega: Pozdravljeni! Sem kolesar, ki po\u0161ilja sporo\u010dila ... <\/p>","protected":false},"author":1,"featured_media":0,"parent":0,"menu_order":0,"comment_status":"closed","ping_status":"open","template":"","meta":{"footnotes":""},"class_list":["post-2","page","type-page","status-publish","hentry","latest_post"],"yoast_head":"<!-- This site is optimized with the Yoast SEO plugin v25.6 - https:\/\/yoast.com\/wordpress\/plugins\/seo\/ -->\n<title>Sample Page - LeapLytics&#039; Shop<\/title>\n<meta name=\"robots\" content=\"index, follow, max-snippet:-1, max-image-preview:large, max-video-preview:-1\" \/>\n<link rel=\"canonical\" href=\"https:\/\/shop.leaplytics.de\/sl\/vzorcna-stran\/\" \/>\n<meta property=\"og:locale\" content=\"sl_SI\" \/>\n<meta property=\"og:type\" content=\"article\" \/>\n<meta property=\"og:title\" content=\"Sample Page - LeapLytics&#039; Shop\" \/>\n<meta property=\"og:description\" content=\"This is an example page. It&#8217;s different from a blog post because it will stay in one place and will show up in your site navigation (in most themes). Most people start with an About page that introduces them to potential site visitors. It might say something like this: Hi there! I&#8217;m a bike messenger &hellip;\" \/>\n<meta property=\"og:url\" content=\"https:\/\/shop.leaplytics.de\/sl\/vzorcna-stran\/\" \/>\n<meta property=\"og:site_name\" content=\"LeapLytics&#039; Shop\" \/>\n<meta name=\"twitter:card\" content=\"summary_large_image\" \/>\n<meta name=\"twitter:label1\" content=\"Est. reading time\" \/>\n\t<meta name=\"twitter:data1\" content=\"1 minuta\" \/>\n<script type=\"application\/ld+json\" class=\"yoast-schema-graph\">{\"@context\":\"https:\/\/schema.org\",\"@graph\":[{\"@type\":\"WebPage\",\"@id\":\"https:\/\/shop.leaplytics.de\/sample-page\/\",\"url\":\"https:\/\/shop.leaplytics.de\/sample-page\/\",\"name\":\"Sample Page - LeapLytics&#039; Shop\",\"isPartOf\":{\"@id\":\"https:\/\/shop.leaplytics.de\/pt_br\/#website\"},\"datePublished\":\"2022-05-06T11:12:18+00:00\",\"breadcrumb\":{\"@id\":\"https:\/\/shop.leaplytics.de\/sample-page\/#breadcrumb\"},\"inLanguage\":\"sl-SI\",\"potentialAction\":[{\"@type\":\"ReadAction\",\"target\":[\"https:\/\/shop.leaplytics.de\/sample-page\/\"]}]},{\"@type\":\"BreadcrumbList\",\"@id\":\"https:\/\/shop.leaplytics.de\/sample-page\/#breadcrumb\",\"itemListElement\":[{\"@type\":\"ListItem\",\"position\":1,\"name\":\"Home\",\"item\":\"https:\/\/shop.leaplytics.de\/\"},{\"@type\":\"ListItem\",\"position\":2,\"name\":\"Sample Page\"}]},{\"@type\":\"WebSite\",\"@id\":\"https:\/\/shop.leaplytics.de\/pt_br\/#website\",\"url\":\"https:\/\/shop.leaplytics.de\/pt_br\/\",\"name\":\"LeapLytics' Shop\",\"description\":\"leap reporting solutions\",\"potentialAction\":[{\"@type\":\"SearchAction\",\"target\":{\"@type\":\"EntryPoint\",\"urlTemplate\":\"https:\/\/shop.leaplytics.de\/pt_br\/?s={search_term_string}\"},\"query-input\":{\"@type\":\"PropertyValueSpecification\",\"valueRequired\":true,\"valueName\":\"search_term_string\"}}],\"inLanguage\":\"sl-SI\"}]}<\/script>\n<!-- \/ Yoast SEO plugin. -->","yoast_head_json":{"title":"Stran vzorca - Trgovina LeapLytics","robots":{"index":"index","follow":"follow","max-snippet":"max-snippet:-1","max-image-preview":"max-image-preview:large","max-video-preview":"max-video-preview:-1"},"canonical":"https:\/\/shop.leaplytics.de\/sl\/vzorcna-stran\/","og_locale":"sl_SI","og_type":"article","og_title":"Sample Page - LeapLytics&#039; Shop","og_description":"This is an example page. It&#8217;s different from a blog post because it will stay in one place and will show up in your site navigation (in most themes). Most people start with an About page that introduces them to potential site visitors. It might say something like this: Hi there! I&#8217;m a bike messenger &hellip;","og_url":"https:\/\/shop.leaplytics.de\/sl\/vzorcna-stran\/","og_site_name":"LeapLytics&#039; Shop","twitter_card":"summary_large_image","twitter_misc":{"Est. reading time":"1 minuta"},"schema":{"@context":"https:\/\/schema.org","@graph":[{"@type":"WebPage","@id":"https:\/\/shop.leaplytics.de\/sample-page\/","url":"https:\/\/shop.leaplytics.de\/sample-page\/","name":"Stran vzorca - Trgovina LeapLytics","isPartOf":{"@id":"https:\/\/shop.leaplytics.de\/pt_br\/#website"},"datePublished":"2022-05-06T11:12:18+00:00","breadcrumb":{"@id":"https:\/\/shop.leaplytics.de\/sample-page\/#breadcrumb"},"inLanguage":"sl-SI","potentialAction":[{"@type":"ReadAction","target":["https:\/\/shop.leaplytics.de\/sample-page\/"]}]},{"@type":"BreadcrumbList","@id":"https:\/\/shop.leaplytics.de\/sample-page\/#breadcrumb","itemListElement":[{"@type":"ListItem","position":1,"name":"Home","item":"https:\/\/shop.leaplytics.de\/"},{"@type":"ListItem","position":2,"name":"Sample Page"}]},{"@type":"WebSite","@id":"https:\/\/shop.leaplytics.de\/pt_br\/#website","url":"https:\/\/shop.leaplytics.de\/pt_br\/","name":"Trgovina LeapLytics","description":"re\u0161itve za poro\u010danje v skoku","potentialAction":[{"@type":"SearchAction","target":{"@type":"EntryPoint","urlTemplate":"https:\/\/shop.leaplytics.de\/pt_br\/?s={search_term_string}"},"query-input":{"@type":"PropertyValueSpecification","valueRequired":true,"valueName":"search_term_string"}}],"inLanguage":"sl-SI"}]}},"_links":{"self":[{"href":"https:\/\/shop.leaplytics.de\/sl\/wp-json\/wp\/v2\/pages\/2","targetHints":{"allow":["GET"]}}],"collection":[{"href":"https:\/\/shop.leaplytics.de\/sl\/wp-json\/wp\/v2\/pages"}],"about":[{"href":"https:\/\/shop.leaplytics.de\/sl\/wp-json\/wp\/v2\/types\/page"}],"author":[{"embeddable":true,"href":"https:\/\/shop.leaplytics.de\/sl\/wp-json\/wp\/v2\/users\/1"}],"replies":[{"embeddable":true,"href":"https:\/\/shop.leaplytics.de\/sl\/wp-json\/wp\/v2\/comments?post=2"}],"version-history":[{"count":0,"href":"https:\/\/shop.leaplytics.de\/sl\/wp-json\/wp\/v2\/pages\/2\/revisions"}],"wp:attachment":[{"href":"https:\/\/shop.leaplytics.de\/sl\/wp-json\/wp\/v2\/media?parent=2"}],"curies":[{"name":"wp","href":"https:\/\/api.w.org\/{rel}","templated":true}]}}