{"id":2345,"date":"2025-07-31T08:52:28","date_gmt":"2025-07-31T08:52:28","guid":{"rendered":"https:\/\/shop.leaplytics.de\/?post_type=product&#038;p=2345"},"modified":"2026-03-05T20:01:09","modified_gmt":"2026-03-05T20:01:09","slug":"ganttov-diagram","status":"publish","type":"product","link":"https:\/\/shop.leaplytics.de\/sk\/product\/ganttov-diagram\/","title":{"rendered":"Ganttov diagram"},"content":{"rendered":"<p>Ganttov diagram<\/p>","protected":false},"excerpt":{"rendered":"<p>Spravujte a sledujte svoje rizik\u00e1 v \u010dase pomocou n\u00e1\u0161ho vizu\u00e1lneho Ganttovho grafu pre Power BI. Tento vizu\u00e1l v\u00e1m umo\u017en\u00ed zn\u00e1zorni\u0165 \u010dasov\u00fd harmonogram projektu, m\u00ed\u013eniky a trvanie riz\u00edk v preh\u013eadnom a \u0161trukt\u00farovanom form\u00e1te \u010dasovej osi. Ide\u00e1lne na integr\u00e1ciu riadenia riz\u00edk do pl\u00e1novania projektu.<\/p>\n<p><strong>Popis: V s\u00fa\u010dasnosti sa nach\u00e1dza na \u00fazem\u00ed Slovenskej republiky:<\/strong><\/p>\n<ul>\n<li>K dispoz\u00edcii je ro\u010dn\u00e1 alebo viacro\u010dn\u00e1 licencia<\/li>\n<li>Pou\u017e\u00edvanie licencie pre jednu spolo\u010dnos\u0165 (pr\u00e1vnick\u00fa osobu) alebo v r\u00e1mci skupiny\/holdingu (viacero pr\u00e1vnick\u00fdch os\u00f4b)<\/li>\n<li><u><a href=\"https:\/\/shop.leaplytics.de\/sk\/zaruka\/\">30-d\u0148ov\u00e1 z\u00e1ruka bez rizika + do\u017eivotn\u00fd cenov\u00fd z\u00e1mok<\/a><\/u><\/li>\n<li>Licen\u010dn\u00fd k\u00f3d v\u00e1m bude zaslan\u00fd na v\u00e1\u0161 e-mail do 24 hod\u00edn od n\u00e1kupu<\/li>\n<li>\n    V pr\u00edpade komer\u010dn\u00e9ho pou\u017eitia v z\u00e1kazn\u00edckych prostrediach n\u00e1s kontaktujte na adrese<br \/>\n    <u><a href=\"mailto:info@leaplytics.de\">info@leaplytics.de<\/a><\/u>\n  <\/li>\n<\/ul>\n<p>H\u013ead\u00e1te e\u0161te v\u00fdhodnej\u0161iu ponuku? Kontaktujte n\u00e1s na adrese <a href=\"mailto:info@leaplytics.de\">info@leaplytics.de<\/a> a z\u00edskajte exkluz\u00edvnu extra z\u013eavu!<\/p>","protected":false},"featured_media":2347,"template":"","meta":[],"product_brand":[],"product_cat":[19],"product_tag":[],"class_list":{"0":"post-2345","1":"product","2":"type-product","3":"status-publish","4":"has-post-thumbnail","6":"product_cat-bi-visual","7":"latest_post","9":"first","10":"instock","11":"taxable","12":"shipping-taxable","13":"purchasable","14":"product-type-variable"},"yoast_head":"<!-- This site is optimized with the Yoast SEO plugin v25.6 - https:\/\/yoast.com\/wordpress\/plugins\/seo\/ -->\n<title>Gantt Chart - LeapLytics&#039; Shop<\/title>\n<meta name=\"robots\" content=\"index, follow, max-snippet:-1, max-image-preview:large, max-video-preview:-1\" \/>\n<link rel=\"canonical\" href=\"https:\/\/shop.leaplytics.de\/sk\/product\/ganttov-diagram\/\" \/>\n<meta property=\"og:locale\" content=\"sk_SK\" \/>\n<meta property=\"og:type\" content=\"article\" \/>\n<meta property=\"og:title\" content=\"Gantt Chart - LeapLytics&#039; Shop\" \/>\n<meta property=\"og:description\" content=\"Manage and track your risks over time with our Gantt Chart visual for Power BI. This visual lets you represent project timelines, milestones, and risk durations in a clear and structured timeline format. Perfect for integrating risk management into your project planning.  Description:   Annual or multi-year license available  Use the license for a single company (legal entity) or across a group\/holding (multiple legal entities)  30-Day Risk-Free Guarantee + Lifetime Price Lock  License code will be sent to your email within 24 hours of purchase     For commercial use in customer-facing environments, please contact us at    info@leaplytics.de     Looking for an even better deal? Contact us at info@leaplytics.de and get an exclusive extra discount!\" \/>\n<meta property=\"og:url\" content=\"https:\/\/shop.leaplytics.de\/sk\/product\/ganttov-diagram\/\" \/>\n<meta property=\"og:site_name\" content=\"LeapLytics&#039; Shop\" \/>\n<meta property=\"article:modified_time\" content=\"2026-03-05T20:01:09+00:00\" \/>\n<meta property=\"og:image\" content=\"https:\/\/shop.leaplytics.de\/wp-content\/uploads\/2025\/07\/apps.35839.64dfaa4f-9ef5-41ac-922f-dd5c8ab6025b.263c167d-6e75-4b36-889b-7b60492b3da7.png\" \/>\n\t<meta property=\"og:image:width\" content=\"300\" \/>\n\t<meta property=\"og:image:height\" content=\"300\" \/>\n\t<meta property=\"og:image:type\" content=\"image\/png\" \/>\n<meta name=\"twitter:card\" content=\"summary_large_image\" \/>\n<meta name=\"twitter:label1\" content=\"Predpokladan\u00fd \u010das \u010d\u00edtania\" \/>\n\t<meta name=\"twitter:data1\" content=\"1 min\u00fata\" \/>\n<script type=\"application\/ld+json\" class=\"yoast-schema-graph\">{\"@context\":\"https:\/\/schema.org\",\"@graph\":[{\"@type\":\"WebPage\",\"@id\":\"https:\/\/shop.leaplytics.de\/product\/gantt-chart\/\",\"url\":\"https:\/\/shop.leaplytics.de\/product\/gantt-chart\/\",\"name\":\"Gantt Chart - LeapLytics&#039; Shop\",\"isPartOf\":{\"@id\":\"https:\/\/shop.leaplytics.de\/pt_br\/#website\"},\"primaryImageOfPage\":{\"@id\":\"https:\/\/shop.leaplytics.de\/product\/gantt-chart\/#primaryimage\"},\"image\":{\"@id\":\"https:\/\/shop.leaplytics.de\/product\/gantt-chart\/#primaryimage\"},\"thumbnailUrl\":\"https:\/\/shop.leaplytics.de\/wp-content\/uploads\/2025\/07\/apps.35839.64dfaa4f-9ef5-41ac-922f-dd5c8ab6025b.263c167d-6e75-4b36-889b-7b60492b3da7.png\",\"datePublished\":\"2025-07-31T08:52:28+00:00\",\"dateModified\":\"2026-03-05T20:01:09+00:00\",\"breadcrumb\":{\"@id\":\"https:\/\/shop.leaplytics.de\/product\/gantt-chart\/#breadcrumb\"},\"inLanguage\":\"sk-SK\",\"potentialAction\":[{\"@type\":\"ReadAction\",\"target\":[\"https:\/\/shop.leaplytics.de\/product\/gantt-chart\/\"]}]},{\"@type\":\"ImageObject\",\"inLanguage\":\"sk-SK\",\"@id\":\"https:\/\/shop.leaplytics.de\/product\/gantt-chart\/#primaryimage\",\"url\":\"https:\/\/shop.leaplytics.de\/wp-content\/uploads\/2025\/07\/apps.35839.64dfaa4f-9ef5-41ac-922f-dd5c8ab6025b.263c167d-6e75-4b36-889b-7b60492b3da7.png\",\"contentUrl\":\"https:\/\/shop.leaplytics.de\/wp-content\/uploads\/2025\/07\/apps.35839.64dfaa4f-9ef5-41ac-922f-dd5c8ab6025b.263c167d-6e75-4b36-889b-7b60492b3da7.png\",\"width\":300,\"height\":300},{\"@type\":\"BreadcrumbList\",\"@id\":\"https:\/\/shop.leaplytics.de\/product\/gantt-chart\/#breadcrumb\",\"itemListElement\":[{\"@type\":\"ListItem\",\"position\":1,\"name\":\"Home\",\"item\":\"https:\/\/shop.leaplytics.de\/\"},{\"@type\":\"ListItem\",\"position\":2,\"name\":\"Shop\",\"item\":\"https:\/\/shop.leaplytics.de\/\"},{\"@type\":\"ListItem\",\"position\":3,\"name\":\"Gantt Chart\"}]},{\"@type\":\"WebSite\",\"@id\":\"https:\/\/shop.leaplytics.de\/pt_br\/#website\",\"url\":\"https:\/\/shop.leaplytics.de\/pt_br\/\",\"name\":\"LeapLytics' Shop\",\"description\":\"leap reporting solutions\",\"potentialAction\":[{\"@type\":\"SearchAction\",\"target\":{\"@type\":\"EntryPoint\",\"urlTemplate\":\"https:\/\/shop.leaplytics.de\/pt_br\/?s={search_term_string}\"},\"query-input\":{\"@type\":\"PropertyValueSpecification\",\"valueRequired\":true,\"valueName\":\"search_term_string\"}}],\"inLanguage\":\"sk-SK\"}]}<\/script>\n<!-- \/ Yoast SEO plugin. -->","yoast_head_json":{"title":"Ganttov diagram - Obchod LeapLytics","robots":{"index":"index","follow":"follow","max-snippet":"max-snippet:-1","max-image-preview":"max-image-preview:large","max-video-preview":"max-video-preview:-1"},"canonical":"https:\/\/shop.leaplytics.de\/sk\/product\/ganttov-diagram\/","og_locale":"sk_SK","og_type":"article","og_title":"Gantt Chart - LeapLytics&#039; Shop","og_description":"Manage and track your risks over time with our Gantt Chart visual for Power BI. This visual lets you represent project timelines, milestones, and risk durations in a clear and structured timeline format. Perfect for integrating risk management into your project planning.  Description:   Annual or multi-year license available  Use the license for a single company (legal entity) or across a group\/holding (multiple legal entities)  30-Day Risk-Free Guarantee + Lifetime Price Lock  License code will be sent to your email within 24 hours of purchase     For commercial use in customer-facing environments, please contact us at    info@leaplytics.de     Looking for an even better deal? Contact us at info@leaplytics.de and get an exclusive extra discount!","og_url":"https:\/\/shop.leaplytics.de\/sk\/product\/ganttov-diagram\/","og_site_name":"LeapLytics&#039; Shop","article_modified_time":"2026-03-05T20:01:09+00:00","og_image":[{"width":300,"height":300,"url":"https:\/\/shop.leaplytics.de\/wp-content\/uploads\/2025\/07\/apps.35839.64dfaa4f-9ef5-41ac-922f-dd5c8ab6025b.263c167d-6e75-4b36-889b-7b60492b3da7.png","type":"image\/png"}],"twitter_card":"summary_large_image","twitter_misc":{"Predpokladan\u00fd \u010das \u010d\u00edtania":"1 min\u00fata"},"schema":{"@context":"https:\/\/schema.org","@graph":[{"@type":"WebPage","@id":"https:\/\/shop.leaplytics.de\/product\/gantt-chart\/","url":"https:\/\/shop.leaplytics.de\/product\/gantt-chart\/","name":"Ganttov diagram - Obchod LeapLytics","isPartOf":{"@id":"https:\/\/shop.leaplytics.de\/pt_br\/#website"},"primaryImageOfPage":{"@id":"https:\/\/shop.leaplytics.de\/product\/gantt-chart\/#primaryimage"},"image":{"@id":"https:\/\/shop.leaplytics.de\/product\/gantt-chart\/#primaryimage"},"thumbnailUrl":"https:\/\/shop.leaplytics.de\/wp-content\/uploads\/2025\/07\/apps.35839.64dfaa4f-9ef5-41ac-922f-dd5c8ab6025b.263c167d-6e75-4b36-889b-7b60492b3da7.png","datePublished":"2025-07-31T08:52:28+00:00","dateModified":"2026-03-05T20:01:09+00:00","breadcrumb":{"@id":"https:\/\/shop.leaplytics.de\/product\/gantt-chart\/#breadcrumb"},"inLanguage":"sk-SK","potentialAction":[{"@type":"ReadAction","target":["https:\/\/shop.leaplytics.de\/product\/gantt-chart\/"]}]},{"@type":"ImageObject","inLanguage":"sk-SK","@id":"https:\/\/shop.leaplytics.de\/product\/gantt-chart\/#primaryimage","url":"https:\/\/shop.leaplytics.de\/wp-content\/uploads\/2025\/07\/apps.35839.64dfaa4f-9ef5-41ac-922f-dd5c8ab6025b.263c167d-6e75-4b36-889b-7b60492b3da7.png","contentUrl":"https:\/\/shop.leaplytics.de\/wp-content\/uploads\/2025\/07\/apps.35839.64dfaa4f-9ef5-41ac-922f-dd5c8ab6025b.263c167d-6e75-4b36-889b-7b60492b3da7.png","width":300,"height":300},{"@type":"BreadcrumbList","@id":"https:\/\/shop.leaplytics.de\/product\/gantt-chart\/#breadcrumb","itemListElement":[{"@type":"ListItem","position":1,"name":"Home","item":"https:\/\/shop.leaplytics.de\/"},{"@type":"ListItem","position":2,"name":"Shop","item":"https:\/\/shop.leaplytics.de\/"},{"@type":"ListItem","position":3,"name":"Gantt Chart"}]},{"@type":"WebSite","@id":"https:\/\/shop.leaplytics.de\/pt_br\/#website","url":"https:\/\/shop.leaplytics.de\/pt_br\/","name":"Obchod spolo\u010dnosti LeapLytics","description":"rie\u0161enia na vykazovanie skokov","potentialAction":[{"@type":"SearchAction","target":{"@type":"EntryPoint","urlTemplate":"https:\/\/shop.leaplytics.de\/pt_br\/?s={search_term_string}"},"query-input":{"@type":"PropertyValueSpecification","valueRequired":true,"valueName":"search_term_string"}}],"inLanguage":"sk-SK"}]}},"_links":{"self":[{"href":"https:\/\/shop.leaplytics.de\/sk\/wp-json\/wp\/v2\/product\/2345","targetHints":{"allow":["GET"]}}],"collection":[{"href":"https:\/\/shop.leaplytics.de\/sk\/wp-json\/wp\/v2\/product"}],"about":[{"href":"https:\/\/shop.leaplytics.de\/sk\/wp-json\/wp\/v2\/types\/product"}],"wp:featuredmedia":[{"embeddable":true,"href":"https:\/\/shop.leaplytics.de\/sk\/wp-json\/wp\/v2\/media\/2347"}],"wp:attachment":[{"href":"https:\/\/shop.leaplytics.de\/sk\/wp-json\/wp\/v2\/media?parent=2345"}],"wp:term":[{"taxonomy":"product_brand","embeddable":true,"href":"https:\/\/shop.leaplytics.de\/sk\/wp-json\/wp\/v2\/product_brand?post=2345"},{"taxonomy":"product_cat","embeddable":true,"href":"https:\/\/shop.leaplytics.de\/sk\/wp-json\/wp\/v2\/product_cat?post=2345"},{"taxonomy":"product_tag","embeddable":true,"href":"https:\/\/shop.leaplytics.de\/sk\/wp-json\/wp\/v2\/product_tag?post=2345"}],"curies":[{"name":"wp","href":"https:\/\/api.w.org\/{rel}","templated":true}]}}