{"id":266,"date":"2022-06-17T16:52:45","date_gmt":"2022-06-17T16:52:45","guid":{"rendered":"https:\/\/shop.leaplytics.de\/?page_id=266"},"modified":"2025-05-27T12:30:33","modified_gmt":"2025-05-27T12:30:33","slug":"cenotvorba","status":"publish","type":"page","link":"https:\/\/shop.leaplytics.de\/sk\/cenotvorba\/","title":{"rendered":"Cenotvorba"},"content":{"rendered":"<p>V spolo\u010dnosti LeapLytics ver\u00edme, \u017ee licencie by v\u00e1m mali u\u013eah\u010di\u0165 \u017eivot <strong>jednoduch\u0161ie<\/strong>, nie zlo\u017eitej\u0161ie. Preto sme navrhli <strong>jednoduch\u00fd a spravodliv\u00fd licen\u010dn\u00fd model<\/strong> pre na\u0161e vizu\u00e1ly - \u017eiadne obmedzenia pou\u017e\u00edvate\u013eov, \u017eiadne probl\u00e9my, \u017eiadne prekvapenia.<\/p>\n\n\n\n<h3 class=\"wp-block-heading\">Pre\u010do nie s\u00fa licencie zalo\u017een\u00e9 na pou\u017e\u00edvate\u013eovi?<\/h3>\n\n\n\n<p>Bu\u010fme \u00faprimn\u00ed: licencie zalo\u017een\u00e9 na pou\u017e\u00edvate\u013eovi \u010dasto sp\u00f4sobuj\u00fa viac probl\u00e9mov, ako ich rie\u0161ia.<\/p>\n\n\n\n<p>Ke\u010f si potrebuje palubn\u00fa dosku zobrazi\u0165 viac \u013eud\u00ed, ako je k dispoz\u00edcii licenci\u00ed, frustr\u00e1cia r\u00fdchlo narast\u00e1. E\u0161te hor\u0161ie je, ke\u010f je zablokovan\u00fd k\u013e\u00fa\u010dov\u00fd rozhodovac\u00ed org\u00e1n. Sami sme to za\u017eili - ako pou\u017e\u00edvatelia vizualiz\u00e1ci\u00ed a doplnkov. Presne tomu sa chceme vyhn\u00fa\u0165.<\/p>\n\n\n\n<p>A potom s\u00fa tu skryt\u00e9 n\u00e1klady: neo\u010dak\u00e1van\u00e9 fakt\u00fary za \"neopr\u00e1vnen\u00fdch pou\u017e\u00edvate\u013eov\", ktor\u00e9 nikto ne\u010dakal? U n\u00e1s nie.<\/p>\n\n\n\n<h3 class=\"wp-block-heading\">Bezpe\u010dn\u00e1 z\u00e1ruka<\/h3>\n\n\n\n<p>A aby ste sa mohli rozhodn\u00fa\u0165 bez rizika: pon\u00fakame <strong>30-d\u0148ov\u00e1 z\u00e1ruka vr\u00e1tenia pe\u0148az\u00ed<\/strong>.<\/p>\n\n\n\n<p>Ak vizu\u00e1l neprin\u00e1\u0161a o\u010dak\u00e1van\u00fa hodnotu, sta\u010d\u00ed n\u00e1m to ozn\u00e1mi\u0165 do 30 dn\u00ed - vr\u00e1time v\u00e1m peniaze v plnej v\u00fd\u0161ke, <strong>bez ot\u00e1zok<\/strong>.<\/p>\n\n\n\n<h3 class=\"wp-block-heading\">N\u00e1\u0161 s\u013eub: \u017eiadne obmedzenia. \u017diadne prekvapenia.<\/h3>\n\n\n\n<p>So slu\u017ebou LeapLytics z\u00edskate <strong>licencia pre cel\u00fa spolo\u010dnos\u0165 alebo holding\/skupinu<\/strong>. To znamen\u00e1:<\/p>\n\n\n\n<p>\u2705 Neobmedzen\u00fd po\u010det pou\u017e\u00edvate\u013eov<br>\u2705 Neobmedzen\u00e9 pr\u00edstrojov\u00e9 panely<br>\u2705 Neobmedzen\u00e9 vizu\u00e1ly<\/p>\n\n\n\n<p>Pou\u017e\u00edvajte na\u0161e vizu\u00e1ly kdeko\u013evek a akoko\u013evek potrebujete - <strong>s nulov\u00fdm drobn\u00fdm p\u00edsmom<\/strong>.<\/p>\n\n\n\n<h3 class=\"wp-block-heading\">Jednoduch\u00e9 a transparentn\u00e9 ceny<\/h3>\n\n\n\n<p>H\u013ead\u00e1te dlhodob\u00e9 \u00faspory? M\u00e1me pre v\u00e1s rie\u0161enie:<\/p>\n\n\n\n<ul class=\"wp-block-list\">\n<li><strong>2-ro\u010dn\u00e1 licencia<\/strong> \u2192 +6 mesiacov zadarmo<\/li>\n\n\n\n<li><strong>3-ro\u010dn\u00e1 licencia<\/strong> \u2192 +12 mesiacov zadarmo<\/li>\n<\/ul>\n\n\n\n<p>Je to skvel\u00e1 mo\u017enos\u0165, ke\u010f viete, \u017ee vizu\u00e1l vyhovuje va\u0161im potreb\u00e1m pri ka\u017edodennej pr\u00e1ci.<\/p>\n\n\n\n<p>V \u013eavej dolnej \u010dasti str\u00e1nky obchodu m\u00f4\u017eete prepn\u00fa\u0165 menu pod\u013ea svojich preferenci\u00ed.<\/p>\n\n\n\n<h3 class=\"wp-block-heading\">Ako z\u00edska\u0165 licenciu<\/h3>\n\n\n\n<p>Existuj\u00fa dva jednoduch\u00e9 sp\u00f4soby, ako postupova\u0165:<\/p>\n\n\n\n<h4 class=\"wp-block-heading\">Mo\u017enos\u0165 1: Cenov\u00e1 ponuka a fakt\u00fara<\/h4>\n\n\n\n<ul class=\"wp-block-list\">\n<li>Kontaktujte n\u00e1s na adrese <strong><a href=\"mailto:info@leaplytics.de\">info@leaplytics.de<\/a>.<\/strong> Po\u0161leme v\u00e1m ofici\u00e1lnu cenov\u00fa ponuku.<\/li>\n\n\n\n<li>Po prijat\u00ed dostanete licen\u010dn\u00fd k\u013e\u00fa\u010d a fakt\u00faru.<\/li>\n\n\n\n<li>Platba sa uskuto\u010d\u0148uje bankov\u00fdm prevodom v eur\u00e1ch.<\/li>\n<\/ul>\n\n\n\n<h4 class=\"wp-block-heading\">Mo\u017enos\u0165 2: K\u00fapi\u0165 online<\/h4>\n\n\n\n<ul class=\"wp-block-list\">\n<li>Objednajte si priamo tu n\u00e1\u0161 obchod.<\/li>\n\n\n\n<li>Pla\u0165te pomocou hlavn\u00fdch kreditn\u00fdch kariet alebo slu\u017eby PayPal.<\/li>\n\n\n\n<li>Vyberte si preferovan\u00fa menu.<\/li>\n<\/ul>\n\n\n\n<h3 class=\"wp-block-heading\">Pre div\u00e1kov nie je potrebn\u00e9 \u017eiadne \u010fal\u0161ie nastavenie<\/h3>\n\n\n\n<p>\u010clenovia v\u00e1\u0161ho t\u00edmu nemusia ni\u010d in\u0161talova\u0165 ani aktivova\u0165. Po zverejnen\u00ed spr\u00e1vy s vizu\u00e1lom funguje pre v\u0161etk\u00fdch vo va\u0161ej organiz\u00e1cii. Nie je potrebn\u00e9 \u017eiadne samostatn\u00e9 nastavenie.<\/p>","protected":false},"excerpt":{"rendered":"<p>At LeapLytics, we believe that licensing should make your life easier, not more complicated. That\u2019s why we\u2019ve designed a simple, fair licensing model for our visuals \u2013 no user limits, no headaches, no surprises. Why no user-based licensing? Let\u2019s be honest: User-based licensing often causes more problems than it solves. When more people need to &hellip; <\/p>","protected":false},"author":4,"featured_media":0,"parent":0,"menu_order":0,"comment_status":"closed","ping_status":"closed","template":"","meta":{"footnotes":""},"class_list":["post-266","page","type-page","status-publish","hentry","latest_post"],"yoast_head":"<!-- This site is optimized with the Yoast SEO plugin v25.6 - https:\/\/yoast.com\/wordpress\/plugins\/seo\/ -->\n<title>Pricing - LeapLytics&#039; Shop<\/title>\n<meta name=\"robots\" content=\"index, follow, max-snippet:-1, max-image-preview:large, max-video-preview:-1\" \/>\n<link rel=\"canonical\" href=\"https:\/\/shop.leaplytics.de\/sk\/cenotvorba\/\" \/>\n<meta property=\"og:locale\" content=\"sk_SK\" \/>\n<meta property=\"og:type\" content=\"article\" \/>\n<meta property=\"og:title\" content=\"Pricing - LeapLytics&#039; Shop\" \/>\n<meta property=\"og:description\" content=\"At LeapLytics, we believe that licensing should make your life easier, not more complicated. That\u2019s why we\u2019ve designed a simple, fair licensing model for our visuals \u2013 no user limits, no headaches, no surprises. Why no user-based licensing? Let\u2019s be honest: User-based licensing often causes more problems than it solves. When more people need to &hellip;\" \/>\n<meta property=\"og:url\" content=\"https:\/\/shop.leaplytics.de\/sk\/cenotvorba\/\" \/>\n<meta property=\"og:site_name\" content=\"LeapLytics&#039; Shop\" \/>\n<meta property=\"article:modified_time\" content=\"2025-05-27T12:30:33+00:00\" \/>\n<meta name=\"twitter:card\" content=\"summary_large_image\" \/>\n<meta name=\"twitter:label1\" content=\"Predpokladan\u00fd \u010das \u010d\u00edtania\" \/>\n\t<meta name=\"twitter:data1\" content=\"2 min\u00faty\" \/>\n<script type=\"application\/ld+json\" class=\"yoast-schema-graph\">{\"@context\":\"https:\/\/schema.org\",\"@graph\":[{\"@type\":\"WebPage\",\"@id\":\"https:\/\/shop.leaplytics.de\/pricing\/\",\"url\":\"https:\/\/shop.leaplytics.de\/pricing\/\",\"name\":\"Pricing - LeapLytics&#039; Shop\",\"isPartOf\":{\"@id\":\"https:\/\/shop.leaplytics.de\/pt_br\/#website\"},\"datePublished\":\"2022-06-17T16:52:45+00:00\",\"dateModified\":\"2025-05-27T12:30:33+00:00\",\"breadcrumb\":{\"@id\":\"https:\/\/shop.leaplytics.de\/pricing\/#breadcrumb\"},\"inLanguage\":\"sk-SK\",\"potentialAction\":[{\"@type\":\"ReadAction\",\"target\":[\"https:\/\/shop.leaplytics.de\/pricing\/\"]}]},{\"@type\":\"BreadcrumbList\",\"@id\":\"https:\/\/shop.leaplytics.de\/pricing\/#breadcrumb\",\"itemListElement\":[{\"@type\":\"ListItem\",\"position\":1,\"name\":\"Home\",\"item\":\"https:\/\/shop.leaplytics.de\/\"},{\"@type\":\"ListItem\",\"position\":2,\"name\":\"Pricing\"}]},{\"@type\":\"WebSite\",\"@id\":\"https:\/\/shop.leaplytics.de\/pt_br\/#website\",\"url\":\"https:\/\/shop.leaplytics.de\/pt_br\/\",\"name\":\"LeapLytics' Shop\",\"description\":\"leap reporting solutions\",\"potentialAction\":[{\"@type\":\"SearchAction\",\"target\":{\"@type\":\"EntryPoint\",\"urlTemplate\":\"https:\/\/shop.leaplytics.de\/pt_br\/?s={search_term_string}\"},\"query-input\":{\"@type\":\"PropertyValueSpecification\",\"valueRequired\":true,\"valueName\":\"search_term_string\"}}],\"inLanguage\":\"sk-SK\"}]}<\/script>\n<!-- \/ Yoast SEO plugin. -->","yoast_head_json":{"title":"Ceny - Obchod spolo\u010dnosti LeapLytics","robots":{"index":"index","follow":"follow","max-snippet":"max-snippet:-1","max-image-preview":"max-image-preview:large","max-video-preview":"max-video-preview:-1"},"canonical":"https:\/\/shop.leaplytics.de\/sk\/cenotvorba\/","og_locale":"sk_SK","og_type":"article","og_title":"Pricing - LeapLytics&#039; Shop","og_description":"At LeapLytics, we believe that licensing should make your life easier, not more complicated. That\u2019s why we\u2019ve designed a simple, fair licensing model for our visuals \u2013 no user limits, no headaches, no surprises. Why no user-based licensing? Let\u2019s be honest: User-based licensing often causes more problems than it solves. When more people need to &hellip;","og_url":"https:\/\/shop.leaplytics.de\/sk\/cenotvorba\/","og_site_name":"LeapLytics&#039; Shop","article_modified_time":"2025-05-27T12:30:33+00:00","twitter_card":"summary_large_image","twitter_misc":{"Predpokladan\u00fd \u010das \u010d\u00edtania":"2 min\u00faty"},"schema":{"@context":"https:\/\/schema.org","@graph":[{"@type":"WebPage","@id":"https:\/\/shop.leaplytics.de\/pricing\/","url":"https:\/\/shop.leaplytics.de\/pricing\/","name":"Ceny - Obchod spolo\u010dnosti LeapLytics","isPartOf":{"@id":"https:\/\/shop.leaplytics.de\/pt_br\/#website"},"datePublished":"2022-06-17T16:52:45+00:00","dateModified":"2025-05-27T12:30:33+00:00","breadcrumb":{"@id":"https:\/\/shop.leaplytics.de\/pricing\/#breadcrumb"},"inLanguage":"sk-SK","potentialAction":[{"@type":"ReadAction","target":["https:\/\/shop.leaplytics.de\/pricing\/"]}]},{"@type":"BreadcrumbList","@id":"https:\/\/shop.leaplytics.de\/pricing\/#breadcrumb","itemListElement":[{"@type":"ListItem","position":1,"name":"Home","item":"https:\/\/shop.leaplytics.de\/"},{"@type":"ListItem","position":2,"name":"Pricing"}]},{"@type":"WebSite","@id":"https:\/\/shop.leaplytics.de\/pt_br\/#website","url":"https:\/\/shop.leaplytics.de\/pt_br\/","name":"Obchod spolo\u010dnosti LeapLytics","description":"rie\u0161enia na vykazovanie skokov","potentialAction":[{"@type":"SearchAction","target":{"@type":"EntryPoint","urlTemplate":"https:\/\/shop.leaplytics.de\/pt_br\/?s={search_term_string}"},"query-input":{"@type":"PropertyValueSpecification","valueRequired":true,"valueName":"search_term_string"}}],"inLanguage":"sk-SK"}]}},"_links":{"self":[{"href":"https:\/\/shop.leaplytics.de\/sk\/wp-json\/wp\/v2\/pages\/266","targetHints":{"allow":["GET"]}}],"collection":[{"href":"https:\/\/shop.leaplytics.de\/sk\/wp-json\/wp\/v2\/pages"}],"about":[{"href":"https:\/\/shop.leaplytics.de\/sk\/wp-json\/wp\/v2\/types\/page"}],"author":[{"embeddable":true,"href":"https:\/\/shop.leaplytics.de\/sk\/wp-json\/wp\/v2\/users\/4"}],"replies":[{"embeddable":true,"href":"https:\/\/shop.leaplytics.de\/sk\/wp-json\/wp\/v2\/comments?post=266"}],"version-history":[{"count":0,"href":"https:\/\/shop.leaplytics.de\/sk\/wp-json\/wp\/v2\/pages\/266\/revisions"}],"wp:attachment":[{"href":"https:\/\/shop.leaplytics.de\/sk\/wp-json\/wp\/v2\/media?parent=266"}],"curies":[{"name":"wp","href":"https:\/\/api.w.org\/{rel}","templated":true}]}}