{"id":2215,"date":"2024-12-09T13:55:51","date_gmt":"2024-12-09T13:55:51","guid":{"rendered":"https:\/\/shop.leaplytics.de\/?page_id=2215"},"modified":"2026-03-05T19:58:24","modified_gmt":"2026-03-05T19:58:24","slug":"zaruka","status":"publish","type":"page","link":"https:\/\/shop.leaplytics.de\/sk\/zaruka\/","title":{"rendered":"Z\u00e1ruka"},"content":{"rendered":"<h3 class=\"wp-block-heading\">Z\u00e1ruka bezrizikov\u00e9ho a do\u017eivotn\u00e9ho uzamknutia ceny LeapLytics<\/h3>\n\n\n\n<p>Na\u0161e vizu\u00e1ly ste si u\u017e mohli prezrie\u0165 zadarmo. Teraz je \u010das odomkn\u00fa\u0165 <strong>pln\u00fd pr\u00edstup pre cel\u00fa va\u0161u organiz\u00e1ciu - s nulov\u00fdm rizikom.<\/strong><\/p>\n\n<p><strong>30-d\u0148ov\u00e1 z\u00e1ruka vr\u00e1tenia pe\u0148az\u00ed:<\/strong> Ak LeapLytics nepom\u00f4\u017ee v\u00e1\u0161mu t\u00edmu <strong>r\u00fdchlej\u0161ie pochopi\u0165 komplexn\u00e9 \u00fadaje<\/strong> a vytvori\u0165 <strong>lep\u0161ie rozhodnutia<\/strong> po\u010das prv\u00fdch 30 dn\u00ed, po\u0161lite n\u00e1m e-mail a my v\u00e1m vystav\u00edme <strong>N\u00e1hrada za 100%<\/strong>. <strong>\u017diadne formul\u00e1re. \u017diadne trenie. \u017diadne ot\u00e1zky.<\/strong><\/p>\n\n<p><strong>Do\u017eivotn\u00fd cenov\u00fd z\u00e1mok:<\/strong> Ke\u010f sa stanete z\u00e1kazn\u00edkom, va\u0161a cena je <strong>trvalo uzamknut\u00e9<\/strong> - budete <strong>nikdy nezaplat\u00edte viac<\/strong>, a to aj v pr\u00edpade, \u017ee sa na\u0161e ceny v bud\u00facnosti zv\u00fd\u0161ia.<\/p>\n\n<p>Jedin\u00e1 mo\u017en\u00e1 \u00faprava m\u00f4\u017ee vych\u00e1dza\u0165 z <strong>v\u00fdkyvy v\u00fdmenn\u00fdch kurzov<\/strong>. Nikdy neprid\u00e1vame pr\u00edplatky ani prir\u00e1\u017eky - v\u0161etky \u00fapravy s\u00favisiace s menou s\u00fa zoh\u013eadnen\u00e9 <strong>transparentne v na\u0161om online obchode<\/strong> a aplikovan\u00e9 presne tak, ako sa vyskytuj\u00fa.<\/p>\n\n<p><strong>\u017diadne skryt\u00e9 poplatky. \u017diadne ceny na pou\u017e\u00edvate\u013ea. \u017diadne prekvapiv\u00e9 aktualiz\u00e1cie.<\/strong> Zabezpe\u010d\u00edte si dne\u0161n\u00fa cenu a z\u00e1rove\u0148 budete ma\u0165 prospech zo v\u0161etk\u00fdch bud\u00facich zlep\u0161en\u00ed.<\/p>\n\n\n\n<h3 class=\"wp-block-heading\">Pre\u010do si t\u00edmy vyberaj\u00fa LeapLytics<\/h3>\n\n\n\n<p>\n\u2705 <strong>Exkluz\u00edvne, vysoko v\u00fdkonn\u00e9 vizualiz\u00e1cie Power BI<\/strong> ktor\u00e9 nikde inde nen\u00e1jdete<br>\n\u2705 <strong>Neobmedzen\u00fd po\u010det pou\u017e\u00edvate\u013eov, ovl\u00e1dac\u00edch panelov a preh\u013eadov<\/strong> - \u017eiadne ceny na pou\u017e\u00edvate\u013ea<br>\n\u2705 <strong>Vytvoren\u00e9 na r\u00fdchlej\u0161ie rozhodovanie<\/strong> - jasnej\u0161\u00ed preh\u013ead s men\u0161\u00edm po\u010dtom kliknut\u00ed<br>\n\u2705 <strong>Okam\u017eit\u00e9 nasadenie<\/strong> - publikujte raz a bude to fungova\u0165 pre cel\u00fa va\u0161u organiz\u00e1ciu<br>\n\u2705 <strong>Vyroben\u00e9 na \u0161k\u00e1lovate\u013en\u00e9 zav\u00e1dzanie<\/strong> - konzistentn\u00e9 vizu\u00e1ly v r\u00e1mci t\u00edmov a spr\u00e1v\n<\/p>\n\n\n\n<p>Ak na\u0161e vizu\u00e1ly neposkytn\u00fa o\u010dak\u00e1van\u00fa hodnotu, vr\u00e1time v\u00e1m peniaze za n\u00e1kup. <strong>Nechceme va\u0161e peniaze<\/strong> pokia\u013e si ho nezasl\u00fa\u017eime.<\/p>\n\n\n\n<h3 class=\"wp-block-heading\">Ako funguje z\u00e1ruka<\/h3>\n\n\n\n<p>\n1\ufe0f\u20e3 Aktivujte si pln\u00fa licenciu - prostredn\u00edctvom ponuky alebo priameho n\u00e1kupu.<br>\n2\ufe0f\u20e3 Roz\u0161\u00edrte ho na ovl\u00e1dacie panely, preh\u013eady a t\u00edmy - vyu\u017eite ho v praxi.<br>\n3\ufe0f\u20e3 Ak nie ste spokojn\u00ed do 30 dn\u00ed, po\u0161lite n\u00e1m e-mail <strong>vr\u00e1tenie pe\u0148az\u00ed v plnej v\u00fd\u0161ke<\/strong>. <strong>\u017diadne probl\u00e9my. \u017diadne riziko.<\/strong><br>\n4\ufe0f\u20e3 Udr\u017eujte svoju licenciu akt\u00edvnu a <strong>cena zost\u00e1va uzamknut\u00e1<\/strong> - nav\u017edy.\n<\/p>\n\n\n\n<h3 class=\"wp-block-heading\">Zabezpe\u010dte si licenciu a uzamknite si dne\u0161n\u00fa cenu<\/h3>\n\n\n\n<p>\n\ud83d\udc49 <strong>Vy\u017eiadajte si cenov\u00fa ponuku:<\/strong> <a href=\"mailto:info@leaplytics.de\"><strong>info@leaplytics.de<\/strong><\/a><br>\n\ud83d\udc49 <strong>Alebo si licenciu objednajte priamo v obchode<\/strong>\n<\/p>\n\n\n\n<p>Vylep\u0161ite svoje reporty Power BI o jasnej\u0161ie vizu\u00e1lne zobrazenia a r\u00fdchlej\u0161ie poznatky - <strong>bez rizika.<\/strong><\/p>","protected":false},"excerpt":{"rendered":"<p>The LeapLytics Risk-Free &#038; Lifetime Price Lock Guarantee You\u2019ve already had the chance to explore our visuals for free. Now it\u2019s time to unlock full access for your entire organization \u2014 with zero risk. 30-Day Money-Back Guarantee: If LeapLytics doesn\u2019t help your team understand complex data faster and make better decisions within the first 30 &hellip; <\/p>","protected":false},"author":4,"featured_media":0,"parent":0,"menu_order":0,"comment_status":"closed","ping_status":"closed","template":"","meta":{"footnotes":""},"class_list":["post-2215","page","type-page","status-publish","hentry","latest_post"],"yoast_head":"<!-- This site is optimized with the Yoast SEO plugin v25.6 - https:\/\/yoast.com\/wordpress\/plugins\/seo\/ -->\n<title>Guarantee - LeapLytics&#039; Shop<\/title>\n<meta name=\"robots\" content=\"index, follow, max-snippet:-1, max-image-preview:large, max-video-preview:-1\" \/>\n<link rel=\"canonical\" href=\"https:\/\/shop.leaplytics.de\/sk\/zaruka\/\" \/>\n<meta property=\"og:locale\" content=\"sk_SK\" \/>\n<meta property=\"og:type\" content=\"article\" \/>\n<meta property=\"og:title\" content=\"Guarantee - LeapLytics&#039; Shop\" \/>\n<meta property=\"og:description\" content=\"The LeapLytics Risk-Free &#038; Lifetime Price Lock Guarantee You\u2019ve already had the chance to explore our visuals for free. Now it\u2019s time to unlock full access for your entire organization \u2014 with zero risk. 30-Day Money-Back Guarantee: If LeapLytics doesn\u2019t help your team understand complex data faster and make better decisions within the first 30 &hellip;\" \/>\n<meta property=\"og:url\" content=\"https:\/\/shop.leaplytics.de\/sk\/zaruka\/\" \/>\n<meta property=\"og:site_name\" content=\"LeapLytics&#039; Shop\" \/>\n<meta property=\"article:modified_time\" content=\"2026-03-05T19:58:24+00:00\" \/>\n<meta name=\"twitter:card\" content=\"summary_large_image\" \/>\n<meta name=\"twitter:label1\" content=\"Predpokladan\u00fd \u010das \u010d\u00edtania\" \/>\n\t<meta name=\"twitter:data1\" content=\"2 min\u00faty\" \/>\n<script type=\"application\/ld+json\" class=\"yoast-schema-graph\">{\"@context\":\"https:\/\/schema.org\",\"@graph\":[{\"@type\":\"WebPage\",\"@id\":\"https:\/\/shop.leaplytics.de\/guarantee\/\",\"url\":\"https:\/\/shop.leaplytics.de\/guarantee\/\",\"name\":\"Guarantee - LeapLytics&#039; Shop\",\"isPartOf\":{\"@id\":\"https:\/\/shop.leaplytics.de\/pt_br\/#website\"},\"datePublished\":\"2024-12-09T13:55:51+00:00\",\"dateModified\":\"2026-03-05T19:58:24+00:00\",\"breadcrumb\":{\"@id\":\"https:\/\/shop.leaplytics.de\/guarantee\/#breadcrumb\"},\"inLanguage\":\"sk-SK\",\"potentialAction\":[{\"@type\":\"ReadAction\",\"target\":[\"https:\/\/shop.leaplytics.de\/guarantee\/\"]}]},{\"@type\":\"BreadcrumbList\",\"@id\":\"https:\/\/shop.leaplytics.de\/guarantee\/#breadcrumb\",\"itemListElement\":[{\"@type\":\"ListItem\",\"position\":1,\"name\":\"Home\",\"item\":\"https:\/\/shop.leaplytics.de\/\"},{\"@type\":\"ListItem\",\"position\":2,\"name\":\"Guarantee\"}]},{\"@type\":\"WebSite\",\"@id\":\"https:\/\/shop.leaplytics.de\/pt_br\/#website\",\"url\":\"https:\/\/shop.leaplytics.de\/pt_br\/\",\"name\":\"LeapLytics' Shop\",\"description\":\"leap reporting solutions\",\"potentialAction\":[{\"@type\":\"SearchAction\",\"target\":{\"@type\":\"EntryPoint\",\"urlTemplate\":\"https:\/\/shop.leaplytics.de\/pt_br\/?s={search_term_string}\"},\"query-input\":{\"@type\":\"PropertyValueSpecification\",\"valueRequired\":true,\"valueName\":\"search_term_string\"}}],\"inLanguage\":\"sk-SK\"}]}<\/script>\n<!-- \/ Yoast SEO plugin. -->","yoast_head_json":{"title":"Z\u00e1ruka - Obchod spolo\u010dnosti LeapLytics","robots":{"index":"index","follow":"follow","max-snippet":"max-snippet:-1","max-image-preview":"max-image-preview:large","max-video-preview":"max-video-preview:-1"},"canonical":"https:\/\/shop.leaplytics.de\/sk\/zaruka\/","og_locale":"sk_SK","og_type":"article","og_title":"Guarantee - LeapLytics&#039; Shop","og_description":"The LeapLytics Risk-Free &#038; Lifetime Price Lock Guarantee You\u2019ve already had the chance to explore our visuals for free. Now it\u2019s time to unlock full access for your entire organization \u2014 with zero risk. 30-Day Money-Back Guarantee: If LeapLytics doesn\u2019t help your team understand complex data faster and make better decisions within the first 30 &hellip;","og_url":"https:\/\/shop.leaplytics.de\/sk\/zaruka\/","og_site_name":"LeapLytics&#039; Shop","article_modified_time":"2026-03-05T19:58:24+00:00","twitter_card":"summary_large_image","twitter_misc":{"Predpokladan\u00fd \u010das \u010d\u00edtania":"2 min\u00faty"},"schema":{"@context":"https:\/\/schema.org","@graph":[{"@type":"WebPage","@id":"https:\/\/shop.leaplytics.de\/guarantee\/","url":"https:\/\/shop.leaplytics.de\/guarantee\/","name":"Z\u00e1ruka - Obchod spolo\u010dnosti LeapLytics","isPartOf":{"@id":"https:\/\/shop.leaplytics.de\/pt_br\/#website"},"datePublished":"2024-12-09T13:55:51+00:00","dateModified":"2026-03-05T19:58:24+00:00","breadcrumb":{"@id":"https:\/\/shop.leaplytics.de\/guarantee\/#breadcrumb"},"inLanguage":"sk-SK","potentialAction":[{"@type":"ReadAction","target":["https:\/\/shop.leaplytics.de\/guarantee\/"]}]},{"@type":"BreadcrumbList","@id":"https:\/\/shop.leaplytics.de\/guarantee\/#breadcrumb","itemListElement":[{"@type":"ListItem","position":1,"name":"Home","item":"https:\/\/shop.leaplytics.de\/"},{"@type":"ListItem","position":2,"name":"Guarantee"}]},{"@type":"WebSite","@id":"https:\/\/shop.leaplytics.de\/pt_br\/#website","url":"https:\/\/shop.leaplytics.de\/pt_br\/","name":"Obchod spolo\u010dnosti LeapLytics","description":"rie\u0161enia na vykazovanie skokov","potentialAction":[{"@type":"SearchAction","target":{"@type":"EntryPoint","urlTemplate":"https:\/\/shop.leaplytics.de\/pt_br\/?s={search_term_string}"},"query-input":{"@type":"PropertyValueSpecification","valueRequired":true,"valueName":"search_term_string"}}],"inLanguage":"sk-SK"}]}},"_links":{"self":[{"href":"https:\/\/shop.leaplytics.de\/sk\/wp-json\/wp\/v2\/pages\/2215","targetHints":{"allow":["GET"]}}],"collection":[{"href":"https:\/\/shop.leaplytics.de\/sk\/wp-json\/wp\/v2\/pages"}],"about":[{"href":"https:\/\/shop.leaplytics.de\/sk\/wp-json\/wp\/v2\/types\/page"}],"author":[{"embeddable":true,"href":"https:\/\/shop.leaplytics.de\/sk\/wp-json\/wp\/v2\/users\/4"}],"replies":[{"embeddable":true,"href":"https:\/\/shop.leaplytics.de\/sk\/wp-json\/wp\/v2\/comments?post=2215"}],"version-history":[{"count":0,"href":"https:\/\/shop.leaplytics.de\/sk\/wp-json\/wp\/v2\/pages\/2215\/revisions"}],"wp:attachment":[{"href":"https:\/\/shop.leaplytics.de\/sk\/wp-json\/wp\/v2\/media?parent=2215"}],"curies":[{"name":"wp","href":"https:\/\/api.w.org\/{rel}","templated":true}]}}