{"id":266,"date":"2022-06-17T16:52:45","date_gmt":"2022-06-17T16:52:45","guid":{"rendered":"https:\/\/shop.leaplytics.de\/?page_id=266"},"modified":"2025-05-27T12:30:33","modified_gmt":"2025-05-27T12:30:33","slug":"stabilirea-preturilor","status":"publish","type":"page","link":"https:\/\/shop.leaplytics.de\/ro\/stabilirea-preturilor\/","title":{"rendered":"Pre\u021buri"},"content":{"rendered":"<p>La LeapLytics, credem c\u0103 licen\u021bierea ar trebui s\u0103 v\u0103 fac\u0103 via\u021ba <strong>mai u\u0219or<\/strong>, nu mai complicat. Acesta este motivul pentru care am conceput un <strong>model de licen\u021biere simplu \u0219i echitabil<\/strong> pentru imaginile noastre - f\u0103r\u0103 limite pentru utilizatori, f\u0103r\u0103 b\u0103t\u0103i de cap, f\u0103r\u0103 surprize.<\/p>\n\n\n\n<h3 class=\"wp-block-heading\">De ce nu exist\u0103 licen\u021be bazate pe utilizator?<\/h3>\n\n\n\n<p>S\u0103 fim sinceri: licen\u021bele bazate pe utilizator cauzeaz\u0103 adesea mai multe probleme dec\u00e2t rezolv\u0103.<\/p>\n\n\n\n<p>Atunci c\u00e2nd mai multe persoane trebuie s\u0103 vizualizeze un tablou de bord dec\u00e2t exist\u0103 licen\u021be disponibile, frustrarea cre\u0219te rapid. Este \u0219i mai r\u0103u atunci c\u00e2nd este vorba de un factor de decizie cheie care este blocat. Am trecut \u0219i noi prin asta - ca utilizatori de elemente vizuale \u0219i add-on-uri. Este exact ceea ce vrem s\u0103 evit\u0103m.<\/p>\n\n\n\n<p>\u0218i mai sunt \u0219i costurile ascunse: facturi nea\u0219teptate pentru \"utilizatori neautoriza\u021bi\" pe care nimeni nu le-a v\u0103zut venind? Nu \u0219i cu noi.<\/p>\n\n\n\n<h3 class=\"wp-block-heading\">Garan\u021bie sigur\u0103<\/h3>\n\n\n\n<p>\u0218i pentru ca decizia dvs. s\u0103 fie lipsit\u0103 de riscuri: oferim o <strong>Garan\u021bie de rambursare a banilor de 30 de zile<\/strong>.<\/p>\n\n\n\n<p>\u00cen cazul \u00een care materialul vizual nu ofer\u0103 valoarea pe care o a\u0219tepta\u021bi, trebuie doar s\u0103 ne anun\u021ba\u021bi \u00een termen de 30 de zile - vom procesa o rambursare complet\u0103, <strong>f\u0103r\u0103 \u00eentreb\u0103ri<\/strong>.<\/p>\n\n\n\n<h3 class=\"wp-block-heading\">Promisiunea noastr\u0103: F\u0103r\u0103 limite. F\u0103r\u0103 surprize.<\/h3>\n\n\n\n<p>Cu LeapLytics, ob\u021bine\u021bi un <strong>licen\u021b\u0103 la nivel de companie sau exploata\u021bie\/grup<\/strong>. Aceasta \u00eenseamn\u0103:<\/p>\n\n\n\n<p>\u2705 Utilizatori nelimitat<br>\u2705 Tablouri de bord nelimitate<br>\u2705 Vizuale nelimitate<\/p>\n\n\n\n<p>Utiliza\u021bi imaginile noastre oriunde \u0219i oricum ave\u021bi nevoie - <strong>cu zero amprente fine<\/strong>.<\/p>\n\n\n\n<h3 class=\"wp-block-heading\">Pre\u021buri simple, transparente<\/h3>\n\n\n\n<p>C\u0103uta\u021bi economii pe termen lung? Noi v\u0103 acoperim:<\/p>\n\n\n\n<ul class=\"wp-block-list\">\n<li><strong>Licen\u021b\u0103 de 2 ani<\/strong> \u2192 +6 luni gratuit<\/li>\n\n\n\n<li><strong>Licen\u021b\u0103 de 3 ani<\/strong> \u2192 +12 luni gratuite<\/li>\n<\/ul>\n\n\n\n<p>Aceasta este o op\u021biune excelent\u0103 atunci c\u00e2nd \u0219ti\u021bi c\u0103 vizualul se potrive\u0219te nevoilor dvs. \u00een munca de zi cu zi.<\/p>\n\n\n\n<p>\u00cen partea din st\u00e2nga jos a paginii magazinului, pute\u021bi schimba moneda \u00een func\u021bie de preferin\u021bele dvs.<\/p>\n\n\n\n<h3 class=\"wp-block-heading\">Cum s\u0103 v\u0103 ob\u021bine\u021bi licen\u021ba<\/h3>\n\n\n\n<p>Exist\u0103 dou\u0103 modalit\u0103\u021bi simple de a proceda:<\/p>\n\n\n\n<h4 class=\"wp-block-heading\">Op\u021biunea 1: Ofert\u0103 de pre\u021b \u0219i factur\u0103<\/h4>\n\n\n\n<ul class=\"wp-block-list\">\n<li>Contacta\u021bi-ne la <strong><a href=\"mailto:info@leaplytics.de\">info@leaplytics.de<\/a>.<\/strong> V\u0103 vom trimite o ofert\u0103 oficial\u0103.<\/li>\n\n\n\n<li>Odat\u0103 acceptat, ve\u021bi primi cheia de licen\u021b\u0103 \u0219i factura.<\/li>\n\n\n\n<li>Plata se face prin transfer bancar \u00een EUR.<\/li>\n<\/ul>\n\n\n\n<h4 class=\"wp-block-heading\">Op\u021biunea 2: Cump\u0103ra\u021bi online<\/h4>\n\n\n\n<ul class=\"wp-block-list\">\n<li>Comanda\u021bi direct aici \u00een magazinul nostru.<\/li>\n\n\n\n<li>Pl\u0103ti\u021bi cu principalele carduri de credit sau PayPal.<\/li>\n\n\n\n<li>Alege\u021bi moneda preferat\u0103.<\/li>\n<\/ul>\n\n\n\n<h3 class=\"wp-block-heading\">Nu este nevoie de configurare suplimentar\u0103 pentru spectatori<\/h3>\n\n\n\n<p>Membrii echipei dvs. nu trebuie s\u0103 instaleze sau s\u0103 activeze nimic. Odat\u0103 ce un raport cu imaginea este publicat, acesta func\u021bioneaz\u0103 pentru toat\u0103 lumea din organiza\u021bie. Nu este necesar\u0103 nicio configurare separat\u0103.<\/p>","protected":false},"excerpt":{"rendered":"<p>At LeapLytics, we believe that licensing should make your life easier, not more complicated. That\u2019s why we\u2019ve designed a simple, fair licensing model for our visuals \u2013 no user limits, no headaches, no surprises. Why no user-based licensing? Let\u2019s be honest: User-based licensing often causes more problems than it solves. When more people need to &hellip; <\/p>","protected":false},"author":4,"featured_media":0,"parent":0,"menu_order":0,"comment_status":"closed","ping_status":"closed","template":"","meta":{"footnotes":""},"class_list":["post-266","page","type-page","status-publish","hentry","latest_post"],"yoast_head":"<!-- This site is optimized with the Yoast SEO plugin v25.6 - https:\/\/yoast.com\/wordpress\/plugins\/seo\/ -->\n<title>Pricing - LeapLytics&#039; Shop<\/title>\n<meta name=\"robots\" content=\"index, follow, max-snippet:-1, max-image-preview:large, max-video-preview:-1\" \/>\n<link rel=\"canonical\" href=\"https:\/\/shop.leaplytics.de\/ro\/stabilirea-preturilor\/\" \/>\n<meta property=\"og:locale\" content=\"ro_RO\" \/>\n<meta property=\"og:type\" content=\"article\" \/>\n<meta property=\"og:title\" content=\"Pricing - LeapLytics&#039; Shop\" \/>\n<meta property=\"og:description\" content=\"At LeapLytics, we believe that licensing should make your life easier, not more complicated. That\u2019s why we\u2019ve designed a simple, fair licensing model for our visuals \u2013 no user limits, no headaches, no surprises. Why no user-based licensing? Let\u2019s be honest: User-based licensing often causes more problems than it solves. When more people need to &hellip;\" \/>\n<meta property=\"og:url\" content=\"https:\/\/shop.leaplytics.de\/ro\/stabilirea-preturilor\/\" \/>\n<meta property=\"og:site_name\" content=\"LeapLytics&#039; Shop\" \/>\n<meta property=\"article:modified_time\" content=\"2025-05-27T12:30:33+00:00\" \/>\n<meta name=\"twitter:card\" content=\"summary_large_image\" \/>\n<meta name=\"twitter:label1\" content=\"Timp estimat pentru citire\" \/>\n\t<meta name=\"twitter:data1\" content=\"2 minute\" \/>\n<script type=\"application\/ld+json\" class=\"yoast-schema-graph\">{\"@context\":\"https:\/\/schema.org\",\"@graph\":[{\"@type\":\"WebPage\",\"@id\":\"https:\/\/shop.leaplytics.de\/pricing\/\",\"url\":\"https:\/\/shop.leaplytics.de\/pricing\/\",\"name\":\"Pricing - LeapLytics&#039; Shop\",\"isPartOf\":{\"@id\":\"https:\/\/shop.leaplytics.de\/pt_br\/#website\"},\"datePublished\":\"2022-06-17T16:52:45+00:00\",\"dateModified\":\"2025-05-27T12:30:33+00:00\",\"breadcrumb\":{\"@id\":\"https:\/\/shop.leaplytics.de\/pricing\/#breadcrumb\"},\"inLanguage\":\"ro-RO\",\"potentialAction\":[{\"@type\":\"ReadAction\",\"target\":[\"https:\/\/shop.leaplytics.de\/pricing\/\"]}]},{\"@type\":\"BreadcrumbList\",\"@id\":\"https:\/\/shop.leaplytics.de\/pricing\/#breadcrumb\",\"itemListElement\":[{\"@type\":\"ListItem\",\"position\":1,\"name\":\"Home\",\"item\":\"https:\/\/shop.leaplytics.de\/\"},{\"@type\":\"ListItem\",\"position\":2,\"name\":\"Pricing\"}]},{\"@type\":\"WebSite\",\"@id\":\"https:\/\/shop.leaplytics.de\/pt_br\/#website\",\"url\":\"https:\/\/shop.leaplytics.de\/pt_br\/\",\"name\":\"LeapLytics' Shop\",\"description\":\"leap reporting solutions\",\"potentialAction\":[{\"@type\":\"SearchAction\",\"target\":{\"@type\":\"EntryPoint\",\"urlTemplate\":\"https:\/\/shop.leaplytics.de\/pt_br\/?s={search_term_string}\"},\"query-input\":{\"@type\":\"PropertyValueSpecification\",\"valueRequired\":true,\"valueName\":\"search_term_string\"}}],\"inLanguage\":\"ro-RO\"}]}<\/script>\n<!-- \/ Yoast SEO plugin. -->","yoast_head_json":{"title":"Pre\u021buri - Magazinul LeapLytics","robots":{"index":"index","follow":"follow","max-snippet":"max-snippet:-1","max-image-preview":"max-image-preview:large","max-video-preview":"max-video-preview:-1"},"canonical":"https:\/\/shop.leaplytics.de\/ro\/stabilirea-preturilor\/","og_locale":"ro_RO","og_type":"article","og_title":"Pricing - LeapLytics&#039; Shop","og_description":"At LeapLytics, we believe that licensing should make your life easier, not more complicated. That\u2019s why we\u2019ve designed a simple, fair licensing model for our visuals \u2013 no user limits, no headaches, no surprises. Why no user-based licensing? Let\u2019s be honest: User-based licensing often causes more problems than it solves. When more people need to &hellip;","og_url":"https:\/\/shop.leaplytics.de\/ro\/stabilirea-preturilor\/","og_site_name":"LeapLytics&#039; Shop","article_modified_time":"2025-05-27T12:30:33+00:00","twitter_card":"summary_large_image","twitter_misc":{"Timp estimat pentru citire":"2 minute"},"schema":{"@context":"https:\/\/schema.org","@graph":[{"@type":"WebPage","@id":"https:\/\/shop.leaplytics.de\/pricing\/","url":"https:\/\/shop.leaplytics.de\/pricing\/","name":"Pre\u021buri - Magazinul LeapLytics","isPartOf":{"@id":"https:\/\/shop.leaplytics.de\/pt_br\/#website"},"datePublished":"2022-06-17T16:52:45+00:00","dateModified":"2025-05-27T12:30:33+00:00","breadcrumb":{"@id":"https:\/\/shop.leaplytics.de\/pricing\/#breadcrumb"},"inLanguage":"ro-RO","potentialAction":[{"@type":"ReadAction","target":["https:\/\/shop.leaplytics.de\/pricing\/"]}]},{"@type":"BreadcrumbList","@id":"https:\/\/shop.leaplytics.de\/pricing\/#breadcrumb","itemListElement":[{"@type":"ListItem","position":1,"name":"Home","item":"https:\/\/shop.leaplytics.de\/"},{"@type":"ListItem","position":2,"name":"Pricing"}]},{"@type":"WebSite","@id":"https:\/\/shop.leaplytics.de\/pt_br\/#website","url":"https:\/\/shop.leaplytics.de\/pt_br\/","name":"Magazinul LeapLytics","description":"solu\u021bii de raportare leap","potentialAction":[{"@type":"SearchAction","target":{"@type":"EntryPoint","urlTemplate":"https:\/\/shop.leaplytics.de\/pt_br\/?s={search_term_string}"},"query-input":{"@type":"PropertyValueSpecification","valueRequired":true,"valueName":"search_term_string"}}],"inLanguage":"ro-RO"}]}},"_links":{"self":[{"href":"https:\/\/shop.leaplytics.de\/ro\/wp-json\/wp\/v2\/pages\/266","targetHints":{"allow":["GET"]}}],"collection":[{"href":"https:\/\/shop.leaplytics.de\/ro\/wp-json\/wp\/v2\/pages"}],"about":[{"href":"https:\/\/shop.leaplytics.de\/ro\/wp-json\/wp\/v2\/types\/page"}],"author":[{"embeddable":true,"href":"https:\/\/shop.leaplytics.de\/ro\/wp-json\/wp\/v2\/users\/4"}],"replies":[{"embeddable":true,"href":"https:\/\/shop.leaplytics.de\/ro\/wp-json\/wp\/v2\/comments?post=266"}],"version-history":[{"count":0,"href":"https:\/\/shop.leaplytics.de\/ro\/wp-json\/wp\/v2\/pages\/266\/revisions"}],"wp:attachment":[{"href":"https:\/\/shop.leaplytics.de\/ro\/wp-json\/wp\/v2\/media?parent=266"}],"curies":[{"name":"wp","href":"https:\/\/api.w.org\/{rel}","templated":true}]}}