{"id":2215,"date":"2024-12-09T13:55:51","date_gmt":"2024-12-09T13:55:51","guid":{"rendered":"https:\/\/shop.leaplytics.de\/?page_id=2215"},"modified":"2026-03-05T19:58:24","modified_gmt":"2026-03-05T19:58:24","slug":"garantie","status":"publish","type":"page","link":"https:\/\/shop.leaplytics.de\/ro\/garantie\/","title":{"rendered":"Garan\u021bie"},"content":{"rendered":"<h3 class=\"wp-block-heading\">LeapLytics f\u0103r\u0103 risc \u0219i garan\u021bie pe via\u021b\u0103 pentru blocarea pre\u021bului<\/h3>\n\n\n\n<p>A\u021bi avut deja ocazia s\u0103 explora\u021bi vizualurile noastre gratuit. Acum este timpul s\u0103 debloca\u021bi <strong>acces complet pentru \u00eentreaga organiza\u021bie - cu risc zero.<\/strong><\/p>\n\n<p><strong>Garan\u021bie de restituire a banilor \u00een 30 de zile:<\/strong> Dac\u0103 LeapLytics nu v\u0103 ajut\u0103 echipa <strong>\u00een\u021belegerea mai rapid\u0103 a datelor complexe<\/strong> \u0219i s\u0103 fac\u0103 <strong>decizii mai bune<\/strong> \u00een primele 30 de zile, trimite\u021bi-ne un e-mail \u0219i vom emite un <strong>100% restituire<\/strong>. <strong>F\u0103r\u0103 forme. F\u0103r\u0103 fric\u021biuni. F\u0103r\u0103 \u00eentreb\u0103ri.<\/strong><\/p>\n\n<p><strong>Pre\u021b blocat pe via\u021b\u0103:<\/strong> Odat\u0103 ce deveni\u021bi client, pre\u021bul dumneavoastr\u0103 este <strong>blocat \u00een permanen\u021b\u0103<\/strong> - ve\u021bi <strong>nu pl\u0103ti\u021bi niciodat\u0103 mai mult<\/strong>, chiar dac\u0103 pre\u021burile noastre vor cre\u0219te \u00een viitor.<\/p>\n\n<p>Singura ajustare posibil\u0103 poate proveni din <strong>fluctua\u021biile ratei de schimb valutar<\/strong>. Nu ad\u0103ug\u0103m niciodat\u0103 suprataxe sau major\u0103ri - orice ajust\u0103ri legate de moned\u0103 sunt reflectate <strong>\u00een mod transparent \u00een magazinul nostru online<\/strong> \u0219i aplicate exact a\u0219a cum apar.<\/p>\n\n<p><strong>F\u0103r\u0103 taxe ascunse. F\u0103r\u0103 pre\u021buri per utilizator. F\u0103r\u0103 actualiz\u0103ri surpriz\u0103.<\/strong> V\u0103 asigura\u021bi pre\u021bul de ast\u0103zi, beneficiind \u00een acela\u0219i timp de toate \u00eembun\u0103t\u0103\u021birile viitoare.<\/p>\n\n\n\n<h3 class=\"wp-block-heading\">De ce aleg echipele LeapLytics<\/h3>\n\n\n\n<p>\n\u2705 <strong>Vizualiz\u0103ri Power BI exclusive, de \u00eenalt\u0103 performan\u021b\u0103<\/strong> nu ve\u021bi g\u0103si nic\u0103ieri altundeva<br>\n\u2705 <strong>Utilizatori, tablouri de bord \u0219i rapoarte nelimitate<\/strong> - f\u0103r\u0103 pre\u021buri per utilizator<br>\n\u2705 <strong>Conceput pentru un proces decizional mai rapid<\/strong> - informa\u021bii mai clare cu mai pu\u021bine clicuri<br>\n\u2705 <strong>Implementare instantanee<\/strong> - publica\u021bi o singur\u0103 dat\u0103 \u0219i func\u021bioneaz\u0103 pentru \u00eentreaga organiza\u021bie<br>\n\u2705 <strong>Conceput pentru lans\u0103ri scalabile<\/strong> - imagini coerente \u00een toate echipele \u0219i rapoartele\n<\/p>\n\n\n\n<p>Dac\u0103 materialele noastre vizuale nu ofer\u0103 valoarea la care v\u0103 a\u0219tepta\u021bi, v\u0103 vom rambursa achizi\u021bia. <strong>Nu v\u0103 vrem banii<\/strong> dec\u00e2t dac\u0103 o merit\u0103m.<\/p>\n\n\n\n<h3 class=\"wp-block-heading\">Cum func\u021bioneaz\u0103 garan\u021bia<\/h3>\n\n\n\n<p>\n1\ufe0f\u20e3 Activa\u021bi licen\u021ba complet\u0103 - prin ofert\u0103 sau achizi\u021bie direct\u0103.<br>\n2\ufe0f\u20e3 Implementa\u021bi-o \u00een tablouri de bord, rapoarte \u0219i echipe - pune\u021bi-o la treab\u0103.<br>\n3\ufe0f\u20e3 Dac\u0103 nu sunte\u021bi mul\u021bumit \u00een termen de 30 de zile, trimite\u021bi-ne un e-mail pentru o <strong>rambursare integral\u0103<\/strong>. <strong>F\u0103r\u0103 complica\u021bii. F\u0103r\u0103 riscuri.<\/strong><br>\n4\ufe0f\u20e3 P\u0103stra\u021bi-v\u0103 licen\u021ba activ\u0103 \u0219i <strong>pre\u021bul r\u0103m\u00e2ne blocat<\/strong> - pentru totdeauna.\n<\/p>\n\n\n\n<h3 class=\"wp-block-heading\">Asigura\u021bi-v\u0103 licen\u021ba \u0219i fixa\u021bi pre\u021bul de ast\u0103zi<\/h3>\n\n\n\n<p>\n\ud83d\udc49 <strong>Solicita\u021bi o ofert\u0103:<\/strong> <a href=\"mailto:info@leaplytics.de\"><strong>info@leaplytics.de<\/strong><\/a><br>\n\ud83d\udc49 <strong>Sau comanda\u021bi licen\u021ba dvs. direct \u00een magazin<\/strong>\n<\/p>\n\n\n\n<p>Actualiza\u021bi-v\u0103 rapoartele Power BI cu imagini mai clare \u0219i informa\u021bii mai rapide - <strong>f\u0103r\u0103 riscuri.<\/strong><\/p>","protected":false},"excerpt":{"rendered":"<p>The LeapLytics Risk-Free &#038; Lifetime Price Lock Guarantee You\u2019ve already had the chance to explore our visuals for free. Now it\u2019s time to unlock full access for your entire organization \u2014 with zero risk. 30-Day Money-Back Guarantee: If LeapLytics doesn\u2019t help your team understand complex data faster and make better decisions within the first 30 &hellip; <\/p>","protected":false},"author":4,"featured_media":0,"parent":0,"menu_order":0,"comment_status":"closed","ping_status":"closed","template":"","meta":{"footnotes":""},"class_list":["post-2215","page","type-page","status-publish","hentry","latest_post"],"yoast_head":"<!-- This site is optimized with the Yoast SEO plugin v25.6 - https:\/\/yoast.com\/wordpress\/plugins\/seo\/ -->\n<title>Guarantee - LeapLytics&#039; Shop<\/title>\n<meta name=\"robots\" content=\"index, follow, max-snippet:-1, max-image-preview:large, max-video-preview:-1\" \/>\n<link rel=\"canonical\" href=\"https:\/\/shop.leaplytics.de\/ro\/garantie\/\" \/>\n<meta property=\"og:locale\" content=\"ro_RO\" \/>\n<meta property=\"og:type\" content=\"article\" \/>\n<meta property=\"og:title\" content=\"Guarantee - LeapLytics&#039; Shop\" \/>\n<meta property=\"og:description\" content=\"The LeapLytics Risk-Free &#038; Lifetime Price Lock Guarantee You\u2019ve already had the chance to explore our visuals for free. Now it\u2019s time to unlock full access for your entire organization \u2014 with zero risk. 30-Day Money-Back Guarantee: If LeapLytics doesn\u2019t help your team understand complex data faster and make better decisions within the first 30 &hellip;\" \/>\n<meta property=\"og:url\" content=\"https:\/\/shop.leaplytics.de\/ro\/garantie\/\" \/>\n<meta property=\"og:site_name\" content=\"LeapLytics&#039; Shop\" \/>\n<meta property=\"article:modified_time\" content=\"2026-03-05T19:58:24+00:00\" \/>\n<meta name=\"twitter:card\" content=\"summary_large_image\" \/>\n<meta name=\"twitter:label1\" content=\"Timp estimat pentru citire\" \/>\n\t<meta name=\"twitter:data1\" content=\"2 minute\" \/>\n<script type=\"application\/ld+json\" class=\"yoast-schema-graph\">{\"@context\":\"https:\/\/schema.org\",\"@graph\":[{\"@type\":\"WebPage\",\"@id\":\"https:\/\/shop.leaplytics.de\/guarantee\/\",\"url\":\"https:\/\/shop.leaplytics.de\/guarantee\/\",\"name\":\"Guarantee - LeapLytics&#039; Shop\",\"isPartOf\":{\"@id\":\"https:\/\/shop.leaplytics.de\/pt_br\/#website\"},\"datePublished\":\"2024-12-09T13:55:51+00:00\",\"dateModified\":\"2026-03-05T19:58:24+00:00\",\"breadcrumb\":{\"@id\":\"https:\/\/shop.leaplytics.de\/guarantee\/#breadcrumb\"},\"inLanguage\":\"ro-RO\",\"potentialAction\":[{\"@type\":\"ReadAction\",\"target\":[\"https:\/\/shop.leaplytics.de\/guarantee\/\"]}]},{\"@type\":\"BreadcrumbList\",\"@id\":\"https:\/\/shop.leaplytics.de\/guarantee\/#breadcrumb\",\"itemListElement\":[{\"@type\":\"ListItem\",\"position\":1,\"name\":\"Home\",\"item\":\"https:\/\/shop.leaplytics.de\/\"},{\"@type\":\"ListItem\",\"position\":2,\"name\":\"Guarantee\"}]},{\"@type\":\"WebSite\",\"@id\":\"https:\/\/shop.leaplytics.de\/pt_br\/#website\",\"url\":\"https:\/\/shop.leaplytics.de\/pt_br\/\",\"name\":\"LeapLytics' Shop\",\"description\":\"leap reporting solutions\",\"potentialAction\":[{\"@type\":\"SearchAction\",\"target\":{\"@type\":\"EntryPoint\",\"urlTemplate\":\"https:\/\/shop.leaplytics.de\/pt_br\/?s={search_term_string}\"},\"query-input\":{\"@type\":\"PropertyValueSpecification\",\"valueRequired\":true,\"valueName\":\"search_term_string\"}}],\"inLanguage\":\"ro-RO\"}]}<\/script>\n<!-- \/ Yoast SEO plugin. -->","yoast_head_json":{"title":"Garan\u021bie - Magazinul LeapLytics","robots":{"index":"index","follow":"follow","max-snippet":"max-snippet:-1","max-image-preview":"max-image-preview:large","max-video-preview":"max-video-preview:-1"},"canonical":"https:\/\/shop.leaplytics.de\/ro\/garantie\/","og_locale":"ro_RO","og_type":"article","og_title":"Guarantee - LeapLytics&#039; Shop","og_description":"The LeapLytics Risk-Free &#038; Lifetime Price Lock Guarantee You\u2019ve already had the chance to explore our visuals for free. Now it\u2019s time to unlock full access for your entire organization \u2014 with zero risk. 30-Day Money-Back Guarantee: If LeapLytics doesn\u2019t help your team understand complex data faster and make better decisions within the first 30 &hellip;","og_url":"https:\/\/shop.leaplytics.de\/ro\/garantie\/","og_site_name":"LeapLytics&#039; Shop","article_modified_time":"2026-03-05T19:58:24+00:00","twitter_card":"summary_large_image","twitter_misc":{"Timp estimat pentru citire":"2 minute"},"schema":{"@context":"https:\/\/schema.org","@graph":[{"@type":"WebPage","@id":"https:\/\/shop.leaplytics.de\/guarantee\/","url":"https:\/\/shop.leaplytics.de\/guarantee\/","name":"Garan\u021bie - Magazinul LeapLytics","isPartOf":{"@id":"https:\/\/shop.leaplytics.de\/pt_br\/#website"},"datePublished":"2024-12-09T13:55:51+00:00","dateModified":"2026-03-05T19:58:24+00:00","breadcrumb":{"@id":"https:\/\/shop.leaplytics.de\/guarantee\/#breadcrumb"},"inLanguage":"ro-RO","potentialAction":[{"@type":"ReadAction","target":["https:\/\/shop.leaplytics.de\/guarantee\/"]}]},{"@type":"BreadcrumbList","@id":"https:\/\/shop.leaplytics.de\/guarantee\/#breadcrumb","itemListElement":[{"@type":"ListItem","position":1,"name":"Home","item":"https:\/\/shop.leaplytics.de\/"},{"@type":"ListItem","position":2,"name":"Guarantee"}]},{"@type":"WebSite","@id":"https:\/\/shop.leaplytics.de\/pt_br\/#website","url":"https:\/\/shop.leaplytics.de\/pt_br\/","name":"Magazinul LeapLytics","description":"solu\u021bii de raportare leap","potentialAction":[{"@type":"SearchAction","target":{"@type":"EntryPoint","urlTemplate":"https:\/\/shop.leaplytics.de\/pt_br\/?s={search_term_string}"},"query-input":{"@type":"PropertyValueSpecification","valueRequired":true,"valueName":"search_term_string"}}],"inLanguage":"ro-RO"}]}},"_links":{"self":[{"href":"https:\/\/shop.leaplytics.de\/ro\/wp-json\/wp\/v2\/pages\/2215","targetHints":{"allow":["GET"]}}],"collection":[{"href":"https:\/\/shop.leaplytics.de\/ro\/wp-json\/wp\/v2\/pages"}],"about":[{"href":"https:\/\/shop.leaplytics.de\/ro\/wp-json\/wp\/v2\/types\/page"}],"author":[{"embeddable":true,"href":"https:\/\/shop.leaplytics.de\/ro\/wp-json\/wp\/v2\/users\/4"}],"replies":[{"embeddable":true,"href":"https:\/\/shop.leaplytics.de\/ro\/wp-json\/wp\/v2\/comments?post=2215"}],"version-history":[{"count":0,"href":"https:\/\/shop.leaplytics.de\/ro\/wp-json\/wp\/v2\/pages\/2215\/revisions"}],"wp:attachment":[{"href":"https:\/\/shop.leaplytics.de\/ro\/wp-json\/wp\/v2\/media?parent=2215"}],"curies":[{"name":"wp","href":"https:\/\/api.w.org\/{rel}","templated":true}]}}