{"id":2345,"date":"2025-07-31T08:52:28","date_gmt":"2025-07-31T08:52:28","guid":{"rendered":"https:\/\/shop.leaplytics.de\/?post_type=product&#038;p=2345"},"modified":"2026-03-05T20:01:09","modified_gmt":"2026-03-05T20:01:09","slug":"grafico-de-gantt","status":"publish","type":"product","link":"https:\/\/shop.leaplytics.de\/pt_br\/product\/grafico-de-gantt\/","title":{"rendered":"Gr\u00e1fico de Gantt"},"content":{"rendered":"<p>Gr\u00e1fico de Gantt<\/p>","protected":false},"excerpt":{"rendered":"<p>Gerencie e acompanhe seus riscos ao longo do tempo com nosso gr\u00e1fico de Gantt para o Power BI. Esse visual permite que voc\u00ea represente cronogramas de projetos, marcos e dura\u00e7\u00f5es de riscos em um formato de linha do tempo claro e estruturado. Perfeito para integrar o gerenciamento de riscos ao planejamento do seu projeto.<\/p>\n<p><strong>Descri\u00e7\u00e3o:<\/strong><\/p>\n<ul>\n<li>Licen\u00e7a anual ou plurianual dispon\u00edvel<\/li>\n<li>Use a licen\u00e7a para uma \u00fanica empresa (pessoa jur\u00eddica) ou em um grupo\/holding (v\u00e1rias pessoas jur\u00eddicas)<\/li>\n<li><u><a href=\"https:\/\/shop.leaplytics.de\/pt_br\/garantia\/\">Garantia de 30 dias sem riscos + Bloqueio de pre\u00e7o vital\u00edcio<\/a><\/u><\/li>\n<li>O c\u00f3digo de licen\u00e7a ser\u00e1 enviado para seu e-mail em at\u00e9 24 horas ap\u00f3s a compra<\/li>\n<li>\n    Para uso comercial em ambientes voltados para o cliente, entre em contato conosco em<br \/>\n    <u><a href=\"mailto:info@leaplytics.de\">info@leaplytics.de<\/a><\/u>\n  <\/li>\n<\/ul>\n<p>Procurando um neg\u00f3cio ainda melhor? Entre em contato conosco em <a href=\"mailto:info@leaplytics.de\">info@leaplytics.de<\/a> e ganhe um desconto extra exclusivo!<\/p>","protected":false},"featured_media":2347,"template":"","meta":[],"product_brand":[],"product_cat":[19],"product_tag":[],"class_list":{"0":"post-2345","1":"product","2":"type-product","3":"status-publish","4":"has-post-thumbnail","6":"product_cat-bi-visual","7":"latest_post","9":"first","10":"instock","11":"taxable","12":"shipping-taxable","13":"purchasable","14":"product-type-variable"},"yoast_head":"<!-- This site is optimized with the Yoast SEO plugin v25.6 - https:\/\/yoast.com\/wordpress\/plugins\/seo\/ -->\n<title>Gantt Chart - LeapLytics&#039; Shop<\/title>\n<meta name=\"robots\" content=\"index, follow, max-snippet:-1, max-image-preview:large, max-video-preview:-1\" \/>\n<link rel=\"canonical\" href=\"https:\/\/shop.leaplytics.de\/pt_br\/product\/grafico-de-gantt\/\" \/>\n<meta property=\"og:locale\" content=\"pt_BR\" \/>\n<meta property=\"og:type\" content=\"article\" \/>\n<meta property=\"og:title\" content=\"Gantt Chart - LeapLytics&#039; Shop\" \/>\n<meta property=\"og:description\" content=\"Manage and track your risks over time with our Gantt Chart visual for Power BI. This visual lets you represent project timelines, milestones, and risk durations in a clear and structured timeline format. Perfect for integrating risk management into your project planning.  Description:   Annual or multi-year license available  Use the license for a single company (legal entity) or across a group\/holding (multiple legal entities)  30-Day Risk-Free Guarantee + Lifetime Price Lock  License code will be sent to your email within 24 hours of purchase     For commercial use in customer-facing environments, please contact us at    info@leaplytics.de     Looking for an even better deal? Contact us at info@leaplytics.de and get an exclusive extra discount!\" \/>\n<meta property=\"og:url\" content=\"https:\/\/shop.leaplytics.de\/pt_br\/product\/grafico-de-gantt\/\" \/>\n<meta property=\"og:site_name\" content=\"LeapLytics&#039; Shop\" \/>\n<meta property=\"article:modified_time\" content=\"2026-03-05T20:01:09+00:00\" \/>\n<meta property=\"og:image\" content=\"https:\/\/shop.leaplytics.de\/wp-content\/uploads\/2025\/07\/apps.35839.64dfaa4f-9ef5-41ac-922f-dd5c8ab6025b.263c167d-6e75-4b36-889b-7b60492b3da7.png\" \/>\n\t<meta property=\"og:image:width\" content=\"300\" \/>\n\t<meta property=\"og:image:height\" content=\"300\" \/>\n\t<meta property=\"og:image:type\" content=\"image\/png\" \/>\n<meta name=\"twitter:card\" content=\"summary_large_image\" \/>\n<meta name=\"twitter:label1\" content=\"Est. tempo de leitura\" \/>\n\t<meta name=\"twitter:data1\" content=\"1 minuto\" \/>\n<script type=\"application\/ld+json\" class=\"yoast-schema-graph\">{\"@context\":\"https:\/\/schema.org\",\"@graph\":[{\"@type\":\"WebPage\",\"@id\":\"https:\/\/shop.leaplytics.de\/product\/gantt-chart\/\",\"url\":\"https:\/\/shop.leaplytics.de\/product\/gantt-chart\/\",\"name\":\"Gantt Chart - LeapLytics&#039; Shop\",\"isPartOf\":{\"@id\":\"https:\/\/shop.leaplytics.de\/pt_br\/#website\"},\"primaryImageOfPage\":{\"@id\":\"https:\/\/shop.leaplytics.de\/product\/gantt-chart\/#primaryimage\"},\"image\":{\"@id\":\"https:\/\/shop.leaplytics.de\/product\/gantt-chart\/#primaryimage\"},\"thumbnailUrl\":\"https:\/\/shop.leaplytics.de\/wp-content\/uploads\/2025\/07\/apps.35839.64dfaa4f-9ef5-41ac-922f-dd5c8ab6025b.263c167d-6e75-4b36-889b-7b60492b3da7.png\",\"datePublished\":\"2025-07-31T08:52:28+00:00\",\"dateModified\":\"2026-03-05T20:01:09+00:00\",\"breadcrumb\":{\"@id\":\"https:\/\/shop.leaplytics.de\/product\/gantt-chart\/#breadcrumb\"},\"inLanguage\":\"pt-BR\",\"potentialAction\":[{\"@type\":\"ReadAction\",\"target\":[\"https:\/\/shop.leaplytics.de\/product\/gantt-chart\/\"]}]},{\"@type\":\"ImageObject\",\"inLanguage\":\"pt-BR\",\"@id\":\"https:\/\/shop.leaplytics.de\/product\/gantt-chart\/#primaryimage\",\"url\":\"https:\/\/shop.leaplytics.de\/wp-content\/uploads\/2025\/07\/apps.35839.64dfaa4f-9ef5-41ac-922f-dd5c8ab6025b.263c167d-6e75-4b36-889b-7b60492b3da7.png\",\"contentUrl\":\"https:\/\/shop.leaplytics.de\/wp-content\/uploads\/2025\/07\/apps.35839.64dfaa4f-9ef5-41ac-922f-dd5c8ab6025b.263c167d-6e75-4b36-889b-7b60492b3da7.png\",\"width\":300,\"height\":300},{\"@type\":\"BreadcrumbList\",\"@id\":\"https:\/\/shop.leaplytics.de\/product\/gantt-chart\/#breadcrumb\",\"itemListElement\":[{\"@type\":\"ListItem\",\"position\":1,\"name\":\"Home\",\"item\":\"https:\/\/shop.leaplytics.de\/\"},{\"@type\":\"ListItem\",\"position\":2,\"name\":\"Shop\",\"item\":\"https:\/\/shop.leaplytics.de\/\"},{\"@type\":\"ListItem\",\"position\":3,\"name\":\"Gantt Chart\"}]},{\"@type\":\"WebSite\",\"@id\":\"https:\/\/shop.leaplytics.de\/pt_br\/#website\",\"url\":\"https:\/\/shop.leaplytics.de\/pt_br\/\",\"name\":\"LeapLytics' Shop\",\"description\":\"leap reporting solutions\",\"potentialAction\":[{\"@type\":\"SearchAction\",\"target\":{\"@type\":\"EntryPoint\",\"urlTemplate\":\"https:\/\/shop.leaplytics.de\/pt_br\/?s={search_term_string}\"},\"query-input\":{\"@type\":\"PropertyValueSpecification\",\"valueRequired\":true,\"valueName\":\"search_term_string\"}}],\"inLanguage\":\"pt-BR\"}]}<\/script>\n<!-- \/ Yoast SEO plugin. -->","yoast_head_json":{"title":"Gr\u00e1fico de Gantt - LeapLytics' Shop","robots":{"index":"index","follow":"follow","max-snippet":"max-snippet:-1","max-image-preview":"max-image-preview:large","max-video-preview":"max-video-preview:-1"},"canonical":"https:\/\/shop.leaplytics.de\/pt_br\/product\/grafico-de-gantt\/","og_locale":"pt_BR","og_type":"article","og_title":"Gantt Chart - LeapLytics&#039; Shop","og_description":"Manage and track your risks over time with our Gantt Chart visual for Power BI. This visual lets you represent project timelines, milestones, and risk durations in a clear and structured timeline format. Perfect for integrating risk management into your project planning.  Description:   Annual or multi-year license available  Use the license for a single company (legal entity) or across a group\/holding (multiple legal entities)  30-Day Risk-Free Guarantee + Lifetime Price Lock  License code will be sent to your email within 24 hours of purchase     For commercial use in customer-facing environments, please contact us at    info@leaplytics.de     Looking for an even better deal? Contact us at info@leaplytics.de and get an exclusive extra discount!","og_url":"https:\/\/shop.leaplytics.de\/pt_br\/product\/grafico-de-gantt\/","og_site_name":"LeapLytics&#039; Shop","article_modified_time":"2026-03-05T20:01:09+00:00","og_image":[{"width":300,"height":300,"url":"https:\/\/shop.leaplytics.de\/wp-content\/uploads\/2025\/07\/apps.35839.64dfaa4f-9ef5-41ac-922f-dd5c8ab6025b.263c167d-6e75-4b36-889b-7b60492b3da7.png","type":"image\/png"}],"twitter_card":"summary_large_image","twitter_misc":{"Est. tempo de leitura":"1 minuto"},"schema":{"@context":"https:\/\/schema.org","@graph":[{"@type":"WebPage","@id":"https:\/\/shop.leaplytics.de\/product\/gantt-chart\/","url":"https:\/\/shop.leaplytics.de\/product\/gantt-chart\/","name":"Gr\u00e1fico de Gantt - LeapLytics' Shop","isPartOf":{"@id":"https:\/\/shop.leaplytics.de\/pt_br\/#website"},"primaryImageOfPage":{"@id":"https:\/\/shop.leaplytics.de\/product\/gantt-chart\/#primaryimage"},"image":{"@id":"https:\/\/shop.leaplytics.de\/product\/gantt-chart\/#primaryimage"},"thumbnailUrl":"https:\/\/shop.leaplytics.de\/wp-content\/uploads\/2025\/07\/apps.35839.64dfaa4f-9ef5-41ac-922f-dd5c8ab6025b.263c167d-6e75-4b36-889b-7b60492b3da7.png","datePublished":"2025-07-31T08:52:28+00:00","dateModified":"2026-03-05T20:01:09+00:00","breadcrumb":{"@id":"https:\/\/shop.leaplytics.de\/product\/gantt-chart\/#breadcrumb"},"inLanguage":"pt-BR","potentialAction":[{"@type":"ReadAction","target":["https:\/\/shop.leaplytics.de\/product\/gantt-chart\/"]}]},{"@type":"ImageObject","inLanguage":"pt-BR","@id":"https:\/\/shop.leaplytics.de\/product\/gantt-chart\/#primaryimage","url":"https:\/\/shop.leaplytics.de\/wp-content\/uploads\/2025\/07\/apps.35839.64dfaa4f-9ef5-41ac-922f-dd5c8ab6025b.263c167d-6e75-4b36-889b-7b60492b3da7.png","contentUrl":"https:\/\/shop.leaplytics.de\/wp-content\/uploads\/2025\/07\/apps.35839.64dfaa4f-9ef5-41ac-922f-dd5c8ab6025b.263c167d-6e75-4b36-889b-7b60492b3da7.png","width":300,"height":300},{"@type":"BreadcrumbList","@id":"https:\/\/shop.leaplytics.de\/product\/gantt-chart\/#breadcrumb","itemListElement":[{"@type":"ListItem","position":1,"name":"Home","item":"https:\/\/shop.leaplytics.de\/"},{"@type":"ListItem","position":2,"name":"Shop","item":"https:\/\/shop.leaplytics.de\/"},{"@type":"ListItem","position":3,"name":"Gantt Chart"}]},{"@type":"WebSite","@id":"https:\/\/shop.leaplytics.de\/pt_br\/#website","url":"https:\/\/shop.leaplytics.de\/pt_br\/","name":"Loja da LeapLytics","description":"solu\u00e7\u00f5es de relat\u00f3rios de salto","potentialAction":[{"@type":"SearchAction","target":{"@type":"EntryPoint","urlTemplate":"https:\/\/shop.leaplytics.de\/pt_br\/?s={search_term_string}"},"query-input":{"@type":"PropertyValueSpecification","valueRequired":true,"valueName":"search_term_string"}}],"inLanguage":"pt-BR"}]}},"_links":{"self":[{"href":"https:\/\/shop.leaplytics.de\/pt_br\/wp-json\/wp\/v2\/product\/2345","targetHints":{"allow":["GET"]}}],"collection":[{"href":"https:\/\/shop.leaplytics.de\/pt_br\/wp-json\/wp\/v2\/product"}],"about":[{"href":"https:\/\/shop.leaplytics.de\/pt_br\/wp-json\/wp\/v2\/types\/product"}],"wp:featuredmedia":[{"embeddable":true,"href":"https:\/\/shop.leaplytics.de\/pt_br\/wp-json\/wp\/v2\/media\/2347"}],"wp:attachment":[{"href":"https:\/\/shop.leaplytics.de\/pt_br\/wp-json\/wp\/v2\/media?parent=2345"}],"wp:term":[{"taxonomy":"product_brand","embeddable":true,"href":"https:\/\/shop.leaplytics.de\/pt_br\/wp-json\/wp\/v2\/product_brand?post=2345"},{"taxonomy":"product_cat","embeddable":true,"href":"https:\/\/shop.leaplytics.de\/pt_br\/wp-json\/wp\/v2\/product_cat?post=2345"},{"taxonomy":"product_tag","embeddable":true,"href":"https:\/\/shop.leaplytics.de\/pt_br\/wp-json\/wp\/v2\/product_tag?post=2345"}],"curies":[{"name":"wp","href":"https:\/\/api.w.org\/{rel}","templated":true}]}}