{"id":2215,"date":"2024-12-09T13:55:51","date_gmt":"2024-12-09T13:55:51","guid":{"rendered":"https:\/\/shop.leaplytics.de\/?page_id=2215"},"modified":"2026-03-05T19:58:24","modified_gmt":"2026-03-05T19:58:24","slug":"garantia","status":"publish","type":"page","link":"https:\/\/shop.leaplytics.de\/pt_br\/garantia\/","title":{"rendered":"Garantia"},"content":{"rendered":"<h3 class=\"wp-block-heading\">O LeapLytics sem riscos e com garantia vital\u00edcia de pre\u00e7o fixo<\/h3>\n\n\n\n<p>Voc\u00ea j\u00e1 teve a chance de explorar nossos recursos visuais gratuitamente. Agora \u00e9 hora de desbloquear <strong>acesso total para toda a sua organiza\u00e7\u00e3o, com risco zero.<\/strong><\/p>\n\n<p><strong>Garantia de 30 dias de devolu\u00e7\u00e3o do dinheiro:<\/strong> Se o LeapLytics n\u00e3o ajudar sua equipe <strong>compreender dados complexos com mais rapidez<\/strong> e fazer <strong>melhores decis\u00f5es<\/strong> nos primeiros 30 dias, basta nos enviar um e-mail e emitiremos uma <strong>Reembolso 100%<\/strong>. <strong>Sem formas. Sem atrito. Sem perguntas.<\/strong><\/p>\n\n<p><strong>Bloqueio de pre\u00e7o vital\u00edcio:<\/strong> Quando voc\u00ea se torna um cliente, seu pre\u00e7o \u00e9 <strong>bloqueado permanentemente<\/strong> - voc\u00ea ir\u00e1 <strong>nunca pagar mais<\/strong>mesmo que nossos pre\u00e7os aumentem no futuro.<\/p>\n\n<p>O \u00fanico ajuste poss\u00edvel pode vir de <strong>flutua\u00e7\u00f5es da taxa de c\u00e2mbio<\/strong>. Nunca adicionamos sobretaxas ou markups - quaisquer ajustes relacionados \u00e0 moeda s\u00e3o refletidos <strong>de forma transparente em nossa loja on-line<\/strong> e aplicadas exatamente como ocorrem.<\/p>\n\n<p><strong>Sem taxas ocultas. Sem pre\u00e7os por usu\u00e1rio. Sem upgrades surpresa.<\/strong> Voc\u00ea garante o pre\u00e7o de hoje e se beneficia de todas as melhorias futuras.<\/p>\n\n\n\n<h3 class=\"wp-block-heading\">Por que as equipes escolhem o LeapLytics<\/h3>\n\n\n\n<p>\n\u2705 <strong>Visuais exclusivos e de alto desempenho do Power BI<\/strong> que voc\u00ea n\u00e3o encontrar\u00e1 em nenhum outro lugar<br>\n\u2705 <strong>Usu\u00e1rios, pain\u00e9is e relat\u00f3rios ilimitados<\/strong> - sem pre\u00e7os por usu\u00e1rio<br>\n\u2705 <strong>Criado para agilizar a tomada de decis\u00f5es<\/strong> - percep\u00e7\u00f5es mais claras com menos cliques<br>\n\u2705 <strong>Implementa\u00e7\u00e3o instant\u00e2nea<\/strong> - publique uma vez e ele funcionar\u00e1 para toda a sua organiza\u00e7\u00e3o<br>\n\u2705 <strong>Feito para implementa\u00e7\u00f5es escalon\u00e1veis<\/strong> - visuais consistentes entre equipes e relat\u00f3rios\n<\/p>\n\n\n\n<p>Se nossos recursos visuais n\u00e3o fornecerem o valor que voc\u00ea espera, reembolsaremos sua compra. <strong>N\u00e3o queremos seu dinheiro<\/strong> a menos que a mere\u00e7amos.<\/p>\n\n\n\n<h3 class=\"wp-block-heading\">Como funciona a garantia<\/h3>\n\n\n\n<p>\n1\ufe0f\u20e3 Ative sua licen\u00e7a completa - por meio de cota\u00e7\u00e3o ou compra direta.<br>\n2\ufe0f\u20e3 Implemente-o em pain\u00e9is, relat\u00f3rios e equipes - coloque-o para trabalhar de verdade.<br>\n3\ufe0f\u20e3 Se n\u00e3o ficar satisfeito em 30 dias, envie-nos um e-mail para solicitar uma <strong>reembolso total<\/strong>. <strong>Sem inc\u00f4modo. Sem riscos.<\/strong><br>\n4\ufe0f\u20e3 Mantenha sua licen\u00e7a ativa e sua <strong>o pre\u00e7o permanece bloqueado<\/strong> - para sempre.\n<\/p>\n\n\n\n<h3 class=\"wp-block-heading\">Garanta sua licen\u00e7a e garanta o pre\u00e7o de hoje<\/h3>\n\n\n\n<p>\n\ud83d\udc49 <strong>Solicite uma cota\u00e7\u00e3o:<\/strong> <a href=\"mailto:info@leaplytics.de\"><strong>info@leaplytics.de<\/strong><\/a><br>\n\ud83d\udc49 <strong>Ou solicite sua licen\u00e7a diretamente na loja<\/strong>\n<\/p>\n\n\n\n<p>Atualize seus relat\u00f3rios do Power BI com visuais mais claros e percep\u00e7\u00f5es mais r\u00e1pidas - <strong>sem o risco.<\/strong><\/p>","protected":false},"excerpt":{"rendered":"<p>The LeapLytics Risk-Free &#038; Lifetime Price Lock Guarantee You\u2019ve already had the chance to explore our visuals for free. Now it\u2019s time to unlock full access for your entire organization \u2014 with zero risk. 30-Day Money-Back Guarantee: If LeapLytics doesn\u2019t help your team understand complex data faster and make better decisions within the first 30 &hellip; <\/p>","protected":false},"author":4,"featured_media":0,"parent":0,"menu_order":0,"comment_status":"closed","ping_status":"closed","template":"","meta":{"footnotes":""},"class_list":["post-2215","page","type-page","status-publish","hentry","latest_post"],"yoast_head":"<!-- This site is optimized with the Yoast SEO plugin v25.6 - https:\/\/yoast.com\/wordpress\/plugins\/seo\/ -->\n<title>Guarantee - LeapLytics&#039; Shop<\/title>\n<meta name=\"robots\" content=\"index, follow, max-snippet:-1, max-image-preview:large, max-video-preview:-1\" \/>\n<link rel=\"canonical\" href=\"https:\/\/shop.leaplytics.de\/pt_br\/garantia\/\" \/>\n<meta property=\"og:locale\" content=\"pt_BR\" \/>\n<meta property=\"og:type\" content=\"article\" \/>\n<meta property=\"og:title\" content=\"Guarantee - LeapLytics&#039; Shop\" \/>\n<meta property=\"og:description\" content=\"The LeapLytics Risk-Free &#038; Lifetime Price Lock Guarantee You\u2019ve already had the chance to explore our visuals for free. Now it\u2019s time to unlock full access for your entire organization \u2014 with zero risk. 30-Day Money-Back Guarantee: If LeapLytics doesn\u2019t help your team understand complex data faster and make better decisions within the first 30 &hellip;\" \/>\n<meta property=\"og:url\" content=\"https:\/\/shop.leaplytics.de\/pt_br\/garantia\/\" \/>\n<meta property=\"og:site_name\" content=\"LeapLytics&#039; Shop\" \/>\n<meta property=\"article:modified_time\" content=\"2026-03-05T19:58:24+00:00\" \/>\n<meta name=\"twitter:card\" content=\"summary_large_image\" \/>\n<meta name=\"twitter:label1\" content=\"Est. tempo de leitura\" \/>\n\t<meta name=\"twitter:data1\" content=\"2 minutos\" \/>\n<script type=\"application\/ld+json\" class=\"yoast-schema-graph\">{\"@context\":\"https:\/\/schema.org\",\"@graph\":[{\"@type\":\"WebPage\",\"@id\":\"https:\/\/shop.leaplytics.de\/guarantee\/\",\"url\":\"https:\/\/shop.leaplytics.de\/guarantee\/\",\"name\":\"Guarantee - LeapLytics&#039; Shop\",\"isPartOf\":{\"@id\":\"https:\/\/shop.leaplytics.de\/pt_br\/#website\"},\"datePublished\":\"2024-12-09T13:55:51+00:00\",\"dateModified\":\"2026-03-05T19:58:24+00:00\",\"breadcrumb\":{\"@id\":\"https:\/\/shop.leaplytics.de\/guarantee\/#breadcrumb\"},\"inLanguage\":\"pt-BR\",\"potentialAction\":[{\"@type\":\"ReadAction\",\"target\":[\"https:\/\/shop.leaplytics.de\/guarantee\/\"]}]},{\"@type\":\"BreadcrumbList\",\"@id\":\"https:\/\/shop.leaplytics.de\/guarantee\/#breadcrumb\",\"itemListElement\":[{\"@type\":\"ListItem\",\"position\":1,\"name\":\"Home\",\"item\":\"https:\/\/shop.leaplytics.de\/\"},{\"@type\":\"ListItem\",\"position\":2,\"name\":\"Guarantee\"}]},{\"@type\":\"WebSite\",\"@id\":\"https:\/\/shop.leaplytics.de\/pt_br\/#website\",\"url\":\"https:\/\/shop.leaplytics.de\/pt_br\/\",\"name\":\"LeapLytics' Shop\",\"description\":\"leap reporting solutions\",\"potentialAction\":[{\"@type\":\"SearchAction\",\"target\":{\"@type\":\"EntryPoint\",\"urlTemplate\":\"https:\/\/shop.leaplytics.de\/pt_br\/?s={search_term_string}\"},\"query-input\":{\"@type\":\"PropertyValueSpecification\",\"valueRequired\":true,\"valueName\":\"search_term_string\"}}],\"inLanguage\":\"pt-BR\"}]}<\/script>\n<!-- \/ Yoast SEO plugin. -->","yoast_head_json":{"title":"Garantia - Loja da LeapLytics","robots":{"index":"index","follow":"follow","max-snippet":"max-snippet:-1","max-image-preview":"max-image-preview:large","max-video-preview":"max-video-preview:-1"},"canonical":"https:\/\/shop.leaplytics.de\/pt_br\/garantia\/","og_locale":"pt_BR","og_type":"article","og_title":"Guarantee - LeapLytics&#039; Shop","og_description":"The LeapLytics Risk-Free &#038; Lifetime Price Lock Guarantee You\u2019ve already had the chance to explore our visuals for free. Now it\u2019s time to unlock full access for your entire organization \u2014 with zero risk. 30-Day Money-Back Guarantee: If LeapLytics doesn\u2019t help your team understand complex data faster and make better decisions within the first 30 &hellip;","og_url":"https:\/\/shop.leaplytics.de\/pt_br\/garantia\/","og_site_name":"LeapLytics&#039; Shop","article_modified_time":"2026-03-05T19:58:24+00:00","twitter_card":"summary_large_image","twitter_misc":{"Est. tempo de leitura":"2 minutos"},"schema":{"@context":"https:\/\/schema.org","@graph":[{"@type":"WebPage","@id":"https:\/\/shop.leaplytics.de\/guarantee\/","url":"https:\/\/shop.leaplytics.de\/guarantee\/","name":"Garantia - Loja da LeapLytics","isPartOf":{"@id":"https:\/\/shop.leaplytics.de\/pt_br\/#website"},"datePublished":"2024-12-09T13:55:51+00:00","dateModified":"2026-03-05T19:58:24+00:00","breadcrumb":{"@id":"https:\/\/shop.leaplytics.de\/guarantee\/#breadcrumb"},"inLanguage":"pt-BR","potentialAction":[{"@type":"ReadAction","target":["https:\/\/shop.leaplytics.de\/guarantee\/"]}]},{"@type":"BreadcrumbList","@id":"https:\/\/shop.leaplytics.de\/guarantee\/#breadcrumb","itemListElement":[{"@type":"ListItem","position":1,"name":"Home","item":"https:\/\/shop.leaplytics.de\/"},{"@type":"ListItem","position":2,"name":"Guarantee"}]},{"@type":"WebSite","@id":"https:\/\/shop.leaplytics.de\/pt_br\/#website","url":"https:\/\/shop.leaplytics.de\/pt_br\/","name":"Loja da LeapLytics","description":"solu\u00e7\u00f5es de relat\u00f3rios de salto","potentialAction":[{"@type":"SearchAction","target":{"@type":"EntryPoint","urlTemplate":"https:\/\/shop.leaplytics.de\/pt_br\/?s={search_term_string}"},"query-input":{"@type":"PropertyValueSpecification","valueRequired":true,"valueName":"search_term_string"}}],"inLanguage":"pt-BR"}]}},"_links":{"self":[{"href":"https:\/\/shop.leaplytics.de\/pt_br\/wp-json\/wp\/v2\/pages\/2215","targetHints":{"allow":["GET"]}}],"collection":[{"href":"https:\/\/shop.leaplytics.de\/pt_br\/wp-json\/wp\/v2\/pages"}],"about":[{"href":"https:\/\/shop.leaplytics.de\/pt_br\/wp-json\/wp\/v2\/types\/page"}],"author":[{"embeddable":true,"href":"https:\/\/shop.leaplytics.de\/pt_br\/wp-json\/wp\/v2\/users\/4"}],"replies":[{"embeddable":true,"href":"https:\/\/shop.leaplytics.de\/pt_br\/wp-json\/wp\/v2\/comments?post=2215"}],"version-history":[{"count":0,"href":"https:\/\/shop.leaplytics.de\/pt_br\/wp-json\/wp\/v2\/pages\/2215\/revisions"}],"wp:attachment":[{"href":"https:\/\/shop.leaplytics.de\/pt_br\/wp-json\/wp\/v2\/media?parent=2215"}],"curies":[{"name":"wp","href":"https:\/\/api.w.org\/{rel}","templated":true}]}}