{"id":1757,"date":"2023-07-31T18:25:24","date_gmt":"2023-07-31T18:25:24","guid":{"rendered":"https:\/\/shop.leaplytics.de\/?post_type=product&#038;p=1757"},"modified":"2026-03-05T20:01:28","modified_gmt":"2026-03-05T20:01:28","slug":"visualizador-de-markdown","status":"publish","type":"product","link":"https:\/\/shop.leaplytics.de\/pt\/produto\/visualizador-de-markdown\/","title":{"rendered":"Visualizador de Markdown"},"content":{"rendered":"<p>Visualizador de Markdown<\/p>","protected":false},"excerpt":{"rendered":"<p><span data-offset-key=\"83auv-0-0\">Melhore os seus relat\u00f3rios e dashboards do Power BI com o nosso Visualizador Markdown. O nosso visual traz o poder do Markdown para o Power BI. Permite-lhe incorporar conte\u00fado com estilo nas suas visualiza\u00e7\u00f5es.<\/span><\/p>\n<p><strong>Descri\u00e7\u00e3o:<\/strong><\/p>\n<ul>\n<li>Licen\u00e7a anual ou plurianual<\/li>\n<li>Pode utilizar uma licen\u00e7a para uma empresa (entidade jur\u00eddica \u00fanica) ou para um grupo\/holding (v\u00e1rias entidades jur\u00eddicas).<\/li>\n<li><u><a href=\"https:\/\/shop.leaplytics.de\/pt\/garantia\/\">Garantia de 30 dias sem riscos + bloqueio de pre\u00e7o vital\u00edcio<\/a><\/u><\/li>\n<li>Espere receber o seu c\u00f3digo de licen\u00e7a por correio eletr\u00f3nico no prazo de 24 horas ap\u00f3s a compra.<\/li>\n<li>Se pretender utilizar o visual num ambiente comercial para os seus clientes externos, contacte-nos por correio eletr\u00f3nico <u><a href=\"mailto:info@leaplytics.de\">info@leaplytics.de<\/a><\/u>.<\/li>\n<\/ul>","protected":false},"featured_media":1775,"template":"","meta":[],"product_brand":[],"product_cat":[19],"product_tag":[],"class_list":{"0":"post-1757","1":"product","2":"type-product","3":"status-publish","4":"has-post-thumbnail","6":"product_cat-bi-visual","7":"latest_post","9":"first","10":"instock","11":"sale","12":"taxable","13":"shipping-taxable","14":"purchasable","15":"product-type-variable"},"yoast_head":"<!-- This site is optimized with the Yoast SEO plugin v25.6 - https:\/\/yoast.com\/wordpress\/plugins\/seo\/ -->\n<title>Markdown Viewer - LeapLytics&#039; Shop<\/title>\n<meta name=\"robots\" content=\"index, follow, max-snippet:-1, max-image-preview:large, max-video-preview:-1\" \/>\n<link rel=\"canonical\" href=\"https:\/\/shop.leaplytics.de\/pt\/produto\/visualizador-de-markdown\/\" \/>\n<meta property=\"og:locale\" content=\"pt_PT\" \/>\n<meta property=\"og:type\" content=\"article\" \/>\n<meta property=\"og:title\" content=\"Markdown Viewer - LeapLytics&#039; Shop\" \/>\n<meta property=\"og:description\" content=\"Enhance your Power BI reports and dashboards with our Markdown Viewer. Our visual brings the power of Markdown to Power BI. It enables you to incorporate styled content into your visualizations.  Description:   Annual or multi-year license  You can use a license for one company (single legal entity) or a group\/holding (multiple legal entities).     30-Day Risk-Free Guarantee + Lifetime Price Lock  Expect to receive your license code via email within 24 hours of your purchase.  If you want to use the visual in a commercial environment for your external customers, please contact us via mail info@leaplytics.de.\" \/>\n<meta property=\"og:url\" content=\"https:\/\/shop.leaplytics.de\/pt\/produto\/visualizador-de-markdown\/\" \/>\n<meta property=\"og:site_name\" content=\"LeapLytics&#039; Shop\" \/>\n<meta property=\"article:modified_time\" content=\"2026-03-05T20:01:28+00:00\" \/>\n<meta property=\"og:image\" content=\"https:\/\/shop.leaplytics.de\/wp-content\/uploads\/2023\/07\/First_Slice_Markdown_PowerBI_blue.png\" \/>\n\t<meta property=\"og:image:width\" content=\"1140\" \/>\n\t<meta property=\"og:image:height\" content=\"641\" \/>\n\t<meta property=\"og:image:type\" content=\"image\/png\" \/>\n<meta name=\"twitter:card\" content=\"summary_large_image\" \/>\n<meta name=\"twitter:label1\" content=\"Tempo estimado de leitura\" \/>\n\t<meta name=\"twitter:data1\" content=\"1 minuto\" \/>\n<script type=\"application\/ld+json\" class=\"yoast-schema-graph\">{\"@context\":\"https:\/\/schema.org\",\"@graph\":[{\"@type\":\"WebPage\",\"@id\":\"https:\/\/shop.leaplytics.de\/product\/markdown-viewer\/\",\"url\":\"https:\/\/shop.leaplytics.de\/product\/markdown-viewer\/\",\"name\":\"Markdown Viewer - LeapLytics&#039; Shop\",\"isPartOf\":{\"@id\":\"https:\/\/shop.leaplytics.de\/pt_br\/#website\"},\"primaryImageOfPage\":{\"@id\":\"https:\/\/shop.leaplytics.de\/product\/markdown-viewer\/#primaryimage\"},\"image\":{\"@id\":\"https:\/\/shop.leaplytics.de\/product\/markdown-viewer\/#primaryimage\"},\"thumbnailUrl\":\"https:\/\/shop.leaplytics.de\/wp-content\/uploads\/2023\/07\/First_Slice_Markdown_PowerBI_blue.png\",\"datePublished\":\"2023-07-31T18:25:24+00:00\",\"dateModified\":\"2026-03-05T20:01:28+00:00\",\"breadcrumb\":{\"@id\":\"https:\/\/shop.leaplytics.de\/product\/markdown-viewer\/#breadcrumb\"},\"inLanguage\":\"pt-PT\",\"potentialAction\":[{\"@type\":\"ReadAction\",\"target\":[\"https:\/\/shop.leaplytics.de\/product\/markdown-viewer\/\"]}]},{\"@type\":\"ImageObject\",\"inLanguage\":\"pt-PT\",\"@id\":\"https:\/\/shop.leaplytics.de\/product\/markdown-viewer\/#primaryimage\",\"url\":\"https:\/\/shop.leaplytics.de\/wp-content\/uploads\/2023\/07\/First_Slice_Markdown_PowerBI_blue.png\",\"contentUrl\":\"https:\/\/shop.leaplytics.de\/wp-content\/uploads\/2023\/07\/First_Slice_Markdown_PowerBI_blue.png\",\"width\":1140,\"height\":641},{\"@type\":\"BreadcrumbList\",\"@id\":\"https:\/\/shop.leaplytics.de\/product\/markdown-viewer\/#breadcrumb\",\"itemListElement\":[{\"@type\":\"ListItem\",\"position\":1,\"name\":\"Home\",\"item\":\"https:\/\/shop.leaplytics.de\/\"},{\"@type\":\"ListItem\",\"position\":2,\"name\":\"Shop\",\"item\":\"https:\/\/shop.leaplytics.de\/\"},{\"@type\":\"ListItem\",\"position\":3,\"name\":\"Markdown Viewer\"}]},{\"@type\":\"WebSite\",\"@id\":\"https:\/\/shop.leaplytics.de\/pt_br\/#website\",\"url\":\"https:\/\/shop.leaplytics.de\/pt_br\/\",\"name\":\"LeapLytics' Shop\",\"description\":\"leap reporting solutions\",\"potentialAction\":[{\"@type\":\"SearchAction\",\"target\":{\"@type\":\"EntryPoint\",\"urlTemplate\":\"https:\/\/shop.leaplytics.de\/pt_br\/?s={search_term_string}\"},\"query-input\":{\"@type\":\"PropertyValueSpecification\",\"valueRequired\":true,\"valueName\":\"search_term_string\"}}],\"inLanguage\":\"pt-PT\"}]}<\/script>\n<!-- \/ Yoast SEO plugin. -->","yoast_head_json":{"title":"Visualizador de Markdown - LeapLytics' Shop","robots":{"index":"index","follow":"follow","max-snippet":"max-snippet:-1","max-image-preview":"max-image-preview:large","max-video-preview":"max-video-preview:-1"},"canonical":"https:\/\/shop.leaplytics.de\/pt\/produto\/visualizador-de-markdown\/","og_locale":"pt_PT","og_type":"article","og_title":"Markdown Viewer - LeapLytics&#039; Shop","og_description":"Enhance your Power BI reports and dashboards with our Markdown Viewer. Our visual brings the power of Markdown to Power BI. It enables you to incorporate styled content into your visualizations.  Description:   Annual or multi-year license  You can use a license for one company (single legal entity) or a group\/holding (multiple legal entities).     30-Day Risk-Free Guarantee + Lifetime Price Lock  Expect to receive your license code via email within 24 hours of your purchase.  If you want to use the visual in a commercial environment for your external customers, please contact us via mail info@leaplytics.de.","og_url":"https:\/\/shop.leaplytics.de\/pt\/produto\/visualizador-de-markdown\/","og_site_name":"LeapLytics&#039; Shop","article_modified_time":"2026-03-05T20:01:28+00:00","og_image":[{"width":1140,"height":641,"url":"https:\/\/shop.leaplytics.de\/wp-content\/uploads\/2023\/07\/First_Slice_Markdown_PowerBI_blue.png","type":"image\/png"}],"twitter_card":"summary_large_image","twitter_misc":{"Tempo estimado de leitura":"1 minuto"},"schema":{"@context":"https:\/\/schema.org","@graph":[{"@type":"WebPage","@id":"https:\/\/shop.leaplytics.de\/product\/markdown-viewer\/","url":"https:\/\/shop.leaplytics.de\/product\/markdown-viewer\/","name":"Visualizador de Markdown - LeapLytics' Shop","isPartOf":{"@id":"https:\/\/shop.leaplytics.de\/pt_br\/#website"},"primaryImageOfPage":{"@id":"https:\/\/shop.leaplytics.de\/product\/markdown-viewer\/#primaryimage"},"image":{"@id":"https:\/\/shop.leaplytics.de\/product\/markdown-viewer\/#primaryimage"},"thumbnailUrl":"https:\/\/shop.leaplytics.de\/wp-content\/uploads\/2023\/07\/First_Slice_Markdown_PowerBI_blue.png","datePublished":"2023-07-31T18:25:24+00:00","dateModified":"2026-03-05T20:01:28+00:00","breadcrumb":{"@id":"https:\/\/shop.leaplytics.de\/product\/markdown-viewer\/#breadcrumb"},"inLanguage":"pt-PT","potentialAction":[{"@type":"ReadAction","target":["https:\/\/shop.leaplytics.de\/product\/markdown-viewer\/"]}]},{"@type":"ImageObject","inLanguage":"pt-PT","@id":"https:\/\/shop.leaplytics.de\/product\/markdown-viewer\/#primaryimage","url":"https:\/\/shop.leaplytics.de\/wp-content\/uploads\/2023\/07\/First_Slice_Markdown_PowerBI_blue.png","contentUrl":"https:\/\/shop.leaplytics.de\/wp-content\/uploads\/2023\/07\/First_Slice_Markdown_PowerBI_blue.png","width":1140,"height":641},{"@type":"BreadcrumbList","@id":"https:\/\/shop.leaplytics.de\/product\/markdown-viewer\/#breadcrumb","itemListElement":[{"@type":"ListItem","position":1,"name":"Home","item":"https:\/\/shop.leaplytics.de\/"},{"@type":"ListItem","position":2,"name":"Shop","item":"https:\/\/shop.leaplytics.de\/"},{"@type":"ListItem","position":3,"name":"Markdown Viewer"}]},{"@type":"WebSite","@id":"https:\/\/shop.leaplytics.de\/pt_br\/#website","url":"https:\/\/shop.leaplytics.de\/pt_br\/","name":"Loja da LeapLytics","description":"solu\u00e7\u00f5es de reporting leap","potentialAction":[{"@type":"SearchAction","target":{"@type":"EntryPoint","urlTemplate":"https:\/\/shop.leaplytics.de\/pt_br\/?s={search_term_string}"},"query-input":{"@type":"PropertyValueSpecification","valueRequired":true,"valueName":"search_term_string"}}],"inLanguage":"pt-PT"}]}},"_links":{"self":[{"href":"https:\/\/shop.leaplytics.de\/pt\/wp-json\/wp\/v2\/product\/1757","targetHints":{"allow":["GET"]}}],"collection":[{"href":"https:\/\/shop.leaplytics.de\/pt\/wp-json\/wp\/v2\/product"}],"about":[{"href":"https:\/\/shop.leaplytics.de\/pt\/wp-json\/wp\/v2\/types\/product"}],"wp:featuredmedia":[{"embeddable":true,"href":"https:\/\/shop.leaplytics.de\/pt\/wp-json\/wp\/v2\/media\/1775"}],"wp:attachment":[{"href":"https:\/\/shop.leaplytics.de\/pt\/wp-json\/wp\/v2\/media?parent=1757"}],"wp:term":[{"taxonomy":"product_brand","embeddable":true,"href":"https:\/\/shop.leaplytics.de\/pt\/wp-json\/wp\/v2\/product_brand?post=1757"},{"taxonomy":"product_cat","embeddable":true,"href":"https:\/\/shop.leaplytics.de\/pt\/wp-json\/wp\/v2\/product_cat?post=1757"},{"taxonomy":"product_tag","embeddable":true,"href":"https:\/\/shop.leaplytics.de\/pt\/wp-json\/wp\/v2\/product_tag?post=1757"}],"curies":[{"name":"wp","href":"https:\/\/api.w.org\/{rel}","templated":true}]}}