{"id":266,"date":"2022-06-17T16:52:45","date_gmt":"2022-06-17T16:52:45","guid":{"rendered":"https:\/\/shop.leaplytics.de\/?page_id=266"},"modified":"2025-05-27T12:30:33","modified_gmt":"2025-05-27T12:30:33","slug":"fixacao-de-precos","status":"publish","type":"page","link":"https:\/\/shop.leaplytics.de\/pt\/fixacao-de-precos\/","title":{"rendered":"Pre\u00e7os"},"content":{"rendered":"<p>Na LeapLytics, acreditamos que o licenciamento deve tornar a sua vida <strong>mais f\u00e1cil<\/strong>e n\u00e3o mais complicado. \u00c9 por isso que cri\u00e1mos uma <strong>modelo de licenciamento simples e justo<\/strong> para os nossos visuais - sem limites de utilizadores, sem dores de cabe\u00e7a, sem surpresas.<\/p>\n\n\n\n<h3 class=\"wp-block-heading\">Porque n\u00e3o h\u00e1 licenciamento baseado no utilizador?<\/h3>\n\n\n\n<p>Sejamos honestos: o licenciamento baseado no utilizador causa muitas vezes mais problemas do que os que resolve.<\/p>\n\n\n\n<p>Quando h\u00e1 mais pessoas a precisar de ver um painel do que as licen\u00e7as dispon\u00edveis, a frustra\u00e7\u00e3o acumula-se rapidamente. \u00c9 ainda pior quando \u00e9 um decisor chave que est\u00e1 bloqueado. N\u00f3s pr\u00f3prios j\u00e1 pass\u00e1mos por isso, como utilizadores de visuais e suplementos. \u00c9 exatamente isso que queremos evitar.<\/p>\n\n\n\n<p>E depois h\u00e1 os custos ocultos: facturas inesperadas de \"utilizadores n\u00e3o autorizados\" que ningu\u00e9m previu? Connosco, n\u00e3o.<\/p>\n\n\n\n<h3 class=\"wp-block-heading\">Garantia de seguran\u00e7a<\/h3>\n\n\n\n<p>E para que a sua decis\u00e3o seja livre de riscos: oferecemos uma <strong>Garantia de reembolso de 30 dias<\/strong>.<\/p>\n\n\n\n<p>Se o visual n\u00e3o fornecer o valor esperado, basta informar-nos no prazo de 30 dias - processaremos um reembolso total, <strong>sem perguntas<\/strong>.<\/p>\n\n\n\n<h3 class=\"wp-block-heading\">A nossa promessa: Sem limites. Sem surpresas.<\/h3>\n\n\n\n<p>Com o LeapLytics, obt\u00e9m um <strong>licen\u00e7a para toda a empresa ou explora\u00e7\u00e3o\/grupo<\/strong>. Isso significa que:<\/p>\n\n\n\n<p>Utilizadores ilimitados<br>Pain\u00e9is de controlo ilimitados<br>Imagens ilimitadas<\/p>\n\n\n\n<p>Utilize os nossos visuais onde e como necessitar - <strong>sem letras mi\u00fadas<\/strong>.<\/p>\n\n\n\n<h3 class=\"wp-block-heading\">Pre\u00e7os simples e transparentes<\/h3>\n\n\n\n<p>Procura poupan\u00e7as a longo prazo? Temos tudo o que precisa:<\/p>\n\n\n\n<ul class=\"wp-block-list\">\n<li><strong>Licen\u00e7a de 2 anos<\/strong> \u2192 +6 meses gr\u00e1tis<\/li>\n\n\n\n<li><strong>Licen\u00e7a de 3 anos<\/strong> \u2192 +12 meses gr\u00e1tis<\/li>\n<\/ul>\n\n\n\n<p>Esta \u00e9 uma \u00f3ptima op\u00e7\u00e3o quando sabe que o visual se adequa \u00e0s suas necessidades no trabalho di\u00e1rio.<\/p>\n\n\n\n<p>No canto inferior esquerdo da p\u00e1gina da loja, pode mudar a moeda de acordo com a sua prefer\u00eancia.<\/p>\n\n\n\n<h3 class=\"wp-block-heading\">Como obter a sua carta de condu\u00e7\u00e3o<\/h3>\n\n\n\n<p>H\u00e1 duas maneiras f\u00e1ceis de proceder:<\/p>\n\n\n\n<h4 class=\"wp-block-heading\">Op\u00e7\u00e3o 1: Or\u00e7amento e fatura<\/h4>\n\n\n\n<ul class=\"wp-block-list\">\n<li>Contacte-nos em <strong><a href=\"mailto:info@leaplytics.de\">info@leaplytics.de<\/a>.<\/strong> Enviar-lhe-emos um or\u00e7amento formal.<\/li>\n\n\n\n<li>Uma vez aceite, receber\u00e1 a chave de licen\u00e7a e a fatura.<\/li>\n\n\n\n<li>O pagamento \u00e9 efectuado por transfer\u00eancia banc\u00e1ria em euros.<\/li>\n<\/ul>\n\n\n\n<h4 class=\"wp-block-heading\">Op\u00e7\u00e3o 2: Comprar em linha<\/h4>\n\n\n\n<ul class=\"wp-block-list\">\n<li>Encomendar diretamente aqui na nossa loja.<\/li>\n\n\n\n<li>Pagar com os principais cart\u00f5es de cr\u00e9dito ou PayPal.<\/li>\n\n\n\n<li>Escolha a sua moeda preferida.<\/li>\n<\/ul>\n\n\n\n<h3 class=\"wp-block-heading\">N\u00e3o \u00e9 necess\u00e1ria qualquer configura\u00e7\u00e3o adicional para os espectadores<\/h3>\n\n\n\n<p>Os membros da sua equipa n\u00e3o precisam de instalar ou ativar nada. Assim que um relat\u00f3rio com o visual \u00e9 publicado, funciona para todos na sua organiza\u00e7\u00e3o. N\u00e3o \u00e9 necess\u00e1ria uma configura\u00e7\u00e3o separada.<\/p>","protected":false},"excerpt":{"rendered":"<p>At LeapLytics, we believe that licensing should make your life easier, not more complicated. That\u2019s why we\u2019ve designed a simple, fair licensing model for our visuals \u2013 no user limits, no headaches, no surprises. Why no user-based licensing? Let\u2019s be honest: User-based licensing often causes more problems than it solves. When more people need to &hellip; <\/p>","protected":false},"author":4,"featured_media":0,"parent":0,"menu_order":0,"comment_status":"closed","ping_status":"closed","template":"","meta":{"footnotes":""},"class_list":["post-266","page","type-page","status-publish","hentry","latest_post"],"yoast_head":"<!-- This site is optimized with the Yoast SEO plugin v25.6 - https:\/\/yoast.com\/wordpress\/plugins\/seo\/ -->\n<title>Pricing - LeapLytics&#039; Shop<\/title>\n<meta name=\"robots\" content=\"index, follow, max-snippet:-1, max-image-preview:large, max-video-preview:-1\" \/>\n<link rel=\"canonical\" href=\"https:\/\/shop.leaplytics.de\/pt\/fixacao-de-precos\/\" \/>\n<meta property=\"og:locale\" content=\"pt_PT\" \/>\n<meta property=\"og:type\" content=\"article\" \/>\n<meta property=\"og:title\" content=\"Pricing - LeapLytics&#039; Shop\" \/>\n<meta property=\"og:description\" content=\"At LeapLytics, we believe that licensing should make your life easier, not more complicated. That\u2019s why we\u2019ve designed a simple, fair licensing model for our visuals \u2013 no user limits, no headaches, no surprises. Why no user-based licensing? Let\u2019s be honest: User-based licensing often causes more problems than it solves. When more people need to &hellip;\" \/>\n<meta property=\"og:url\" content=\"https:\/\/shop.leaplytics.de\/pt\/fixacao-de-precos\/\" \/>\n<meta property=\"og:site_name\" content=\"LeapLytics&#039; Shop\" \/>\n<meta property=\"article:modified_time\" content=\"2025-05-27T12:30:33+00:00\" \/>\n<meta name=\"twitter:card\" content=\"summary_large_image\" \/>\n<meta name=\"twitter:label1\" content=\"Tempo estimado de leitura\" \/>\n\t<meta name=\"twitter:data1\" content=\"2 minutos\" \/>\n<script type=\"application\/ld+json\" class=\"yoast-schema-graph\">{\"@context\":\"https:\/\/schema.org\",\"@graph\":[{\"@type\":\"WebPage\",\"@id\":\"https:\/\/shop.leaplytics.de\/pricing\/\",\"url\":\"https:\/\/shop.leaplytics.de\/pricing\/\",\"name\":\"Pricing - LeapLytics&#039; Shop\",\"isPartOf\":{\"@id\":\"https:\/\/shop.leaplytics.de\/pt_br\/#website\"},\"datePublished\":\"2022-06-17T16:52:45+00:00\",\"dateModified\":\"2025-05-27T12:30:33+00:00\",\"breadcrumb\":{\"@id\":\"https:\/\/shop.leaplytics.de\/pricing\/#breadcrumb\"},\"inLanguage\":\"pt-PT\",\"potentialAction\":[{\"@type\":\"ReadAction\",\"target\":[\"https:\/\/shop.leaplytics.de\/pricing\/\"]}]},{\"@type\":\"BreadcrumbList\",\"@id\":\"https:\/\/shop.leaplytics.de\/pricing\/#breadcrumb\",\"itemListElement\":[{\"@type\":\"ListItem\",\"position\":1,\"name\":\"Home\",\"item\":\"https:\/\/shop.leaplytics.de\/\"},{\"@type\":\"ListItem\",\"position\":2,\"name\":\"Pricing\"}]},{\"@type\":\"WebSite\",\"@id\":\"https:\/\/shop.leaplytics.de\/pt_br\/#website\",\"url\":\"https:\/\/shop.leaplytics.de\/pt_br\/\",\"name\":\"LeapLytics' Shop\",\"description\":\"leap reporting solutions\",\"potentialAction\":[{\"@type\":\"SearchAction\",\"target\":{\"@type\":\"EntryPoint\",\"urlTemplate\":\"https:\/\/shop.leaplytics.de\/pt_br\/?s={search_term_string}\"},\"query-input\":{\"@type\":\"PropertyValueSpecification\",\"valueRequired\":true,\"valueName\":\"search_term_string\"}}],\"inLanguage\":\"pt-PT\"}]}<\/script>\n<!-- \/ Yoast SEO plugin. -->","yoast_head_json":{"title":"Pre\u00e7os - Loja da LeapLytics","robots":{"index":"index","follow":"follow","max-snippet":"max-snippet:-1","max-image-preview":"max-image-preview:large","max-video-preview":"max-video-preview:-1"},"canonical":"https:\/\/shop.leaplytics.de\/pt\/fixacao-de-precos\/","og_locale":"pt_PT","og_type":"article","og_title":"Pricing - LeapLytics&#039; Shop","og_description":"At LeapLytics, we believe that licensing should make your life easier, not more complicated. That\u2019s why we\u2019ve designed a simple, fair licensing model for our visuals \u2013 no user limits, no headaches, no surprises. Why no user-based licensing? Let\u2019s be honest: User-based licensing often causes more problems than it solves. When more people need to &hellip;","og_url":"https:\/\/shop.leaplytics.de\/pt\/fixacao-de-precos\/","og_site_name":"LeapLytics&#039; Shop","article_modified_time":"2025-05-27T12:30:33+00:00","twitter_card":"summary_large_image","twitter_misc":{"Tempo estimado de leitura":"2 minutos"},"schema":{"@context":"https:\/\/schema.org","@graph":[{"@type":"WebPage","@id":"https:\/\/shop.leaplytics.de\/pricing\/","url":"https:\/\/shop.leaplytics.de\/pricing\/","name":"Pre\u00e7os - Loja da LeapLytics","isPartOf":{"@id":"https:\/\/shop.leaplytics.de\/pt_br\/#website"},"datePublished":"2022-06-17T16:52:45+00:00","dateModified":"2025-05-27T12:30:33+00:00","breadcrumb":{"@id":"https:\/\/shop.leaplytics.de\/pricing\/#breadcrumb"},"inLanguage":"pt-PT","potentialAction":[{"@type":"ReadAction","target":["https:\/\/shop.leaplytics.de\/pricing\/"]}]},{"@type":"BreadcrumbList","@id":"https:\/\/shop.leaplytics.de\/pricing\/#breadcrumb","itemListElement":[{"@type":"ListItem","position":1,"name":"Home","item":"https:\/\/shop.leaplytics.de\/"},{"@type":"ListItem","position":2,"name":"Pricing"}]},{"@type":"WebSite","@id":"https:\/\/shop.leaplytics.de\/pt_br\/#website","url":"https:\/\/shop.leaplytics.de\/pt_br\/","name":"Loja da LeapLytics","description":"solu\u00e7\u00f5es de reporting leap","potentialAction":[{"@type":"SearchAction","target":{"@type":"EntryPoint","urlTemplate":"https:\/\/shop.leaplytics.de\/pt_br\/?s={search_term_string}"},"query-input":{"@type":"PropertyValueSpecification","valueRequired":true,"valueName":"search_term_string"}}],"inLanguage":"pt-PT"}]}},"_links":{"self":[{"href":"https:\/\/shop.leaplytics.de\/pt\/wp-json\/wp\/v2\/pages\/266","targetHints":{"allow":["GET"]}}],"collection":[{"href":"https:\/\/shop.leaplytics.de\/pt\/wp-json\/wp\/v2\/pages"}],"about":[{"href":"https:\/\/shop.leaplytics.de\/pt\/wp-json\/wp\/v2\/types\/page"}],"author":[{"embeddable":true,"href":"https:\/\/shop.leaplytics.de\/pt\/wp-json\/wp\/v2\/users\/4"}],"replies":[{"embeddable":true,"href":"https:\/\/shop.leaplytics.de\/pt\/wp-json\/wp\/v2\/comments?post=266"}],"version-history":[{"count":0,"href":"https:\/\/shop.leaplytics.de\/pt\/wp-json\/wp\/v2\/pages\/266\/revisions"}],"wp:attachment":[{"href":"https:\/\/shop.leaplytics.de\/pt\/wp-json\/wp\/v2\/media?parent=266"}],"curies":[{"name":"wp","href":"https:\/\/api.w.org\/{rel}","templated":true}]}}