{"id":2215,"date":"2024-12-09T13:55:51","date_gmt":"2024-12-09T13:55:51","guid":{"rendered":"https:\/\/shop.leaplytics.de\/?page_id=2215"},"modified":"2026-03-05T19:58:24","modified_gmt":"2026-03-05T19:58:24","slug":"garantia","status":"publish","type":"page","link":"https:\/\/shop.leaplytics.de\/pt\/garantia\/","title":{"rendered":"Garantia"},"content":{"rendered":"<h3 class=\"wp-block-heading\">O LeapLytics sem riscos e com garantia vital\u00edcia de pre\u00e7o fixo<\/h3>\n\n\n\n<p>J\u00e1 teve a oportunidade de explorar os nossos visuais gratuitamente. Agora \u00e9 altura de desbloquear <strong>acesso total para toda a sua organiza\u00e7\u00e3o - com risco zero.<\/strong><\/p>\n\n<p><strong>Garantia de 30 dias de devolu\u00e7\u00e3o do dinheiro:<\/strong> Se o LeapLytics n\u00e3o ajudar a sua equipa <strong>compreender dados complexos mais rapidamente<\/strong> e fazer <strong>melhores decis\u00f5es<\/strong> nos primeiros 30 dias, basta enviar-nos um e-mail e emitiremos uma <strong>100% restitui\u00e7\u00e3o<\/strong>. <strong>Sem formas. Sem fric\u00e7\u00e3o. Sem perguntas.<\/strong><\/p>\n\n<p><strong>Bloqueio de pre\u00e7o vital\u00edcio:<\/strong> Quando se torna cliente, o seu pre\u00e7o \u00e9 <strong>bloqueado permanentemente<\/strong> - tu ir\u00e1s <strong>nunca pagar mais<\/strong>mesmo que os nossos pre\u00e7os aumentem no futuro.<\/p>\n\n<p>O \u00fanico ajustamento poss\u00edvel pode vir de <strong>flutua\u00e7\u00f5es da taxa de c\u00e2mbio<\/strong>. Nunca adicionamos sobretaxas ou margens de lucro - quaisquer ajustamentos relacionados com a moeda s\u00e3o reflectidos <strong>de forma transparente na nossa loja online<\/strong> e aplicadas exatamente no momento em que ocorrem.<\/p>\n\n<p><strong>Sem taxas ocultas. Sem pre\u00e7os por utilizador. Sem actualiza\u00e7\u00f5es surpresa.<\/strong> Garante o pre\u00e7o de hoje e beneficia de todas as melhorias futuras.<\/p>\n\n\n\n<h3 class=\"wp-block-heading\">Porque \u00e9 que as equipas escolhem o LeapLytics<\/h3>\n\n\n\n<p>\n\u2705 <strong>Visuais exclusivos e de elevado desempenho do Power BI<\/strong> que n\u00e3o encontrar\u00e1 em mais lado nenhum<br>\n\u2705 <strong>Utilizadores, pain\u00e9is de controlo e relat\u00f3rios ilimitados<\/strong> - sem pre\u00e7os por utilizador<br>\n\u2705 <strong>Criado para uma tomada de decis\u00f5es mais r\u00e1pida<\/strong> - informa\u00e7\u00f5es mais claras com menos cliques<br>\n\u2705 <strong>Implementa\u00e7\u00e3o instant\u00e2nea<\/strong> - publique uma vez e funciona para toda a sua organiza\u00e7\u00e3o<br>\n\u2705 <strong>Feito para implementa\u00e7\u00f5es escal\u00e1veis<\/strong> - visuais consistentes entre equipas e relat\u00f3rios\n<\/p>\n\n\n\n<p>Se os nossos visuais n\u00e3o fornecerem o valor que espera, reembolsaremos a sua compra. <strong>N\u00e3o queremos o vosso dinheiro<\/strong> a menos que o mere\u00e7amos.<\/p>\n\n\n\n<h3 class=\"wp-block-heading\">Como funciona a garantia<\/h3>\n\n\n\n<p>\n1\ufe0f\u20e3 Active a sua licen\u00e7a completa - atrav\u00e9s de or\u00e7amento ou compra direta.<br>\n2\ufe0f\u20e3 Aplique-o em pain\u00e9is de controlo, relat\u00f3rios e equipas - ponha-o a funcionar realmente.<br>\n3\ufe0f\u20e3 Se n\u00e3o ficar satisfeito no prazo de 30 dias, envie-nos um e-mail para <strong>reembolso total<\/strong>. <strong>Sem complica\u00e7\u00f5es. Sem riscos.<\/strong><br>\n4\ufe0f\u20e3 Mantenha a sua licen\u00e7a ativa e a sua <strong>o pre\u00e7o mant\u00e9m-se fixo<\/strong> - para sempre.\n<\/p>\n\n\n\n<h3 class=\"wp-block-heading\">Garanta a sua licen\u00e7a e fixe o pre\u00e7o atual<\/h3>\n\n\n\n<p>\n\ud83d\udc49 <strong>Pedir um or\u00e7amento:<\/strong> <a href=\"mailto:info@leaplytics.de\"><strong>info@leaplytics.de<\/strong><\/a><br>\n\ud83d\udc49 <strong>Ou encomende a sua licen\u00e7a diretamente na loja<\/strong>\n<\/p>\n\n\n\n<p>Actualize os seus relat\u00f3rios do Power BI com visuais mais claros e conhecimentos mais r\u00e1pidos - <strong>sem riscos.<\/strong><\/p>","protected":false},"excerpt":{"rendered":"<p>A Garantia de Pre\u00e7o Vital\u00edcio e Sem Risco do LeapLytics J\u00e1 teve a oportunidade de explorar os nossos visuais gratuitamente. Agora est\u00e1 na altura de desbloquear o acesso total para toda a sua organiza\u00e7\u00e3o - com risco zero. Garantia de 30 dias de devolu\u00e7\u00e3o do dinheiro: Se o LeapLytics n\u00e3o ajudar a sua equipa a compreender dados complexos mais rapidamente e a tomar melhores decis\u00f5es nos primeiros 30 dias ... <\/p>","protected":false},"author":4,"featured_media":0,"parent":0,"menu_order":0,"comment_status":"closed","ping_status":"closed","template":"","meta":{"footnotes":""},"class_list":["post-2215","page","type-page","status-publish","hentry","latest_post"],"yoast_head":"<!-- This site is optimized with the Yoast SEO plugin v25.6 - https:\/\/yoast.com\/wordpress\/plugins\/seo\/ -->\n<title>Guarantee - LeapLytics&#039; Shop<\/title>\n<meta name=\"robots\" content=\"index, follow, max-snippet:-1, max-image-preview:large, max-video-preview:-1\" \/>\n<link rel=\"canonical\" href=\"https:\/\/shop.leaplytics.de\/pt\/garantia\/\" \/>\n<meta property=\"og:locale\" content=\"pt_PT\" \/>\n<meta property=\"og:type\" content=\"article\" \/>\n<meta property=\"og:title\" content=\"Guarantee - LeapLytics&#039; Shop\" \/>\n<meta property=\"og:description\" content=\"The LeapLytics Risk-Free &#038; Lifetime Price Lock Guarantee You\u2019ve already had the chance to explore our visuals for free. Now it\u2019s time to unlock full access for your entire organization \u2014 with zero risk. 30-Day Money-Back Guarantee: If LeapLytics doesn\u2019t help your team understand complex data faster and make better decisions within the first 30 &hellip;\" \/>\n<meta property=\"og:url\" content=\"https:\/\/shop.leaplytics.de\/pt\/garantia\/\" \/>\n<meta property=\"og:site_name\" content=\"LeapLytics&#039; Shop\" \/>\n<meta property=\"article:modified_time\" content=\"2026-03-05T19:58:24+00:00\" \/>\n<meta name=\"twitter:card\" content=\"summary_large_image\" \/>\n<meta name=\"twitter:label1\" content=\"Tempo estimado de leitura\" \/>\n\t<meta name=\"twitter:data1\" content=\"2 minutos\" \/>\n<script type=\"application\/ld+json\" class=\"yoast-schema-graph\">{\"@context\":\"https:\/\/schema.org\",\"@graph\":[{\"@type\":\"WebPage\",\"@id\":\"https:\/\/shop.leaplytics.de\/guarantee\/\",\"url\":\"https:\/\/shop.leaplytics.de\/guarantee\/\",\"name\":\"Guarantee - LeapLytics&#039; Shop\",\"isPartOf\":{\"@id\":\"https:\/\/shop.leaplytics.de\/pt_br\/#website\"},\"datePublished\":\"2024-12-09T13:55:51+00:00\",\"dateModified\":\"2026-03-05T19:58:24+00:00\",\"breadcrumb\":{\"@id\":\"https:\/\/shop.leaplytics.de\/guarantee\/#breadcrumb\"},\"inLanguage\":\"pt-PT\",\"potentialAction\":[{\"@type\":\"ReadAction\",\"target\":[\"https:\/\/shop.leaplytics.de\/guarantee\/\"]}]},{\"@type\":\"BreadcrumbList\",\"@id\":\"https:\/\/shop.leaplytics.de\/guarantee\/#breadcrumb\",\"itemListElement\":[{\"@type\":\"ListItem\",\"position\":1,\"name\":\"Home\",\"item\":\"https:\/\/shop.leaplytics.de\/\"},{\"@type\":\"ListItem\",\"position\":2,\"name\":\"Guarantee\"}]},{\"@type\":\"WebSite\",\"@id\":\"https:\/\/shop.leaplytics.de\/pt_br\/#website\",\"url\":\"https:\/\/shop.leaplytics.de\/pt_br\/\",\"name\":\"LeapLytics' Shop\",\"description\":\"leap reporting solutions\",\"potentialAction\":[{\"@type\":\"SearchAction\",\"target\":{\"@type\":\"EntryPoint\",\"urlTemplate\":\"https:\/\/shop.leaplytics.de\/pt_br\/?s={search_term_string}\"},\"query-input\":{\"@type\":\"PropertyValueSpecification\",\"valueRequired\":true,\"valueName\":\"search_term_string\"}}],\"inLanguage\":\"pt-PT\"}]}<\/script>\n<!-- \/ Yoast SEO plugin. -->","yoast_head_json":{"title":"Garantia - Loja LeapLytics","robots":{"index":"index","follow":"follow","max-snippet":"max-snippet:-1","max-image-preview":"max-image-preview:large","max-video-preview":"max-video-preview:-1"},"canonical":"https:\/\/shop.leaplytics.de\/pt\/garantia\/","og_locale":"pt_PT","og_type":"article","og_title":"Guarantee - LeapLytics&#039; Shop","og_description":"The LeapLytics Risk-Free &#038; Lifetime Price Lock Guarantee You\u2019ve already had the chance to explore our visuals for free. Now it\u2019s time to unlock full access for your entire organization \u2014 with zero risk. 30-Day Money-Back Guarantee: If LeapLytics doesn\u2019t help your team understand complex data faster and make better decisions within the first 30 &hellip;","og_url":"https:\/\/shop.leaplytics.de\/pt\/garantia\/","og_site_name":"LeapLytics&#039; Shop","article_modified_time":"2026-03-05T19:58:24+00:00","twitter_card":"summary_large_image","twitter_misc":{"Tempo estimado de leitura":"2 minutos"},"schema":{"@context":"https:\/\/schema.org","@graph":[{"@type":"WebPage","@id":"https:\/\/shop.leaplytics.de\/guarantee\/","url":"https:\/\/shop.leaplytics.de\/guarantee\/","name":"Garantia - Loja LeapLytics","isPartOf":{"@id":"https:\/\/shop.leaplytics.de\/pt_br\/#website"},"datePublished":"2024-12-09T13:55:51+00:00","dateModified":"2026-03-05T19:58:24+00:00","breadcrumb":{"@id":"https:\/\/shop.leaplytics.de\/guarantee\/#breadcrumb"},"inLanguage":"pt-PT","potentialAction":[{"@type":"ReadAction","target":["https:\/\/shop.leaplytics.de\/guarantee\/"]}]},{"@type":"BreadcrumbList","@id":"https:\/\/shop.leaplytics.de\/guarantee\/#breadcrumb","itemListElement":[{"@type":"ListItem","position":1,"name":"Home","item":"https:\/\/shop.leaplytics.de\/"},{"@type":"ListItem","position":2,"name":"Guarantee"}]},{"@type":"WebSite","@id":"https:\/\/shop.leaplytics.de\/pt_br\/#website","url":"https:\/\/shop.leaplytics.de\/pt_br\/","name":"Loja da LeapLytics","description":"solu\u00e7\u00f5es de reporting leap","potentialAction":[{"@type":"SearchAction","target":{"@type":"EntryPoint","urlTemplate":"https:\/\/shop.leaplytics.de\/pt_br\/?s={search_term_string}"},"query-input":{"@type":"PropertyValueSpecification","valueRequired":true,"valueName":"search_term_string"}}],"inLanguage":"pt-PT"}]}},"_links":{"self":[{"href":"https:\/\/shop.leaplytics.de\/pt\/wp-json\/wp\/v2\/pages\/2215","targetHints":{"allow":["GET"]}}],"collection":[{"href":"https:\/\/shop.leaplytics.de\/pt\/wp-json\/wp\/v2\/pages"}],"about":[{"href":"https:\/\/shop.leaplytics.de\/pt\/wp-json\/wp\/v2\/types\/page"}],"author":[{"embeddable":true,"href":"https:\/\/shop.leaplytics.de\/pt\/wp-json\/wp\/v2\/users\/4"}],"replies":[{"embeddable":true,"href":"https:\/\/shop.leaplytics.de\/pt\/wp-json\/wp\/v2\/comments?post=2215"}],"version-history":[{"count":0,"href":"https:\/\/shop.leaplytics.de\/pt\/wp-json\/wp\/v2\/pages\/2215\/revisions"}],"wp:attachment":[{"href":"https:\/\/shop.leaplytics.de\/pt\/wp-json\/wp\/v2\/media?parent=2215"}],"curies":[{"name":"wp","href":"https:\/\/api.w.org\/{rel}","templated":true}]}}