{"id":70,"date":"2022-05-07T14:12:48","date_gmt":"2022-05-07T14:12:48","guid":{"rendered":"https:\/\/shop.leaplytics.de\/?post_type=product&#038;p=70"},"modified":"2026-03-05T20:01:50","modified_gmt":"2026-03-05T20:01:50","slug":"zasilanie-bi-sygnalizacja-swietlna","status":"publish","type":"product","link":"https:\/\/shop.leaplytics.de\/pl\/product\/zasilanie-bi-sygnalizacja-swietlna\/","title":{"rendered":"Wizualna sygnalizacja \u015bwietlna"},"content":{"rendered":"<p>Wizualna sygnalizacja \u015bwietlna<\/p>","protected":false},"excerpt":{"rendered":"<p>\u015aled\u017a kluczowe wska\u017aniki wydajno\u015bci (KPI) za pomoc\u0105 naszego Traffic Light dla Power BI i Qlik Sense. Ta wizualizacja pozwala zobaczy\u0107 status na pierwszy rzut oka.<\/p>\n<p><strong>Opis:<\/strong><\/p>\n<ul>\n<li>Licencja roczna lub wieloletnia<\/li>\n<li>Licencji mo\u017cna u\u017cywa\u0107 dla jednej firmy (pojedynczego podmiotu prawnego) lub grupy\/holdingu (wielu podmiot\u00f3w prawnych).<\/li>\n<li><u><a href=\"https:\/\/shop.leaplytics.de\/pl\/gwarancja\/\">30-dniowa gwarancja bez ryzyka + do\u017cywotnia blokada ceny<\/a><\/u><\/li>\n<li>Spodziewaj si\u0119 otrzymania kodu licencji poczt\u0105 elektroniczn\u0105 w ci\u0105gu 24 godzin od zakupu.<\/li>\n<li>Je\u015bli chcesz korzysta\u0107 z wizualizacji w \u015brodowisku komercyjnym dla klient\u00f3w zewn\u0119trznych, skontaktuj si\u0119 z nami za po\u015brednictwem poczty e-mail <u><a href=\"mailto:info@leaplytics.de\">info@leaplytics.de<\/a><\/u>.<\/li>\n<\/ul>","protected":false},"featured_media":64,"template":"","meta":[],"product_brand":[],"product_cat":[19],"product_tag":[],"class_list":{"0":"post-70","1":"product","2":"type-product","3":"status-publish","4":"has-post-thumbnail","6":"product_cat-bi-visual","7":"latest_post","9":"first","10":"instock","11":"sale","12":"taxable","13":"shipping-taxable","14":"purchasable","15":"product-type-variable"},"yoast_head":"<!-- This site is optimized with the Yoast SEO plugin v25.6 - https:\/\/yoast.com\/wordpress\/plugins\/seo\/ -->\n<title>Traffic Light Visual - LeapLytics&#039; Shop<\/title>\n<meta name=\"robots\" content=\"index, follow, max-snippet:-1, max-image-preview:large, max-video-preview:-1\" \/>\n<link rel=\"canonical\" href=\"https:\/\/shop.leaplytics.de\/pl\/product\/zasilanie-bi-sygnalizacja-swietlna\/\" \/>\n<meta property=\"og:locale\" content=\"pl_PL\" \/>\n<meta property=\"og:type\" content=\"article\" \/>\n<meta property=\"og:title\" content=\"Traffic Light Visual - LeapLytics&#039; Shop\" \/>\n<meta property=\"og:description\" content=\"Track your key performance indicators (KPIs) with our Traffic Light for Power BI and Qlik Sense. This visual allows you to see the status at a glance.  Description:   Annual or multi-year license  You can use a license for one company (single legal entity) or a group\/holding (multiple legal entities).     30-Day Risk-Free Guarantee + Lifetime Price Lock  Expect to receive your license code via email within 24 hours of your purchase.  If you want to use the visual in a commercial environment for your external customers, please contact us via mail info@leaplytics.de.\" \/>\n<meta property=\"og:url\" content=\"https:\/\/shop.leaplytics.de\/pl\/product\/zasilanie-bi-sygnalizacja-swietlna\/\" \/>\n<meta property=\"og:site_name\" content=\"LeapLytics&#039; Shop\" \/>\n<meta property=\"article:modified_time\" content=\"2026-03-05T20:01:50+00:00\" \/>\n<meta property=\"og:image\" content=\"https:\/\/shop.leaplytics.de\/wp-content\/uploads\/2022\/05\/First_Slice_Traffic_Light_PowerBI-1024x576-1.png\" \/>\n\t<meta property=\"og:image:width\" content=\"1024\" \/>\n\t<meta property=\"og:image:height\" content=\"576\" \/>\n\t<meta property=\"og:image:type\" content=\"image\/png\" \/>\n<meta name=\"twitter:card\" content=\"summary_large_image\" \/>\n<meta name=\"twitter:label1\" content=\"Szacowany czas czytania\" \/>\n\t<meta name=\"twitter:data1\" content=\"1 minuta\" \/>\n<script type=\"application\/ld+json\" class=\"yoast-schema-graph\">{\"@context\":\"https:\/\/schema.org\",\"@graph\":[{\"@type\":\"WebPage\",\"@id\":\"https:\/\/shop.leaplytics.de\/product\/power-bi-traffic-light\/\",\"url\":\"https:\/\/shop.leaplytics.de\/product\/power-bi-traffic-light\/\",\"name\":\"Traffic Light Visual - LeapLytics&#039; Shop\",\"isPartOf\":{\"@id\":\"https:\/\/shop.leaplytics.de\/pt_br\/#website\"},\"primaryImageOfPage\":{\"@id\":\"https:\/\/shop.leaplytics.de\/product\/power-bi-traffic-light\/#primaryimage\"},\"image\":{\"@id\":\"https:\/\/shop.leaplytics.de\/product\/power-bi-traffic-light\/#primaryimage\"},\"thumbnailUrl\":\"https:\/\/shop.leaplytics.de\/wp-content\/uploads\/2022\/05\/First_Slice_Traffic_Light_PowerBI-1024x576-1.png\",\"datePublished\":\"2022-05-07T14:12:48+00:00\",\"dateModified\":\"2026-03-05T20:01:50+00:00\",\"breadcrumb\":{\"@id\":\"https:\/\/shop.leaplytics.de\/product\/power-bi-traffic-light\/#breadcrumb\"},\"inLanguage\":\"pl-PL\",\"potentialAction\":[{\"@type\":\"ReadAction\",\"target\":[\"https:\/\/shop.leaplytics.de\/product\/power-bi-traffic-light\/\"]}]},{\"@type\":\"ImageObject\",\"inLanguage\":\"pl-PL\",\"@id\":\"https:\/\/shop.leaplytics.de\/product\/power-bi-traffic-light\/#primaryimage\",\"url\":\"https:\/\/shop.leaplytics.de\/wp-content\/uploads\/2022\/05\/First_Slice_Traffic_Light_PowerBI-1024x576-1.png\",\"contentUrl\":\"https:\/\/shop.leaplytics.de\/wp-content\/uploads\/2022\/05\/First_Slice_Traffic_Light_PowerBI-1024x576-1.png\",\"width\":1024,\"height\":576},{\"@type\":\"BreadcrumbList\",\"@id\":\"https:\/\/shop.leaplytics.de\/product\/power-bi-traffic-light\/#breadcrumb\",\"itemListElement\":[{\"@type\":\"ListItem\",\"position\":1,\"name\":\"Home\",\"item\":\"https:\/\/shop.leaplytics.de\/\"},{\"@type\":\"ListItem\",\"position\":2,\"name\":\"Shop\",\"item\":\"https:\/\/shop.leaplytics.de\/\"},{\"@type\":\"ListItem\",\"position\":3,\"name\":\"Traffic Light Visual\"}]},{\"@type\":\"WebSite\",\"@id\":\"https:\/\/shop.leaplytics.de\/pt_br\/#website\",\"url\":\"https:\/\/shop.leaplytics.de\/pt_br\/\",\"name\":\"LeapLytics' Shop\",\"description\":\"leap reporting solutions\",\"potentialAction\":[{\"@type\":\"SearchAction\",\"target\":{\"@type\":\"EntryPoint\",\"urlTemplate\":\"https:\/\/shop.leaplytics.de\/pt_br\/?s={search_term_string}\"},\"query-input\":{\"@type\":\"PropertyValueSpecification\",\"valueRequired\":true,\"valueName\":\"search_term_string\"}}],\"inLanguage\":\"pl-PL\"}]}<\/script>\n<!-- \/ Yoast SEO plugin. -->","yoast_head_json":{"title":"Wizualizacja sygnalizacji \u015bwietlnej - Sklep LeapLytics","robots":{"index":"index","follow":"follow","max-snippet":"max-snippet:-1","max-image-preview":"max-image-preview:large","max-video-preview":"max-video-preview:-1"},"canonical":"https:\/\/shop.leaplytics.de\/pl\/product\/zasilanie-bi-sygnalizacja-swietlna\/","og_locale":"pl_PL","og_type":"article","og_title":"Traffic Light Visual - LeapLytics&#039; Shop","og_description":"Track your key performance indicators (KPIs) with our Traffic Light for Power BI and Qlik Sense. This visual allows you to see the status at a glance.  Description:   Annual or multi-year license  You can use a license for one company (single legal entity) or a group\/holding (multiple legal entities).     30-Day Risk-Free Guarantee + Lifetime Price Lock  Expect to receive your license code via email within 24 hours of your purchase.  If you want to use the visual in a commercial environment for your external customers, please contact us via mail info@leaplytics.de.","og_url":"https:\/\/shop.leaplytics.de\/pl\/product\/zasilanie-bi-sygnalizacja-swietlna\/","og_site_name":"LeapLytics&#039; Shop","article_modified_time":"2026-03-05T20:01:50+00:00","og_image":[{"width":1024,"height":576,"url":"https:\/\/shop.leaplytics.de\/wp-content\/uploads\/2022\/05\/First_Slice_Traffic_Light_PowerBI-1024x576-1.png","type":"image\/png"}],"twitter_card":"summary_large_image","twitter_misc":{"Szacowany czas czytania":"1 minuta"},"schema":{"@context":"https:\/\/schema.org","@graph":[{"@type":"WebPage","@id":"https:\/\/shop.leaplytics.de\/product\/power-bi-traffic-light\/","url":"https:\/\/shop.leaplytics.de\/product\/power-bi-traffic-light\/","name":"Wizualizacja sygnalizacji \u015bwietlnej - Sklep LeapLytics","isPartOf":{"@id":"https:\/\/shop.leaplytics.de\/pt_br\/#website"},"primaryImageOfPage":{"@id":"https:\/\/shop.leaplytics.de\/product\/power-bi-traffic-light\/#primaryimage"},"image":{"@id":"https:\/\/shop.leaplytics.de\/product\/power-bi-traffic-light\/#primaryimage"},"thumbnailUrl":"https:\/\/shop.leaplytics.de\/wp-content\/uploads\/2022\/05\/First_Slice_Traffic_Light_PowerBI-1024x576-1.png","datePublished":"2022-05-07T14:12:48+00:00","dateModified":"2026-03-05T20:01:50+00:00","breadcrumb":{"@id":"https:\/\/shop.leaplytics.de\/product\/power-bi-traffic-light\/#breadcrumb"},"inLanguage":"pl-PL","potentialAction":[{"@type":"ReadAction","target":["https:\/\/shop.leaplytics.de\/product\/power-bi-traffic-light\/"]}]},{"@type":"ImageObject","inLanguage":"pl-PL","@id":"https:\/\/shop.leaplytics.de\/product\/power-bi-traffic-light\/#primaryimage","url":"https:\/\/shop.leaplytics.de\/wp-content\/uploads\/2022\/05\/First_Slice_Traffic_Light_PowerBI-1024x576-1.png","contentUrl":"https:\/\/shop.leaplytics.de\/wp-content\/uploads\/2022\/05\/First_Slice_Traffic_Light_PowerBI-1024x576-1.png","width":1024,"height":576},{"@type":"BreadcrumbList","@id":"https:\/\/shop.leaplytics.de\/product\/power-bi-traffic-light\/#breadcrumb","itemListElement":[{"@type":"ListItem","position":1,"name":"Home","item":"https:\/\/shop.leaplytics.de\/"},{"@type":"ListItem","position":2,"name":"Shop","item":"https:\/\/shop.leaplytics.de\/"},{"@type":"ListItem","position":3,"name":"Traffic Light Visual"}]},{"@type":"WebSite","@id":"https:\/\/shop.leaplytics.de\/pt_br\/#website","url":"https:\/\/shop.leaplytics.de\/pt_br\/","name":"Sklep LeapLytics","description":"Rozwi\u0105zania do raportowania skok\u00f3w","potentialAction":[{"@type":"SearchAction","target":{"@type":"EntryPoint","urlTemplate":"https:\/\/shop.leaplytics.de\/pt_br\/?s={search_term_string}"},"query-input":{"@type":"PropertyValueSpecification","valueRequired":true,"valueName":"search_term_string"}}],"inLanguage":"pl-PL"}]}},"_links":{"self":[{"href":"https:\/\/shop.leaplytics.de\/pl\/wp-json\/wp\/v2\/product\/70","targetHints":{"allow":["GET"]}}],"collection":[{"href":"https:\/\/shop.leaplytics.de\/pl\/wp-json\/wp\/v2\/product"}],"about":[{"href":"https:\/\/shop.leaplytics.de\/pl\/wp-json\/wp\/v2\/types\/product"}],"wp:featuredmedia":[{"embeddable":true,"href":"https:\/\/shop.leaplytics.de\/pl\/wp-json\/wp\/v2\/media\/64"}],"wp:attachment":[{"href":"https:\/\/shop.leaplytics.de\/pl\/wp-json\/wp\/v2\/media?parent=70"}],"wp:term":[{"taxonomy":"product_brand","embeddable":true,"href":"https:\/\/shop.leaplytics.de\/pl\/wp-json\/wp\/v2\/product_brand?post=70"},{"taxonomy":"product_cat","embeddable":true,"href":"https:\/\/shop.leaplytics.de\/pl\/wp-json\/wp\/v2\/product_cat?post=70"},{"taxonomy":"product_tag","embeddable":true,"href":"https:\/\/shop.leaplytics.de\/pl\/wp-json\/wp\/v2\/product_tag?post=70"}],"curies":[{"name":"wp","href":"https:\/\/api.w.org\/{rel}","templated":true}]}}