{"id":266,"date":"2022-06-17T16:52:45","date_gmt":"2022-06-17T16:52:45","guid":{"rendered":"https:\/\/shop.leaplytics.de\/?page_id=266"},"modified":"2025-05-27T12:30:33","modified_gmt":"2025-05-27T12:30:33","slug":"wycena","status":"publish","type":"page","link":"https:\/\/shop.leaplytics.de\/pl\/wycena\/","title":{"rendered":"Wycena"},"content":{"rendered":"<p>W LeapLytics wierzymy, \u017ce licencjonowanie powinno u\u0142atwia\u0107 \u017cycie. <strong>\u0142atwiejszy<\/strong>a nie bardziej skomplikowane. W\u0142a\u015bnie dlatego zaprojektowali\u015bmy <strong>Prosty, uczciwy model licencjonowania<\/strong> dla naszych wizualizacji - bez limit\u00f3w u\u017cytkownika, bez b\u00f3lu g\u0142owy, bez niespodzianek.<\/p>\n\n\n\n<h3 class=\"wp-block-heading\">Dlaczego nie ma licencjonowania opartego na u\u017cytkownikach?<\/h3>\n\n\n\n<p>B\u0105d\u017amy szczerzy: licencjonowanie oparte na u\u017cytkownikach cz\u0119sto powoduje wi\u0119cej problem\u00f3w ni\u017c rozwi\u0105zuje.<\/p>\n\n\n\n<p>Gdy wi\u0119cej os\u00f3b musi wy\u015bwietli\u0107 pulpit nawigacyjny ni\u017c jest dost\u0119pnych licencji, frustracja szybko narasta. Jest jeszcze gorzej, gdy zablokowany jest kluczowy decydent. Sami byli\u015bmy w takiej sytuacji - jako u\u017cytkownicy wizualizacji i dodatk\u00f3w. W\u0142a\u015bnie tego chcemy unikn\u0105\u0107.<\/p>\n\n\n\n<p>Do tego dochodz\u0105 ukryte koszty: niespodziewane faktury za \"nieautoryzowanych u\u017cytkownik\u00f3w\", kt\u00f3rych nikt nie przewidzia\u0142? Nie z nami.<\/p>\n\n\n\n<h3 class=\"wp-block-heading\">Bezpieczna gwarancja<\/h3>\n\n\n\n<p>Aby\u015b m\u00f3g\u0142 podj\u0105\u0107 decyzj\u0119 bez ryzyka: oferujemy <strong>30-dniowa gwarancja zwrotu pieni\u0119dzy<\/strong>.<\/p>\n\n\n\n<p>Je\u015bli wizualizacja nie zapewni oczekiwanej warto\u015bci, po prostu poinformuj nas o tym w ci\u0105gu 30 dni - dokonamy pe\u0142nego zwrotu pieni\u0119dzy, <strong>bez zadawania pyta\u0144<\/strong>.<\/p>\n\n\n\n<h3 class=\"wp-block-heading\">Nasza obietnica: \u017cadnych ogranicze\u0144. \u017badnych niespodzianek.<\/h3>\n\n\n\n<p>Dzi\u0119ki LeapLytics otrzymujesz <strong>licencja firmy lub holdingu\/grupy<\/strong>. Oznacza to:<\/p>\n\n\n\n<p>Nieograniczona liczba u\u017cytkownik\u00f3w<br>Nieograniczone pulpity nawigacyjne<br>Nieograniczone efekty wizualne<\/p>\n\n\n\n<p>Korzystaj z naszych wizualizacji gdziekolwiek i jakkolwiek potrzebujesz - <strong>bez drobnego druku<\/strong>.<\/p>\n\n\n\n<h3 class=\"wp-block-heading\">Proste, przejrzyste ceny<\/h3>\n\n\n\n<p>Szukasz d\u0142ugoterminowych oszcz\u0119dno\u015bci? Mamy co\u015b dla Ciebie:<\/p>\n\n\n\n<ul class=\"wp-block-list\">\n<li><strong>Licencja na 2 lata<\/strong> \u2192 +6 miesi\u0119cy za darmo<\/li>\n\n\n\n<li><strong>Licencja na 3 lata<\/strong> \u2192 +12 miesi\u0119cy za darmo<\/li>\n<\/ul>\n\n\n\n<p>Jest to \u015bwietna opcja, gdy wiesz, \u017ce wizualizacja odpowiada Twoim potrzebom w codziennej pracy.<\/p>\n\n\n\n<p>W lewym dolnym rogu strony sklepu mo\u017cesz zmieni\u0107 walut\u0119, aby dopasowa\u0107 j\u0105 do swoich preferencji.<\/p>\n\n\n\n<h3 class=\"wp-block-heading\">Jak uzyska\u0107 licencj\u0119<\/h3>\n\n\n\n<p>Istniej\u0105 dwa proste sposoby post\u0119powania:<\/p>\n\n\n\n<h4 class=\"wp-block-heading\">Opcja 1: Oferta i faktura<\/h4>\n\n\n\n<ul class=\"wp-block-list\">\n<li>Skontaktuj si\u0119 z nami pod adresem <strong><a href=\"mailto:info@leaplytics.de\">info@leaplytics.de<\/a>.<\/strong> Prze\u015blemy formaln\u0105 wycen\u0119.<\/li>\n\n\n\n<li>Po zaakceptowaniu otrzymasz klucz licencyjny i faktur\u0119.<\/li>\n\n\n\n<li>P\u0142atno\u015b\u0107 dokonywana jest przelewem bankowym w EUR.<\/li>\n<\/ul>\n\n\n\n<h4 class=\"wp-block-heading\">Opcja 2: Zakup online<\/h4>\n\n\n\n<ul class=\"wp-block-list\">\n<li>Zam\u00f3w bezpo\u015brednio w naszym sklepie.<\/li>\n\n\n\n<li>Zap\u0142a\u0107 za pomoc\u0105 g\u0142\u00f3wnych kart kredytowych lub PayPal.<\/li>\n\n\n\n<li>Wybierz preferowan\u0105 walut\u0119.<\/li>\n<\/ul>\n\n\n\n<h3 class=\"wp-block-heading\">Nie jest wymagana dodatkowa konfiguracja dla widz\u00f3w<\/h3>\n\n\n\n<p>Cz\u0142onkowie zespo\u0142u nie musz\u0105 niczego instalowa\u0107 ani aktywowa\u0107. Po opublikowaniu raportu z wizualizacj\u0105 dzia\u0142a on dla wszystkich w organizacji. Nie jest wymagana osobna konfiguracja.<\/p>","protected":false},"excerpt":{"rendered":"<p>W LeapLytics wierzymy, \u017ce licencjonowanie powinno u\u0142atwia\u0107 \u017cycie, a nie je komplikowa\u0107. W\u0142a\u015bnie dlatego opracowali\u015bmy prosty, uczciwy model licencjonowania naszych wizualizacji - bez limit\u00f3w u\u017cytkownik\u00f3w, bez b\u00f3lu g\u0142owy i bez niespodzianek. Dlaczego nie ma licencji opartych na u\u017cytkownikach? B\u0105d\u017amy szczerzy: licencjonowanie oparte na u\u017cytkownikach cz\u0119sto powoduje wi\u0119cej problem\u00f3w ni\u017c rozwi\u0105zuje. Gdy wi\u0119cej os\u00f3b potrzebuje ... <\/p>","protected":false},"author":4,"featured_media":0,"parent":0,"menu_order":0,"comment_status":"closed","ping_status":"closed","template":"","meta":{"footnotes":""},"class_list":["post-266","page","type-page","status-publish","hentry","latest_post"],"yoast_head":"<!-- This site is optimized with the Yoast SEO plugin v25.6 - https:\/\/yoast.com\/wordpress\/plugins\/seo\/ -->\n<title>Pricing - LeapLytics&#039; Shop<\/title>\n<meta name=\"robots\" content=\"index, follow, max-snippet:-1, max-image-preview:large, max-video-preview:-1\" \/>\n<link rel=\"canonical\" href=\"https:\/\/shop.leaplytics.de\/pl\/wycena\/\" \/>\n<meta property=\"og:locale\" content=\"pl_PL\" \/>\n<meta property=\"og:type\" content=\"article\" \/>\n<meta property=\"og:title\" content=\"Pricing - LeapLytics&#039; Shop\" \/>\n<meta property=\"og:description\" content=\"At LeapLytics, we believe that licensing should make your life easier, not more complicated. That\u2019s why we\u2019ve designed a simple, fair licensing model for our visuals \u2013 no user limits, no headaches, no surprises. Why no user-based licensing? Let\u2019s be honest: User-based licensing often causes more problems than it solves. When more people need to &hellip;\" \/>\n<meta property=\"og:url\" content=\"https:\/\/shop.leaplytics.de\/pl\/wycena\/\" \/>\n<meta property=\"og:site_name\" content=\"LeapLytics&#039; Shop\" \/>\n<meta property=\"article:modified_time\" content=\"2025-05-27T12:30:33+00:00\" \/>\n<meta name=\"twitter:card\" content=\"summary_large_image\" \/>\n<meta name=\"twitter:label1\" content=\"Szacowany czas czytania\" \/>\n\t<meta name=\"twitter:data1\" content=\"2 minuty\" \/>\n<script type=\"application\/ld+json\" class=\"yoast-schema-graph\">{\"@context\":\"https:\/\/schema.org\",\"@graph\":[{\"@type\":\"WebPage\",\"@id\":\"https:\/\/shop.leaplytics.de\/pricing\/\",\"url\":\"https:\/\/shop.leaplytics.de\/pricing\/\",\"name\":\"Pricing - LeapLytics&#039; Shop\",\"isPartOf\":{\"@id\":\"https:\/\/shop.leaplytics.de\/pt_br\/#website\"},\"datePublished\":\"2022-06-17T16:52:45+00:00\",\"dateModified\":\"2025-05-27T12:30:33+00:00\",\"breadcrumb\":{\"@id\":\"https:\/\/shop.leaplytics.de\/pricing\/#breadcrumb\"},\"inLanguage\":\"pl-PL\",\"potentialAction\":[{\"@type\":\"ReadAction\",\"target\":[\"https:\/\/shop.leaplytics.de\/pricing\/\"]}]},{\"@type\":\"BreadcrumbList\",\"@id\":\"https:\/\/shop.leaplytics.de\/pricing\/#breadcrumb\",\"itemListElement\":[{\"@type\":\"ListItem\",\"position\":1,\"name\":\"Home\",\"item\":\"https:\/\/shop.leaplytics.de\/\"},{\"@type\":\"ListItem\",\"position\":2,\"name\":\"Pricing\"}]},{\"@type\":\"WebSite\",\"@id\":\"https:\/\/shop.leaplytics.de\/pt_br\/#website\",\"url\":\"https:\/\/shop.leaplytics.de\/pt_br\/\",\"name\":\"LeapLytics' Shop\",\"description\":\"leap reporting solutions\",\"potentialAction\":[{\"@type\":\"SearchAction\",\"target\":{\"@type\":\"EntryPoint\",\"urlTemplate\":\"https:\/\/shop.leaplytics.de\/pt_br\/?s={search_term_string}\"},\"query-input\":{\"@type\":\"PropertyValueSpecification\",\"valueRequired\":true,\"valueName\":\"search_term_string\"}}],\"inLanguage\":\"pl-PL\"}]}<\/script>\n<!-- \/ Yoast SEO plugin. -->","yoast_head_json":{"title":"Cennik - Sklep LeapLytics","robots":{"index":"index","follow":"follow","max-snippet":"max-snippet:-1","max-image-preview":"max-image-preview:large","max-video-preview":"max-video-preview:-1"},"canonical":"https:\/\/shop.leaplytics.de\/pl\/wycena\/","og_locale":"pl_PL","og_type":"article","og_title":"Pricing - LeapLytics&#039; Shop","og_description":"At LeapLytics, we believe that licensing should make your life easier, not more complicated. That\u2019s why we\u2019ve designed a simple, fair licensing model for our visuals \u2013 no user limits, no headaches, no surprises. Why no user-based licensing? Let\u2019s be honest: User-based licensing often causes more problems than it solves. When more people need to &hellip;","og_url":"https:\/\/shop.leaplytics.de\/pl\/wycena\/","og_site_name":"LeapLytics&#039; Shop","article_modified_time":"2025-05-27T12:30:33+00:00","twitter_card":"summary_large_image","twitter_misc":{"Szacowany czas czytania":"2 minuty"},"schema":{"@context":"https:\/\/schema.org","@graph":[{"@type":"WebPage","@id":"https:\/\/shop.leaplytics.de\/pricing\/","url":"https:\/\/shop.leaplytics.de\/pricing\/","name":"Cennik - Sklep LeapLytics","isPartOf":{"@id":"https:\/\/shop.leaplytics.de\/pt_br\/#website"},"datePublished":"2022-06-17T16:52:45+00:00","dateModified":"2025-05-27T12:30:33+00:00","breadcrumb":{"@id":"https:\/\/shop.leaplytics.de\/pricing\/#breadcrumb"},"inLanguage":"pl-PL","potentialAction":[{"@type":"ReadAction","target":["https:\/\/shop.leaplytics.de\/pricing\/"]}]},{"@type":"BreadcrumbList","@id":"https:\/\/shop.leaplytics.de\/pricing\/#breadcrumb","itemListElement":[{"@type":"ListItem","position":1,"name":"Home","item":"https:\/\/shop.leaplytics.de\/"},{"@type":"ListItem","position":2,"name":"Pricing"}]},{"@type":"WebSite","@id":"https:\/\/shop.leaplytics.de\/pt_br\/#website","url":"https:\/\/shop.leaplytics.de\/pt_br\/","name":"Sklep LeapLytics","description":"Rozwi\u0105zania do raportowania skok\u00f3w","potentialAction":[{"@type":"SearchAction","target":{"@type":"EntryPoint","urlTemplate":"https:\/\/shop.leaplytics.de\/pt_br\/?s={search_term_string}"},"query-input":{"@type":"PropertyValueSpecification","valueRequired":true,"valueName":"search_term_string"}}],"inLanguage":"pl-PL"}]}},"_links":{"self":[{"href":"https:\/\/shop.leaplytics.de\/pl\/wp-json\/wp\/v2\/pages\/266","targetHints":{"allow":["GET"]}}],"collection":[{"href":"https:\/\/shop.leaplytics.de\/pl\/wp-json\/wp\/v2\/pages"}],"about":[{"href":"https:\/\/shop.leaplytics.de\/pl\/wp-json\/wp\/v2\/types\/page"}],"author":[{"embeddable":true,"href":"https:\/\/shop.leaplytics.de\/pl\/wp-json\/wp\/v2\/users\/4"}],"replies":[{"embeddable":true,"href":"https:\/\/shop.leaplytics.de\/pl\/wp-json\/wp\/v2\/comments?post=266"}],"version-history":[{"count":0,"href":"https:\/\/shop.leaplytics.de\/pl\/wp-json\/wp\/v2\/pages\/266\/revisions"}],"wp:attachment":[{"href":"https:\/\/shop.leaplytics.de\/pl\/wp-json\/wp\/v2\/media?parent=266"}],"curies":[{"name":"wp","href":"https:\/\/api.w.org\/{rel}","templated":true}]}}