{"id":2215,"date":"2024-12-09T13:55:51","date_gmt":"2024-12-09T13:55:51","guid":{"rendered":"https:\/\/shop.leaplytics.de\/?page_id=2215"},"modified":"2026-03-05T19:58:24","modified_gmt":"2026-03-05T19:58:24","slug":"gwarancja","status":"publish","type":"page","link":"https:\/\/shop.leaplytics.de\/pl\/gwarancja\/","title":{"rendered":"Gwarancja"},"content":{"rendered":"<h3 class=\"wp-block-heading\">Gwarancja LeapLytics bez ryzyka i do\u017cywotnia blokada ceny<\/h3>\n\n\n\n<p>Mia\u0142e\u015b ju\u017c okazj\u0119 zapozna\u0107 si\u0119 z naszymi wizualizacjami za darmo. Teraz nadszed\u0142 czas, aby odblokowa\u0107 <strong>pe\u0142ny dost\u0119p dla ca\u0142ej organizacji - przy zerowym ryzyku.<\/strong><\/p>\n\n<p><strong>30-dniowa gwarancja zwrotu pieni\u0119dzy:<\/strong> Je\u015bli LeapLytics nie pomo\u017ce Twojemu zespo\u0142owi <strong>Szybsze zrozumienie z\u0142o\u017conych danych<\/strong> i zrobi\u0107 <strong>lepsze decyzje<\/strong> w ci\u0105gu pierwszych 30 dni, po prostu napisz do nas, a my wystawimy <strong>100% refundacja<\/strong>. <strong>Brak formularzy. \u017badnych tar\u0107. \u017badnych pyta\u0144.<\/strong><\/p>\n\n<p><strong>Do\u017cywotnia blokada ceny:<\/strong> Gdy u\u017cytkownik zostanie klientem, jego cena jest <strong>zablokowany na sta\u0142e<\/strong> - b\u0119dziesz <strong>Nigdy nie p\u0142a\u0107 wi\u0119cej<\/strong>nawet je\u015bli nasze ceny wzrosn\u0105 w przysz\u0142o\u015bci.<\/p>\n\n<p>Jedyn\u0105 mo\u017cliw\u0105 korekt\u0105 mo\u017ce by\u0107 <strong>wahania kurs\u00f3w wymiany walut<\/strong>. Nigdy nie dodajemy dop\u0142at ani mar\u017c - wszelkie korekty zwi\u0105zane z walut\u0105 s\u0105 odzwierciedlane <strong>przejrzy\u015bcie w naszym sklepie internetowym<\/strong> i stosowane dok\u0142adnie w momencie ich wyst\u0105pienia.<\/p>\n\n<p><strong>Brak ukrytych op\u0142at. Brak op\u0142at za u\u017cytkownika. Brak niespodziewanych aktualizacji.<\/strong> Zapewniasz sobie dzisiejsz\u0105 cen\u0119, jednocze\u015bnie korzystaj\u0105c ze wszystkich przysz\u0142ych ulepsze\u0144.<\/p>\n\n\n\n<h3 class=\"wp-block-heading\">Dlaczego zespo\u0142y wybieraj\u0105 LeapLytics<\/h3>\n\n\n\n<p>\n\u2705 <strong>Ekskluzywne, wysokowydajne wizualizacje Power BI<\/strong> nie znajdziesz nigdzie indziej<br>\n\u2705 <strong>Nieograniczona liczba u\u017cytkownik\u00f3w, pulpit\u00f3w nawigacyjnych i raport\u00f3w<\/strong> - brak cen za u\u017cytkownika<br>\n\u2705 <strong>Stworzony do szybszego podejmowania decyzji<\/strong> - Bardziej przejrzysty wgl\u0105d przy mniejszej liczbie klikni\u0119\u0107<br>\n\u2705 <strong>Natychmiastowe wdro\u017cenie<\/strong> - Opublikuj raz i b\u0119dzie dzia\u0142a\u0107 dla ca\u0142ej organizacji<br>\n\u2705 <strong>Stworzony dla skalowalnych wdro\u017ce\u0144<\/strong> - sp\u00f3jne wizualizacje w zespo\u0142ach i raportach\n<\/p>\n\n\n\n<p>Je\u015bli nasze wizualizacje nie zapewni\u0105 oczekiwanej warto\u015bci, zwr\u00f3cimy pieni\u0105dze za zakup. <strong>Nie chcemy twoich pieni\u0119dzy<\/strong> chyba \u017ce na to zas\u0142u\u017cymy.<\/p>\n\n\n\n<h3 class=\"wp-block-heading\">Jak dzia\u0142a gwarancja<\/h3>\n\n\n\n<p>\n1\ufe0f\u20e3 Aktywacja pe\u0142nej licencji - poprzez wycen\u0119 lub bezpo\u015bredni zakup.<br>\n2\ufe0f\u20e3 Wdra\u017caj go w pulpitach nawigacyjnych, raportach i zespo\u0142ach - wykorzystaj go do prawdziwej pracy.<br>\n3\ufe0f\u20e3 Je\u015bli nie b\u0119dziesz zadowolony w ci\u0105gu 30 dni, napisz do nas, aby uzyska\u0107 <strong>pe\u0142ny zwrot pieni\u0119dzy<\/strong>. <strong>Bez k\u0142opot\u00f3w. Bez ryzyka.<\/strong><br>\n4\ufe0f\u20e3 Zachowaj aktywn\u0105 licencj\u0119 i <strong>cena pozostaje zablokowana<\/strong> - na zawsze.\n<\/p>\n\n\n\n<h3 class=\"wp-block-heading\">Zabezpiecz swoj\u0105 licencj\u0119 i zablokuj dzisiejsz\u0105 cen\u0119<\/h3>\n\n\n\n<p>\n\ud83d\udc49 <strong>Pro\u015bba o wycen\u0119:<\/strong> <a href=\"mailto:info@leaplytics.de\"><strong>info@leaplytics.de<\/strong><\/a><br>\n\ud83d\udc49 <strong>Lub zam\u00f3w licencj\u0119 bezpo\u015brednio w sklepie<\/strong>\n<\/p>\n\n\n\n<p>Ulepsz swoje raporty Power BI dzi\u0119ki bardziej przejrzystym wizualizacjom i szybszym analizom - <strong>bez ryzyka.<\/strong><\/p>","protected":false},"excerpt":{"rendered":"<p>The LeapLytics Risk-Free &#038; Lifetime Price Lock Guarantee You\u2019ve already had the chance to explore our visuals for free. Now it\u2019s time to unlock full access for your entire organization \u2014 with zero risk. 30-Day Money-Back Guarantee: If LeapLytics doesn\u2019t help your team understand complex data faster and make better decisions within the first 30 &hellip; <\/p>","protected":false},"author":4,"featured_media":0,"parent":0,"menu_order":0,"comment_status":"closed","ping_status":"closed","template":"","meta":{"footnotes":""},"class_list":["post-2215","page","type-page","status-publish","hentry","latest_post"],"yoast_head":"<!-- This site is optimized with the Yoast SEO plugin v25.6 - https:\/\/yoast.com\/wordpress\/plugins\/seo\/ -->\n<title>Guarantee - LeapLytics&#039; Shop<\/title>\n<meta name=\"robots\" content=\"index, follow, max-snippet:-1, max-image-preview:large, max-video-preview:-1\" \/>\n<link rel=\"canonical\" href=\"https:\/\/shop.leaplytics.de\/pl\/gwarancja\/\" \/>\n<meta property=\"og:locale\" content=\"pl_PL\" \/>\n<meta property=\"og:type\" content=\"article\" \/>\n<meta property=\"og:title\" content=\"Guarantee - LeapLytics&#039; Shop\" \/>\n<meta property=\"og:description\" content=\"The LeapLytics Risk-Free &#038; Lifetime Price Lock Guarantee You\u2019ve already had the chance to explore our visuals for free. Now it\u2019s time to unlock full access for your entire organization \u2014 with zero risk. 30-Day Money-Back Guarantee: If LeapLytics doesn\u2019t help your team understand complex data faster and make better decisions within the first 30 &hellip;\" \/>\n<meta property=\"og:url\" content=\"https:\/\/shop.leaplytics.de\/pl\/gwarancja\/\" \/>\n<meta property=\"og:site_name\" content=\"LeapLytics&#039; Shop\" \/>\n<meta property=\"article:modified_time\" content=\"2026-03-05T19:58:24+00:00\" \/>\n<meta name=\"twitter:card\" content=\"summary_large_image\" \/>\n<meta name=\"twitter:label1\" content=\"Szacowany czas czytania\" \/>\n\t<meta name=\"twitter:data1\" content=\"2 minuty\" \/>\n<script type=\"application\/ld+json\" class=\"yoast-schema-graph\">{\"@context\":\"https:\/\/schema.org\",\"@graph\":[{\"@type\":\"WebPage\",\"@id\":\"https:\/\/shop.leaplytics.de\/guarantee\/\",\"url\":\"https:\/\/shop.leaplytics.de\/guarantee\/\",\"name\":\"Guarantee - LeapLytics&#039; Shop\",\"isPartOf\":{\"@id\":\"https:\/\/shop.leaplytics.de\/pt_br\/#website\"},\"datePublished\":\"2024-12-09T13:55:51+00:00\",\"dateModified\":\"2026-03-05T19:58:24+00:00\",\"breadcrumb\":{\"@id\":\"https:\/\/shop.leaplytics.de\/guarantee\/#breadcrumb\"},\"inLanguage\":\"pl-PL\",\"potentialAction\":[{\"@type\":\"ReadAction\",\"target\":[\"https:\/\/shop.leaplytics.de\/guarantee\/\"]}]},{\"@type\":\"BreadcrumbList\",\"@id\":\"https:\/\/shop.leaplytics.de\/guarantee\/#breadcrumb\",\"itemListElement\":[{\"@type\":\"ListItem\",\"position\":1,\"name\":\"Home\",\"item\":\"https:\/\/shop.leaplytics.de\/\"},{\"@type\":\"ListItem\",\"position\":2,\"name\":\"Guarantee\"}]},{\"@type\":\"WebSite\",\"@id\":\"https:\/\/shop.leaplytics.de\/pt_br\/#website\",\"url\":\"https:\/\/shop.leaplytics.de\/pt_br\/\",\"name\":\"LeapLytics' Shop\",\"description\":\"leap reporting solutions\",\"potentialAction\":[{\"@type\":\"SearchAction\",\"target\":{\"@type\":\"EntryPoint\",\"urlTemplate\":\"https:\/\/shop.leaplytics.de\/pt_br\/?s={search_term_string}\"},\"query-input\":{\"@type\":\"PropertyValueSpecification\",\"valueRequired\":true,\"valueName\":\"search_term_string\"}}],\"inLanguage\":\"pl-PL\"}]}<\/script>\n<!-- \/ Yoast SEO plugin. -->","yoast_head_json":{"title":"Gwarancja - Sklep LeapLytics","robots":{"index":"index","follow":"follow","max-snippet":"max-snippet:-1","max-image-preview":"max-image-preview:large","max-video-preview":"max-video-preview:-1"},"canonical":"https:\/\/shop.leaplytics.de\/pl\/gwarancja\/","og_locale":"pl_PL","og_type":"article","og_title":"Guarantee - LeapLytics&#039; Shop","og_description":"The LeapLytics Risk-Free &#038; Lifetime Price Lock Guarantee You\u2019ve already had the chance to explore our visuals for free. Now it\u2019s time to unlock full access for your entire organization \u2014 with zero risk. 30-Day Money-Back Guarantee: If LeapLytics doesn\u2019t help your team understand complex data faster and make better decisions within the first 30 &hellip;","og_url":"https:\/\/shop.leaplytics.de\/pl\/gwarancja\/","og_site_name":"LeapLytics&#039; Shop","article_modified_time":"2026-03-05T19:58:24+00:00","twitter_card":"summary_large_image","twitter_misc":{"Szacowany czas czytania":"2 minuty"},"schema":{"@context":"https:\/\/schema.org","@graph":[{"@type":"WebPage","@id":"https:\/\/shop.leaplytics.de\/guarantee\/","url":"https:\/\/shop.leaplytics.de\/guarantee\/","name":"Gwarancja - Sklep LeapLytics","isPartOf":{"@id":"https:\/\/shop.leaplytics.de\/pt_br\/#website"},"datePublished":"2024-12-09T13:55:51+00:00","dateModified":"2026-03-05T19:58:24+00:00","breadcrumb":{"@id":"https:\/\/shop.leaplytics.de\/guarantee\/#breadcrumb"},"inLanguage":"pl-PL","potentialAction":[{"@type":"ReadAction","target":["https:\/\/shop.leaplytics.de\/guarantee\/"]}]},{"@type":"BreadcrumbList","@id":"https:\/\/shop.leaplytics.de\/guarantee\/#breadcrumb","itemListElement":[{"@type":"ListItem","position":1,"name":"Home","item":"https:\/\/shop.leaplytics.de\/"},{"@type":"ListItem","position":2,"name":"Guarantee"}]},{"@type":"WebSite","@id":"https:\/\/shop.leaplytics.de\/pt_br\/#website","url":"https:\/\/shop.leaplytics.de\/pt_br\/","name":"Sklep LeapLytics","description":"Rozwi\u0105zania do raportowania skok\u00f3w","potentialAction":[{"@type":"SearchAction","target":{"@type":"EntryPoint","urlTemplate":"https:\/\/shop.leaplytics.de\/pt_br\/?s={search_term_string}"},"query-input":{"@type":"PropertyValueSpecification","valueRequired":true,"valueName":"search_term_string"}}],"inLanguage":"pl-PL"}]}},"_links":{"self":[{"href":"https:\/\/shop.leaplytics.de\/pl\/wp-json\/wp\/v2\/pages\/2215","targetHints":{"allow":["GET"]}}],"collection":[{"href":"https:\/\/shop.leaplytics.de\/pl\/wp-json\/wp\/v2\/pages"}],"about":[{"href":"https:\/\/shop.leaplytics.de\/pl\/wp-json\/wp\/v2\/types\/page"}],"author":[{"embeddable":true,"href":"https:\/\/shop.leaplytics.de\/pl\/wp-json\/wp\/v2\/users\/4"}],"replies":[{"embeddable":true,"href":"https:\/\/shop.leaplytics.de\/pl\/wp-json\/wp\/v2\/comments?post=2215"}],"version-history":[{"count":0,"href":"https:\/\/shop.leaplytics.de\/pl\/wp-json\/wp\/v2\/pages\/2215\/revisions"}],"wp:attachment":[{"href":"https:\/\/shop.leaplytics.de\/pl\/wp-json\/wp\/v2\/media?parent=2215"}],"curies":[{"name":"wp","href":"https:\/\/api.w.org\/{rel}","templated":true}]}}