{"id":70,"date":"2022-05-07T14:12:48","date_gmt":"2022-05-07T14:12:48","guid":{"rendered":"https:\/\/shop.leaplytics.de\/?post_type=product&#038;p=70"},"modified":"2026-03-05T20:01:50","modified_gmt":"2026-03-05T20:01:50","slug":"stroom-bi-stoplicht","status":"publish","type":"product","link":"https:\/\/shop.leaplytics.de\/nl\/product\/stroom-bi-stoplicht\/","title":{"rendered":"Verkeerslicht Visueel"},"content":{"rendered":"<p>Verkeerslicht Visueel<\/p>","protected":false},"excerpt":{"rendered":"<p>Volg uw belangrijkste prestatie-indicatoren (KPI's) met ons verkeerslicht voor Power BI en Qlik Sense. Met deze visual ziet u de status in \u00e9\u00e9n oogopslag.<\/p>\n<p><strong>Beschrijving:<\/strong><\/p>\n<ul>\n<li>Jaarlijkse of meerjarige licentie<\/li>\n<li>Je kunt een licentie gebruiken voor \u00e9\u00e9n bedrijf (\u00e9\u00e9n rechtspersoon) of een groep\/holding (meerdere rechtspersonen).<\/li>\n<li><u><a href=\"https:\/\/shop.leaplytics.de\/nl\/garantie\/\">30 dagen risicovrije garantie + levenslange prijsvergrendeling<\/a><\/u><\/li>\n<li>Verwacht je licentiecode binnen 24 uur na aankoop per e-mail te ontvangen.<\/li>\n<li>Als u de visual wilt gebruiken in een commerci\u00eble omgeving voor uw externe klanten, neem dan contact met ons op via e-mail <u><a href=\"mailto:info@leaplytics.de\">info@leaplytics.de<\/a><\/u>.<\/li>\n<\/ul>","protected":false},"featured_media":64,"template":"","meta":[],"product_brand":[],"product_cat":[19],"product_tag":[],"class_list":{"0":"post-70","1":"product","2":"type-product","3":"status-publish","4":"has-post-thumbnail","6":"product_cat-bi-visual","7":"latest_post","9":"first","10":"instock","11":"sale","12":"taxable","13":"shipping-taxable","14":"purchasable","15":"product-type-variable"},"yoast_head":"<!-- This site is optimized with the Yoast SEO plugin v25.6 - https:\/\/yoast.com\/wordpress\/plugins\/seo\/ -->\n<title>Traffic Light Visual - LeapLytics&#039; Shop<\/title>\n<meta name=\"robots\" content=\"index, follow, max-snippet:-1, max-image-preview:large, max-video-preview:-1\" \/>\n<link rel=\"canonical\" href=\"https:\/\/shop.leaplytics.de\/nl\/product\/stroom-bi-stoplicht\/\" \/>\n<meta property=\"og:locale\" content=\"nl_NL\" \/>\n<meta property=\"og:type\" content=\"article\" \/>\n<meta property=\"og:title\" content=\"Traffic Light Visual - LeapLytics&#039; Shop\" \/>\n<meta property=\"og:description\" content=\"Track your key performance indicators (KPIs) with our Traffic Light for Power BI and Qlik Sense. This visual allows you to see the status at a glance.  Description:   Annual or multi-year license  You can use a license for one company (single legal entity) or a group\/holding (multiple legal entities).     30-Day Risk-Free Guarantee + Lifetime Price Lock  Expect to receive your license code via email within 24 hours of your purchase.  If you want to use the visual in a commercial environment for your external customers, please contact us via mail info@leaplytics.de.\" \/>\n<meta property=\"og:url\" content=\"https:\/\/shop.leaplytics.de\/nl\/product\/stroom-bi-stoplicht\/\" \/>\n<meta property=\"og:site_name\" content=\"LeapLytics&#039; Shop\" \/>\n<meta property=\"article:modified_time\" content=\"2026-03-05T20:01:50+00:00\" \/>\n<meta property=\"og:image\" content=\"https:\/\/shop.leaplytics.de\/wp-content\/uploads\/2022\/05\/First_Slice_Traffic_Light_PowerBI-1024x576-1.png\" \/>\n\t<meta property=\"og:image:width\" content=\"1024\" \/>\n\t<meta property=\"og:image:height\" content=\"576\" \/>\n\t<meta property=\"og:image:type\" content=\"image\/png\" \/>\n<meta name=\"twitter:card\" content=\"summary_large_image\" \/>\n<meta name=\"twitter:label1\" content=\"Geschatte leestijd\" \/>\n\t<meta name=\"twitter:data1\" content=\"1 minuut\" \/>\n<script type=\"application\/ld+json\" class=\"yoast-schema-graph\">{\"@context\":\"https:\/\/schema.org\",\"@graph\":[{\"@type\":\"WebPage\",\"@id\":\"https:\/\/shop.leaplytics.de\/product\/power-bi-traffic-light\/\",\"url\":\"https:\/\/shop.leaplytics.de\/product\/power-bi-traffic-light\/\",\"name\":\"Traffic Light Visual - LeapLytics&#039; Shop\",\"isPartOf\":{\"@id\":\"https:\/\/shop.leaplytics.de\/pt_br\/#website\"},\"primaryImageOfPage\":{\"@id\":\"https:\/\/shop.leaplytics.de\/product\/power-bi-traffic-light\/#primaryimage\"},\"image\":{\"@id\":\"https:\/\/shop.leaplytics.de\/product\/power-bi-traffic-light\/#primaryimage\"},\"thumbnailUrl\":\"https:\/\/shop.leaplytics.de\/wp-content\/uploads\/2022\/05\/First_Slice_Traffic_Light_PowerBI-1024x576-1.png\",\"datePublished\":\"2022-05-07T14:12:48+00:00\",\"dateModified\":\"2026-03-05T20:01:50+00:00\",\"breadcrumb\":{\"@id\":\"https:\/\/shop.leaplytics.de\/product\/power-bi-traffic-light\/#breadcrumb\"},\"inLanguage\":\"nl-NL\",\"potentialAction\":[{\"@type\":\"ReadAction\",\"target\":[\"https:\/\/shop.leaplytics.de\/product\/power-bi-traffic-light\/\"]}]},{\"@type\":\"ImageObject\",\"inLanguage\":\"nl-NL\",\"@id\":\"https:\/\/shop.leaplytics.de\/product\/power-bi-traffic-light\/#primaryimage\",\"url\":\"https:\/\/shop.leaplytics.de\/wp-content\/uploads\/2022\/05\/First_Slice_Traffic_Light_PowerBI-1024x576-1.png\",\"contentUrl\":\"https:\/\/shop.leaplytics.de\/wp-content\/uploads\/2022\/05\/First_Slice_Traffic_Light_PowerBI-1024x576-1.png\",\"width\":1024,\"height\":576},{\"@type\":\"BreadcrumbList\",\"@id\":\"https:\/\/shop.leaplytics.de\/product\/power-bi-traffic-light\/#breadcrumb\",\"itemListElement\":[{\"@type\":\"ListItem\",\"position\":1,\"name\":\"Home\",\"item\":\"https:\/\/shop.leaplytics.de\/\"},{\"@type\":\"ListItem\",\"position\":2,\"name\":\"Shop\",\"item\":\"https:\/\/shop.leaplytics.de\/\"},{\"@type\":\"ListItem\",\"position\":3,\"name\":\"Traffic Light Visual\"}]},{\"@type\":\"WebSite\",\"@id\":\"https:\/\/shop.leaplytics.de\/pt_br\/#website\",\"url\":\"https:\/\/shop.leaplytics.de\/pt_br\/\",\"name\":\"LeapLytics' Shop\",\"description\":\"leap reporting solutions\",\"potentialAction\":[{\"@type\":\"SearchAction\",\"target\":{\"@type\":\"EntryPoint\",\"urlTemplate\":\"https:\/\/shop.leaplytics.de\/pt_br\/?s={search_term_string}\"},\"query-input\":{\"@type\":\"PropertyValueSpecification\",\"valueRequired\":true,\"valueName\":\"search_term_string\"}}],\"inLanguage\":\"nl-NL\"}]}<\/script>\n<!-- \/ Yoast SEO plugin. -->","yoast_head_json":{"title":"Visueel verkeerslicht - LeapLytics' Shop","robots":{"index":"index","follow":"follow","max-snippet":"max-snippet:-1","max-image-preview":"max-image-preview:large","max-video-preview":"max-video-preview:-1"},"canonical":"https:\/\/shop.leaplytics.de\/nl\/product\/stroom-bi-stoplicht\/","og_locale":"nl_NL","og_type":"article","og_title":"Traffic Light Visual - LeapLytics&#039; Shop","og_description":"Track your key performance indicators (KPIs) with our Traffic Light for Power BI and Qlik Sense. This visual allows you to see the status at a glance.  Description:   Annual or multi-year license  You can use a license for one company (single legal entity) or a group\/holding (multiple legal entities).     30-Day Risk-Free Guarantee + Lifetime Price Lock  Expect to receive your license code via email within 24 hours of your purchase.  If you want to use the visual in a commercial environment for your external customers, please contact us via mail info@leaplytics.de.","og_url":"https:\/\/shop.leaplytics.de\/nl\/product\/stroom-bi-stoplicht\/","og_site_name":"LeapLytics&#039; Shop","article_modified_time":"2026-03-05T20:01:50+00:00","og_image":[{"width":1024,"height":576,"url":"https:\/\/shop.leaplytics.de\/wp-content\/uploads\/2022\/05\/First_Slice_Traffic_Light_PowerBI-1024x576-1.png","type":"image\/png"}],"twitter_card":"summary_large_image","twitter_misc":{"Geschatte leestijd":"1 minuut"},"schema":{"@context":"https:\/\/schema.org","@graph":[{"@type":"WebPage","@id":"https:\/\/shop.leaplytics.de\/product\/power-bi-traffic-light\/","url":"https:\/\/shop.leaplytics.de\/product\/power-bi-traffic-light\/","name":"Visueel verkeerslicht - LeapLytics' Shop","isPartOf":{"@id":"https:\/\/shop.leaplytics.de\/pt_br\/#website"},"primaryImageOfPage":{"@id":"https:\/\/shop.leaplytics.de\/product\/power-bi-traffic-light\/#primaryimage"},"image":{"@id":"https:\/\/shop.leaplytics.de\/product\/power-bi-traffic-light\/#primaryimage"},"thumbnailUrl":"https:\/\/shop.leaplytics.de\/wp-content\/uploads\/2022\/05\/First_Slice_Traffic_Light_PowerBI-1024x576-1.png","datePublished":"2022-05-07T14:12:48+00:00","dateModified":"2026-03-05T20:01:50+00:00","breadcrumb":{"@id":"https:\/\/shop.leaplytics.de\/product\/power-bi-traffic-light\/#breadcrumb"},"inLanguage":"nl-NL","potentialAction":[{"@type":"ReadAction","target":["https:\/\/shop.leaplytics.de\/product\/power-bi-traffic-light\/"]}]},{"@type":"ImageObject","inLanguage":"nl-NL","@id":"https:\/\/shop.leaplytics.de\/product\/power-bi-traffic-light\/#primaryimage","url":"https:\/\/shop.leaplytics.de\/wp-content\/uploads\/2022\/05\/First_Slice_Traffic_Light_PowerBI-1024x576-1.png","contentUrl":"https:\/\/shop.leaplytics.de\/wp-content\/uploads\/2022\/05\/First_Slice_Traffic_Light_PowerBI-1024x576-1.png","width":1024,"height":576},{"@type":"BreadcrumbList","@id":"https:\/\/shop.leaplytics.de\/product\/power-bi-traffic-light\/#breadcrumb","itemListElement":[{"@type":"ListItem","position":1,"name":"Home","item":"https:\/\/shop.leaplytics.de\/"},{"@type":"ListItem","position":2,"name":"Shop","item":"https:\/\/shop.leaplytics.de\/"},{"@type":"ListItem","position":3,"name":"Traffic Light Visual"}]},{"@type":"WebSite","@id":"https:\/\/shop.leaplytics.de\/pt_br\/#website","url":"https:\/\/shop.leaplytics.de\/pt_br\/","name":"LeapLytics' Winkel","description":"leap rapportage oplossingen","potentialAction":[{"@type":"SearchAction","target":{"@type":"EntryPoint","urlTemplate":"https:\/\/shop.leaplytics.de\/pt_br\/?s={search_term_string}"},"query-input":{"@type":"PropertyValueSpecification","valueRequired":true,"valueName":"search_term_string"}}],"inLanguage":"nl-NL"}]}},"_links":{"self":[{"href":"https:\/\/shop.leaplytics.de\/nl\/wp-json\/wp\/v2\/product\/70","targetHints":{"allow":["GET"]}}],"collection":[{"href":"https:\/\/shop.leaplytics.de\/nl\/wp-json\/wp\/v2\/product"}],"about":[{"href":"https:\/\/shop.leaplytics.de\/nl\/wp-json\/wp\/v2\/types\/product"}],"wp:featuredmedia":[{"embeddable":true,"href":"https:\/\/shop.leaplytics.de\/nl\/wp-json\/wp\/v2\/media\/64"}],"wp:attachment":[{"href":"https:\/\/shop.leaplytics.de\/nl\/wp-json\/wp\/v2\/media?parent=70"}],"wp:term":[{"taxonomy":"product_brand","embeddable":true,"href":"https:\/\/shop.leaplytics.de\/nl\/wp-json\/wp\/v2\/product_brand?post=70"},{"taxonomy":"product_cat","embeddable":true,"href":"https:\/\/shop.leaplytics.de\/nl\/wp-json\/wp\/v2\/product_cat?post=70"},{"taxonomy":"product_tag","embeddable":true,"href":"https:\/\/shop.leaplytics.de\/nl\/wp-json\/wp\/v2\/product_tag?post=70"}],"curies":[{"name":"wp","href":"https:\/\/api.w.org\/{rel}","templated":true}]}}