{"id":1757,"date":"2023-07-31T18:25:24","date_gmt":"2023-07-31T18:25:24","guid":{"rendered":"https:\/\/shop.leaplytics.de\/?post_type=product&#038;p=1757"},"modified":"2026-03-05T20:01:28","modified_gmt":"2026-03-05T20:01:28","slug":"markdown-visningsprogram","status":"publish","type":"product","link":"https:\/\/shop.leaplytics.de\/nb\/product\/markdown-visningsprogram\/","title":{"rendered":"Markdown Viewer"},"content":{"rendered":"<p>Markdown Viewer<\/p>","protected":false},"excerpt":{"rendered":"<p><span data-offset-key=\"83auv-0-0\">Forbedre Power BI-rapportene og -instrumentbordene dine med v\u00e5r Markdown Viewer. V\u00e5r visualisering bringer kraften i Markdown til Power BI. Det gj\u00f8r at du kan innlemme stilisert innhold i visualiseringene dine.<\/span><\/p>\n<p><strong>Beskrivelse:<\/strong><\/p>\n<ul>\n<li>\u00c5rlig eller fler\u00e5rig lisens<\/li>\n<li>Du kan bruke en lisens for ett selskap (\u00e9n juridisk enhet) eller en gruppe\/holding (flere juridiske enheter).<\/li>\n<li><u><a href=\"https:\/\/shop.leaplytics.de\/nb\/garanti\/\">30 dagers risikofri garanti + livstids prisl\u00e5s<\/a><\/u><\/li>\n<li>Du kan forvente \u00e5 motta lisenskoden din via e-post innen 24 timer etter kj\u00f8pet.<\/li>\n<li>Hvis du \u00f8nsker \u00e5 bruke det visuelle i et kommersielt milj\u00f8 for dine eksterne kunder, kan du kontakte oss via e-post <u><a href=\"mailto:info@leaplytics.de\">info@leaplytics.de<\/a><\/u>.<\/li>\n<\/ul>","protected":false},"featured_media":1775,"template":"","meta":[],"product_brand":[],"product_cat":[19],"product_tag":[],"class_list":{"0":"post-1757","1":"product","2":"type-product","3":"status-publish","4":"has-post-thumbnail","6":"product_cat-bi-visual","7":"latest_post","9":"first","10":"instock","11":"sale","12":"taxable","13":"shipping-taxable","14":"purchasable","15":"product-type-variable"},"yoast_head":"<!-- This site is optimized with the Yoast SEO plugin v25.6 - https:\/\/yoast.com\/wordpress\/plugins\/seo\/ -->\n<title>Markdown Viewer - LeapLytics&#039; Shop<\/title>\n<meta name=\"robots\" content=\"index, follow, max-snippet:-1, max-image-preview:large, max-video-preview:-1\" \/>\n<link rel=\"canonical\" href=\"https:\/\/shop.leaplytics.de\/nb\/product\/markdown-visningsprogram\/\" \/>\n<meta property=\"og:locale\" content=\"nb_NO\" \/>\n<meta property=\"og:type\" content=\"article\" \/>\n<meta property=\"og:title\" content=\"Markdown Viewer - LeapLytics&#039; Shop\" \/>\n<meta property=\"og:description\" content=\"Enhance your Power BI reports and dashboards with our Markdown Viewer. Our visual brings the power of Markdown to Power BI. It enables you to incorporate styled content into your visualizations.  Description:   Annual or multi-year license  You can use a license for one company (single legal entity) or a group\/holding (multiple legal entities).     30-Day Risk-Free Guarantee + Lifetime Price Lock  Expect to receive your license code via email within 24 hours of your purchase.  If you want to use the visual in a commercial environment for your external customers, please contact us via mail info@leaplytics.de.\" \/>\n<meta property=\"og:url\" content=\"https:\/\/shop.leaplytics.de\/nb\/product\/markdown-visningsprogram\/\" \/>\n<meta property=\"og:site_name\" content=\"LeapLytics&#039; Shop\" \/>\n<meta property=\"article:modified_time\" content=\"2026-03-05T20:01:28+00:00\" \/>\n<meta property=\"og:image\" content=\"https:\/\/shop.leaplytics.de\/wp-content\/uploads\/2023\/07\/First_Slice_Markdown_PowerBI_blue.png\" \/>\n\t<meta property=\"og:image:width\" content=\"1140\" \/>\n\t<meta property=\"og:image:height\" content=\"641\" \/>\n\t<meta property=\"og:image:type\" content=\"image\/png\" \/>\n<meta name=\"twitter:card\" content=\"summary_large_image\" \/>\n<meta name=\"twitter:label1\" content=\"Ansl. lesetid\" \/>\n\t<meta name=\"twitter:data1\" content=\"1 minutt\" \/>\n<script type=\"application\/ld+json\" class=\"yoast-schema-graph\">{\"@context\":\"https:\/\/schema.org\",\"@graph\":[{\"@type\":\"WebPage\",\"@id\":\"https:\/\/shop.leaplytics.de\/product\/markdown-viewer\/\",\"url\":\"https:\/\/shop.leaplytics.de\/product\/markdown-viewer\/\",\"name\":\"Markdown Viewer - LeapLytics&#039; Shop\",\"isPartOf\":{\"@id\":\"https:\/\/shop.leaplytics.de\/pt_br\/#website\"},\"primaryImageOfPage\":{\"@id\":\"https:\/\/shop.leaplytics.de\/product\/markdown-viewer\/#primaryimage\"},\"image\":{\"@id\":\"https:\/\/shop.leaplytics.de\/product\/markdown-viewer\/#primaryimage\"},\"thumbnailUrl\":\"https:\/\/shop.leaplytics.de\/wp-content\/uploads\/2023\/07\/First_Slice_Markdown_PowerBI_blue.png\",\"datePublished\":\"2023-07-31T18:25:24+00:00\",\"dateModified\":\"2026-03-05T20:01:28+00:00\",\"breadcrumb\":{\"@id\":\"https:\/\/shop.leaplytics.de\/product\/markdown-viewer\/#breadcrumb\"},\"inLanguage\":\"nb-NO\",\"potentialAction\":[{\"@type\":\"ReadAction\",\"target\":[\"https:\/\/shop.leaplytics.de\/product\/markdown-viewer\/\"]}]},{\"@type\":\"ImageObject\",\"inLanguage\":\"nb-NO\",\"@id\":\"https:\/\/shop.leaplytics.de\/product\/markdown-viewer\/#primaryimage\",\"url\":\"https:\/\/shop.leaplytics.de\/wp-content\/uploads\/2023\/07\/First_Slice_Markdown_PowerBI_blue.png\",\"contentUrl\":\"https:\/\/shop.leaplytics.de\/wp-content\/uploads\/2023\/07\/First_Slice_Markdown_PowerBI_blue.png\",\"width\":1140,\"height\":641},{\"@type\":\"BreadcrumbList\",\"@id\":\"https:\/\/shop.leaplytics.de\/product\/markdown-viewer\/#breadcrumb\",\"itemListElement\":[{\"@type\":\"ListItem\",\"position\":1,\"name\":\"Home\",\"item\":\"https:\/\/shop.leaplytics.de\/\"},{\"@type\":\"ListItem\",\"position\":2,\"name\":\"Shop\",\"item\":\"https:\/\/shop.leaplytics.de\/\"},{\"@type\":\"ListItem\",\"position\":3,\"name\":\"Markdown Viewer\"}]},{\"@type\":\"WebSite\",\"@id\":\"https:\/\/shop.leaplytics.de\/pt_br\/#website\",\"url\":\"https:\/\/shop.leaplytics.de\/pt_br\/\",\"name\":\"LeapLytics' Shop\",\"description\":\"leap reporting solutions\",\"potentialAction\":[{\"@type\":\"SearchAction\",\"target\":{\"@type\":\"EntryPoint\",\"urlTemplate\":\"https:\/\/shop.leaplytics.de\/pt_br\/?s={search_term_string}\"},\"query-input\":{\"@type\":\"PropertyValueSpecification\",\"valueRequired\":true,\"valueName\":\"search_term_string\"}}],\"inLanguage\":\"nb-NO\"}]}<\/script>\n<!-- \/ Yoast SEO plugin. -->","yoast_head_json":{"title":"Markdown Viewer - LeapLytics' butikk","robots":{"index":"index","follow":"follow","max-snippet":"max-snippet:-1","max-image-preview":"max-image-preview:large","max-video-preview":"max-video-preview:-1"},"canonical":"https:\/\/shop.leaplytics.de\/nb\/product\/markdown-visningsprogram\/","og_locale":"nb_NO","og_type":"article","og_title":"Markdown Viewer - LeapLytics&#039; Shop","og_description":"Enhance your Power BI reports and dashboards with our Markdown Viewer. Our visual brings the power of Markdown to Power BI. It enables you to incorporate styled content into your visualizations.  Description:   Annual or multi-year license  You can use a license for one company (single legal entity) or a group\/holding (multiple legal entities).     30-Day Risk-Free Guarantee + Lifetime Price Lock  Expect to receive your license code via email within 24 hours of your purchase.  If you want to use the visual in a commercial environment for your external customers, please contact us via mail info@leaplytics.de.","og_url":"https:\/\/shop.leaplytics.de\/nb\/product\/markdown-visningsprogram\/","og_site_name":"LeapLytics&#039; Shop","article_modified_time":"2026-03-05T20:01:28+00:00","og_image":[{"width":1140,"height":641,"url":"https:\/\/shop.leaplytics.de\/wp-content\/uploads\/2023\/07\/First_Slice_Markdown_PowerBI_blue.png","type":"image\/png"}],"twitter_card":"summary_large_image","twitter_misc":{"Ansl. lesetid":"1 minutt"},"schema":{"@context":"https:\/\/schema.org","@graph":[{"@type":"WebPage","@id":"https:\/\/shop.leaplytics.de\/product\/markdown-viewer\/","url":"https:\/\/shop.leaplytics.de\/product\/markdown-viewer\/","name":"Markdown Viewer - LeapLytics' butikk","isPartOf":{"@id":"https:\/\/shop.leaplytics.de\/pt_br\/#website"},"primaryImageOfPage":{"@id":"https:\/\/shop.leaplytics.de\/product\/markdown-viewer\/#primaryimage"},"image":{"@id":"https:\/\/shop.leaplytics.de\/product\/markdown-viewer\/#primaryimage"},"thumbnailUrl":"https:\/\/shop.leaplytics.de\/wp-content\/uploads\/2023\/07\/First_Slice_Markdown_PowerBI_blue.png","datePublished":"2023-07-31T18:25:24+00:00","dateModified":"2026-03-05T20:01:28+00:00","breadcrumb":{"@id":"https:\/\/shop.leaplytics.de\/product\/markdown-viewer\/#breadcrumb"},"inLanguage":"nb-NO","potentialAction":[{"@type":"ReadAction","target":["https:\/\/shop.leaplytics.de\/product\/markdown-viewer\/"]}]},{"@type":"ImageObject","inLanguage":"nb-NO","@id":"https:\/\/shop.leaplytics.de\/product\/markdown-viewer\/#primaryimage","url":"https:\/\/shop.leaplytics.de\/wp-content\/uploads\/2023\/07\/First_Slice_Markdown_PowerBI_blue.png","contentUrl":"https:\/\/shop.leaplytics.de\/wp-content\/uploads\/2023\/07\/First_Slice_Markdown_PowerBI_blue.png","width":1140,"height":641},{"@type":"BreadcrumbList","@id":"https:\/\/shop.leaplytics.de\/product\/markdown-viewer\/#breadcrumb","itemListElement":[{"@type":"ListItem","position":1,"name":"Home","item":"https:\/\/shop.leaplytics.de\/"},{"@type":"ListItem","position":2,"name":"Shop","item":"https:\/\/shop.leaplytics.de\/"},{"@type":"ListItem","position":3,"name":"Markdown Viewer"}]},{"@type":"WebSite","@id":"https:\/\/shop.leaplytics.de\/pt_br\/#website","url":"https:\/\/shop.leaplytics.de\/pt_br\/","name":"LeapLytics' butikk","description":"Leap Reporting Solutions","potentialAction":[{"@type":"SearchAction","target":{"@type":"EntryPoint","urlTemplate":"https:\/\/shop.leaplytics.de\/pt_br\/?s={search_term_string}"},"query-input":{"@type":"PropertyValueSpecification","valueRequired":true,"valueName":"search_term_string"}}],"inLanguage":"nb-NO"}]}},"_links":{"self":[{"href":"https:\/\/shop.leaplytics.de\/nb\/wp-json\/wp\/v2\/product\/1757","targetHints":{"allow":["GET"]}}],"collection":[{"href":"https:\/\/shop.leaplytics.de\/nb\/wp-json\/wp\/v2\/product"}],"about":[{"href":"https:\/\/shop.leaplytics.de\/nb\/wp-json\/wp\/v2\/types\/product"}],"wp:featuredmedia":[{"embeddable":true,"href":"https:\/\/shop.leaplytics.de\/nb\/wp-json\/wp\/v2\/media\/1775"}],"wp:attachment":[{"href":"https:\/\/shop.leaplytics.de\/nb\/wp-json\/wp\/v2\/media?parent=1757"}],"wp:term":[{"taxonomy":"product_brand","embeddable":true,"href":"https:\/\/shop.leaplytics.de\/nb\/wp-json\/wp\/v2\/product_brand?post=1757"},{"taxonomy":"product_cat","embeddable":true,"href":"https:\/\/shop.leaplytics.de\/nb\/wp-json\/wp\/v2\/product_cat?post=1757"},{"taxonomy":"product_tag","embeddable":true,"href":"https:\/\/shop.leaplytics.de\/nb\/wp-json\/wp\/v2\/product_tag?post=1757"}],"curies":[{"name":"wp","href":"https:\/\/api.w.org\/{rel}","templated":true}]}}