{"id":2215,"date":"2024-12-09T13:55:51","date_gmt":"2024-12-09T13:55:51","guid":{"rendered":"https:\/\/shop.leaplytics.de\/?page_id=2215"},"modified":"2026-03-05T19:58:24","modified_gmt":"2026-03-05T19:58:24","slug":"garanti","status":"publish","type":"page","link":"https:\/\/shop.leaplytics.de\/nb\/garanti\/","title":{"rendered":"Garanti"},"content":{"rendered":"<h3 class=\"wp-block-heading\">LeapLytics risikofri og livstids prisl\u00e5sgaranti<\/h3>\n\n\n\n<p>Du har allerede hatt sjansen til \u00e5 utforske bildene v\u00e5re gratis. N\u00e5 er det p\u00e5 tide \u00e5 l\u00e5se opp <strong>full tilgang for hele organisasjonen - uten risiko.<\/strong><\/p>\n\n<p><strong>30 dagers pengene tilbake-garanti:<\/strong> Hvis LeapLytics ikke hjelper teamet ditt <strong>forst\u00e5 komplekse data raskere<\/strong> og lage <strong>bedre beslutninger<\/strong> i l\u00f8pet av de f\u00f8rste 30 dagene, send oss en e-post, s\u00e5 sender vi en <strong>100% refusjon<\/strong>. <strong>Ingen skjemaer. Ingen friksjon. Ingen sp\u00f8rsm\u00e5l.<\/strong><\/p>\n\n<p><strong>Livstids prisl\u00e5s:<\/strong> N\u00e5r du blir kunde, er prisen din <strong>l\u00e5st inne permanent<\/strong> - du vil <strong>aldri betale mer<\/strong>selv om prisene v\u00e5re skulle stige i fremtiden.<\/p>\n\n<p>Den eneste mulige justeringen kan komme fra <strong>svingninger i valutakurser<\/strong>. Vi legger aldri til tilleggsavgifter eller p\u00e5slag - eventuelle valutarelaterte justeringer gjenspeiles <strong>\u00e5pent i nettbutikken v\u00e5r<\/strong> og brukes n\u00f8yaktig n\u00e5r de oppst\u00e5r.<\/p>\n\n<p><strong>Ingen skjulte avgifter. Ingen prising per bruker. Ingen overraskende oppgraderinger.<\/strong> Du sikrer deg dagens pris samtidig som du drar nytte av alle fremtidige forbedringer.<\/p>\n\n\n\n<h3 class=\"wp-block-heading\">Hvorfor team velger LeapLytics<\/h3>\n\n\n\n<p>\n\u2705 <strong>Eksklusive Power BI-bilder med h\u00f8y ytelse<\/strong> du ikke finner noe annet sted<br>\n\u2705 <strong>Ubegrenset antall brukere, dashbord og rapporter<\/strong> - ingen prising per bruker<br>\n\u2705 <strong>Bygget for raskere beslutningstaking<\/strong> - klarere innsikt med f\u00e6rre klikk<br>\n\u2705 <strong>\u00d8yeblikkelig distribusjon<\/strong> - publiser \u00e9n gang, og det fungerer for hele organisasjonen<br>\n\u2705 <strong>Laget for skalerbare utrullinger<\/strong> - konsistente bilder p\u00e5 tvers av team og rapporter\n<\/p>\n\n\n\n<p>Hvis det visuelle materialet v\u00e5rt ikke leverer den verdien du forventer, refunderer vi kj\u00f8pet ditt. <strong>Vi vil ikke ha pengene dine<\/strong> med mindre vi gj\u00f8r oss fortjent til det.<\/p>\n\n\n\n<h3 class=\"wp-block-heading\">Slik fungerer garantien<\/h3>\n\n\n\n<p>\n1\ufe0f\u20e3 Aktiver din fullstendige lisens - via tilbud eller direkte kj\u00f8p.<br>\n2\ufe0f\u20e3 Rull det ut p\u00e5 tvers av dashbord, rapporter og team - bruk det i praksis.<br>\n3\ufe0f\u20e3 Hvis du ikke er forn\u00f8yd innen 30 dager, kan du sende oss en e-post for en <strong>full refusjon<\/strong>. <strong>Ingen problemer. Ingen risiko.<\/strong><br>\n4\ufe0f\u20e3 Hold lisensen din aktiv og din <strong>prisen forblir l\u00e5st<\/strong> - for alltid.\n<\/p>\n\n\n\n<h3 class=\"wp-block-heading\">Sikre lisensen din og sikre deg dagens pris<\/h3>\n\n\n\n<p>\n\ud83d\udc49 <strong>Be om et tilbud:<\/strong> <a href=\"mailto:info@leaplytics.de\"><strong>info@leaplytics.de<\/strong><\/a><br>\n\ud83d\udc49 <strong>Eller bestill lisensen din direkte i butikken<\/strong>\n<\/p>\n\n\n\n<p>Oppgrader Power BI-rapportene dine med tydeligere bilder og raskere innsikt - med <strong>uten risiko.<\/strong><\/p>","protected":false},"excerpt":{"rendered":"<p>The LeapLytics Risk-Free &#038; Lifetime Price Lock Guarantee You\u2019ve already had the chance to explore our visuals for free. Now it\u2019s time to unlock full access for your entire organization \u2014 with zero risk. 30-Day Money-Back Guarantee: If LeapLytics doesn\u2019t help your team understand complex data faster and make better decisions within the first 30 &hellip; <\/p>","protected":false},"author":4,"featured_media":0,"parent":0,"menu_order":0,"comment_status":"closed","ping_status":"closed","template":"","meta":{"footnotes":""},"class_list":["post-2215","page","type-page","status-publish","hentry","latest_post"],"yoast_head":"<!-- This site is optimized with the Yoast SEO plugin v25.6 - https:\/\/yoast.com\/wordpress\/plugins\/seo\/ -->\n<title>Guarantee - LeapLytics&#039; Shop<\/title>\n<meta name=\"robots\" content=\"index, follow, max-snippet:-1, max-image-preview:large, max-video-preview:-1\" \/>\n<link rel=\"canonical\" href=\"https:\/\/shop.leaplytics.de\/nb\/garanti\/\" \/>\n<meta property=\"og:locale\" content=\"nb_NO\" \/>\n<meta property=\"og:type\" content=\"article\" \/>\n<meta property=\"og:title\" content=\"Guarantee - LeapLytics&#039; Shop\" \/>\n<meta property=\"og:description\" content=\"The LeapLytics Risk-Free &#038; Lifetime Price Lock Guarantee You\u2019ve already had the chance to explore our visuals for free. Now it\u2019s time to unlock full access for your entire organization \u2014 with zero risk. 30-Day Money-Back Guarantee: If LeapLytics doesn\u2019t help your team understand complex data faster and make better decisions within the first 30 &hellip;\" \/>\n<meta property=\"og:url\" content=\"https:\/\/shop.leaplytics.de\/nb\/garanti\/\" \/>\n<meta property=\"og:site_name\" content=\"LeapLytics&#039; Shop\" \/>\n<meta property=\"article:modified_time\" content=\"2026-03-05T19:58:24+00:00\" \/>\n<meta name=\"twitter:card\" content=\"summary_large_image\" \/>\n<meta name=\"twitter:label1\" content=\"Ansl. lesetid\" \/>\n\t<meta name=\"twitter:data1\" content=\"2 minutter\" \/>\n<script type=\"application\/ld+json\" class=\"yoast-schema-graph\">{\"@context\":\"https:\/\/schema.org\",\"@graph\":[{\"@type\":\"WebPage\",\"@id\":\"https:\/\/shop.leaplytics.de\/guarantee\/\",\"url\":\"https:\/\/shop.leaplytics.de\/guarantee\/\",\"name\":\"Guarantee - LeapLytics&#039; Shop\",\"isPartOf\":{\"@id\":\"https:\/\/shop.leaplytics.de\/pt_br\/#website\"},\"datePublished\":\"2024-12-09T13:55:51+00:00\",\"dateModified\":\"2026-03-05T19:58:24+00:00\",\"breadcrumb\":{\"@id\":\"https:\/\/shop.leaplytics.de\/guarantee\/#breadcrumb\"},\"inLanguage\":\"nb-NO\",\"potentialAction\":[{\"@type\":\"ReadAction\",\"target\":[\"https:\/\/shop.leaplytics.de\/guarantee\/\"]}]},{\"@type\":\"BreadcrumbList\",\"@id\":\"https:\/\/shop.leaplytics.de\/guarantee\/#breadcrumb\",\"itemListElement\":[{\"@type\":\"ListItem\",\"position\":1,\"name\":\"Home\",\"item\":\"https:\/\/shop.leaplytics.de\/\"},{\"@type\":\"ListItem\",\"position\":2,\"name\":\"Guarantee\"}]},{\"@type\":\"WebSite\",\"@id\":\"https:\/\/shop.leaplytics.de\/pt_br\/#website\",\"url\":\"https:\/\/shop.leaplytics.de\/pt_br\/\",\"name\":\"LeapLytics' Shop\",\"description\":\"leap reporting solutions\",\"potentialAction\":[{\"@type\":\"SearchAction\",\"target\":{\"@type\":\"EntryPoint\",\"urlTemplate\":\"https:\/\/shop.leaplytics.de\/pt_br\/?s={search_term_string}\"},\"query-input\":{\"@type\":\"PropertyValueSpecification\",\"valueRequired\":true,\"valueName\":\"search_term_string\"}}],\"inLanguage\":\"nb-NO\"}]}<\/script>\n<!-- \/ Yoast SEO plugin. -->","yoast_head_json":{"title":"Garanti - LeapLytics' butikk","robots":{"index":"index","follow":"follow","max-snippet":"max-snippet:-1","max-image-preview":"max-image-preview:large","max-video-preview":"max-video-preview:-1"},"canonical":"https:\/\/shop.leaplytics.de\/nb\/garanti\/","og_locale":"nb_NO","og_type":"article","og_title":"Guarantee - LeapLytics&#039; Shop","og_description":"The LeapLytics Risk-Free &#038; Lifetime Price Lock Guarantee You\u2019ve already had the chance to explore our visuals for free. Now it\u2019s time to unlock full access for your entire organization \u2014 with zero risk. 30-Day Money-Back Guarantee: If LeapLytics doesn\u2019t help your team understand complex data faster and make better decisions within the first 30 &hellip;","og_url":"https:\/\/shop.leaplytics.de\/nb\/garanti\/","og_site_name":"LeapLytics&#039; Shop","article_modified_time":"2026-03-05T19:58:24+00:00","twitter_card":"summary_large_image","twitter_misc":{"Ansl. lesetid":"2 minutter"},"schema":{"@context":"https:\/\/schema.org","@graph":[{"@type":"WebPage","@id":"https:\/\/shop.leaplytics.de\/guarantee\/","url":"https:\/\/shop.leaplytics.de\/guarantee\/","name":"Garanti - LeapLytics' butikk","isPartOf":{"@id":"https:\/\/shop.leaplytics.de\/pt_br\/#website"},"datePublished":"2024-12-09T13:55:51+00:00","dateModified":"2026-03-05T19:58:24+00:00","breadcrumb":{"@id":"https:\/\/shop.leaplytics.de\/guarantee\/#breadcrumb"},"inLanguage":"nb-NO","potentialAction":[{"@type":"ReadAction","target":["https:\/\/shop.leaplytics.de\/guarantee\/"]}]},{"@type":"BreadcrumbList","@id":"https:\/\/shop.leaplytics.de\/guarantee\/#breadcrumb","itemListElement":[{"@type":"ListItem","position":1,"name":"Home","item":"https:\/\/shop.leaplytics.de\/"},{"@type":"ListItem","position":2,"name":"Guarantee"}]},{"@type":"WebSite","@id":"https:\/\/shop.leaplytics.de\/pt_br\/#website","url":"https:\/\/shop.leaplytics.de\/pt_br\/","name":"LeapLytics' butikk","description":"Leap Reporting Solutions","potentialAction":[{"@type":"SearchAction","target":{"@type":"EntryPoint","urlTemplate":"https:\/\/shop.leaplytics.de\/pt_br\/?s={search_term_string}"},"query-input":{"@type":"PropertyValueSpecification","valueRequired":true,"valueName":"search_term_string"}}],"inLanguage":"nb-NO"}]}},"_links":{"self":[{"href":"https:\/\/shop.leaplytics.de\/nb\/wp-json\/wp\/v2\/pages\/2215","targetHints":{"allow":["GET"]}}],"collection":[{"href":"https:\/\/shop.leaplytics.de\/nb\/wp-json\/wp\/v2\/pages"}],"about":[{"href":"https:\/\/shop.leaplytics.de\/nb\/wp-json\/wp\/v2\/types\/page"}],"author":[{"embeddable":true,"href":"https:\/\/shop.leaplytics.de\/nb\/wp-json\/wp\/v2\/users\/4"}],"replies":[{"embeddable":true,"href":"https:\/\/shop.leaplytics.de\/nb\/wp-json\/wp\/v2\/comments?post=2215"}],"version-history":[{"count":0,"href":"https:\/\/shop.leaplytics.de\/nb\/wp-json\/wp\/v2\/pages\/2215\/revisions"}],"wp:attachment":[{"href":"https:\/\/shop.leaplytics.de\/nb\/wp-json\/wp\/v2\/media?parent=2215"}],"curies":[{"name":"wp","href":"https:\/\/api.w.org\/{rel}","templated":true}]}}