{"id":2350,"date":"2025-07-31T12:57:27","date_gmt":"2025-07-31T12:57:27","guid":{"rendered":"https:\/\/shop.leaplytics.de\/?post_type=product&#038;p=2350"},"modified":"2026-03-05T20:01:00","modified_gmt":"2026-03-05T20:01:00","slug":"digitalais-dvinubralis","status":"publish","type":"product","link":"https:\/\/shop.leaplytics.de\/lv\/product\/digitalais-dvinubralis\/","title":{"rendered":"Digit\u0101lais dv\u012b\u0146ubr\u0101lis"},"content":{"rendered":"","protected":false},"excerpt":{"rendered":"<p>M\u0113s \u013caujam jums atdz\u012bvin\u0101t j\u016bsu sare\u017e\u0123\u012bt\u0101s sist\u0113mas, procesus vai akt\u012bvus tie\u0161i Power BI vid\u0113. M\u016bsu Digital Twin vizu\u0101lais risin\u0101jums p\u0101rv\u0113r\u0161 statiskas diagrammas un datus interakt\u012bv\u0101s, izteiksm\u012bg\u0101s un dinamisk\u0101s reprezent\u0101cij\u0101s. Izprotiet savstarp\u0113j\u0101s atkar\u012bbas, p\u0101rraugiet statusus un atkl\u0101jiet jaunu datu izp\u0113tes dimensiju.<\/p>\n<p><strong>Apraksts:<\/strong><\/p>\n<ul>\n<li>Pieejama gada vai vair\u0101ku gadu licence<\/li>\n<li>Licences izmanto\u0161ana vienam uz\u0146\u0113mumam (juridiskai personai) vai grupai\/holdingam (vair\u0101k\u0101m juridisk\u0101m person\u0101m).<\/li>\n<li><u><a href=\"https:\/\/shop.leaplytics.de\/lv\/garantija\/\">30 dienu bezriska garantija + m\u016b\u017ea cenas blo\u0137\u0113\u0161ana<\/a><\/u><\/li>\n<li>Licences kods tiks nos\u016bt\u012bts uz j\u016bsu e-pastu 24 stundu laik\u0101 p\u0113c ieg\u0101des.<\/li>\n<li>\n    Par komerci\u0101lu izmanto\u0161anu klientu vid\u0113, l\u016bdzu, sazinieties ar mums pa t\u0101lruni.<br \/>\n    <u><a href=\"mailto:info@leaplytics.de\">info@leaplytics.de<\/a><\/u>\n  <\/li>\n<\/ul>","protected":false},"featured_media":2360,"template":"","meta":[],"product_brand":[],"product_cat":[19],"product_tag":[],"class_list":{"0":"post-2350","1":"product","2":"type-product","3":"status-publish","4":"has-post-thumbnail","6":"product_cat-bi-visual","7":"latest_post","9":"first","10":"instock","11":"taxable","12":"shipping-taxable","13":"purchasable","14":"product-type-variable"},"yoast_head":"<!-- This site is optimized with the Yoast SEO plugin v25.6 - https:\/\/yoast.com\/wordpress\/plugins\/seo\/ -->\n<title>Digital Twin - LeapLytics&#039; Shop<\/title>\n<meta name=\"robots\" content=\"index, follow, max-snippet:-1, max-image-preview:large, max-video-preview:-1\" \/>\n<link rel=\"canonical\" href=\"https:\/\/shop.leaplytics.de\/lv\/product\/digitalais-dvinubralis\/\" \/>\n<meta property=\"og:locale\" content=\"lv_LV\" \/>\n<meta property=\"og:type\" content=\"article\" \/>\n<meta property=\"og:title\" content=\"Digital Twin - LeapLytics&#039; Shop\" \/>\n<meta property=\"og:description\" content=\"We empower you to bring your complex systems, processes, or assets to life directly within Power BI. Our Digital Twin visual transforms static diagrams and data into interactive, insightful, and dynamic representations. Understand interdependencies, monitor statuses, and unlock a new dimension of data exploration.  Description:   Annual or multi-year license available  Use the license for a single company (legal entity) or across a group\/holding (multiple legal entities)  30-Day Risk-Free Guarantee + Lifetime Price Lock  License code will be sent to your email within 24 hours of purchase     For commercial use in customer-facing environments, please contact us at    info@leaplytics.de\" \/>\n<meta property=\"og:url\" content=\"https:\/\/shop.leaplytics.de\/lv\/product\/digitalais-dvinubralis\/\" \/>\n<meta property=\"og:site_name\" content=\"LeapLytics&#039; Shop\" \/>\n<meta property=\"article:modified_time\" content=\"2026-03-05T20:01:00+00:00\" \/>\n<meta property=\"og:image\" content=\"https:\/\/shop.leaplytics.de\/wp-content\/uploads\/2025\/07\/Digital_Twin_Logo_300x3001.png\" \/>\n\t<meta property=\"og:image:width\" content=\"300\" \/>\n\t<meta property=\"og:image:height\" content=\"300\" \/>\n\t<meta property=\"og:image:type\" content=\"image\/png\" \/>\n<meta name=\"twitter:card\" content=\"summary_large_image\" \/>\n<meta name=\"twitter:label1\" content=\"Est. reading time\" \/>\n\t<meta name=\"twitter:data1\" content=\"1 min\u016bte\" \/>\n<script type=\"application\/ld+json\" class=\"yoast-schema-graph\">{\"@context\":\"https:\/\/schema.org\",\"@graph\":[{\"@type\":\"WebPage\",\"@id\":\"https:\/\/shop.leaplytics.de\/product\/digital-twin\/\",\"url\":\"https:\/\/shop.leaplytics.de\/product\/digital-twin\/\",\"name\":\"Digital Twin - LeapLytics&#039; Shop\",\"isPartOf\":{\"@id\":\"https:\/\/shop.leaplytics.de\/pt_br\/#website\"},\"primaryImageOfPage\":{\"@id\":\"https:\/\/shop.leaplytics.de\/product\/digital-twin\/#primaryimage\"},\"image\":{\"@id\":\"https:\/\/shop.leaplytics.de\/product\/digital-twin\/#primaryimage\"},\"thumbnailUrl\":\"https:\/\/shop.leaplytics.de\/wp-content\/uploads\/2025\/07\/Digital_Twin_Logo_300x3001.png\",\"datePublished\":\"2025-07-31T12:57:27+00:00\",\"dateModified\":\"2026-03-05T20:01:00+00:00\",\"breadcrumb\":{\"@id\":\"https:\/\/shop.leaplytics.de\/product\/digital-twin\/#breadcrumb\"},\"inLanguage\":\"lv-LV\",\"potentialAction\":[{\"@type\":\"ReadAction\",\"target\":[\"https:\/\/shop.leaplytics.de\/product\/digital-twin\/\"]}]},{\"@type\":\"ImageObject\",\"inLanguage\":\"lv-LV\",\"@id\":\"https:\/\/shop.leaplytics.de\/product\/digital-twin\/#primaryimage\",\"url\":\"https:\/\/shop.leaplytics.de\/wp-content\/uploads\/2025\/07\/Digital_Twin_Logo_300x3001.png\",\"contentUrl\":\"https:\/\/shop.leaplytics.de\/wp-content\/uploads\/2025\/07\/Digital_Twin_Logo_300x3001.png\",\"width\":300,\"height\":300},{\"@type\":\"BreadcrumbList\",\"@id\":\"https:\/\/shop.leaplytics.de\/product\/digital-twin\/#breadcrumb\",\"itemListElement\":[{\"@type\":\"ListItem\",\"position\":1,\"name\":\"Home\",\"item\":\"https:\/\/shop.leaplytics.de\/\"},{\"@type\":\"ListItem\",\"position\":2,\"name\":\"Shop\",\"item\":\"https:\/\/shop.leaplytics.de\/\"},{\"@type\":\"ListItem\",\"position\":3,\"name\":\"Digital Twin\"}]},{\"@type\":\"WebSite\",\"@id\":\"https:\/\/shop.leaplytics.de\/pt_br\/#website\",\"url\":\"https:\/\/shop.leaplytics.de\/pt_br\/\",\"name\":\"LeapLytics' Shop\",\"description\":\"leap reporting solutions\",\"potentialAction\":[{\"@type\":\"SearchAction\",\"target\":{\"@type\":\"EntryPoint\",\"urlTemplate\":\"https:\/\/shop.leaplytics.de\/pt_br\/?s={search_term_string}\"},\"query-input\":{\"@type\":\"PropertyValueSpecification\",\"valueRequired\":true,\"valueName\":\"search_term_string\"}}],\"inLanguage\":\"lv-LV\"}]}<\/script>\n<!-- \/ Yoast SEO plugin. -->","yoast_head_json":{"title":"Digit\u0101lais dv\u012b\u0146ubr\u0101lis - LeapLytics veikals","robots":{"index":"index","follow":"follow","max-snippet":"max-snippet:-1","max-image-preview":"max-image-preview:large","max-video-preview":"max-video-preview:-1"},"canonical":"https:\/\/shop.leaplytics.de\/lv\/product\/digitalais-dvinubralis\/","og_locale":"lv_LV","og_type":"article","og_title":"Digital Twin - LeapLytics&#039; Shop","og_description":"We empower you to bring your complex systems, processes, or assets to life directly within Power BI. Our Digital Twin visual transforms static diagrams and data into interactive, insightful, and dynamic representations. Understand interdependencies, monitor statuses, and unlock a new dimension of data exploration.  Description:   Annual or multi-year license available  Use the license for a single company (legal entity) or across a group\/holding (multiple legal entities)  30-Day Risk-Free Guarantee + Lifetime Price Lock  License code will be sent to your email within 24 hours of purchase     For commercial use in customer-facing environments, please contact us at    info@leaplytics.de","og_url":"https:\/\/shop.leaplytics.de\/lv\/product\/digitalais-dvinubralis\/","og_site_name":"LeapLytics&#039; Shop","article_modified_time":"2026-03-05T20:01:00+00:00","og_image":[{"width":300,"height":300,"url":"https:\/\/shop.leaplytics.de\/wp-content\/uploads\/2025\/07\/Digital_Twin_Logo_300x3001.png","type":"image\/png"}],"twitter_card":"summary_large_image","twitter_misc":{"Est. reading time":"1 min\u016bte"},"schema":{"@context":"https:\/\/schema.org","@graph":[{"@type":"WebPage","@id":"https:\/\/shop.leaplytics.de\/product\/digital-twin\/","url":"https:\/\/shop.leaplytics.de\/product\/digital-twin\/","name":"Digit\u0101lais dv\u012b\u0146ubr\u0101lis - LeapLytics veikals","isPartOf":{"@id":"https:\/\/shop.leaplytics.de\/pt_br\/#website"},"primaryImageOfPage":{"@id":"https:\/\/shop.leaplytics.de\/product\/digital-twin\/#primaryimage"},"image":{"@id":"https:\/\/shop.leaplytics.de\/product\/digital-twin\/#primaryimage"},"thumbnailUrl":"https:\/\/shop.leaplytics.de\/wp-content\/uploads\/2025\/07\/Digital_Twin_Logo_300x3001.png","datePublished":"2025-07-31T12:57:27+00:00","dateModified":"2026-03-05T20:01:00+00:00","breadcrumb":{"@id":"https:\/\/shop.leaplytics.de\/product\/digital-twin\/#breadcrumb"},"inLanguage":"lv-LV","potentialAction":[{"@type":"ReadAction","target":["https:\/\/shop.leaplytics.de\/product\/digital-twin\/"]}]},{"@type":"ImageObject","inLanguage":"lv-LV","@id":"https:\/\/shop.leaplytics.de\/product\/digital-twin\/#primaryimage","url":"https:\/\/shop.leaplytics.de\/wp-content\/uploads\/2025\/07\/Digital_Twin_Logo_300x3001.png","contentUrl":"https:\/\/shop.leaplytics.de\/wp-content\/uploads\/2025\/07\/Digital_Twin_Logo_300x3001.png","width":300,"height":300},{"@type":"BreadcrumbList","@id":"https:\/\/shop.leaplytics.de\/product\/digital-twin\/#breadcrumb","itemListElement":[{"@type":"ListItem","position":1,"name":"Home","item":"https:\/\/shop.leaplytics.de\/"},{"@type":"ListItem","position":2,"name":"Shop","item":"https:\/\/shop.leaplytics.de\/"},{"@type":"ListItem","position":3,"name":"Digital Twin"}]},{"@type":"WebSite","@id":"https:\/\/shop.leaplytics.de\/pt_br\/#website","url":"https:\/\/shop.leaplytics.de\/pt_br\/","name":"LeapLytics veikals","description":"l\u0113ciena zi\u0146o\u0161anas risin\u0101jumi","potentialAction":[{"@type":"SearchAction","target":{"@type":"EntryPoint","urlTemplate":"https:\/\/shop.leaplytics.de\/pt_br\/?s={search_term_string}"},"query-input":{"@type":"PropertyValueSpecification","valueRequired":true,"valueName":"search_term_string"}}],"inLanguage":"lv-LV"}]}},"_links":{"self":[{"href":"https:\/\/shop.leaplytics.de\/lv\/wp-json\/wp\/v2\/product\/2350","targetHints":{"allow":["GET"]}}],"collection":[{"href":"https:\/\/shop.leaplytics.de\/lv\/wp-json\/wp\/v2\/product"}],"about":[{"href":"https:\/\/shop.leaplytics.de\/lv\/wp-json\/wp\/v2\/types\/product"}],"wp:featuredmedia":[{"embeddable":true,"href":"https:\/\/shop.leaplytics.de\/lv\/wp-json\/wp\/v2\/media\/2360"}],"wp:attachment":[{"href":"https:\/\/shop.leaplytics.de\/lv\/wp-json\/wp\/v2\/media?parent=2350"}],"wp:term":[{"taxonomy":"product_brand","embeddable":true,"href":"https:\/\/shop.leaplytics.de\/lv\/wp-json\/wp\/v2\/product_brand?post=2350"},{"taxonomy":"product_cat","embeddable":true,"href":"https:\/\/shop.leaplytics.de\/lv\/wp-json\/wp\/v2\/product_cat?post=2350"},{"taxonomy":"product_tag","embeddable":true,"href":"https:\/\/shop.leaplytics.de\/lv\/wp-json\/wp\/v2\/product_tag?post=2350"}],"curies":[{"name":"wp","href":"https:\/\/api.w.org\/{rel}","templated":true}]}}