{"id":266,"date":"2022-06-17T16:52:45","date_gmt":"2022-06-17T16:52:45","guid":{"rendered":"https:\/\/shop.leaplytics.de\/?page_id=266"},"modified":"2025-05-27T12:30:33","modified_gmt":"2025-05-27T12:30:33","slug":"cenu-noteiksana","status":"publish","type":"page","link":"https:\/\/shop.leaplytics.de\/lv\/cenu-noteiksana\/","title":{"rendered":"Cenu noteik\u0161ana"},"content":{"rendered":"<p>LeapLytics uzskata, ka licenc\u0113\u0161anai ir j\u0101padara j\u016bsu dz\u012bvi. <strong>viegl\u0101k<\/strong>, nevis sare\u017e\u0123\u012bt\u0101ka. T\u0101p\u0113c m\u0113s esam izstr\u0101d\u0101ju\u0161i <strong>vienk\u0101r\u0161s un god\u012bgs licenc\u0113\u0161anas modelis.<\/strong> m\u016bsu vizu\u0101lajiem risin\u0101jumiem - bez lietot\u0101ju ierobe\u017eojumiem, bez galvass\u0101p\u0113m, bez p\u0101rsteigumiem.<\/p>\n\n\n\n<h3 class=\"wp-block-heading\">K\u0101p\u0113c nav licenc\u0113\u0161anas, kas balst\u012bta uz lietot\u0101ju?<\/h3>\n\n\n\n<p>B\u016bsim god\u012bgi: licenc\u0113\u0161ana, pamatojoties uz lietot\u0101ju, bie\u017ei vien rada vair\u0101k probl\u0113mu, nek\u0101 atrisina.<\/p>\n\n\n\n<p>Ja vad\u012bbas paneli v\u0113las apskat\u012bt vair\u0101k cilv\u0113ku, nek\u0101 ir pieejamo licen\u010du, neapmierin\u0101t\u012bba strauji pieaug. Tas ir v\u0113l slikt\u0101k, ja piek\u013cuve ir blo\u0137\u0113ta k\u0101dam no galvenajiem l\u0113mumu pie\u0146\u0113m\u0113jiem. M\u0113s pa\u0161i esam biju\u0161i \u0161aj\u0101 situ\u0101cij\u0101 - k\u0101 vizualiz\u0101ciju un papildin\u0101jumu lietot\u0101ji. Tie\u0161i no t\u0101 m\u0113s v\u0113lamies izvair\u012bties.<\/p>\n\n\n\n<p>Un v\u0113l ir sl\u0113pt\u0101s izmaksas: negaid\u012bti r\u0113\u0137ini par \"neautoriz\u0113tiem lietot\u0101jiem\", kurus neviens nav paredz\u0113jis? Ne pie mums.<\/p>\n\n\n\n<h3 class=\"wp-block-heading\">Dro\u0161a garantija<\/h3>\n\n\n\n<p>Un, lai j\u016bsu l\u0113mums b\u016btu bez riska: m\u0113s pied\u0101v\u0101jam <strong>30 dienu naudas atmaksas garantija<\/strong>.<\/p>\n\n\n\n<p>Ja vizu\u0101lais materi\u0101ls nesniedz gaid\u012bto v\u0113rt\u012bbu, vienk\u0101r\u0161i pazi\u0146ojiet mums par to 30 dienu laik\u0101 - m\u0113s jums piln\u012bb\u0101 atmaks\u0101sim naudu, <strong>nav uzdoti nek\u0101di jaut\u0101jumi<\/strong>.<\/p>\n\n\n\n<h3 class=\"wp-block-heading\">M\u016bsu sol\u012bjums: bez ierobe\u017eojumiem. Bez p\u0101rsteigumiem.<\/h3>\n\n\n\n<p>Izmantojot LeapLytics, j\u016bs sa\u0146emat <strong>uz\u0146\u0113muma vai saimniec\u012bbas\/grupas m\u0113roga licence<\/strong>. Tas noz\u012bm\u0113:<\/p>\n\n\n\n<p>\u2705 Neierobe\u017eots lietot\u0101ju skaits<br>\u2705 Neierobe\u017eoti inform\u0101cijas pane\u013ci<br>\u2705 Neierobe\u017eoti vizu\u0101lie risin\u0101jumi<\/p>\n\n\n\n<p>Izmantojiet m\u016bsu vizu\u0101los materi\u0101lus, kur un k\u0101 vien jums nepiecie\u0161ams - <strong>ar nulles smalkas drukas<\/strong>.<\/p>\n\n\n\n<h3 class=\"wp-block-heading\">Vienk\u0101r\u0161a un p\u0101rredzama cenu noteik\u0161ana<\/h3>\n\n\n\n<p>Vai mekl\u0113jat ilgtermi\u0146a ietaup\u012bjumus? M\u0113s esam par jums par\u016bp\u0113ju\u0161ies:<\/p>\n\n\n\n<ul class=\"wp-block-list\">\n<li><strong>2 gadu licence<\/strong> \u2192 +6 m\u0113ne\u0161i bez maksas<\/li>\n\n\n\n<li><strong>3 gadu licence<\/strong> \u2192 +12 m\u0113ne\u0161u bezmaksas<\/li>\n<\/ul>\n\n\n\n<p>\u0160\u012b ir lieliska iesp\u0113ja, ja zin\u0101t, ka vizu\u0101lais risin\u0101jums atbilst j\u016bsu ikdienas darba vajadz\u012bb\u0101m.<\/p>\n\n\n\n<p>Veikala lapas apak\u0161\u0113j\u0101 kreisaj\u0101 pus\u0113 varat p\u0101rsl\u0113gt val\u016btu atbilsto\u0161i sav\u0101m v\u0113lm\u0113m.<\/p>\n\n\n\n<h3 class=\"wp-block-heading\">K\u0101 ieg\u016bt licenci<\/h3>\n\n\n\n<p>Ir divi vienk\u0101r\u0161i veidi, k\u0101 r\u012bkoties:<\/p>\n\n\n\n<h4 class=\"wp-block-heading\">1. iesp\u0113ja: Cit\u0101ts un r\u0113\u0137ins<\/h4>\n\n\n\n<ul class=\"wp-block-list\">\n<li>Sazinieties ar mums pa t\u0101lruni <strong><a href=\"mailto:info@leaplytics.de\">info@leaplytics.de<\/a>.<\/strong> M\u0113s nos\u016bt\u012bsim jums ofici\u0101lu pied\u0101v\u0101jumu.<\/li>\n\n\n\n<li>P\u0113c apstiprin\u0101\u0161anas j\u016bs sa\u0146emsiet licences atsl\u0113gu un r\u0113\u0137inu.<\/li>\n\n\n\n<li>Maks\u0101jums tiek veikts ar bankas p\u0101rskait\u012bjumu EUR.<\/li>\n<\/ul>\n\n\n\n<h4 class=\"wp-block-heading\">2. iesp\u0113ja: ieg\u0101d\u0101ties tie\u0161saist\u0113<\/h4>\n\n\n\n<ul class=\"wp-block-list\">\n<li>Pas\u016btiet tie\u0161i \u0161eit m\u016bsu veikal\u0101.<\/li>\n\n\n\n<li>Maks\u0101jiet ar galvenaj\u0101m kred\u012btkart\u0113m vai PayPal.<\/li>\n\n\n\n<li>Izv\u0113lieties v\u0113lamo val\u016btu.<\/li>\n<\/ul>\n\n\n\n<h3 class=\"wp-block-heading\">Skat\u012bt\u0101jiem nav nepiecie\u0161ama papildu iestat\u012b\u0161ana<\/h3>\n\n\n\n<p>J\u016bsu komandas locek\u013ciem nekas nav j\u0101instal\u0113 vai j\u0101aktiviz\u0113. Tikl\u012bdz zi\u0146ojums ar vizu\u0101lo att\u0113lu ir public\u0113ts, tas darbojas visiem j\u016bsu organiz\u0101cijas darbiniekiem. Nav nepiecie\u0161ama atsevi\u0161\u0137a uzst\u0101d\u012b\u0161ana.<\/p>","protected":false},"excerpt":{"rendered":"<p>At LeapLytics, we believe that licensing should make your life easier, not more complicated. That\u2019s why we\u2019ve designed a simple, fair licensing model for our visuals \u2013 no user limits, no headaches, no surprises. Why no user-based licensing? Let\u2019s be honest: User-based licensing often causes more problems than it solves. When more people need to &hellip; <\/p>","protected":false},"author":4,"featured_media":0,"parent":0,"menu_order":0,"comment_status":"closed","ping_status":"closed","template":"","meta":{"footnotes":""},"class_list":["post-266","page","type-page","status-publish","hentry","latest_post"],"yoast_head":"<!-- This site is optimized with the Yoast SEO plugin v25.6 - https:\/\/yoast.com\/wordpress\/plugins\/seo\/ -->\n<title>Pricing - LeapLytics&#039; Shop<\/title>\n<meta name=\"robots\" content=\"index, follow, max-snippet:-1, max-image-preview:large, max-video-preview:-1\" \/>\n<link rel=\"canonical\" href=\"https:\/\/shop.leaplytics.de\/lv\/cenu-noteiksana\/\" \/>\n<meta property=\"og:locale\" content=\"lv_LV\" \/>\n<meta property=\"og:type\" content=\"article\" \/>\n<meta property=\"og:title\" content=\"Pricing - LeapLytics&#039; Shop\" \/>\n<meta property=\"og:description\" content=\"At LeapLytics, we believe that licensing should make your life easier, not more complicated. That\u2019s why we\u2019ve designed a simple, fair licensing model for our visuals \u2013 no user limits, no headaches, no surprises. Why no user-based licensing? Let\u2019s be honest: User-based licensing often causes more problems than it solves. When more people need to &hellip;\" \/>\n<meta property=\"og:url\" content=\"https:\/\/shop.leaplytics.de\/lv\/cenu-noteiksana\/\" \/>\n<meta property=\"og:site_name\" content=\"LeapLytics&#039; Shop\" \/>\n<meta property=\"article:modified_time\" content=\"2025-05-27T12:30:33+00:00\" \/>\n<meta name=\"twitter:card\" content=\"summary_large_image\" \/>\n<meta name=\"twitter:label1\" content=\"Est. reading time\" \/>\n\t<meta name=\"twitter:data1\" content=\"2 min\u016btes\" \/>\n<script type=\"application\/ld+json\" class=\"yoast-schema-graph\">{\"@context\":\"https:\/\/schema.org\",\"@graph\":[{\"@type\":\"WebPage\",\"@id\":\"https:\/\/shop.leaplytics.de\/pricing\/\",\"url\":\"https:\/\/shop.leaplytics.de\/pricing\/\",\"name\":\"Pricing - LeapLytics&#039; Shop\",\"isPartOf\":{\"@id\":\"https:\/\/shop.leaplytics.de\/pt_br\/#website\"},\"datePublished\":\"2022-06-17T16:52:45+00:00\",\"dateModified\":\"2025-05-27T12:30:33+00:00\",\"breadcrumb\":{\"@id\":\"https:\/\/shop.leaplytics.de\/pricing\/#breadcrumb\"},\"inLanguage\":\"lv-LV\",\"potentialAction\":[{\"@type\":\"ReadAction\",\"target\":[\"https:\/\/shop.leaplytics.de\/pricing\/\"]}]},{\"@type\":\"BreadcrumbList\",\"@id\":\"https:\/\/shop.leaplytics.de\/pricing\/#breadcrumb\",\"itemListElement\":[{\"@type\":\"ListItem\",\"position\":1,\"name\":\"Home\",\"item\":\"https:\/\/shop.leaplytics.de\/\"},{\"@type\":\"ListItem\",\"position\":2,\"name\":\"Pricing\"}]},{\"@type\":\"WebSite\",\"@id\":\"https:\/\/shop.leaplytics.de\/pt_br\/#website\",\"url\":\"https:\/\/shop.leaplytics.de\/pt_br\/\",\"name\":\"LeapLytics' Shop\",\"description\":\"leap reporting solutions\",\"potentialAction\":[{\"@type\":\"SearchAction\",\"target\":{\"@type\":\"EntryPoint\",\"urlTemplate\":\"https:\/\/shop.leaplytics.de\/pt_br\/?s={search_term_string}\"},\"query-input\":{\"@type\":\"PropertyValueSpecification\",\"valueRequired\":true,\"valueName\":\"search_term_string\"}}],\"inLanguage\":\"lv-LV\"}]}<\/script>\n<!-- \/ Yoast SEO plugin. -->","yoast_head_json":{"title":"Cenas - LeapLytics veikals","robots":{"index":"index","follow":"follow","max-snippet":"max-snippet:-1","max-image-preview":"max-image-preview:large","max-video-preview":"max-video-preview:-1"},"canonical":"https:\/\/shop.leaplytics.de\/lv\/cenu-noteiksana\/","og_locale":"lv_LV","og_type":"article","og_title":"Pricing - LeapLytics&#039; Shop","og_description":"At LeapLytics, we believe that licensing should make your life easier, not more complicated. That\u2019s why we\u2019ve designed a simple, fair licensing model for our visuals \u2013 no user limits, no headaches, no surprises. Why no user-based licensing? Let\u2019s be honest: User-based licensing often causes more problems than it solves. When more people need to &hellip;","og_url":"https:\/\/shop.leaplytics.de\/lv\/cenu-noteiksana\/","og_site_name":"LeapLytics&#039; Shop","article_modified_time":"2025-05-27T12:30:33+00:00","twitter_card":"summary_large_image","twitter_misc":{"Est. reading time":"2 min\u016btes"},"schema":{"@context":"https:\/\/schema.org","@graph":[{"@type":"WebPage","@id":"https:\/\/shop.leaplytics.de\/pricing\/","url":"https:\/\/shop.leaplytics.de\/pricing\/","name":"Cenas - LeapLytics veikals","isPartOf":{"@id":"https:\/\/shop.leaplytics.de\/pt_br\/#website"},"datePublished":"2022-06-17T16:52:45+00:00","dateModified":"2025-05-27T12:30:33+00:00","breadcrumb":{"@id":"https:\/\/shop.leaplytics.de\/pricing\/#breadcrumb"},"inLanguage":"lv-LV","potentialAction":[{"@type":"ReadAction","target":["https:\/\/shop.leaplytics.de\/pricing\/"]}]},{"@type":"BreadcrumbList","@id":"https:\/\/shop.leaplytics.de\/pricing\/#breadcrumb","itemListElement":[{"@type":"ListItem","position":1,"name":"Home","item":"https:\/\/shop.leaplytics.de\/"},{"@type":"ListItem","position":2,"name":"Pricing"}]},{"@type":"WebSite","@id":"https:\/\/shop.leaplytics.de\/pt_br\/#website","url":"https:\/\/shop.leaplytics.de\/pt_br\/","name":"LeapLytics veikals","description":"l\u0113ciena zi\u0146o\u0161anas risin\u0101jumi","potentialAction":[{"@type":"SearchAction","target":{"@type":"EntryPoint","urlTemplate":"https:\/\/shop.leaplytics.de\/pt_br\/?s={search_term_string}"},"query-input":{"@type":"PropertyValueSpecification","valueRequired":true,"valueName":"search_term_string"}}],"inLanguage":"lv-LV"}]}},"_links":{"self":[{"href":"https:\/\/shop.leaplytics.de\/lv\/wp-json\/wp\/v2\/pages\/266","targetHints":{"allow":["GET"]}}],"collection":[{"href":"https:\/\/shop.leaplytics.de\/lv\/wp-json\/wp\/v2\/pages"}],"about":[{"href":"https:\/\/shop.leaplytics.de\/lv\/wp-json\/wp\/v2\/types\/page"}],"author":[{"embeddable":true,"href":"https:\/\/shop.leaplytics.de\/lv\/wp-json\/wp\/v2\/users\/4"}],"replies":[{"embeddable":true,"href":"https:\/\/shop.leaplytics.de\/lv\/wp-json\/wp\/v2\/comments?post=266"}],"version-history":[{"count":0,"href":"https:\/\/shop.leaplytics.de\/lv\/wp-json\/wp\/v2\/pages\/266\/revisions"}],"wp:attachment":[{"href":"https:\/\/shop.leaplytics.de\/lv\/wp-json\/wp\/v2\/media?parent=266"}],"curies":[{"name":"wp","href":"https:\/\/api.w.org\/{rel}","templated":true}]}}