{"id":2215,"date":"2024-12-09T13:55:51","date_gmt":"2024-12-09T13:55:51","guid":{"rendered":"https:\/\/shop.leaplytics.de\/?page_id=2215"},"modified":"2026-03-05T19:58:24","modified_gmt":"2026-03-05T19:58:24","slug":"garantija","status":"publish","type":"page","link":"https:\/\/shop.leaplytics.de\/lv\/garantija\/","title":{"rendered":"Garantija"},"content":{"rendered":"<h3 class=\"wp-block-heading\">LeapLytics bezriska un m\u016b\u017ea cenas blo\u0137\u0113\u0161anas garantija<\/h3>\n\n\n\n<p>Jums jau ir bijusi iesp\u0113ja iepaz\u012bties ar m\u016bsu vizu\u0101lajiem materi\u0101liem bez maksas. Tagad ir pien\u0101cis laiks atsl\u0113gt <strong>piln\u012bga piek\u013cuve visai j\u016bsu organiz\u0101cijai - ar nulles risku.<\/strong><\/p>\n\n<p><strong>30 dienu naudas atmaksas garantija:<\/strong> Ja LeapLytics nepal\u012bdz j\u016bsu komandai <strong>\u0101tr\u0101k saprast sare\u017e\u0123\u012btus datus.<\/strong> un veikt <strong>lab\u0101ki l\u0113mumi.<\/strong> pirmaj\u0101s 30 dien\u0101s, vienk\u0101r\u0161i rakstiet mums, un m\u0113s izsniegsim <strong>100% atmaksa<\/strong>. <strong>Nav veidlapu. Nav berzes. Nav jaut\u0101jumu.<\/strong><\/p>\n\n<p><strong>M\u016b\u017ea cenu blo\u0137\u0113\u0161ana:<\/strong> Kad esat k\u013cuvis par klientu, j\u016bsu cena ir <strong>iesl\u0113gts uz visiem laikiem<\/strong> - j\u016bs <strong>nekad nemaks\u0101 vair\u0101k<\/strong>pat tad, ja m\u016bsu cenas n\u0101kotn\u0113 pieaugs.<\/p>\n\n<p>Vien\u012bg\u0101 iesp\u0113jam\u0101 korekcija var b\u016bt no <strong>val\u016btas mai\u0146as kursa sv\u0101rst\u012bbas<\/strong>. M\u0113s nekad nepievienojam papildu uzcenojumus vai uzcenojumus - visas ar val\u016btu saist\u012bt\u0101s korekcijas tiek atspogu\u013cotas. <strong>p\u0101rredzami m\u016bsu tie\u0161saistes veikal\u0101<\/strong> un tiek piem\u0113roti tie\u0161i tad, kad tie rodas.<\/p>\n\n<p><strong>Nav sl\u0113pt\u0101s maksas. Nek\u0101das cenas vienam lietot\u0101jam. Nek\u0101du p\u0101rsteiguma uzlabojumu.<\/strong> J\u016bs nodro\u0161in\u0101siet \u0161odienas cenu, vienlaikus g\u016bstot labumu no visiem uzlabojumiem n\u0101kotn\u0113.<\/p>\n\n\n\n<h3 class=\"wp-block-heading\">K\u0101p\u0113c komandas izv\u0113las LeapLytics<\/h3>\n\n\n\n<p>\n\u2705 <strong>Ekskluz\u012bvi, augstas veiktsp\u0113jas Power BI vizu\u0101lie risin\u0101jumi<\/strong> J\u016bs nekur citur neatrad\u012bsiet<br>\n\u2705 <strong>Neierobe\u017eots lietot\u0101ju, pane\u013cu un p\u0101rskatu skaits<\/strong> - nav noteikta cena vienam lietot\u0101jam.<br>\n\u2705 <strong>Izstr\u0101d\u0101ts \u0101tr\u0101kai l\u0113mumu pie\u0146em\u0161anai<\/strong> - skaidr\u0101ka inform\u0101cija ar maz\u0101ku klik\u0161\u0137u skaitu.<br>\n\u2705 <strong>T\u016bl\u012bt\u0113ja izvieto\u0161ana<\/strong> - public\u0113jiet vienu reizi, un tas darbojas vis\u0101 j\u016bsu organiz\u0101cij\u0101<br>\n\u2705 <strong>Izgatavots m\u0113rogojamiem izv\u0113rsumiem<\/strong> - konsekventa vizualiz\u0101cija vis\u0101s komand\u0101s un p\u0101rskatos.\n<\/p>\n\n\n\n<p>Ja m\u016bsu vizualiz\u0101cija nesniegs gaid\u012bto v\u0113rt\u012bbu, m\u0113s atmaks\u0101sim naudu par pirkumu. <strong>M\u0113s nev\u0113lamies j\u016bsu naudu<\/strong> ja vien m\u0113s to nenopeln\u0101m.<\/p>\n\n\n\n<h3 class=\"wp-block-heading\">K\u0101 darbojas garantija<\/h3>\n\n\n\n<p>\n1\ufe0f\u20e3 Aktiviz\u0113jiet pilnu licenci - izmantojot cit\u0101tu vai tie\u0161o ieg\u0101di.<br>\n2\ufe0f\u20e3 Izv\u0113rsiet to pane\u013cos, p\u0101rskatos un komand\u0101s - izmantojiet to re\u0101l\u0101 darb\u0101.<br>\n3\ufe0f\u20e3 Ja 30 dienu laik\u0101 neesat apmierin\u0101ts, rakstiet mums, lai sa\u0146emtu <strong>pilna kompens\u0101cija<\/strong>. <strong>Nav probl\u0113mu. Nav riska.<\/strong><br>\n4\ufe0f\u20e3 Saglab\u0101jiet savu licenci un <strong>cena paliek blo\u0137\u0113ta<\/strong> - uz visiem laikiem.\n<\/p>\n\n\n\n<h3 class=\"wp-block-heading\">Nodro\u0161iniet savu licenci un fiks\u0113jiet \u0161odienas cenu<\/h3>\n\n\n\n<p>\n\ud83d\udc49 <strong>Piepras\u012bt cenu:<\/strong> <a href=\"mailto:info@leaplytics.de\"><strong>info@leaplytics.de<\/strong><\/a><br>\n\ud83d\udc49 <strong>Vai pas\u016btiet licenci tie\u0161i veikal\u0101<\/strong>\n<\/p>\n\n\n\n<p>Uzlabojiet savus Power BI p\u0101rskatus ar skaidr\u0101kiem vizu\u0101liem att\u0113liem un \u0101tr\u0101ku ieskatu - <strong>bez riska.<\/strong><\/p>","protected":false},"excerpt":{"rendered":"<p>The LeapLytics Risk-Free &#038; Lifetime Price Lock Guarantee You\u2019ve already had the chance to explore our visuals for free. Now it\u2019s time to unlock full access for your entire organization \u2014 with zero risk. 30-Day Money-Back Guarantee: If LeapLytics doesn\u2019t help your team understand complex data faster and make better decisions within the first 30 &hellip; <\/p>","protected":false},"author":4,"featured_media":0,"parent":0,"menu_order":0,"comment_status":"closed","ping_status":"closed","template":"","meta":{"footnotes":""},"class_list":["post-2215","page","type-page","status-publish","hentry","latest_post"],"yoast_head":"<!-- This site is optimized with the Yoast SEO plugin v25.6 - https:\/\/yoast.com\/wordpress\/plugins\/seo\/ -->\n<title>Guarantee - LeapLytics&#039; Shop<\/title>\n<meta name=\"robots\" content=\"index, follow, max-snippet:-1, max-image-preview:large, max-video-preview:-1\" \/>\n<link rel=\"canonical\" href=\"https:\/\/shop.leaplytics.de\/lv\/garantija\/\" \/>\n<meta property=\"og:locale\" content=\"lv_LV\" \/>\n<meta property=\"og:type\" content=\"article\" \/>\n<meta property=\"og:title\" content=\"Guarantee - LeapLytics&#039; Shop\" \/>\n<meta property=\"og:description\" content=\"The LeapLytics Risk-Free &#038; Lifetime Price Lock Guarantee You\u2019ve already had the chance to explore our visuals for free. Now it\u2019s time to unlock full access for your entire organization \u2014 with zero risk. 30-Day Money-Back Guarantee: If LeapLytics doesn\u2019t help your team understand complex data faster and make better decisions within the first 30 &hellip;\" \/>\n<meta property=\"og:url\" content=\"https:\/\/shop.leaplytics.de\/lv\/garantija\/\" \/>\n<meta property=\"og:site_name\" content=\"LeapLytics&#039; Shop\" \/>\n<meta property=\"article:modified_time\" content=\"2026-03-05T19:58:24+00:00\" \/>\n<meta name=\"twitter:card\" content=\"summary_large_image\" \/>\n<meta name=\"twitter:label1\" content=\"Est. reading time\" \/>\n\t<meta name=\"twitter:data1\" content=\"2 min\u016btes\" \/>\n<script type=\"application\/ld+json\" class=\"yoast-schema-graph\">{\"@context\":\"https:\/\/schema.org\",\"@graph\":[{\"@type\":\"WebPage\",\"@id\":\"https:\/\/shop.leaplytics.de\/guarantee\/\",\"url\":\"https:\/\/shop.leaplytics.de\/guarantee\/\",\"name\":\"Guarantee - LeapLytics&#039; Shop\",\"isPartOf\":{\"@id\":\"https:\/\/shop.leaplytics.de\/pt_br\/#website\"},\"datePublished\":\"2024-12-09T13:55:51+00:00\",\"dateModified\":\"2026-03-05T19:58:24+00:00\",\"breadcrumb\":{\"@id\":\"https:\/\/shop.leaplytics.de\/guarantee\/#breadcrumb\"},\"inLanguage\":\"lv-LV\",\"potentialAction\":[{\"@type\":\"ReadAction\",\"target\":[\"https:\/\/shop.leaplytics.de\/guarantee\/\"]}]},{\"@type\":\"BreadcrumbList\",\"@id\":\"https:\/\/shop.leaplytics.de\/guarantee\/#breadcrumb\",\"itemListElement\":[{\"@type\":\"ListItem\",\"position\":1,\"name\":\"Home\",\"item\":\"https:\/\/shop.leaplytics.de\/\"},{\"@type\":\"ListItem\",\"position\":2,\"name\":\"Guarantee\"}]},{\"@type\":\"WebSite\",\"@id\":\"https:\/\/shop.leaplytics.de\/pt_br\/#website\",\"url\":\"https:\/\/shop.leaplytics.de\/pt_br\/\",\"name\":\"LeapLytics' Shop\",\"description\":\"leap reporting solutions\",\"potentialAction\":[{\"@type\":\"SearchAction\",\"target\":{\"@type\":\"EntryPoint\",\"urlTemplate\":\"https:\/\/shop.leaplytics.de\/pt_br\/?s={search_term_string}\"},\"query-input\":{\"@type\":\"PropertyValueSpecification\",\"valueRequired\":true,\"valueName\":\"search_term_string\"}}],\"inLanguage\":\"lv-LV\"}]}<\/script>\n<!-- \/ Yoast SEO plugin. -->","yoast_head_json":{"title":"Garantija - LeapLytics veikals","robots":{"index":"index","follow":"follow","max-snippet":"max-snippet:-1","max-image-preview":"max-image-preview:large","max-video-preview":"max-video-preview:-1"},"canonical":"https:\/\/shop.leaplytics.de\/lv\/garantija\/","og_locale":"lv_LV","og_type":"article","og_title":"Guarantee - LeapLytics&#039; Shop","og_description":"The LeapLytics Risk-Free &#038; Lifetime Price Lock Guarantee You\u2019ve already had the chance to explore our visuals for free. Now it\u2019s time to unlock full access for your entire organization \u2014 with zero risk. 30-Day Money-Back Guarantee: If LeapLytics doesn\u2019t help your team understand complex data faster and make better decisions within the first 30 &hellip;","og_url":"https:\/\/shop.leaplytics.de\/lv\/garantija\/","og_site_name":"LeapLytics&#039; Shop","article_modified_time":"2026-03-05T19:58:24+00:00","twitter_card":"summary_large_image","twitter_misc":{"Est. reading time":"2 min\u016btes"},"schema":{"@context":"https:\/\/schema.org","@graph":[{"@type":"WebPage","@id":"https:\/\/shop.leaplytics.de\/guarantee\/","url":"https:\/\/shop.leaplytics.de\/guarantee\/","name":"Garantija - LeapLytics veikals","isPartOf":{"@id":"https:\/\/shop.leaplytics.de\/pt_br\/#website"},"datePublished":"2024-12-09T13:55:51+00:00","dateModified":"2026-03-05T19:58:24+00:00","breadcrumb":{"@id":"https:\/\/shop.leaplytics.de\/guarantee\/#breadcrumb"},"inLanguage":"lv-LV","potentialAction":[{"@type":"ReadAction","target":["https:\/\/shop.leaplytics.de\/guarantee\/"]}]},{"@type":"BreadcrumbList","@id":"https:\/\/shop.leaplytics.de\/guarantee\/#breadcrumb","itemListElement":[{"@type":"ListItem","position":1,"name":"Home","item":"https:\/\/shop.leaplytics.de\/"},{"@type":"ListItem","position":2,"name":"Guarantee"}]},{"@type":"WebSite","@id":"https:\/\/shop.leaplytics.de\/pt_br\/#website","url":"https:\/\/shop.leaplytics.de\/pt_br\/","name":"LeapLytics veikals","description":"l\u0113ciena zi\u0146o\u0161anas risin\u0101jumi","potentialAction":[{"@type":"SearchAction","target":{"@type":"EntryPoint","urlTemplate":"https:\/\/shop.leaplytics.de\/pt_br\/?s={search_term_string}"},"query-input":{"@type":"PropertyValueSpecification","valueRequired":true,"valueName":"search_term_string"}}],"inLanguage":"lv-LV"}]}},"_links":{"self":[{"href":"https:\/\/shop.leaplytics.de\/lv\/wp-json\/wp\/v2\/pages\/2215","targetHints":{"allow":["GET"]}}],"collection":[{"href":"https:\/\/shop.leaplytics.de\/lv\/wp-json\/wp\/v2\/pages"}],"about":[{"href":"https:\/\/shop.leaplytics.de\/lv\/wp-json\/wp\/v2\/types\/page"}],"author":[{"embeddable":true,"href":"https:\/\/shop.leaplytics.de\/lv\/wp-json\/wp\/v2\/users\/4"}],"replies":[{"embeddable":true,"href":"https:\/\/shop.leaplytics.de\/lv\/wp-json\/wp\/v2\/comments?post=2215"}],"version-history":[{"count":0,"href":"https:\/\/shop.leaplytics.de\/lv\/wp-json\/wp\/v2\/pages\/2215\/revisions"}],"wp:attachment":[{"href":"https:\/\/shop.leaplytics.de\/lv\/wp-json\/wp\/v2\/media?parent=2215"}],"curies":[{"name":"wp","href":"https:\/\/api.w.org\/{rel}","templated":true}]}}