{"id":2,"date":"2022-05-06T11:12:18","date_gmt":"2022-05-06T11:12:18","guid":{"rendered":"https:\/\/shop.leaplytics.de\/?page_id=2"},"modified":"2022-05-06T11:12:18","modified_gmt":"2022-05-06T11:12:18","slug":"parauga-lapa","status":"publish","type":"page","link":"https:\/\/shop.leaplytics.de\/lv\/parauga-lapa\/","title":{"rendered":"Lapas paraugs"},"content":{"rendered":"<p>\u0160\u012b ir parauga lapa. T\u0101 at\u0161\u0137iras no emu\u0101ra ieraksta, jo t\u0101 paliks vien\u0101 viet\u0101 un par\u0101d\u012bsies j\u016bsu vietnes navig\u0101cij\u0101 (vairum\u0101 t\u0113mu). Liel\u0101k\u0101 da\u013ca cilv\u0113ku s\u0101k ar lapu Par vietni, kas iepaz\u012bstina potenci\u0101los vietnes apmekl\u0113t\u0101jus. Taj\u0101 var\u0113tu b\u016bt rakst\u012bts kaut kas l\u012bdz\u012bgs \u0161\u0101dam:<\/p>\n\n\n\n<blockquote class=\"wp-block-quote is-layout-flow wp-block-quote-is-layout-flow\"><p>Sveiki! Es esmu velosip\u0113du kurjers dien\u0101, topo\u0161ais aktieris nakt\u012b, un \u0161\u012b ir mana t\u012bmek\u013ca vietne. Es dz\u012bvoju Losand\u017eelos\u0101, man ir lielisks suns v\u0101rd\u0101 D\u017eeks, un man pat\u012bk pina koladas. (Un nok\u013c\u016bt liet\u016b.)<\/p><\/blockquote>\n\n\n\n<p>...vai apm\u0113ram t\u0101:<\/p>\n\n\n\n<blockquote class=\"wp-block-quote is-layout-flow wp-block-quote-is-layout-flow\"><p>Uz\u0146\u0113mums XYZ Doohickey Company tika dibin\u0101ts 1971. gad\u0101, un kop\u0161 t\u0101 laika sabiedr\u012bbai tiek pied\u0101v\u0101ti kvalitat\u012bvi doohickeys. Uz\u0146\u0113mums XYZ, kas atrodas Gothem\u0101, nodarbina vair\u0101k nek\u0101 2000 cilv\u0113ku un dara visda\u017e\u0101d\u0101k\u0101s lieliskas lietas Gothemas sabiedr\u012bbai.<\/p><\/blockquote>\n\n\n\n<p>Ja esat jauns WordPress lietot\u0101js, jums j\u0101iet uz <a href=\"https:\/\/shop.leaplytics.de\/wp-admin\/\">vad\u012bbas panelis<\/a> dz\u0113st \u0161o lapu un izveidot jaunas lapas ar saturu. Priec\u0101jieties!<\/p>","protected":false},"excerpt":{"rendered":"<p>This is an example page. It&#8217;s different from a blog post because it will stay in one place and will show up in your site navigation (in most themes). Most people start with an About page that introduces them to potential site visitors. It might say something like this: Hi there! I&#8217;m a bike messenger &hellip; <\/p>","protected":false},"author":1,"featured_media":0,"parent":0,"menu_order":0,"comment_status":"closed","ping_status":"open","template":"","meta":{"footnotes":""},"class_list":["post-2","page","type-page","status-publish","hentry","latest_post"],"yoast_head":"<!-- This site is optimized with the Yoast SEO plugin v25.6 - https:\/\/yoast.com\/wordpress\/plugins\/seo\/ -->\n<title>Sample Page - LeapLytics&#039; Shop<\/title>\n<meta name=\"robots\" content=\"index, follow, max-snippet:-1, max-image-preview:large, max-video-preview:-1\" \/>\n<link rel=\"canonical\" href=\"https:\/\/shop.leaplytics.de\/lv\/parauga-lapa\/\" \/>\n<meta property=\"og:locale\" content=\"lv_LV\" \/>\n<meta property=\"og:type\" content=\"article\" \/>\n<meta property=\"og:title\" content=\"Sample Page - LeapLytics&#039; Shop\" \/>\n<meta property=\"og:description\" content=\"This is an example page. It&#8217;s different from a blog post because it will stay in one place and will show up in your site navigation (in most themes). Most people start with an About page that introduces them to potential site visitors. It might say something like this: Hi there! I&#8217;m a bike messenger &hellip;\" \/>\n<meta property=\"og:url\" content=\"https:\/\/shop.leaplytics.de\/lv\/parauga-lapa\/\" \/>\n<meta property=\"og:site_name\" content=\"LeapLytics&#039; Shop\" \/>\n<meta name=\"twitter:card\" content=\"summary_large_image\" \/>\n<meta name=\"twitter:label1\" content=\"Est. reading time\" \/>\n\t<meta name=\"twitter:data1\" content=\"1 min\u016bte\" \/>\n<script type=\"application\/ld+json\" class=\"yoast-schema-graph\">{\"@context\":\"https:\/\/schema.org\",\"@graph\":[{\"@type\":\"WebPage\",\"@id\":\"https:\/\/shop.leaplytics.de\/sample-page\/\",\"url\":\"https:\/\/shop.leaplytics.de\/sample-page\/\",\"name\":\"Sample Page - LeapLytics&#039; Shop\",\"isPartOf\":{\"@id\":\"https:\/\/shop.leaplytics.de\/pt_br\/#website\"},\"datePublished\":\"2022-05-06T11:12:18+00:00\",\"breadcrumb\":{\"@id\":\"https:\/\/shop.leaplytics.de\/sample-page\/#breadcrumb\"},\"inLanguage\":\"lv-LV\",\"potentialAction\":[{\"@type\":\"ReadAction\",\"target\":[\"https:\/\/shop.leaplytics.de\/sample-page\/\"]}]},{\"@type\":\"BreadcrumbList\",\"@id\":\"https:\/\/shop.leaplytics.de\/sample-page\/#breadcrumb\",\"itemListElement\":[{\"@type\":\"ListItem\",\"position\":1,\"name\":\"Home\",\"item\":\"https:\/\/shop.leaplytics.de\/\"},{\"@type\":\"ListItem\",\"position\":2,\"name\":\"Sample Page\"}]},{\"@type\":\"WebSite\",\"@id\":\"https:\/\/shop.leaplytics.de\/pt_br\/#website\",\"url\":\"https:\/\/shop.leaplytics.de\/pt_br\/\",\"name\":\"LeapLytics' Shop\",\"description\":\"leap reporting solutions\",\"potentialAction\":[{\"@type\":\"SearchAction\",\"target\":{\"@type\":\"EntryPoint\",\"urlTemplate\":\"https:\/\/shop.leaplytics.de\/pt_br\/?s={search_term_string}\"},\"query-input\":{\"@type\":\"PropertyValueSpecification\",\"valueRequired\":true,\"valueName\":\"search_term_string\"}}],\"inLanguage\":\"lv-LV\"}]}<\/script>\n<!-- \/ Yoast SEO plugin. -->","yoast_head_json":{"title":"Lapas paraugs - LeapLytics veikals","robots":{"index":"index","follow":"follow","max-snippet":"max-snippet:-1","max-image-preview":"max-image-preview:large","max-video-preview":"max-video-preview:-1"},"canonical":"https:\/\/shop.leaplytics.de\/lv\/parauga-lapa\/","og_locale":"lv_LV","og_type":"article","og_title":"Sample Page - LeapLytics&#039; Shop","og_description":"This is an example page. It&#8217;s different from a blog post because it will stay in one place and will show up in your site navigation (in most themes). Most people start with an About page that introduces them to potential site visitors. It might say something like this: Hi there! I&#8217;m a bike messenger &hellip;","og_url":"https:\/\/shop.leaplytics.de\/lv\/parauga-lapa\/","og_site_name":"LeapLytics&#039; Shop","twitter_card":"summary_large_image","twitter_misc":{"Est. reading time":"1 min\u016bte"},"schema":{"@context":"https:\/\/schema.org","@graph":[{"@type":"WebPage","@id":"https:\/\/shop.leaplytics.de\/sample-page\/","url":"https:\/\/shop.leaplytics.de\/sample-page\/","name":"Lapas paraugs - LeapLytics veikals","isPartOf":{"@id":"https:\/\/shop.leaplytics.de\/pt_br\/#website"},"datePublished":"2022-05-06T11:12:18+00:00","breadcrumb":{"@id":"https:\/\/shop.leaplytics.de\/sample-page\/#breadcrumb"},"inLanguage":"lv-LV","potentialAction":[{"@type":"ReadAction","target":["https:\/\/shop.leaplytics.de\/sample-page\/"]}]},{"@type":"BreadcrumbList","@id":"https:\/\/shop.leaplytics.de\/sample-page\/#breadcrumb","itemListElement":[{"@type":"ListItem","position":1,"name":"Home","item":"https:\/\/shop.leaplytics.de\/"},{"@type":"ListItem","position":2,"name":"Sample Page"}]},{"@type":"WebSite","@id":"https:\/\/shop.leaplytics.de\/pt_br\/#website","url":"https:\/\/shop.leaplytics.de\/pt_br\/","name":"LeapLytics veikals","description":"l\u0113ciena zi\u0146o\u0161anas risin\u0101jumi","potentialAction":[{"@type":"SearchAction","target":{"@type":"EntryPoint","urlTemplate":"https:\/\/shop.leaplytics.de\/pt_br\/?s={search_term_string}"},"query-input":{"@type":"PropertyValueSpecification","valueRequired":true,"valueName":"search_term_string"}}],"inLanguage":"lv-LV"}]}},"_links":{"self":[{"href":"https:\/\/shop.leaplytics.de\/lv\/wp-json\/wp\/v2\/pages\/2","targetHints":{"allow":["GET"]}}],"collection":[{"href":"https:\/\/shop.leaplytics.de\/lv\/wp-json\/wp\/v2\/pages"}],"about":[{"href":"https:\/\/shop.leaplytics.de\/lv\/wp-json\/wp\/v2\/types\/page"}],"author":[{"embeddable":true,"href":"https:\/\/shop.leaplytics.de\/lv\/wp-json\/wp\/v2\/users\/1"}],"replies":[{"embeddable":true,"href":"https:\/\/shop.leaplytics.de\/lv\/wp-json\/wp\/v2\/comments?post=2"}],"version-history":[{"count":0,"href":"https:\/\/shop.leaplytics.de\/lv\/wp-json\/wp\/v2\/pages\/2\/revisions"}],"wp:attachment":[{"href":"https:\/\/shop.leaplytics.de\/lv\/wp-json\/wp\/v2\/media?parent=2"}],"curies":[{"name":"wp","href":"https:\/\/api.w.org\/{rel}","templated":true}]}}