{"id":78,"date":"2022-05-07T14:36:34","date_gmt":"2022-05-07T14:36:34","guid":{"rendered":"https:\/\/shop.leaplytics.de\/?post_type=product&#038;p=78"},"modified":"2026-03-05T20:01:35","modified_gmt":"2026-03-05T20:01:35","slug":"power-bi-rizikos-zemelapis","status":"publish","type":"product","link":"https:\/\/shop.leaplytics.de\/lt\/product\/power-bi-rizikos-zemelapis\/","title":{"rendered":"Rizikos kar\u0161\u010dio \u017eem\u0117lapis Vizualinis"},"content":{"rendered":"<p>Rizikos kar\u0161\u010dio \u017eem\u0117lapis Vizualinis<\/p>","protected":false},"excerpt":{"rendered":"<p>Ai\u0161kiai vizualizuokite savo rizik\u0105 naudodami \"Power BI\" ir \"Qlik Sense\" skirt\u0105 rizikos \u017eem\u0117lap\u012f \/ matric\u0105. \u0160i vizualizacija leid\u017eia analizuoti rizik\u0105 naudojant pritaikom\u0105 iki 10 x 10 matric\u0105. Naudodamiesi \u012fvairiais nustatymais galite pritaikyti vizualizacij\u0105 pagal savo poreikius.<\/p>\n<p><strong>Apra\u0161ymas:<\/strong><\/p>\n<ul>\n<li>Metin\u0117 arba daugiamet\u0117 licencija<\/li>\n<li>Licencij\u0105 galite naudoti vienai \u012fmonei (vienam juridiniam asmeniui) arba grupei (keliems juridiniams asmenims).<\/li>\n<li><u><a href=\"https:\/\/shop.leaplytics.de\/lt\/garantija\/\">30 dien\u0173 nerizikingos garantijos + viso gyvenimo kainos fiksavimas<\/a><\/u><\/li>\n<li>Licencijos kod\u0105 el. pa\u0161tu gausite per 24 valandas nuo \u012fsigijimo.<\/li>\n<li>Jei norite naudoti vaizdin\u0119 med\u017eiag\u0105 komercin\u0117je aplinkoje i\u0161or\u0117s klientams, susisiekite su mumis el. pa\u0161tu. <u><a href=\"mailto:info@leaplytics.de\">info@leaplytics.de<\/a><\/u>.<\/li>\n<\/ul>","protected":false},"featured_media":63,"template":"","meta":[],"product_brand":[],"product_cat":[19],"product_tag":[],"class_list":{"0":"post-78","1":"product","2":"type-product","3":"status-publish","4":"has-post-thumbnail","6":"product_cat-bi-visual","7":"latest_post","9":"first","10":"instock","11":"sale","12":"taxable","13":"shipping-taxable","14":"purchasable","15":"product-type-variable"},"yoast_head":"<!-- This site is optimized with the Yoast SEO plugin v25.6 - https:\/\/yoast.com\/wordpress\/plugins\/seo\/ -->\n<title>Risk Heatmap Visual - LeapLytics&#039; Shop<\/title>\n<meta name=\"robots\" content=\"index, follow, max-snippet:-1, max-image-preview:large, max-video-preview:-1\" \/>\n<link rel=\"canonical\" href=\"https:\/\/shop.leaplytics.de\/lt\/product\/power-bi-rizikos-zemelapis\/\" \/>\n<meta property=\"og:locale\" content=\"lt_LT\" \/>\n<meta property=\"og:type\" content=\"article\" \/>\n<meta property=\"og:title\" content=\"Risk Heatmap Visual - LeapLytics&#039; Shop\" \/>\n<meta property=\"og:description\" content=\"Visualize your risks in a clear way with our Risk Heatmap \/ Matrix for Power BI and Qlik Sense. This visual allows you to analyze risks using a customizable matrix of up to 10 x 10. You can adjust the visuals to your needs with various settings.  Description:   Annual or multi-year license  You can use a license for one company (single legal entity) or a group\/holding (multiple legal entities).     30-Day Risk-Free Guarantee + Lifetime Price Lock  Expect to receive your license code via email within 24 hours of your purchase.  If you want to use the visual in a commercial environment for your external customers, please contact us via mail info@leaplytics.de.\" \/>\n<meta property=\"og:url\" content=\"https:\/\/shop.leaplytics.de\/lt\/product\/power-bi-rizikos-zemelapis\/\" \/>\n<meta property=\"og:site_name\" content=\"LeapLytics&#039; Shop\" \/>\n<meta property=\"article:modified_time\" content=\"2026-03-05T20:01:35+00:00\" \/>\n<meta property=\"og:image\" content=\"https:\/\/shop.leaplytics.de\/wp-content\/uploads\/2022\/05\/First_Slice_Risk_Map_PowerBI-1024x576-1.png\" \/>\n\t<meta property=\"og:image:width\" content=\"1024\" \/>\n\t<meta property=\"og:image:height\" content=\"576\" \/>\n\t<meta property=\"og:image:type\" content=\"image\/png\" \/>\n<meta name=\"twitter:card\" content=\"summary_large_image\" \/>\n<meta name=\"twitter:label1\" content=\"Est. reading time\" \/>\n\t<meta name=\"twitter:data1\" content=\"1 minut\u0117\" \/>\n<script type=\"application\/ld+json\" class=\"yoast-schema-graph\">{\"@context\":\"https:\/\/schema.org\",\"@graph\":[{\"@type\":\"WebPage\",\"@id\":\"https:\/\/shop.leaplytics.de\/product\/power-bi-risk-heatmap\/\",\"url\":\"https:\/\/shop.leaplytics.de\/product\/power-bi-risk-heatmap\/\",\"name\":\"Risk Heatmap Visual - LeapLytics&#039; Shop\",\"isPartOf\":{\"@id\":\"https:\/\/shop.leaplytics.de\/pt_br\/#website\"},\"primaryImageOfPage\":{\"@id\":\"https:\/\/shop.leaplytics.de\/product\/power-bi-risk-heatmap\/#primaryimage\"},\"image\":{\"@id\":\"https:\/\/shop.leaplytics.de\/product\/power-bi-risk-heatmap\/#primaryimage\"},\"thumbnailUrl\":\"https:\/\/shop.leaplytics.de\/wp-content\/uploads\/2022\/05\/First_Slice_Risk_Map_PowerBI-1024x576-1.png\",\"datePublished\":\"2022-05-07T14:36:34+00:00\",\"dateModified\":\"2026-03-05T20:01:35+00:00\",\"breadcrumb\":{\"@id\":\"https:\/\/shop.leaplytics.de\/product\/power-bi-risk-heatmap\/#breadcrumb\"},\"inLanguage\":\"lt-LT\",\"potentialAction\":[{\"@type\":\"ReadAction\",\"target\":[\"https:\/\/shop.leaplytics.de\/product\/power-bi-risk-heatmap\/\"]}]},{\"@type\":\"ImageObject\",\"inLanguage\":\"lt-LT\",\"@id\":\"https:\/\/shop.leaplytics.de\/product\/power-bi-risk-heatmap\/#primaryimage\",\"url\":\"https:\/\/shop.leaplytics.de\/wp-content\/uploads\/2022\/05\/First_Slice_Risk_Map_PowerBI-1024x576-1.png\",\"contentUrl\":\"https:\/\/shop.leaplytics.de\/wp-content\/uploads\/2022\/05\/First_Slice_Risk_Map_PowerBI-1024x576-1.png\",\"width\":1024,\"height\":576},{\"@type\":\"BreadcrumbList\",\"@id\":\"https:\/\/shop.leaplytics.de\/product\/power-bi-risk-heatmap\/#breadcrumb\",\"itemListElement\":[{\"@type\":\"ListItem\",\"position\":1,\"name\":\"Home\",\"item\":\"https:\/\/shop.leaplytics.de\/\"},{\"@type\":\"ListItem\",\"position\":2,\"name\":\"Shop\",\"item\":\"https:\/\/shop.leaplytics.de\/\"},{\"@type\":\"ListItem\",\"position\":3,\"name\":\"Risk Heatmap Visual\"}]},{\"@type\":\"WebSite\",\"@id\":\"https:\/\/shop.leaplytics.de\/pt_br\/#website\",\"url\":\"https:\/\/shop.leaplytics.de\/pt_br\/\",\"name\":\"LeapLytics' Shop\",\"description\":\"leap reporting solutions\",\"potentialAction\":[{\"@type\":\"SearchAction\",\"target\":{\"@type\":\"EntryPoint\",\"urlTemplate\":\"https:\/\/shop.leaplytics.de\/pt_br\/?s={search_term_string}\"},\"query-input\":{\"@type\":\"PropertyValueSpecification\",\"valueRequired\":true,\"valueName\":\"search_term_string\"}}],\"inLanguage\":\"lt-LT\"}]}<\/script>\n<!-- \/ Yoast SEO plugin. -->","yoast_head_json":{"title":"Rizikos \u0161ilumos \u017eem\u0117lapio vaizdin\u0117 versija - \"LeapLytics\" parduotuv\u0117","robots":{"index":"index","follow":"follow","max-snippet":"max-snippet:-1","max-image-preview":"max-image-preview:large","max-video-preview":"max-video-preview:-1"},"canonical":"https:\/\/shop.leaplytics.de\/lt\/product\/power-bi-rizikos-zemelapis\/","og_locale":"lt_LT","og_type":"article","og_title":"Risk Heatmap Visual - LeapLytics&#039; Shop","og_description":"Visualize your risks in a clear way with our Risk Heatmap \/ Matrix for Power BI and Qlik Sense. This visual allows you to analyze risks using a customizable matrix of up to 10 x 10. You can adjust the visuals to your needs with various settings.  Description:   Annual or multi-year license  You can use a license for one company (single legal entity) or a group\/holding (multiple legal entities).     30-Day Risk-Free Guarantee + Lifetime Price Lock  Expect to receive your license code via email within 24 hours of your purchase.  If you want to use the visual in a commercial environment for your external customers, please contact us via mail info@leaplytics.de.","og_url":"https:\/\/shop.leaplytics.de\/lt\/product\/power-bi-rizikos-zemelapis\/","og_site_name":"LeapLytics&#039; Shop","article_modified_time":"2026-03-05T20:01:35+00:00","og_image":[{"width":1024,"height":576,"url":"https:\/\/shop.leaplytics.de\/wp-content\/uploads\/2022\/05\/First_Slice_Risk_Map_PowerBI-1024x576-1.png","type":"image\/png"}],"twitter_card":"summary_large_image","twitter_misc":{"Est. reading time":"1 minut\u0117"},"schema":{"@context":"https:\/\/schema.org","@graph":[{"@type":"WebPage","@id":"https:\/\/shop.leaplytics.de\/product\/power-bi-risk-heatmap\/","url":"https:\/\/shop.leaplytics.de\/product\/power-bi-risk-heatmap\/","name":"Rizikos \u0161ilumos \u017eem\u0117lapio vaizdin\u0117 versija - \"LeapLytics\" parduotuv\u0117","isPartOf":{"@id":"https:\/\/shop.leaplytics.de\/pt_br\/#website"},"primaryImageOfPage":{"@id":"https:\/\/shop.leaplytics.de\/product\/power-bi-risk-heatmap\/#primaryimage"},"image":{"@id":"https:\/\/shop.leaplytics.de\/product\/power-bi-risk-heatmap\/#primaryimage"},"thumbnailUrl":"https:\/\/shop.leaplytics.de\/wp-content\/uploads\/2022\/05\/First_Slice_Risk_Map_PowerBI-1024x576-1.png","datePublished":"2022-05-07T14:36:34+00:00","dateModified":"2026-03-05T20:01:35+00:00","breadcrumb":{"@id":"https:\/\/shop.leaplytics.de\/product\/power-bi-risk-heatmap\/#breadcrumb"},"inLanguage":"lt-LT","potentialAction":[{"@type":"ReadAction","target":["https:\/\/shop.leaplytics.de\/product\/power-bi-risk-heatmap\/"]}]},{"@type":"ImageObject","inLanguage":"lt-LT","@id":"https:\/\/shop.leaplytics.de\/product\/power-bi-risk-heatmap\/#primaryimage","url":"https:\/\/shop.leaplytics.de\/wp-content\/uploads\/2022\/05\/First_Slice_Risk_Map_PowerBI-1024x576-1.png","contentUrl":"https:\/\/shop.leaplytics.de\/wp-content\/uploads\/2022\/05\/First_Slice_Risk_Map_PowerBI-1024x576-1.png","width":1024,"height":576},{"@type":"BreadcrumbList","@id":"https:\/\/shop.leaplytics.de\/product\/power-bi-risk-heatmap\/#breadcrumb","itemListElement":[{"@type":"ListItem","position":1,"name":"Home","item":"https:\/\/shop.leaplytics.de\/"},{"@type":"ListItem","position":2,"name":"Shop","item":"https:\/\/shop.leaplytics.de\/"},{"@type":"ListItem","position":3,"name":"Risk Heatmap Visual"}]},{"@type":"WebSite","@id":"https:\/\/shop.leaplytics.de\/pt_br\/#website","url":"https:\/\/shop.leaplytics.de\/pt_br\/","name":"\"LeapLytics\" parduotuv\u0117","description":"\"Leap Reporting\" sprendimai","potentialAction":[{"@type":"SearchAction","target":{"@type":"EntryPoint","urlTemplate":"https:\/\/shop.leaplytics.de\/pt_br\/?s={search_term_string}"},"query-input":{"@type":"PropertyValueSpecification","valueRequired":true,"valueName":"search_term_string"}}],"inLanguage":"lt-LT"}]}},"_links":{"self":[{"href":"https:\/\/shop.leaplytics.de\/lt\/wp-json\/wp\/v2\/product\/78","targetHints":{"allow":["GET"]}}],"collection":[{"href":"https:\/\/shop.leaplytics.de\/lt\/wp-json\/wp\/v2\/product"}],"about":[{"href":"https:\/\/shop.leaplytics.de\/lt\/wp-json\/wp\/v2\/types\/product"}],"wp:featuredmedia":[{"embeddable":true,"href":"https:\/\/shop.leaplytics.de\/lt\/wp-json\/wp\/v2\/media\/63"}],"wp:attachment":[{"href":"https:\/\/shop.leaplytics.de\/lt\/wp-json\/wp\/v2\/media?parent=78"}],"wp:term":[{"taxonomy":"product_brand","embeddable":true,"href":"https:\/\/shop.leaplytics.de\/lt\/wp-json\/wp\/v2\/product_brand?post=78"},{"taxonomy":"product_cat","embeddable":true,"href":"https:\/\/shop.leaplytics.de\/lt\/wp-json\/wp\/v2\/product_cat?post=78"},{"taxonomy":"product_tag","embeddable":true,"href":"https:\/\/shop.leaplytics.de\/lt\/wp-json\/wp\/v2\/product_tag?post=78"}],"curies":[{"name":"wp","href":"https:\/\/api.w.org\/{rel}","templated":true}]}}