{"id":2345,"date":"2025-07-31T08:52:28","date_gmt":"2025-07-31T08:52:28","guid":{"rendered":"https:\/\/shop.leaplytics.de\/?post_type=product&#038;p=2345"},"modified":"2026-03-05T20:01:09","modified_gmt":"2026-03-05T20:01:09","slug":"gantto-diagrama","status":"publish","type":"product","link":"https:\/\/shop.leaplytics.de\/lt\/product\/gantto-diagrama\/","title":{"rendered":"Ganto diagrama"},"content":{"rendered":"<p>Ganto diagrama<\/p>","protected":false},"excerpt":{"rendered":"<p>Valdykite ir steb\u0117kite savo rizik\u0105 laikui b\u0117gant, naudodami \"Power BI\" skirt\u0105 vaizdin\u0119 Gantto diagram\u0105. \u0160i vizualioji diagrama leid\u017eia ai\u0161kiai ir strukt\u016bri\u0161kai atvaizduoti projekto terminus, etapus ir rizikos trukm\u0119. Puikiai tinka integruoti rizikos valdym\u0105 \u012f projekto planavim\u0105.<\/p>\n<p><strong>Apra\u0161ymas:<\/strong><\/p>\n<ul>\n<li>Galima \u012fsigyti metin\u0119 arba daugiamet\u0119 licencij\u0105<\/li>\n<li>Naudokite licencij\u0105 vienai \u012fmonei (juridiniam asmeniui) arba visai grupei (keliems juridiniams asmenims).<\/li>\n<li><u><a href=\"https:\/\/shop.leaplytics.de\/lt\/garantija\/\">30 dien\u0173 nerizikingos garantijos + viso gyvenimo kainos fiksavimas<\/a><\/u><\/li>\n<li>Licencijos kodas bus i\u0161si\u0173stas \u012f j\u016bs\u0173 el. pa\u0161to d\u0117\u017eut\u0119 per 24 valandas nuo \u012fsigijimo.<\/li>\n<li>\n    D\u0117l komercinio naudojimo klientams skirtoje aplinkoje susisiekite su mumis adresu<br \/>\n    <u><a href=\"mailto:info@leaplytics.de\">info@leaplytics.de<\/a><\/u>\n  <\/li>\n<\/ul>\n<p>Ie\u0161kote dar geresnio pasi\u016blymo? Susisiekite su mumis adresu <a href=\"mailto:info@leaplytics.de\">info@leaplytics.de<\/a> ir gaukite i\u0161skirtin\u0119 papildom\u0105 nuolaid\u0105!<\/p>","protected":false},"featured_media":2347,"template":"","meta":[],"product_brand":[],"product_cat":[19],"product_tag":[],"class_list":{"0":"post-2345","1":"product","2":"type-product","3":"status-publish","4":"has-post-thumbnail","6":"product_cat-bi-visual","7":"latest_post","9":"first","10":"instock","11":"taxable","12":"shipping-taxable","13":"purchasable","14":"product-type-variable"},"yoast_head":"<!-- This site is optimized with the Yoast SEO plugin v25.6 - https:\/\/yoast.com\/wordpress\/plugins\/seo\/ -->\n<title>Gantt Chart - LeapLytics&#039; Shop<\/title>\n<meta name=\"robots\" content=\"index, follow, max-snippet:-1, max-image-preview:large, max-video-preview:-1\" \/>\n<link rel=\"canonical\" href=\"https:\/\/shop.leaplytics.de\/lt\/product\/gantto-diagrama\/\" \/>\n<meta property=\"og:locale\" content=\"lt_LT\" \/>\n<meta property=\"og:type\" content=\"article\" \/>\n<meta property=\"og:title\" content=\"Gantt Chart - LeapLytics&#039; Shop\" \/>\n<meta property=\"og:description\" content=\"Manage and track your risks over time with our Gantt Chart visual for Power BI. This visual lets you represent project timelines, milestones, and risk durations in a clear and structured timeline format. Perfect for integrating risk management into your project planning.  Description:   Annual or multi-year license available  Use the license for a single company (legal entity) or across a group\/holding (multiple legal entities)  30-Day Risk-Free Guarantee + Lifetime Price Lock  License code will be sent to your email within 24 hours of purchase     For commercial use in customer-facing environments, please contact us at    info@leaplytics.de     Looking for an even better deal? Contact us at info@leaplytics.de and get an exclusive extra discount!\" \/>\n<meta property=\"og:url\" content=\"https:\/\/shop.leaplytics.de\/lt\/product\/gantto-diagrama\/\" \/>\n<meta property=\"og:site_name\" content=\"LeapLytics&#039; Shop\" \/>\n<meta property=\"article:modified_time\" content=\"2026-03-05T20:01:09+00:00\" \/>\n<meta property=\"og:image\" content=\"https:\/\/shop.leaplytics.de\/wp-content\/uploads\/2025\/07\/apps.35839.64dfaa4f-9ef5-41ac-922f-dd5c8ab6025b.263c167d-6e75-4b36-889b-7b60492b3da7.png\" \/>\n\t<meta property=\"og:image:width\" content=\"300\" \/>\n\t<meta property=\"og:image:height\" content=\"300\" \/>\n\t<meta property=\"og:image:type\" content=\"image\/png\" \/>\n<meta name=\"twitter:card\" content=\"summary_large_image\" \/>\n<meta name=\"twitter:label1\" content=\"Est. reading time\" \/>\n\t<meta name=\"twitter:data1\" content=\"1 minut\u0117\" \/>\n<script type=\"application\/ld+json\" class=\"yoast-schema-graph\">{\"@context\":\"https:\/\/schema.org\",\"@graph\":[{\"@type\":\"WebPage\",\"@id\":\"https:\/\/shop.leaplytics.de\/product\/gantt-chart\/\",\"url\":\"https:\/\/shop.leaplytics.de\/product\/gantt-chart\/\",\"name\":\"Gantt Chart - LeapLytics&#039; Shop\",\"isPartOf\":{\"@id\":\"https:\/\/shop.leaplytics.de\/pt_br\/#website\"},\"primaryImageOfPage\":{\"@id\":\"https:\/\/shop.leaplytics.de\/product\/gantt-chart\/#primaryimage\"},\"image\":{\"@id\":\"https:\/\/shop.leaplytics.de\/product\/gantt-chart\/#primaryimage\"},\"thumbnailUrl\":\"https:\/\/shop.leaplytics.de\/wp-content\/uploads\/2025\/07\/apps.35839.64dfaa4f-9ef5-41ac-922f-dd5c8ab6025b.263c167d-6e75-4b36-889b-7b60492b3da7.png\",\"datePublished\":\"2025-07-31T08:52:28+00:00\",\"dateModified\":\"2026-03-05T20:01:09+00:00\",\"breadcrumb\":{\"@id\":\"https:\/\/shop.leaplytics.de\/product\/gantt-chart\/#breadcrumb\"},\"inLanguage\":\"lt-LT\",\"potentialAction\":[{\"@type\":\"ReadAction\",\"target\":[\"https:\/\/shop.leaplytics.de\/product\/gantt-chart\/\"]}]},{\"@type\":\"ImageObject\",\"inLanguage\":\"lt-LT\",\"@id\":\"https:\/\/shop.leaplytics.de\/product\/gantt-chart\/#primaryimage\",\"url\":\"https:\/\/shop.leaplytics.de\/wp-content\/uploads\/2025\/07\/apps.35839.64dfaa4f-9ef5-41ac-922f-dd5c8ab6025b.263c167d-6e75-4b36-889b-7b60492b3da7.png\",\"contentUrl\":\"https:\/\/shop.leaplytics.de\/wp-content\/uploads\/2025\/07\/apps.35839.64dfaa4f-9ef5-41ac-922f-dd5c8ab6025b.263c167d-6e75-4b36-889b-7b60492b3da7.png\",\"width\":300,\"height\":300},{\"@type\":\"BreadcrumbList\",\"@id\":\"https:\/\/shop.leaplytics.de\/product\/gantt-chart\/#breadcrumb\",\"itemListElement\":[{\"@type\":\"ListItem\",\"position\":1,\"name\":\"Home\",\"item\":\"https:\/\/shop.leaplytics.de\/\"},{\"@type\":\"ListItem\",\"position\":2,\"name\":\"Shop\",\"item\":\"https:\/\/shop.leaplytics.de\/\"},{\"@type\":\"ListItem\",\"position\":3,\"name\":\"Gantt Chart\"}]},{\"@type\":\"WebSite\",\"@id\":\"https:\/\/shop.leaplytics.de\/pt_br\/#website\",\"url\":\"https:\/\/shop.leaplytics.de\/pt_br\/\",\"name\":\"LeapLytics' Shop\",\"description\":\"leap reporting solutions\",\"potentialAction\":[{\"@type\":\"SearchAction\",\"target\":{\"@type\":\"EntryPoint\",\"urlTemplate\":\"https:\/\/shop.leaplytics.de\/pt_br\/?s={search_term_string}\"},\"query-input\":{\"@type\":\"PropertyValueSpecification\",\"valueRequired\":true,\"valueName\":\"search_term_string\"}}],\"inLanguage\":\"lt-LT\"}]}<\/script>\n<!-- \/ Yoast SEO plugin. -->","yoast_head_json":{"title":"Gantto diagrama - \"LeapLytics\" parduotuv\u0117","robots":{"index":"index","follow":"follow","max-snippet":"max-snippet:-1","max-image-preview":"max-image-preview:large","max-video-preview":"max-video-preview:-1"},"canonical":"https:\/\/shop.leaplytics.de\/lt\/product\/gantto-diagrama\/","og_locale":"lt_LT","og_type":"article","og_title":"Gantt Chart - LeapLytics&#039; Shop","og_description":"Manage and track your risks over time with our Gantt Chart visual for Power BI. This visual lets you represent project timelines, milestones, and risk durations in a clear and structured timeline format. Perfect for integrating risk management into your project planning.  Description:   Annual or multi-year license available  Use the license for a single company (legal entity) or across a group\/holding (multiple legal entities)  30-Day Risk-Free Guarantee + Lifetime Price Lock  License code will be sent to your email within 24 hours of purchase     For commercial use in customer-facing environments, please contact us at    info@leaplytics.de     Looking for an even better deal? Contact us at info@leaplytics.de and get an exclusive extra discount!","og_url":"https:\/\/shop.leaplytics.de\/lt\/product\/gantto-diagrama\/","og_site_name":"LeapLytics&#039; Shop","article_modified_time":"2026-03-05T20:01:09+00:00","og_image":[{"width":300,"height":300,"url":"https:\/\/shop.leaplytics.de\/wp-content\/uploads\/2025\/07\/apps.35839.64dfaa4f-9ef5-41ac-922f-dd5c8ab6025b.263c167d-6e75-4b36-889b-7b60492b3da7.png","type":"image\/png"}],"twitter_card":"summary_large_image","twitter_misc":{"Est. reading time":"1 minut\u0117"},"schema":{"@context":"https:\/\/schema.org","@graph":[{"@type":"WebPage","@id":"https:\/\/shop.leaplytics.de\/product\/gantt-chart\/","url":"https:\/\/shop.leaplytics.de\/product\/gantt-chart\/","name":"Gantto diagrama - \"LeapLytics\" parduotuv\u0117","isPartOf":{"@id":"https:\/\/shop.leaplytics.de\/pt_br\/#website"},"primaryImageOfPage":{"@id":"https:\/\/shop.leaplytics.de\/product\/gantt-chart\/#primaryimage"},"image":{"@id":"https:\/\/shop.leaplytics.de\/product\/gantt-chart\/#primaryimage"},"thumbnailUrl":"https:\/\/shop.leaplytics.de\/wp-content\/uploads\/2025\/07\/apps.35839.64dfaa4f-9ef5-41ac-922f-dd5c8ab6025b.263c167d-6e75-4b36-889b-7b60492b3da7.png","datePublished":"2025-07-31T08:52:28+00:00","dateModified":"2026-03-05T20:01:09+00:00","breadcrumb":{"@id":"https:\/\/shop.leaplytics.de\/product\/gantt-chart\/#breadcrumb"},"inLanguage":"lt-LT","potentialAction":[{"@type":"ReadAction","target":["https:\/\/shop.leaplytics.de\/product\/gantt-chart\/"]}]},{"@type":"ImageObject","inLanguage":"lt-LT","@id":"https:\/\/shop.leaplytics.de\/product\/gantt-chart\/#primaryimage","url":"https:\/\/shop.leaplytics.de\/wp-content\/uploads\/2025\/07\/apps.35839.64dfaa4f-9ef5-41ac-922f-dd5c8ab6025b.263c167d-6e75-4b36-889b-7b60492b3da7.png","contentUrl":"https:\/\/shop.leaplytics.de\/wp-content\/uploads\/2025\/07\/apps.35839.64dfaa4f-9ef5-41ac-922f-dd5c8ab6025b.263c167d-6e75-4b36-889b-7b60492b3da7.png","width":300,"height":300},{"@type":"BreadcrumbList","@id":"https:\/\/shop.leaplytics.de\/product\/gantt-chart\/#breadcrumb","itemListElement":[{"@type":"ListItem","position":1,"name":"Home","item":"https:\/\/shop.leaplytics.de\/"},{"@type":"ListItem","position":2,"name":"Shop","item":"https:\/\/shop.leaplytics.de\/"},{"@type":"ListItem","position":3,"name":"Gantt Chart"}]},{"@type":"WebSite","@id":"https:\/\/shop.leaplytics.de\/pt_br\/#website","url":"https:\/\/shop.leaplytics.de\/pt_br\/","name":"\"LeapLytics\" parduotuv\u0117","description":"\"Leap Reporting\" sprendimai","potentialAction":[{"@type":"SearchAction","target":{"@type":"EntryPoint","urlTemplate":"https:\/\/shop.leaplytics.de\/pt_br\/?s={search_term_string}"},"query-input":{"@type":"PropertyValueSpecification","valueRequired":true,"valueName":"search_term_string"}}],"inLanguage":"lt-LT"}]}},"_links":{"self":[{"href":"https:\/\/shop.leaplytics.de\/lt\/wp-json\/wp\/v2\/product\/2345","targetHints":{"allow":["GET"]}}],"collection":[{"href":"https:\/\/shop.leaplytics.de\/lt\/wp-json\/wp\/v2\/product"}],"about":[{"href":"https:\/\/shop.leaplytics.de\/lt\/wp-json\/wp\/v2\/types\/product"}],"wp:featuredmedia":[{"embeddable":true,"href":"https:\/\/shop.leaplytics.de\/lt\/wp-json\/wp\/v2\/media\/2347"}],"wp:attachment":[{"href":"https:\/\/shop.leaplytics.de\/lt\/wp-json\/wp\/v2\/media?parent=2345"}],"wp:term":[{"taxonomy":"product_brand","embeddable":true,"href":"https:\/\/shop.leaplytics.de\/lt\/wp-json\/wp\/v2\/product_brand?post=2345"},{"taxonomy":"product_cat","embeddable":true,"href":"https:\/\/shop.leaplytics.de\/lt\/wp-json\/wp\/v2\/product_cat?post=2345"},{"taxonomy":"product_tag","embeddable":true,"href":"https:\/\/shop.leaplytics.de\/lt\/wp-json\/wp\/v2\/product_tag?post=2345"}],"curies":[{"name":"wp","href":"https:\/\/api.w.org\/{rel}","templated":true}]}}