{"id":2215,"date":"2024-12-09T13:55:51","date_gmt":"2024-12-09T13:55:51","guid":{"rendered":"https:\/\/shop.leaplytics.de\/?page_id=2215"},"modified":"2026-03-05T19:58:24","modified_gmt":"2026-03-05T19:58:24","slug":"garantija","status":"publish","type":"page","link":"https:\/\/shop.leaplytics.de\/lt\/garantija\/","title":{"rendered":"Garantija"},"content":{"rendered":"<h3 class=\"wp-block-heading\">\"LeapLytics\" nerizikinga ir vis\u0105 gyvenim\u0105 galiojanti kainos fiksavimo garantija<\/h3>\n\n\n\n<p>Jau tur\u0117jote galimyb\u0119 nemokamai susipa\u017einti su m\u016bs\u0173 vaizdine med\u017eiaga. Dabar at\u0117jo laikas atrakinti <strong>visi\u0161ka prieiga visai j\u016bs\u0173 organizacijai - be jokios rizikos.<\/strong><\/p>\n\n<p><strong>30 dien\u0173 pinig\u0173 gr\u0105\u017einimo garantija:<\/strong> Jei \"LeapLytics\" nepadeda j\u016bs\u0173 komandai <strong>grei\u010diau suprasti sud\u0117tingus duomenis.<\/strong> ir padarykite <strong>geresni sprendimai.<\/strong> per pirm\u0105sias 30 dien\u0173, tiesiog para\u0161ykite mums el. lai\u0161k\u0105 ir mes i\u0161duosime <strong>100% gr\u0105\u017einimas<\/strong>. <strong>Joki\u0173 form\u0173 n\u0117ra. Jokios trinties. Joki\u0173 klausim\u0173.<\/strong><\/p>\n\n<p><strong>Vis\u0105 gyvenim\u0105 galiojantis kainos fiksavimas:<\/strong> Kai tampate klientu, j\u016bs\u0173 kaina yra <strong>u\u017erakintas visam laikui.<\/strong> - j\u016bs <strong>niekada nemok\u0117kite daugiau<\/strong>, net jei ateityje m\u016bs\u0173 kainos did\u0117s.<\/p>\n\n<p>Vienintelis galimas koregavimas gali b\u016bti <strong>valiut\u0173 kurs\u0173 svyravimai<\/strong>. Niekada nepridedame papildom\u0173 mokes\u010di\u0173 ar antkaini\u0173 - visi su valiuta susij\u0119 koregavimai atsispindi <strong>skaidriai m\u016bs\u0173 internetin\u0117je parduotuv\u0117je<\/strong> ir taikomi tiksliai, kai jie atsiranda.<\/p>\n\n<p><strong>Joki\u0173 pasl\u0117pt\u0173 mokes\u010di\u0173. Joki\u0173 kain\u0173 vienam vartotojui. Joki\u0173 netik\u0117t\u0173 atnaujinim\u0173.<\/strong> U\u017etikrinate \u0161iandienin\u0119 kain\u0105 ir naudojat\u0117s visais b\u016bsimais patobulinimais.<\/p>\n\n\n\n<h3 class=\"wp-block-heading\">Kod\u0117l komandos renkasi \"LeapLytics<\/h3>\n\n\n\n<p>\n\u2705 <strong>I\u0161skirtiniai, didelio na\u0161umo \"Power BI\" vaizdai<\/strong> niekur kitur nerasite<br>\n\u2705 <strong>Neribotas naudotoj\u0173, prietais\u0173 skydeli\u0173 ir ataskait\u0173 skai\u010dius<\/strong> - n\u0117ra kainodaros vienam vartotojui<br>\n\u2705 <strong>Sukurtas greitesniam sprendim\u0173 pri\u0117mimui<\/strong> - ai\u0161kesn\u0117s \u012f\u017evalgos su ma\u017eiau paspaudim\u0173<br>\n\u2705 <strong>Momentinis diegimas<\/strong> - paskelbti vien\u0105 kart\u0105 ir tai veikia visoje organizacijoje<br>\n\u2705 <strong>Sukurta kei\u010diamo masto diegimui<\/strong> - nuosekl\u016bs vaizdai visose komandose ir ataskaitose.\n<\/p>\n\n\n\n<p>Jei m\u016bs\u0173 vaizdin\u0117 med\u017eiaga nesuteiks tokios vert\u0117s, kokios tikit\u0117s, gr\u0105\u017einsime pinigus u\u017e pirkin\u012f. <strong>Mums nereikia j\u016bs\u0173 pinig\u0173<\/strong> nebent j\u0105 u\u017esitarnautume.<\/p>\n\n\n\n<h3 class=\"wp-block-heading\">Kaip veikia garantija<\/h3>\n\n\n\n<p>\n1\ufe0f\u20e3 Aktyvuokite vis\u0105 licencij\u0105 - naudodamiesi citata arba pirkdami tiesiogiai.<br>\n2\ufe0f\u20e3 \u012ediekite j\u0105 prietais\u0173 skydeliuose, ataskaitose ir komandose - panaudokite j\u0105 realiam darbui.<br>\n3\ufe0f\u20e3 Jei per 30 dien\u0173 nesate patenkinti, para\u0161ykite mums el. <strong>visi\u0161kas pinig\u0173 gr\u0105\u017einimas<\/strong>. <strong>Joki\u0173 r\u016bpes\u010di\u0173. Jokios rizikos.<\/strong><br>\n4\ufe0f\u20e3 Laikykite savo licencij\u0105 aktyvi\u0105 ir <strong>kaina lieka u\u017erakinta<\/strong> - am\u017einai.\n<\/p>\n\n\n\n<h3 class=\"wp-block-heading\">U\u017etikrinkite savo licencij\u0105 ir u\u017efiksuokite \u0161iandienin\u0119 kain\u0105<\/h3>\n\n\n\n<p>\n\ud83d\udc49 <strong>U\u017esisakykite pasi\u016blym\u0105:<\/strong> <a href=\"mailto:info@leaplytics.de\"><strong>info@leaplytics.de<\/strong><\/a><br>\n\ud83d\udc49 <strong>Arba u\u017esisakykite licencij\u0105 tiesiogiai parduotuv\u0117je<\/strong>\n<\/p>\n\n\n\n<p>Atnaujinkite \"Power BI\" ataskaitas, kad jos b\u016bt\u0173 ai\u0161kesn\u0117s ir \u012f\u017evalgos b\u016bt\u0173 greitesn\u0117s. <strong>be rizikos.<\/strong><\/p>","protected":false},"excerpt":{"rendered":"<p>The LeapLytics Risk-Free &#038; Lifetime Price Lock Guarantee You\u2019ve already had the chance to explore our visuals for free. Now it\u2019s time to unlock full access for your entire organization \u2014 with zero risk. 30-Day Money-Back Guarantee: If LeapLytics doesn\u2019t help your team understand complex data faster and make better decisions within the first 30 &hellip; <\/p>","protected":false},"author":4,"featured_media":0,"parent":0,"menu_order":0,"comment_status":"closed","ping_status":"closed","template":"","meta":{"footnotes":""},"class_list":["post-2215","page","type-page","status-publish","hentry","latest_post"],"yoast_head":"<!-- This site is optimized with the Yoast SEO plugin v25.6 - https:\/\/yoast.com\/wordpress\/plugins\/seo\/ -->\n<title>Guarantee - LeapLytics&#039; Shop<\/title>\n<meta name=\"robots\" content=\"index, follow, max-snippet:-1, max-image-preview:large, max-video-preview:-1\" \/>\n<link rel=\"canonical\" href=\"https:\/\/shop.leaplytics.de\/lt\/garantija\/\" \/>\n<meta property=\"og:locale\" content=\"lt_LT\" \/>\n<meta property=\"og:type\" content=\"article\" \/>\n<meta property=\"og:title\" content=\"Guarantee - LeapLytics&#039; Shop\" \/>\n<meta property=\"og:description\" content=\"The LeapLytics Risk-Free &#038; Lifetime Price Lock Guarantee You\u2019ve already had the chance to explore our visuals for free. Now it\u2019s time to unlock full access for your entire organization \u2014 with zero risk. 30-Day Money-Back Guarantee: If LeapLytics doesn\u2019t help your team understand complex data faster and make better decisions within the first 30 &hellip;\" \/>\n<meta property=\"og:url\" content=\"https:\/\/shop.leaplytics.de\/lt\/garantija\/\" \/>\n<meta property=\"og:site_name\" content=\"LeapLytics&#039; Shop\" \/>\n<meta property=\"article:modified_time\" content=\"2026-03-05T19:58:24+00:00\" \/>\n<meta name=\"twitter:card\" content=\"summary_large_image\" \/>\n<meta name=\"twitter:label1\" content=\"Est. reading time\" \/>\n\t<meta name=\"twitter:data1\" content=\"2 minut\u0117s\" \/>\n<script type=\"application\/ld+json\" class=\"yoast-schema-graph\">{\"@context\":\"https:\/\/schema.org\",\"@graph\":[{\"@type\":\"WebPage\",\"@id\":\"https:\/\/shop.leaplytics.de\/guarantee\/\",\"url\":\"https:\/\/shop.leaplytics.de\/guarantee\/\",\"name\":\"Guarantee - LeapLytics&#039; Shop\",\"isPartOf\":{\"@id\":\"https:\/\/shop.leaplytics.de\/pt_br\/#website\"},\"datePublished\":\"2024-12-09T13:55:51+00:00\",\"dateModified\":\"2026-03-05T19:58:24+00:00\",\"breadcrumb\":{\"@id\":\"https:\/\/shop.leaplytics.de\/guarantee\/#breadcrumb\"},\"inLanguage\":\"lt-LT\",\"potentialAction\":[{\"@type\":\"ReadAction\",\"target\":[\"https:\/\/shop.leaplytics.de\/guarantee\/\"]}]},{\"@type\":\"BreadcrumbList\",\"@id\":\"https:\/\/shop.leaplytics.de\/guarantee\/#breadcrumb\",\"itemListElement\":[{\"@type\":\"ListItem\",\"position\":1,\"name\":\"Home\",\"item\":\"https:\/\/shop.leaplytics.de\/\"},{\"@type\":\"ListItem\",\"position\":2,\"name\":\"Guarantee\"}]},{\"@type\":\"WebSite\",\"@id\":\"https:\/\/shop.leaplytics.de\/pt_br\/#website\",\"url\":\"https:\/\/shop.leaplytics.de\/pt_br\/\",\"name\":\"LeapLytics' Shop\",\"description\":\"leap reporting solutions\",\"potentialAction\":[{\"@type\":\"SearchAction\",\"target\":{\"@type\":\"EntryPoint\",\"urlTemplate\":\"https:\/\/shop.leaplytics.de\/pt_br\/?s={search_term_string}\"},\"query-input\":{\"@type\":\"PropertyValueSpecification\",\"valueRequired\":true,\"valueName\":\"search_term_string\"}}],\"inLanguage\":\"lt-LT\"}]}<\/script>\n<!-- \/ Yoast SEO plugin. -->","yoast_head_json":{"title":"Garantija - \"LeapLytics\" parduotuv\u0117","robots":{"index":"index","follow":"follow","max-snippet":"max-snippet:-1","max-image-preview":"max-image-preview:large","max-video-preview":"max-video-preview:-1"},"canonical":"https:\/\/shop.leaplytics.de\/lt\/garantija\/","og_locale":"lt_LT","og_type":"article","og_title":"Guarantee - LeapLytics&#039; Shop","og_description":"The LeapLytics Risk-Free &#038; Lifetime Price Lock Guarantee You\u2019ve already had the chance to explore our visuals for free. Now it\u2019s time to unlock full access for your entire organization \u2014 with zero risk. 30-Day Money-Back Guarantee: If LeapLytics doesn\u2019t help your team understand complex data faster and make better decisions within the first 30 &hellip;","og_url":"https:\/\/shop.leaplytics.de\/lt\/garantija\/","og_site_name":"LeapLytics&#039; Shop","article_modified_time":"2026-03-05T19:58:24+00:00","twitter_card":"summary_large_image","twitter_misc":{"Est. reading time":"2 minut\u0117s"},"schema":{"@context":"https:\/\/schema.org","@graph":[{"@type":"WebPage","@id":"https:\/\/shop.leaplytics.de\/guarantee\/","url":"https:\/\/shop.leaplytics.de\/guarantee\/","name":"Garantija - \"LeapLytics\" parduotuv\u0117","isPartOf":{"@id":"https:\/\/shop.leaplytics.de\/pt_br\/#website"},"datePublished":"2024-12-09T13:55:51+00:00","dateModified":"2026-03-05T19:58:24+00:00","breadcrumb":{"@id":"https:\/\/shop.leaplytics.de\/guarantee\/#breadcrumb"},"inLanguage":"lt-LT","potentialAction":[{"@type":"ReadAction","target":["https:\/\/shop.leaplytics.de\/guarantee\/"]}]},{"@type":"BreadcrumbList","@id":"https:\/\/shop.leaplytics.de\/guarantee\/#breadcrumb","itemListElement":[{"@type":"ListItem","position":1,"name":"Home","item":"https:\/\/shop.leaplytics.de\/"},{"@type":"ListItem","position":2,"name":"Guarantee"}]},{"@type":"WebSite","@id":"https:\/\/shop.leaplytics.de\/pt_br\/#website","url":"https:\/\/shop.leaplytics.de\/pt_br\/","name":"\"LeapLytics\" parduotuv\u0117","description":"\"Leap Reporting\" sprendimai","potentialAction":[{"@type":"SearchAction","target":{"@type":"EntryPoint","urlTemplate":"https:\/\/shop.leaplytics.de\/pt_br\/?s={search_term_string}"},"query-input":{"@type":"PropertyValueSpecification","valueRequired":true,"valueName":"search_term_string"}}],"inLanguage":"lt-LT"}]}},"_links":{"self":[{"href":"https:\/\/shop.leaplytics.de\/lt\/wp-json\/wp\/v2\/pages\/2215","targetHints":{"allow":["GET"]}}],"collection":[{"href":"https:\/\/shop.leaplytics.de\/lt\/wp-json\/wp\/v2\/pages"}],"about":[{"href":"https:\/\/shop.leaplytics.de\/lt\/wp-json\/wp\/v2\/types\/page"}],"author":[{"embeddable":true,"href":"https:\/\/shop.leaplytics.de\/lt\/wp-json\/wp\/v2\/users\/4"}],"replies":[{"embeddable":true,"href":"https:\/\/shop.leaplytics.de\/lt\/wp-json\/wp\/v2\/comments?post=2215"}],"version-history":[{"count":0,"href":"https:\/\/shop.leaplytics.de\/lt\/wp-json\/wp\/v2\/pages\/2215\/revisions"}],"wp:attachment":[{"href":"https:\/\/shop.leaplytics.de\/lt\/wp-json\/wp\/v2\/media?parent=2215"}],"curies":[{"name":"wp","href":"https:\/\/api.w.org\/{rel}","templated":true}]}}