{"id":266,"date":"2022-06-17T16:52:45","date_gmt":"2022-06-17T16:52:45","guid":{"rendered":"https:\/\/shop.leaplytics.de\/?page_id=266"},"modified":"2025-05-27T12:30:33","modified_gmt":"2025-05-27T12:30:33","slug":"determinazione-dei-prezzi","status":"publish","type":"page","link":"https:\/\/shop.leaplytics.de\/it\/determinazione-dei-prezzi\/","title":{"rendered":"Prezzi"},"content":{"rendered":"<p>Noi di LeapLytics crediamo che le licenze debbano rendere la vostra vita pi\u00f9 facile. <strong>pi\u00f9 facile<\/strong>non pi\u00f9 complicato. Ecco perch\u00e9 abbiamo progettato un <strong>modello di licenza semplice ed equo<\/strong> per le nostre immagini: nessun limite per l'utente, nessun mal di testa, nessuna sorpresa.<\/p>\n\n\n\n<h3 class=\"wp-block-heading\">Perch\u00e9 non \u00e8 prevista una licenza basata sull'utente?<\/h3>\n\n\n\n<p>Siamo onesti: le licenze basate sull'utente spesso causano pi\u00f9 problemi di quanti ne risolvano.<\/p>\n\n\n\n<p>Quando pi\u00f9 persone hanno bisogno di visualizzare un dashboard rispetto alle licenze disponibili, la frustrazione si accumula rapidamente. La situazione \u00e8 ancora peggiore quando ad essere bloccato \u00e8 un decisore chiave. Ci siamo passati anche noi, in quanto utilizzatori di elementi visivi e componenti aggiuntivi. \u00c8 esattamente quello che vogliamo evitare.<\/p>\n\n\n\n<p>E poi ci sono i costi nascosti: fatture inaspettate per \"utenti non autorizzati\" che nessuno si aspettava? Non con noi.<\/p>\n\n\n\n<h3 class=\"wp-block-heading\">Garanzia sicura<\/h3>\n\n\n\n<p>E per rendere la vostra decisione priva di rischi: vi offriamo una <strong>Garanzia di rimborso di 30 giorni<\/strong>.<\/p>\n\n\n\n<p>Se il prodotto visivo non \u00e8 all'altezza delle vostre aspettative, fatecelo sapere entro 30 giorni e vi rimborseremo completamente, <strong>nessuna domanda<\/strong>.<\/p>\n\n\n\n<h3 class=\"wp-block-heading\">La nostra promessa: nessun limite. Nessuna sorpresa.<\/h3>\n\n\n\n<p>Con LeapLytics, si ottiene una <strong>licenza aziendale o di azienda\/gruppo<\/strong>. Ci\u00f2 significa che:<\/p>\n\n\n\n<p>Utenti illimitati<br>Cruscotti illimitati<br>\u2705 Immagini illimitate<\/p>\n\n\n\n<p>Utilizzate le nostre immagini dove e come volete. <strong>con zero scritte in piccolo<\/strong>.<\/p>\n\n\n\n<h3 class=\"wp-block-heading\">Prezzi semplici e trasparenti<\/h3>\n\n\n\n<p>Cercate un risparmio a lungo termine? Abbiamo pensato a voi:<\/p>\n\n\n\n<ul class=\"wp-block-list\">\n<li><strong>Licenza di 2 anni<\/strong> \u2192 +6 mesi gratis<\/li>\n\n\n\n<li><strong>Licenza di 3 anni<\/strong> \u2192 +12 mesi gratuiti<\/li>\n<\/ul>\n\n\n\n<p>Si tratta di un'ottima opzione quando si sa che la visuale \u00e8 adatta alle proprie esigenze nel lavoro quotidiano.<\/p>\n\n\n\n<p>In basso a sinistra della pagina del negozio, \u00e8 possibile cambiare la valuta in base alle proprie preferenze.<\/p>\n\n\n\n<h3 class=\"wp-block-heading\">Come ottenere la licenza<\/h3>\n\n\n\n<p>Ci sono due modi semplici per procedere:<\/p>\n\n\n\n<h4 class=\"wp-block-heading\">Opzione 1: Preventivo e fattura<\/h4>\n\n\n\n<ul class=\"wp-block-list\">\n<li>Contattateci all'indirizzo <strong><a href=\"mailto:info@leaplytics.de\">info@leaplytics.de<\/a>.<\/strong> Vi invieremo un preventivo formale.<\/li>\n\n\n\n<li>Una volta accettata, riceverete la chiave di licenza e la fattura.<\/li>\n\n\n\n<li>Il pagamento viene effettuato tramite bonifico bancario in euro.<\/li>\n<\/ul>\n\n\n\n<h4 class=\"wp-block-heading\">Opzione 2: Acquistare online<\/h4>\n\n\n\n<ul class=\"wp-block-list\">\n<li>Ordinate direttamente qui il nostro negozio.<\/li>\n\n\n\n<li>Pagare con le principali carte di credito o con PayPal.<\/li>\n\n\n\n<li>Scegliete la valuta che preferite.<\/li>\n<\/ul>\n\n\n\n<h3 class=\"wp-block-heading\">Non \u00e8 necessaria alcuna configurazione aggiuntiva per gli spettatori<\/h3>\n\n\n\n<p>I membri del team non devono installare o attivare nulla. Una volta pubblicato un report con il visual, funziona per tutti i membri dell'organizzazione. Non \u00e8 necessaria alcuna configurazione separata.<\/p>","protected":false},"excerpt":{"rendered":"<p>At LeapLytics, we believe that licensing should make your life easier, not more complicated. That\u2019s why we\u2019ve designed a simple, fair licensing model for our visuals \u2013 no user limits, no headaches, no surprises. Why no user-based licensing? Let\u2019s be honest: User-based licensing often causes more problems than it solves. When more people need to &hellip; <\/p>","protected":false},"author":4,"featured_media":0,"parent":0,"menu_order":0,"comment_status":"closed","ping_status":"closed","template":"","meta":{"footnotes":""},"class_list":["post-266","page","type-page","status-publish","hentry","latest_post"],"yoast_head":"<!-- This site is optimized with the Yoast SEO plugin v25.6 - https:\/\/yoast.com\/wordpress\/plugins\/seo\/ -->\n<title>Pricing - LeapLytics&#039; Shop<\/title>\n<meta name=\"robots\" content=\"index, follow, max-snippet:-1, max-image-preview:large, max-video-preview:-1\" \/>\n<link rel=\"canonical\" href=\"https:\/\/shop.leaplytics.de\/it\/determinazione-dei-prezzi\/\" \/>\n<meta property=\"og:locale\" content=\"it_IT\" \/>\n<meta property=\"og:type\" content=\"article\" \/>\n<meta property=\"og:title\" content=\"Pricing - LeapLytics&#039; Shop\" \/>\n<meta property=\"og:description\" content=\"At LeapLytics, we believe that licensing should make your life easier, not more complicated. That\u2019s why we\u2019ve designed a simple, fair licensing model for our visuals \u2013 no user limits, no headaches, no surprises. Why no user-based licensing? Let\u2019s be honest: User-based licensing often causes more problems than it solves. When more people need to &hellip;\" \/>\n<meta property=\"og:url\" content=\"https:\/\/shop.leaplytics.de\/it\/determinazione-dei-prezzi\/\" \/>\n<meta property=\"og:site_name\" content=\"LeapLytics&#039; Shop\" \/>\n<meta property=\"article:modified_time\" content=\"2025-05-27T12:30:33+00:00\" \/>\n<meta name=\"twitter:card\" content=\"summary_large_image\" \/>\n<meta name=\"twitter:label1\" content=\"Tempo di lettura stimato\" \/>\n\t<meta name=\"twitter:data1\" content=\"2 minuti\" \/>\n<script type=\"application\/ld+json\" class=\"yoast-schema-graph\">{\"@context\":\"https:\/\/schema.org\",\"@graph\":[{\"@type\":\"WebPage\",\"@id\":\"https:\/\/shop.leaplytics.de\/pricing\/\",\"url\":\"https:\/\/shop.leaplytics.de\/pricing\/\",\"name\":\"Pricing - LeapLytics&#039; Shop\",\"isPartOf\":{\"@id\":\"https:\/\/shop.leaplytics.de\/pt_br\/#website\"},\"datePublished\":\"2022-06-17T16:52:45+00:00\",\"dateModified\":\"2025-05-27T12:30:33+00:00\",\"breadcrumb\":{\"@id\":\"https:\/\/shop.leaplytics.de\/pricing\/#breadcrumb\"},\"inLanguage\":\"it-IT\",\"potentialAction\":[{\"@type\":\"ReadAction\",\"target\":[\"https:\/\/shop.leaplytics.de\/pricing\/\"]}]},{\"@type\":\"BreadcrumbList\",\"@id\":\"https:\/\/shop.leaplytics.de\/pricing\/#breadcrumb\",\"itemListElement\":[{\"@type\":\"ListItem\",\"position\":1,\"name\":\"Home\",\"item\":\"https:\/\/shop.leaplytics.de\/\"},{\"@type\":\"ListItem\",\"position\":2,\"name\":\"Pricing\"}]},{\"@type\":\"WebSite\",\"@id\":\"https:\/\/shop.leaplytics.de\/pt_br\/#website\",\"url\":\"https:\/\/shop.leaplytics.de\/pt_br\/\",\"name\":\"LeapLytics' Shop\",\"description\":\"leap reporting solutions\",\"potentialAction\":[{\"@type\":\"SearchAction\",\"target\":{\"@type\":\"EntryPoint\",\"urlTemplate\":\"https:\/\/shop.leaplytics.de\/pt_br\/?s={search_term_string}\"},\"query-input\":{\"@type\":\"PropertyValueSpecification\",\"valueRequired\":true,\"valueName\":\"search_term_string\"}}],\"inLanguage\":\"it-IT\"}]}<\/script>\n<!-- \/ Yoast SEO plugin. -->","yoast_head_json":{"title":"Prezzi - Negozio LeapLytics","robots":{"index":"index","follow":"follow","max-snippet":"max-snippet:-1","max-image-preview":"max-image-preview:large","max-video-preview":"max-video-preview:-1"},"canonical":"https:\/\/shop.leaplytics.de\/it\/determinazione-dei-prezzi\/","og_locale":"it_IT","og_type":"article","og_title":"Pricing - LeapLytics&#039; Shop","og_description":"At LeapLytics, we believe that licensing should make your life easier, not more complicated. That\u2019s why we\u2019ve designed a simple, fair licensing model for our visuals \u2013 no user limits, no headaches, no surprises. Why no user-based licensing? Let\u2019s be honest: User-based licensing often causes more problems than it solves. When more people need to &hellip;","og_url":"https:\/\/shop.leaplytics.de\/it\/determinazione-dei-prezzi\/","og_site_name":"LeapLytics&#039; Shop","article_modified_time":"2025-05-27T12:30:33+00:00","twitter_card":"summary_large_image","twitter_misc":{"Tempo di lettura stimato":"2 minuti"},"schema":{"@context":"https:\/\/schema.org","@graph":[{"@type":"WebPage","@id":"https:\/\/shop.leaplytics.de\/pricing\/","url":"https:\/\/shop.leaplytics.de\/pricing\/","name":"Prezzi - Negozio LeapLytics","isPartOf":{"@id":"https:\/\/shop.leaplytics.de\/pt_br\/#website"},"datePublished":"2022-06-17T16:52:45+00:00","dateModified":"2025-05-27T12:30:33+00:00","breadcrumb":{"@id":"https:\/\/shop.leaplytics.de\/pricing\/#breadcrumb"},"inLanguage":"it-IT","potentialAction":[{"@type":"ReadAction","target":["https:\/\/shop.leaplytics.de\/pricing\/"]}]},{"@type":"BreadcrumbList","@id":"https:\/\/shop.leaplytics.de\/pricing\/#breadcrumb","itemListElement":[{"@type":"ListItem","position":1,"name":"Home","item":"https:\/\/shop.leaplytics.de\/"},{"@type":"ListItem","position":2,"name":"Pricing"}]},{"@type":"WebSite","@id":"https:\/\/shop.leaplytics.de\/pt_br\/#website","url":"https:\/\/shop.leaplytics.de\/pt_br\/","name":"Negozio LeapLytics","description":"Soluzioni di reporting leap","potentialAction":[{"@type":"SearchAction","target":{"@type":"EntryPoint","urlTemplate":"https:\/\/shop.leaplytics.de\/pt_br\/?s={search_term_string}"},"query-input":{"@type":"PropertyValueSpecification","valueRequired":true,"valueName":"search_term_string"}}],"inLanguage":"it-IT"}]}},"_links":{"self":[{"href":"https:\/\/shop.leaplytics.de\/it\/wp-json\/wp\/v2\/pages\/266","targetHints":{"allow":["GET"]}}],"collection":[{"href":"https:\/\/shop.leaplytics.de\/it\/wp-json\/wp\/v2\/pages"}],"about":[{"href":"https:\/\/shop.leaplytics.de\/it\/wp-json\/wp\/v2\/types\/page"}],"author":[{"embeddable":true,"href":"https:\/\/shop.leaplytics.de\/it\/wp-json\/wp\/v2\/users\/4"}],"replies":[{"embeddable":true,"href":"https:\/\/shop.leaplytics.de\/it\/wp-json\/wp\/v2\/comments?post=266"}],"version-history":[{"count":0,"href":"https:\/\/shop.leaplytics.de\/it\/wp-json\/wp\/v2\/pages\/266\/revisions"}],"wp:attachment":[{"href":"https:\/\/shop.leaplytics.de\/it\/wp-json\/wp\/v2\/media?parent=266"}],"curies":[{"name":"wp","href":"https:\/\/api.w.org\/{rel}","templated":true}]}}