{"id":2215,"date":"2024-12-09T13:55:51","date_gmt":"2024-12-09T13:55:51","guid":{"rendered":"https:\/\/shop.leaplytics.de\/?page_id=2215"},"modified":"2026-03-05T19:58:24","modified_gmt":"2026-03-05T19:58:24","slug":"garanzia","status":"publish","type":"page","link":"https:\/\/shop.leaplytics.de\/it\/garanzia\/","title":{"rendered":"Garanzia"},"content":{"rendered":"<h3 class=\"wp-block-heading\">La garanzia LeapLytics senza rischi e con prezzo bloccato a vita<\/h3>\n\n\n\n<p>Avete gi\u00e0 avuto la possibilit\u00e0 di esplorare gratuitamente le nostre immagini. Ora \u00e8 il momento di sbloccare <strong>accesso completo per l'intera organizzazione, senza alcun rischio.<\/strong><\/p>\n\n<p><strong>Garanzia di rimborso di 30 giorni:<\/strong> Se LeapLytics non aiuta il vostro team <strong>comprendere pi\u00f9 velocemente dati complessi<\/strong> e fare <strong>decisioni migliori<\/strong> entro i primi 30 giorni, \u00e8 sufficiente inviarci un'e-mail per ricevere un rimborso. <strong>Rimborso 100%<\/strong>. <strong>Nessuna forma. Nessun attrito. Nessuna domanda.<\/strong><\/p>\n\n<p><strong>Blocco del prezzo a vita:<\/strong> Una volta diventati clienti, il prezzo \u00e8 <strong>bloccato in modo permanente<\/strong> - si <strong>non pagare mai di pi\u00f9<\/strong>anche se i nostri prezzi dovessero aumentare in futuro.<\/p>\n\n<p>L'unico aggiustamento possibile pu\u00f2 derivare da <strong>fluttuazioni dei tassi di cambio<\/strong>. Non aggiungiamo mai sovrapprezzi o ricarichi - qualsiasi adeguamento legato alla valuta si riflette <strong>in modo trasparente nel nostro negozio online<\/strong> e applicati esattamente nel momento in cui si verificano.<\/p>\n\n<p><strong>Nessun costo nascosto. Nessun prezzo per utente. Nessun aggiornamento a sorpresa.<\/strong> Vi assicurate il prezzo di oggi e beneficiate di tutti i miglioramenti futuri.<\/p>\n\n\n\n<h3 class=\"wp-block-heading\">Perch\u00e9 i team scelgono LeapLytics<\/h3>\n\n\n\n<p>\n\u2705 <strong>Immagini esclusive di Power BI ad alte prestazioni<\/strong> che non troverete da nessun'altra parte<br>\n\u2705 <strong>Utenti, dashboard e report illimitati<\/strong> - nessun prezzo per utente<br>\n\u2705 <strong>Costruito per un processo decisionale pi\u00f9 rapido<\/strong> - Approfondimenti pi\u00f9 chiari con meno clic<br>\n\u2705 <strong>Distribuzione immediata<\/strong> - pubblicare una sola volta e funzionare per tutta l'organizzazione<br>\n\u2705 <strong>Realizzato per implementazioni scalabili<\/strong> - immagini coerenti tra i team e i report\n<\/p>\n\n\n\n<p>Se le nostre immagini non forniscono il valore che vi aspettate, vi rimborseremo l'acquisto. <strong>Non vogliamo i vostri soldi<\/strong> a meno che non ce lo guadagniamo.<\/p>\n\n\n\n<h3 class=\"wp-block-heading\">Come funziona la garanzia<\/h3>\n\n\n\n<p>\n1\ufe0f\u20e3 Attivate la vostra licenza completa - tramite preventivo o acquisto diretto.<br>\n2\ufe0f\u20e3 Distribuite le informazioni su dashboard, report e team e mettetele in pratica.<br>\n3\ufe0f\u20e3 Se non siete soddisfatti entro 30 giorni, inviateci un'e-mail per ottenere un rimborso. <strong>rimborso completo<\/strong>. <strong>Nessuna seccatura. Nessun rischio.<\/strong><br>\n4\ufe0f\u20e3 Mantenete la vostra licenza attiva e la vostra <strong>il prezzo rimane bloccato<\/strong> - per sempre.\n<\/p>\n\n\n\n<h3 class=\"wp-block-heading\">Assicuratevi la vostra licenza e bloccate il prezzo odierno<\/h3>\n\n\n\n<p>\n\ud83d\udc49 <strong>Richiedete un preventivo:<\/strong> <a href=\"mailto:info@leaplytics.de\"><strong>info@leaplytics.de<\/strong><\/a><br>\n\ud83d\udc49 <strong>Oppure ordinate la vostra licenza direttamente in negozio<\/strong>\n<\/p>\n\n\n\n<p>Aggiornate i vostri report di Power BI con immagini pi\u00f9 chiare e approfondimenti pi\u00f9 rapidi. <strong>senza rischi.<\/strong><\/p>","protected":false},"excerpt":{"rendered":"<p>La garanzia LeapLytics senza rischi e con prezzo bloccato a vita Avete gi\u00e0 avuto la possibilit\u00e0 di esplorare gratuitamente le nostre immagini. Ora \u00e8 il momento di sbloccare l'accesso completo per tutta la vostra organizzazione, senza alcun rischio. Garanzia di rimborso di 30 giorni: Se LeapLytics non aiuta il vostro team a comprendere pi\u00f9 velocemente dati complessi e a prendere decisioni migliori entro i primi 30 giorni... <\/p>","protected":false},"author":4,"featured_media":0,"parent":0,"menu_order":0,"comment_status":"closed","ping_status":"closed","template":"","meta":{"footnotes":""},"class_list":["post-2215","page","type-page","status-publish","hentry","latest_post"],"yoast_head":"<!-- This site is optimized with the Yoast SEO plugin v25.6 - https:\/\/yoast.com\/wordpress\/plugins\/seo\/ -->\n<title>Guarantee - LeapLytics&#039; Shop<\/title>\n<meta name=\"robots\" content=\"index, follow, max-snippet:-1, max-image-preview:large, max-video-preview:-1\" \/>\n<link rel=\"canonical\" href=\"https:\/\/shop.leaplytics.de\/it\/garanzia\/\" \/>\n<meta property=\"og:locale\" content=\"it_IT\" \/>\n<meta property=\"og:type\" content=\"article\" \/>\n<meta property=\"og:title\" content=\"Guarantee - LeapLytics&#039; Shop\" \/>\n<meta property=\"og:description\" content=\"The LeapLytics Risk-Free &#038; Lifetime Price Lock Guarantee You\u2019ve already had the chance to explore our visuals for free. Now it\u2019s time to unlock full access for your entire organization \u2014 with zero risk. 30-Day Money-Back Guarantee: If LeapLytics doesn\u2019t help your team understand complex data faster and make better decisions within the first 30 &hellip;\" \/>\n<meta property=\"og:url\" content=\"https:\/\/shop.leaplytics.de\/it\/garanzia\/\" \/>\n<meta property=\"og:site_name\" content=\"LeapLytics&#039; Shop\" \/>\n<meta property=\"article:modified_time\" content=\"2026-03-05T19:58:24+00:00\" \/>\n<meta name=\"twitter:card\" content=\"summary_large_image\" \/>\n<meta name=\"twitter:label1\" content=\"Tempo di lettura stimato\" \/>\n\t<meta name=\"twitter:data1\" content=\"2 minuti\" \/>\n<script type=\"application\/ld+json\" class=\"yoast-schema-graph\">{\"@context\":\"https:\/\/schema.org\",\"@graph\":[{\"@type\":\"WebPage\",\"@id\":\"https:\/\/shop.leaplytics.de\/guarantee\/\",\"url\":\"https:\/\/shop.leaplytics.de\/guarantee\/\",\"name\":\"Guarantee - LeapLytics&#039; Shop\",\"isPartOf\":{\"@id\":\"https:\/\/shop.leaplytics.de\/pt_br\/#website\"},\"datePublished\":\"2024-12-09T13:55:51+00:00\",\"dateModified\":\"2026-03-05T19:58:24+00:00\",\"breadcrumb\":{\"@id\":\"https:\/\/shop.leaplytics.de\/guarantee\/#breadcrumb\"},\"inLanguage\":\"it-IT\",\"potentialAction\":[{\"@type\":\"ReadAction\",\"target\":[\"https:\/\/shop.leaplytics.de\/guarantee\/\"]}]},{\"@type\":\"BreadcrumbList\",\"@id\":\"https:\/\/shop.leaplytics.de\/guarantee\/#breadcrumb\",\"itemListElement\":[{\"@type\":\"ListItem\",\"position\":1,\"name\":\"Home\",\"item\":\"https:\/\/shop.leaplytics.de\/\"},{\"@type\":\"ListItem\",\"position\":2,\"name\":\"Guarantee\"}]},{\"@type\":\"WebSite\",\"@id\":\"https:\/\/shop.leaplytics.de\/pt_br\/#website\",\"url\":\"https:\/\/shop.leaplytics.de\/pt_br\/\",\"name\":\"LeapLytics' Shop\",\"description\":\"leap reporting solutions\",\"potentialAction\":[{\"@type\":\"SearchAction\",\"target\":{\"@type\":\"EntryPoint\",\"urlTemplate\":\"https:\/\/shop.leaplytics.de\/pt_br\/?s={search_term_string}\"},\"query-input\":{\"@type\":\"PropertyValueSpecification\",\"valueRequired\":true,\"valueName\":\"search_term_string\"}}],\"inLanguage\":\"it-IT\"}]}<\/script>\n<!-- \/ Yoast SEO plugin. -->","yoast_head_json":{"title":"Garanzia - Negozio LeapLytics","robots":{"index":"index","follow":"follow","max-snippet":"max-snippet:-1","max-image-preview":"max-image-preview:large","max-video-preview":"max-video-preview:-1"},"canonical":"https:\/\/shop.leaplytics.de\/it\/garanzia\/","og_locale":"it_IT","og_type":"article","og_title":"Guarantee - LeapLytics&#039; Shop","og_description":"The LeapLytics Risk-Free &#038; Lifetime Price Lock Guarantee You\u2019ve already had the chance to explore our visuals for free. Now it\u2019s time to unlock full access for your entire organization \u2014 with zero risk. 30-Day Money-Back Guarantee: If LeapLytics doesn\u2019t help your team understand complex data faster and make better decisions within the first 30 &hellip;","og_url":"https:\/\/shop.leaplytics.de\/it\/garanzia\/","og_site_name":"LeapLytics&#039; Shop","article_modified_time":"2026-03-05T19:58:24+00:00","twitter_card":"summary_large_image","twitter_misc":{"Tempo di lettura stimato":"2 minuti"},"schema":{"@context":"https:\/\/schema.org","@graph":[{"@type":"WebPage","@id":"https:\/\/shop.leaplytics.de\/guarantee\/","url":"https:\/\/shop.leaplytics.de\/guarantee\/","name":"Garanzia - Negozio LeapLytics","isPartOf":{"@id":"https:\/\/shop.leaplytics.de\/pt_br\/#website"},"datePublished":"2024-12-09T13:55:51+00:00","dateModified":"2026-03-05T19:58:24+00:00","breadcrumb":{"@id":"https:\/\/shop.leaplytics.de\/guarantee\/#breadcrumb"},"inLanguage":"it-IT","potentialAction":[{"@type":"ReadAction","target":["https:\/\/shop.leaplytics.de\/guarantee\/"]}]},{"@type":"BreadcrumbList","@id":"https:\/\/shop.leaplytics.de\/guarantee\/#breadcrumb","itemListElement":[{"@type":"ListItem","position":1,"name":"Home","item":"https:\/\/shop.leaplytics.de\/"},{"@type":"ListItem","position":2,"name":"Guarantee"}]},{"@type":"WebSite","@id":"https:\/\/shop.leaplytics.de\/pt_br\/#website","url":"https:\/\/shop.leaplytics.de\/pt_br\/","name":"Negozio LeapLytics","description":"Soluzioni di reporting leap","potentialAction":[{"@type":"SearchAction","target":{"@type":"EntryPoint","urlTemplate":"https:\/\/shop.leaplytics.de\/pt_br\/?s={search_term_string}"},"query-input":{"@type":"PropertyValueSpecification","valueRequired":true,"valueName":"search_term_string"}}],"inLanguage":"it-IT"}]}},"_links":{"self":[{"href":"https:\/\/shop.leaplytics.de\/it\/wp-json\/wp\/v2\/pages\/2215","targetHints":{"allow":["GET"]}}],"collection":[{"href":"https:\/\/shop.leaplytics.de\/it\/wp-json\/wp\/v2\/pages"}],"about":[{"href":"https:\/\/shop.leaplytics.de\/it\/wp-json\/wp\/v2\/types\/page"}],"author":[{"embeddable":true,"href":"https:\/\/shop.leaplytics.de\/it\/wp-json\/wp\/v2\/users\/4"}],"replies":[{"embeddable":true,"href":"https:\/\/shop.leaplytics.de\/it\/wp-json\/wp\/v2\/comments?post=2215"}],"version-history":[{"count":0,"href":"https:\/\/shop.leaplytics.de\/it\/wp-json\/wp\/v2\/pages\/2215\/revisions"}],"wp:attachment":[{"href":"https:\/\/shop.leaplytics.de\/it\/wp-json\/wp\/v2\/media?parent=2215"}],"curies":[{"name":"wp","href":"https:\/\/api.w.org\/{rel}","templated":true}]}}