{"id":78,"date":"2022-05-07T14:36:34","date_gmt":"2022-05-07T14:36:34","guid":{"rendered":"https:\/\/shop.leaplytics.de\/?post_type=product&#038;p=78"},"modified":"2026-03-05T20:01:35","modified_gmt":"2026-03-05T20:01:35","slug":"power-bi-kockazati-hoterkep","status":"publish","type":"product","link":"https:\/\/shop.leaplytics.de\/hu\/product\/power-bi-kockazati-hoterkep\/","title":{"rendered":"Kock\u00e1zati h\u0151t\u00e9rk\u00e9p vizu\u00e1lis"},"content":{"rendered":"<p>Kock\u00e1zati h\u0151t\u00e9rk\u00e9p vizu\u00e1lis<\/p>","protected":false},"excerpt":{"rendered":"<p>A Power BI \u00e9s a Qlik Sense sz\u00e1m\u00e1ra k\u00e9sz\u00fclt kock\u00e1zati h\u0151t\u00e9rk\u00e9p\u00fcnkkel \/ m\u00e1trixunkkal szeml\u00e9letesen megjelen\u00edtheti kock\u00e1zatait. Ez a vizu\u00e1lis eszk\u00f6z lehet\u0151v\u00e9 teszi a kock\u00e1zatok elemz\u00e9s\u00e9t egy testreszabhat\u00f3, ak\u00e1r 10 x 10-es m\u00e1trix seg\u00edts\u00e9g\u00e9vel. A vizualit\u00e1st k\u00fcl\u00f6nb\u00f6z\u0151 be\u00e1ll\u00edt\u00e1sokkal az \u00d6n ig\u00e9nyeihez igaz\u00edthatja.<\/p>\n<p><strong>Le\u00edr\u00e1s:<\/strong><\/p>\n<ul>\n<li>\u00c9ves vagy t\u00f6bb\u00e9ves licenc<\/li>\n<li>Egy licencet haszn\u00e1lhat egy v\u00e1llalat (egyetlen jogi szem\u00e9ly) vagy egy csoport\/holding (t\u00f6bb jogi szem\u00e9ly) sz\u00e1m\u00e1ra.<\/li>\n<li><u><a href=\"https:\/\/shop.leaplytics.de\/hu\/garancia\/\">30 napos kock\u00e1zatmentes garancia + \u00e9lethosszig tart\u00f3 \u00e1rr\u00f6gz\u00edt\u00e9s<\/a><\/u><\/li>\n<li>V\u00e1rhat\u00f3an a v\u00e1s\u00e1rl\u00e1st\u00f3l sz\u00e1m\u00edtott 24 \u00f3r\u00e1n bel\u00fcl e-mailben megkapja a licenck\u00f3dot.<\/li>\n<li>Ha a vizu\u00e1lis elemet kereskedelmi k\u00f6rnyezetben szeretn\u00e9 haszn\u00e1lni k\u00fcls\u0151 \u00fcgyfelei sz\u00e1m\u00e1ra, k\u00e9rj\u00fck, l\u00e9pjen kapcsolatba vel\u00fcnk e-mailben. <u><a href=\"mailto:info@leaplytics.de\">info@leaplytics.de<\/a><\/u>.<\/li>\n<\/ul>","protected":false},"featured_media":63,"template":"","meta":[],"product_brand":[],"product_cat":[19],"product_tag":[],"class_list":{"0":"post-78","1":"product","2":"type-product","3":"status-publish","4":"has-post-thumbnail","6":"product_cat-bi-visual","7":"latest_post","9":"first","10":"instock","11":"sale","12":"taxable","13":"shipping-taxable","14":"purchasable","15":"product-type-variable"},"yoast_head":"<!-- This site is optimized with the Yoast SEO plugin v25.6 - https:\/\/yoast.com\/wordpress\/plugins\/seo\/ -->\n<title>Risk Heatmap Visual - LeapLytics&#039; Shop<\/title>\n<meta name=\"robots\" content=\"index, follow, max-snippet:-1, max-image-preview:large, max-video-preview:-1\" \/>\n<link rel=\"canonical\" href=\"https:\/\/shop.leaplytics.de\/hu\/product\/power-bi-kockazati-hoterkep\/\" \/>\n<meta property=\"og:locale\" content=\"hu_HU\" \/>\n<meta property=\"og:type\" content=\"article\" \/>\n<meta property=\"og:title\" content=\"Risk Heatmap Visual - LeapLytics&#039; Shop\" \/>\n<meta property=\"og:description\" content=\"Visualize your risks in a clear way with our Risk Heatmap \/ Matrix for Power BI and Qlik Sense. This visual allows you to analyze risks using a customizable matrix of up to 10 x 10. You can adjust the visuals to your needs with various settings.  Description:   Annual or multi-year license  You can use a license for one company (single legal entity) or a group\/holding (multiple legal entities).     30-Day Risk-Free Guarantee + Lifetime Price Lock  Expect to receive your license code via email within 24 hours of your purchase.  If you want to use the visual in a commercial environment for your external customers, please contact us via mail info@leaplytics.de.\" \/>\n<meta property=\"og:url\" content=\"https:\/\/shop.leaplytics.de\/hu\/product\/power-bi-kockazati-hoterkep\/\" \/>\n<meta property=\"og:site_name\" content=\"LeapLytics&#039; Shop\" \/>\n<meta property=\"article:modified_time\" content=\"2026-03-05T20:01:35+00:00\" \/>\n<meta property=\"og:image\" content=\"https:\/\/shop.leaplytics.de\/wp-content\/uploads\/2022\/05\/First_Slice_Risk_Map_PowerBI-1024x576-1.png\" \/>\n\t<meta property=\"og:image:width\" content=\"1024\" \/>\n\t<meta property=\"og:image:height\" content=\"576\" \/>\n\t<meta property=\"og:image:type\" content=\"image\/png\" \/>\n<meta name=\"twitter:card\" content=\"summary_large_image\" \/>\n<meta name=\"twitter:label1\" content=\"Becs\u00fclt olvas\u00e1si id\u0151\" \/>\n\t<meta name=\"twitter:data1\" content=\"1 perc\" \/>\n<script type=\"application\/ld+json\" class=\"yoast-schema-graph\">{\"@context\":\"https:\/\/schema.org\",\"@graph\":[{\"@type\":\"WebPage\",\"@id\":\"https:\/\/shop.leaplytics.de\/product\/power-bi-risk-heatmap\/\",\"url\":\"https:\/\/shop.leaplytics.de\/product\/power-bi-risk-heatmap\/\",\"name\":\"Risk Heatmap Visual - LeapLytics&#039; Shop\",\"isPartOf\":{\"@id\":\"https:\/\/shop.leaplytics.de\/pt_br\/#website\"},\"primaryImageOfPage\":{\"@id\":\"https:\/\/shop.leaplytics.de\/product\/power-bi-risk-heatmap\/#primaryimage\"},\"image\":{\"@id\":\"https:\/\/shop.leaplytics.de\/product\/power-bi-risk-heatmap\/#primaryimage\"},\"thumbnailUrl\":\"https:\/\/shop.leaplytics.de\/wp-content\/uploads\/2022\/05\/First_Slice_Risk_Map_PowerBI-1024x576-1.png\",\"datePublished\":\"2022-05-07T14:36:34+00:00\",\"dateModified\":\"2026-03-05T20:01:35+00:00\",\"breadcrumb\":{\"@id\":\"https:\/\/shop.leaplytics.de\/product\/power-bi-risk-heatmap\/#breadcrumb\"},\"inLanguage\":\"hu\",\"potentialAction\":[{\"@type\":\"ReadAction\",\"target\":[\"https:\/\/shop.leaplytics.de\/product\/power-bi-risk-heatmap\/\"]}]},{\"@type\":\"ImageObject\",\"inLanguage\":\"hu\",\"@id\":\"https:\/\/shop.leaplytics.de\/product\/power-bi-risk-heatmap\/#primaryimage\",\"url\":\"https:\/\/shop.leaplytics.de\/wp-content\/uploads\/2022\/05\/First_Slice_Risk_Map_PowerBI-1024x576-1.png\",\"contentUrl\":\"https:\/\/shop.leaplytics.de\/wp-content\/uploads\/2022\/05\/First_Slice_Risk_Map_PowerBI-1024x576-1.png\",\"width\":1024,\"height\":576},{\"@type\":\"BreadcrumbList\",\"@id\":\"https:\/\/shop.leaplytics.de\/product\/power-bi-risk-heatmap\/#breadcrumb\",\"itemListElement\":[{\"@type\":\"ListItem\",\"position\":1,\"name\":\"Home\",\"item\":\"https:\/\/shop.leaplytics.de\/\"},{\"@type\":\"ListItem\",\"position\":2,\"name\":\"Shop\",\"item\":\"https:\/\/shop.leaplytics.de\/\"},{\"@type\":\"ListItem\",\"position\":3,\"name\":\"Risk Heatmap Visual\"}]},{\"@type\":\"WebSite\",\"@id\":\"https:\/\/shop.leaplytics.de\/pt_br\/#website\",\"url\":\"https:\/\/shop.leaplytics.de\/pt_br\/\",\"name\":\"LeapLytics' Shop\",\"description\":\"leap reporting solutions\",\"potentialAction\":[{\"@type\":\"SearchAction\",\"target\":{\"@type\":\"EntryPoint\",\"urlTemplate\":\"https:\/\/shop.leaplytics.de\/pt_br\/?s={search_term_string}\"},\"query-input\":{\"@type\":\"PropertyValueSpecification\",\"valueRequired\":true,\"valueName\":\"search_term_string\"}}],\"inLanguage\":\"hu\"}]}<\/script>\n<!-- \/ Yoast SEO plugin. -->","yoast_head_json":{"title":"Kock\u00e1zati h\u0151t\u00e9rk\u00e9p vizu\u00e1lisan - LeapLytics' Shop","robots":{"index":"index","follow":"follow","max-snippet":"max-snippet:-1","max-image-preview":"max-image-preview:large","max-video-preview":"max-video-preview:-1"},"canonical":"https:\/\/shop.leaplytics.de\/hu\/product\/power-bi-kockazati-hoterkep\/","og_locale":"hu_HU","og_type":"article","og_title":"Risk Heatmap Visual - LeapLytics&#039; Shop","og_description":"Visualize your risks in a clear way with our Risk Heatmap \/ Matrix for Power BI and Qlik Sense. This visual allows you to analyze risks using a customizable matrix of up to 10 x 10. You can adjust the visuals to your needs with various settings.  Description:   Annual or multi-year license  You can use a license for one company (single legal entity) or a group\/holding (multiple legal entities).     30-Day Risk-Free Guarantee + Lifetime Price Lock  Expect to receive your license code via email within 24 hours of your purchase.  If you want to use the visual in a commercial environment for your external customers, please contact us via mail info@leaplytics.de.","og_url":"https:\/\/shop.leaplytics.de\/hu\/product\/power-bi-kockazati-hoterkep\/","og_site_name":"LeapLytics&#039; Shop","article_modified_time":"2026-03-05T20:01:35+00:00","og_image":[{"width":1024,"height":576,"url":"https:\/\/shop.leaplytics.de\/wp-content\/uploads\/2022\/05\/First_Slice_Risk_Map_PowerBI-1024x576-1.png","type":"image\/png"}],"twitter_card":"summary_large_image","twitter_misc":{"Becs\u00fclt olvas\u00e1si id\u0151":"1 perc"},"schema":{"@context":"https:\/\/schema.org","@graph":[{"@type":"WebPage","@id":"https:\/\/shop.leaplytics.de\/product\/power-bi-risk-heatmap\/","url":"https:\/\/shop.leaplytics.de\/product\/power-bi-risk-heatmap\/","name":"Kock\u00e1zati h\u0151t\u00e9rk\u00e9p vizu\u00e1lisan - LeapLytics' Shop","isPartOf":{"@id":"https:\/\/shop.leaplytics.de\/pt_br\/#website"},"primaryImageOfPage":{"@id":"https:\/\/shop.leaplytics.de\/product\/power-bi-risk-heatmap\/#primaryimage"},"image":{"@id":"https:\/\/shop.leaplytics.de\/product\/power-bi-risk-heatmap\/#primaryimage"},"thumbnailUrl":"https:\/\/shop.leaplytics.de\/wp-content\/uploads\/2022\/05\/First_Slice_Risk_Map_PowerBI-1024x576-1.png","datePublished":"2022-05-07T14:36:34+00:00","dateModified":"2026-03-05T20:01:35+00:00","breadcrumb":{"@id":"https:\/\/shop.leaplytics.de\/product\/power-bi-risk-heatmap\/#breadcrumb"},"inLanguage":"hu","potentialAction":[{"@type":"ReadAction","target":["https:\/\/shop.leaplytics.de\/product\/power-bi-risk-heatmap\/"]}]},{"@type":"ImageObject","inLanguage":"hu","@id":"https:\/\/shop.leaplytics.de\/product\/power-bi-risk-heatmap\/#primaryimage","url":"https:\/\/shop.leaplytics.de\/wp-content\/uploads\/2022\/05\/First_Slice_Risk_Map_PowerBI-1024x576-1.png","contentUrl":"https:\/\/shop.leaplytics.de\/wp-content\/uploads\/2022\/05\/First_Slice_Risk_Map_PowerBI-1024x576-1.png","width":1024,"height":576},{"@type":"BreadcrumbList","@id":"https:\/\/shop.leaplytics.de\/product\/power-bi-risk-heatmap\/#breadcrumb","itemListElement":[{"@type":"ListItem","position":1,"name":"Home","item":"https:\/\/shop.leaplytics.de\/"},{"@type":"ListItem","position":2,"name":"Shop","item":"https:\/\/shop.leaplytics.de\/"},{"@type":"ListItem","position":3,"name":"Risk Heatmap Visual"}]},{"@type":"WebSite","@id":"https:\/\/shop.leaplytics.de\/pt_br\/#website","url":"https:\/\/shop.leaplytics.de\/pt_br\/","name":"LeapLytics boltja","description":"leap reporting megold\u00e1sok","potentialAction":[{"@type":"SearchAction","target":{"@type":"EntryPoint","urlTemplate":"https:\/\/shop.leaplytics.de\/pt_br\/?s={search_term_string}"},"query-input":{"@type":"PropertyValueSpecification","valueRequired":true,"valueName":"search_term_string"}}],"inLanguage":"hu"}]}},"_links":{"self":[{"href":"https:\/\/shop.leaplytics.de\/hu\/wp-json\/wp\/v2\/product\/78","targetHints":{"allow":["GET"]}}],"collection":[{"href":"https:\/\/shop.leaplytics.de\/hu\/wp-json\/wp\/v2\/product"}],"about":[{"href":"https:\/\/shop.leaplytics.de\/hu\/wp-json\/wp\/v2\/types\/product"}],"wp:featuredmedia":[{"embeddable":true,"href":"https:\/\/shop.leaplytics.de\/hu\/wp-json\/wp\/v2\/media\/63"}],"wp:attachment":[{"href":"https:\/\/shop.leaplytics.de\/hu\/wp-json\/wp\/v2\/media?parent=78"}],"wp:term":[{"taxonomy":"product_brand","embeddable":true,"href":"https:\/\/shop.leaplytics.de\/hu\/wp-json\/wp\/v2\/product_brand?post=78"},{"taxonomy":"product_cat","embeddable":true,"href":"https:\/\/shop.leaplytics.de\/hu\/wp-json\/wp\/v2\/product_cat?post=78"},{"taxonomy":"product_tag","embeddable":true,"href":"https:\/\/shop.leaplytics.de\/hu\/wp-json\/wp\/v2\/product_tag?post=78"}],"curies":[{"name":"wp","href":"https:\/\/api.w.org\/{rel}","templated":true}]}}