{"id":2355,"date":"2025-07-31T13:07:02","date_gmt":"2025-07-31T13:07:02","guid":{"rendered":"https:\/\/shop.leaplytics.de\/?post_type=product&#038;p=2355"},"modified":"2025-07-31T13:07:02","modified_gmt":"2025-07-31T13:07:02","slug":"formazott-szoveges-tablazat","status":"publish","type":"product","link":"https:\/\/shop.leaplytics.de\/hu\/product\/formazott-szoveges-tablazat\/","title":{"rendered":"Form\u00e1zott sz\u00f6veges t\u00e1bl\u00e1zat"},"content":{"rendered":"","protected":false},"excerpt":{"rendered":"<p>Form\u00e1zott sz\u00f6veges t\u00e1bl\u00e1zatunk vizu\u00e1lis megjelen\u00edt\u00e9se a cs\u00fanya nyers jel\u00f6l\u00e9st professzion\u00e1lis, olvashat\u00f3 \u00e9s csiszolt dokument\u00e1ci\u00f3v\u00e1 alak\u00edtja \u00e1t.<\/p>\n<p><strong>Le\u00edr\u00e1s:<\/strong><\/p>\n<ul>\n<li>\u00c9ves vagy t\u00f6bb\u00e9ves licenc el\u00e9rhet\u0151<\/li>\n<li>A licenc haszn\u00e1lata egyetlen v\u00e1llalat (jogi szem\u00e9ly) vagy egy csoport\/holding (t\u00f6bb jogi szem\u00e9ly) sz\u00e1m\u00e1ra.<\/li>\n<li><u><a href=\"https:\/\/shop.leaplytics.de\/hu\/garancia\/\">30 napos p\u00e9nz-visszafizet\u00e9si garancia<\/a><\/u><\/li>\n<li>A licenck\u00f3dot a v\u00e1s\u00e1rl\u00e1st\u00f3l sz\u00e1m\u00edtott 24 \u00f3r\u00e1n bel\u00fcl elk\u00fcldj\u00fck az \u00d6n e-mail c\u00edm\u00e9re.<\/li>\n<li>\n    Kereskedelmi c\u00e9l\u00fa, \u00fcgyf\u00e9lbar\u00e1t k\u00f6rnyezetben t\u00f6rt\u00e9n\u0151 felhaszn\u00e1l\u00e1s eset\u00e9n k\u00e9rj\u00fck, l\u00e9pjen kapcsolatba vel\u00fcnk a k\u00f6vetkez\u0151 c\u00edmen<br \/>\n    <u><a href=\"mailto:info@leaplytics.de\">info@leaplytics.de<\/a><\/u>\n  <\/li>\n<\/ul>","protected":false},"featured_media":2356,"template":"","meta":[],"product_brand":[],"product_cat":[19],"product_tag":[],"class_list":{"0":"post-2355","1":"product","2":"type-product","3":"status-publish","4":"has-post-thumbnail","6":"product_cat-bi-visual","7":"latest_post","9":"first","10":"instock","11":"taxable","12":"shipping-taxable","13":"purchasable","14":"product-type-variable"},"yoast_head":"<!-- This site is optimized with the Yoast SEO plugin v25.6 - https:\/\/yoast.com\/wordpress\/plugins\/seo\/ -->\n<title>Formatted Text Table - LeapLytics&#039; Shop<\/title>\n<meta name=\"robots\" content=\"index, follow, max-snippet:-1, max-image-preview:large, max-video-preview:-1\" \/>\n<link rel=\"canonical\" href=\"https:\/\/shop.leaplytics.de\/hu\/product\/formazott-szoveges-tablazat\/\" \/>\n<meta property=\"og:locale\" content=\"hu_HU\" \/>\n<meta property=\"og:type\" content=\"article\" \/>\n<meta property=\"og:title\" content=\"Formatted Text Table - LeapLytics&#039; Shop\" \/>\n<meta property=\"og:description\" content=\"Our Formatted Text Table visual transforms ugly raw markup into professional, readable, and polished documentation.  Description:   Annual or multi-year license available  Use the license for a single company (legal entity) or across a group\/holding (multiple legal entities)  30-Day Money-Back Guarantee  License code will be sent to your email within 24 hours of purchase     For commercial use in customer-facing environments, please contact us at    info@leaplytics.de\" \/>\n<meta property=\"og:url\" content=\"https:\/\/shop.leaplytics.de\/hu\/product\/formazott-szoveges-tablazat\/\" \/>\n<meta property=\"og:site_name\" content=\"LeapLytics&#039; Shop\" \/>\n<meta property=\"og:image\" content=\"https:\/\/shop.leaplytics.de\/wp-content\/uploads\/2025\/07\/formatted-text-table_300x300.png\" \/>\n\t<meta property=\"og:image:width\" content=\"300\" \/>\n\t<meta property=\"og:image:height\" content=\"300\" \/>\n\t<meta property=\"og:image:type\" content=\"image\/png\" \/>\n<meta name=\"twitter:card\" content=\"summary_large_image\" \/>\n<meta name=\"twitter:label1\" content=\"Becs\u00fclt olvas\u00e1si id\u0151\" \/>\n\t<meta name=\"twitter:data1\" content=\"1 perc\" \/>\n<script type=\"application\/ld+json\" class=\"yoast-schema-graph\">{\"@context\":\"https:\/\/schema.org\",\"@graph\":[{\"@type\":\"WebPage\",\"@id\":\"https:\/\/shop.leaplytics.de\/product\/formatted-text-table\/\",\"url\":\"https:\/\/shop.leaplytics.de\/product\/formatted-text-table\/\",\"name\":\"Formatted Text Table - LeapLytics&#039; Shop\",\"isPartOf\":{\"@id\":\"https:\/\/shop.leaplytics.de\/pt_br\/#website\"},\"primaryImageOfPage\":{\"@id\":\"https:\/\/shop.leaplytics.de\/product\/formatted-text-table\/#primaryimage\"},\"image\":{\"@id\":\"https:\/\/shop.leaplytics.de\/product\/formatted-text-table\/#primaryimage\"},\"thumbnailUrl\":\"https:\/\/shop.leaplytics.de\/wp-content\/uploads\/2025\/07\/formatted-text-table_300x300.png\",\"datePublished\":\"2025-07-31T13:07:02+00:00\",\"breadcrumb\":{\"@id\":\"https:\/\/shop.leaplytics.de\/product\/formatted-text-table\/#breadcrumb\"},\"inLanguage\":\"hu\",\"potentialAction\":[{\"@type\":\"ReadAction\",\"target\":[\"https:\/\/shop.leaplytics.de\/product\/formatted-text-table\/\"]}]},{\"@type\":\"ImageObject\",\"inLanguage\":\"hu\",\"@id\":\"https:\/\/shop.leaplytics.de\/product\/formatted-text-table\/#primaryimage\",\"url\":\"https:\/\/shop.leaplytics.de\/wp-content\/uploads\/2025\/07\/formatted-text-table_300x300.png\",\"contentUrl\":\"https:\/\/shop.leaplytics.de\/wp-content\/uploads\/2025\/07\/formatted-text-table_300x300.png\",\"width\":300,\"height\":300},{\"@type\":\"BreadcrumbList\",\"@id\":\"https:\/\/shop.leaplytics.de\/product\/formatted-text-table\/#breadcrumb\",\"itemListElement\":[{\"@type\":\"ListItem\",\"position\":1,\"name\":\"Home\",\"item\":\"https:\/\/shop.leaplytics.de\/\"},{\"@type\":\"ListItem\",\"position\":2,\"name\":\"Shop\",\"item\":\"https:\/\/shop.leaplytics.de\/\"},{\"@type\":\"ListItem\",\"position\":3,\"name\":\"Formatted Text Table\"}]},{\"@type\":\"WebSite\",\"@id\":\"https:\/\/shop.leaplytics.de\/pt_br\/#website\",\"url\":\"https:\/\/shop.leaplytics.de\/pt_br\/\",\"name\":\"LeapLytics' Shop\",\"description\":\"leap reporting solutions\",\"potentialAction\":[{\"@type\":\"SearchAction\",\"target\":{\"@type\":\"EntryPoint\",\"urlTemplate\":\"https:\/\/shop.leaplytics.de\/pt_br\/?s={search_term_string}\"},\"query-input\":{\"@type\":\"PropertyValueSpecification\",\"valueRequired\":true,\"valueName\":\"search_term_string\"}}],\"inLanguage\":\"hu\"}]}<\/script>\n<!-- \/ Yoast SEO plugin. -->","yoast_head_json":{"title":"Form\u00e1zott sz\u00f6veges t\u00e1bl\u00e1zat - LeapLytics' Shop","robots":{"index":"index","follow":"follow","max-snippet":"max-snippet:-1","max-image-preview":"max-image-preview:large","max-video-preview":"max-video-preview:-1"},"canonical":"https:\/\/shop.leaplytics.de\/hu\/product\/formazott-szoveges-tablazat\/","og_locale":"hu_HU","og_type":"article","og_title":"Formatted Text Table - LeapLytics&#039; Shop","og_description":"Our Formatted Text Table visual transforms ugly raw markup into professional, readable, and polished documentation.  Description:   Annual or multi-year license available  Use the license for a single company (legal entity) or across a group\/holding (multiple legal entities)  30-Day Money-Back Guarantee  License code will be sent to your email within 24 hours of purchase     For commercial use in customer-facing environments, please contact us at    info@leaplytics.de","og_url":"https:\/\/shop.leaplytics.de\/hu\/product\/formazott-szoveges-tablazat\/","og_site_name":"LeapLytics&#039; Shop","og_image":[{"width":300,"height":300,"url":"https:\/\/shop.leaplytics.de\/wp-content\/uploads\/2025\/07\/formatted-text-table_300x300.png","type":"image\/png"}],"twitter_card":"summary_large_image","twitter_misc":{"Becs\u00fclt olvas\u00e1si id\u0151":"1 perc"},"schema":{"@context":"https:\/\/schema.org","@graph":[{"@type":"WebPage","@id":"https:\/\/shop.leaplytics.de\/product\/formatted-text-table\/","url":"https:\/\/shop.leaplytics.de\/product\/formatted-text-table\/","name":"Form\u00e1zott sz\u00f6veges t\u00e1bl\u00e1zat - LeapLytics' Shop","isPartOf":{"@id":"https:\/\/shop.leaplytics.de\/pt_br\/#website"},"primaryImageOfPage":{"@id":"https:\/\/shop.leaplytics.de\/product\/formatted-text-table\/#primaryimage"},"image":{"@id":"https:\/\/shop.leaplytics.de\/product\/formatted-text-table\/#primaryimage"},"thumbnailUrl":"https:\/\/shop.leaplytics.de\/wp-content\/uploads\/2025\/07\/formatted-text-table_300x300.png","datePublished":"2025-07-31T13:07:02+00:00","breadcrumb":{"@id":"https:\/\/shop.leaplytics.de\/product\/formatted-text-table\/#breadcrumb"},"inLanguage":"hu","potentialAction":[{"@type":"ReadAction","target":["https:\/\/shop.leaplytics.de\/product\/formatted-text-table\/"]}]},{"@type":"ImageObject","inLanguage":"hu","@id":"https:\/\/shop.leaplytics.de\/product\/formatted-text-table\/#primaryimage","url":"https:\/\/shop.leaplytics.de\/wp-content\/uploads\/2025\/07\/formatted-text-table_300x300.png","contentUrl":"https:\/\/shop.leaplytics.de\/wp-content\/uploads\/2025\/07\/formatted-text-table_300x300.png","width":300,"height":300},{"@type":"BreadcrumbList","@id":"https:\/\/shop.leaplytics.de\/product\/formatted-text-table\/#breadcrumb","itemListElement":[{"@type":"ListItem","position":1,"name":"Home","item":"https:\/\/shop.leaplytics.de\/"},{"@type":"ListItem","position":2,"name":"Shop","item":"https:\/\/shop.leaplytics.de\/"},{"@type":"ListItem","position":3,"name":"Formatted Text Table"}]},{"@type":"WebSite","@id":"https:\/\/shop.leaplytics.de\/pt_br\/#website","url":"https:\/\/shop.leaplytics.de\/pt_br\/","name":"LeapLytics boltja","description":"leap reporting megold\u00e1sok","potentialAction":[{"@type":"SearchAction","target":{"@type":"EntryPoint","urlTemplate":"https:\/\/shop.leaplytics.de\/pt_br\/?s={search_term_string}"},"query-input":{"@type":"PropertyValueSpecification","valueRequired":true,"valueName":"search_term_string"}}],"inLanguage":"hu"}]}},"_links":{"self":[{"href":"https:\/\/shop.leaplytics.de\/hu\/wp-json\/wp\/v2\/product\/2355","targetHints":{"allow":["GET"]}}],"collection":[{"href":"https:\/\/shop.leaplytics.de\/hu\/wp-json\/wp\/v2\/product"}],"about":[{"href":"https:\/\/shop.leaplytics.de\/hu\/wp-json\/wp\/v2\/types\/product"}],"wp:featuredmedia":[{"embeddable":true,"href":"https:\/\/shop.leaplytics.de\/hu\/wp-json\/wp\/v2\/media\/2356"}],"wp:attachment":[{"href":"https:\/\/shop.leaplytics.de\/hu\/wp-json\/wp\/v2\/media?parent=2355"}],"wp:term":[{"taxonomy":"product_brand","embeddable":true,"href":"https:\/\/shop.leaplytics.de\/hu\/wp-json\/wp\/v2\/product_brand?post=2355"},{"taxonomy":"product_cat","embeddable":true,"href":"https:\/\/shop.leaplytics.de\/hu\/wp-json\/wp\/v2\/product_cat?post=2355"},{"taxonomy":"product_tag","embeddable":true,"href":"https:\/\/shop.leaplytics.de\/hu\/wp-json\/wp\/v2\/product_tag?post=2355"}],"curies":[{"name":"wp","href":"https:\/\/api.w.org\/{rel}","templated":true}]}}