{"id":2215,"date":"2024-12-09T13:55:51","date_gmt":"2024-12-09T13:55:51","guid":{"rendered":"https:\/\/shop.leaplytics.de\/?page_id=2215"},"modified":"2026-03-05T19:58:24","modified_gmt":"2026-03-05T19:58:24","slug":"garancia","status":"publish","type":"page","link":"https:\/\/shop.leaplytics.de\/hu\/garancia\/","title":{"rendered":"Garancia"},"content":{"rendered":"<h3 class=\"wp-block-heading\">A LeapLytics kock\u00e1zatmentes \u00e9s \u00e9lethosszig tart\u00f3 \u00e1rr\u00f6gz\u00edt\u00e9si garancia<\/h3>\n\n\n\n<p>\u00d6nnek m\u00e1r volt lehet\u0151s\u00e9ge ingyenesen felfedezni a vizu\u00e1lis anyagainkat. Most itt az ideje, hogy feloldja <strong>teljes hozz\u00e1f\u00e9r\u00e9s az eg\u00e9sz szervezet sz\u00e1m\u00e1ra - nulla kock\u00e1zat mellett.<\/strong><\/p>\n\n<p><strong>30 napos p\u00e9nzvisszafizet\u00e9si garancia:<\/strong> Ha a LeapLytics nem seg\u00edt a csapat\u00e1nak <strong>gyorsabb meg\u00e9rt\u00e9s az \u00f6sszetett adatokb\u00f3l<\/strong> \u00e9s k\u00e9sz\u00edtsd el <strong>jobb d\u00f6nt\u00e9sek<\/strong> az els\u0151 30 napon bel\u00fcl, csak \u00edrjon nek\u00fcnk egy e-mailt, \u00e9s mi ki\u00e1ll\u00edtunk egy <strong>100% visszat\u00e9r\u00edt\u00e9s<\/strong>. <strong>Nincsenek \u0171rlapok. Nincs s\u00farl\u00f3d\u00e1s. Nincsenek k\u00e9rd\u00e9sek.<\/strong><\/p>\n\n<p><strong>\u00c9lethosszig tart\u00f3 \u00e1rr\u00f6gz\u00edt\u00e9s:<\/strong> Ha egyszer \u00d6n \u00fcgyf\u00e9l lesz, az \u00e1ra <strong>v\u00e9glegesen bez\u00e1rva<\/strong> - akkor <strong>soha ne fizessen t\u00f6bbet<\/strong>, m\u00e9g akkor is, ha \u00e1raink a j\u00f6v\u0151ben emelkednek.<\/p>\n\n<p>Az egyetlen lehets\u00e9ges kiigaz\u00edt\u00e1s a k\u00f6vetkez\u0151kb\u0151l ad\u00f3dhat <strong>\u00e1rfolyam-ingadoz\u00e1sok<\/strong>. Soha nem adunk hozz\u00e1 p\u00f3td\u00edjakat vagy fel\u00e1rakat - minden \u00e1rfolyamhoz kapcsol\u00f3d\u00f3 kiigaz\u00edt\u00e1s t\u00fckr\u00f6z\u0151dik. <strong>\u00e1tl\u00e1that\u00f3an az online boltunkban<\/strong> \u00e9s pontosan \u00fagy alkalmazz\u00e1k, ahogyan azok el\u0151fordulnak.<\/p>\n\n<p><strong>Nincsenek rejtett d\u00edjak. Nincs felhaszn\u00e1l\u00f3nk\u00e9nti \u00e1rk\u00e9pz\u00e9s. Nincsenek meglepet\u00e9sszer\u0171 friss\u00edt\u00e9sek.<\/strong> \u00d6n biztos\u00edtja a mai \u00e1rat, mik\u00f6zben r\u00e9szes\u00fcl a j\u00f6v\u0151beni fejleszt\u00e9sekb\u0151l.<\/p>\n\n\n\n<h3 class=\"wp-block-heading\">Mi\u00e9rt v\u00e1lasztj\u00e1k a csapatok a LeapLytics-et<\/h3>\n\n\n\n<p>\n\u2705 <strong>Exkluz\u00edv, nagy teljes\u00edtm\u00e9ny\u0171 Power BI vizu\u00e1lis megjelen\u00edt\u00e9s<\/strong> amit sehol m\u00e1shol nem tal\u00e1lsz<br>\n\u2705 <strong>Korl\u00e1tlan sz\u00e1m\u00fa felhaszn\u00e1l\u00f3, m\u0171szerfal \u00e9s jelent\u00e9s<\/strong> - nincs felhaszn\u00e1l\u00f3nk\u00e9nti \u00e1rk\u00e9pz\u00e9s<br>\n\u2705 <strong>Gyorsabb d\u00f6nt\u00e9shozatalra tervezve<\/strong> - tiszt\u00e1bb betekint\u00e9s kevesebb kattint\u00e1ssal<br>\n\u2705 <strong>Azonnali telep\u00edt\u00e9s<\/strong> - egyszer publik\u00e1lja, \u00e9s az eg\u00e9sz szervezetre \u00e9rv\u00e9nyes<br>\n\u2705 <strong>Sk\u00e1l\u00e1zhat\u00f3 bevezet\u00e9sekhez k\u00e9sz\u00fclt<\/strong> - k\u00f6vetkezetes vizu\u00e1lis megjelen\u00edt\u00e9s a csapatokban \u00e9s jelent\u00e9sekben\n<\/p>\n\n\n\n<p>Ha a l\u00e1tv\u00e1nyterv\u00fcnk nem ny\u00fajtja az elv\u00e1rt \u00e9rt\u00e9ket, visszat\u00e9r\u00edtj\u00fck a v\u00e9tel\u00e1rat. <strong>Nem akarjuk a p\u00e9nz\u00e9t<\/strong> hacsak nem \u00e9rdemelj\u00fck ki.<\/p>\n\n\n\n<h3 class=\"wp-block-heading\">Hogyan m\u0171k\u00f6dik a garancia<\/h3>\n\n\n\n<p>\n1\ufe0f\u20e3 Aktiv\u00e1lja a teljes licencet - \u00e1raj\u00e1nlat vagy k\u00f6zvetlen v\u00e1s\u00e1rl\u00e1s \u00fatj\u00e1n.<br>\n2\ufe0f\u20e3 Vezesse ki a m\u0171szerfalakra, jelent\u00e9sekre \u00e9s csapatokra - tegye azt val\u00f3di munk\u00e1ra.<br>\n3\ufe0f\u20e3 Ha 30 napon bel\u00fcl nem el\u00e9gedett, k\u00fcldj\u00f6n nek\u00fcnk egy e-mailt, hogy <strong>teljes visszat\u00e9r\u00edt\u00e9s<\/strong>. <strong>Semmi gond. Nincs kock\u00e1zat.<\/strong><br>\n4\ufe0f\u20e3 Tartsa akt\u00edvan az enged\u00e9ly\u00e9t \u00e9s a <strong>az \u00e1r z\u00e1rolva marad<\/strong> - \u00f6r\u00f6kre.\n<\/p>\n\n\n\n<h3 class=\"wp-block-heading\">Biztos\u00edtsa licenc\u00e9t \u00e9s r\u00f6gz\u00edtse a mai \u00e1rat<\/h3>\n\n\n\n<p>\n\ud83d\udc49 <strong>K\u00e9rjen \u00e1raj\u00e1nlatot:<\/strong> <a href=\"mailto:info@leaplytics.de\"><strong>info@leaplytics.de<\/strong><\/a><br>\n\ud83d\udc49 <strong>Vagy rendelje meg az enged\u00e9lyt k\u00f6zvetlen\u00fcl a boltban<\/strong>\n<\/p>\n\n\n\n<p>Friss\u00edtse Power BI jelent\u00e9seit vil\u00e1gosabb vizu\u00e1lis megjelen\u00edt\u00e9ssel \u00e9s gyorsabb betekint\u00e9ssel - <strong>kock\u00e1zat n\u00e9lk\u00fcl.<\/strong><\/p>","protected":false},"excerpt":{"rendered":"<p>The LeapLytics Risk-Free &#038; Lifetime Price Lock Guarantee You\u2019ve already had the chance to explore our visuals for free. Now it\u2019s time to unlock full access for your entire organization \u2014 with zero risk. 30-Day Money-Back Guarantee: If LeapLytics doesn\u2019t help your team understand complex data faster and make better decisions within the first 30 &hellip; <\/p>","protected":false},"author":4,"featured_media":0,"parent":0,"menu_order":0,"comment_status":"closed","ping_status":"closed","template":"","meta":{"footnotes":""},"class_list":["post-2215","page","type-page","status-publish","hentry","latest_post"],"yoast_head":"<!-- This site is optimized with the Yoast SEO plugin v25.6 - https:\/\/yoast.com\/wordpress\/plugins\/seo\/ -->\n<title>Guarantee - LeapLytics&#039; Shop<\/title>\n<meta name=\"robots\" content=\"index, follow, max-snippet:-1, max-image-preview:large, max-video-preview:-1\" \/>\n<link rel=\"canonical\" href=\"https:\/\/shop.leaplytics.de\/hu\/garancia\/\" \/>\n<meta property=\"og:locale\" content=\"hu_HU\" \/>\n<meta property=\"og:type\" content=\"article\" \/>\n<meta property=\"og:title\" content=\"Guarantee - LeapLytics&#039; Shop\" \/>\n<meta property=\"og:description\" content=\"The LeapLytics Risk-Free &#038; Lifetime Price Lock Guarantee You\u2019ve already had the chance to explore our visuals for free. Now it\u2019s time to unlock full access for your entire organization \u2014 with zero risk. 30-Day Money-Back Guarantee: If LeapLytics doesn\u2019t help your team understand complex data faster and make better decisions within the first 30 &hellip;\" \/>\n<meta property=\"og:url\" content=\"https:\/\/shop.leaplytics.de\/hu\/garancia\/\" \/>\n<meta property=\"og:site_name\" content=\"LeapLytics&#039; Shop\" \/>\n<meta property=\"article:modified_time\" content=\"2026-03-05T19:58:24+00:00\" \/>\n<meta name=\"twitter:card\" content=\"summary_large_image\" \/>\n<meta name=\"twitter:label1\" content=\"Becs\u00fclt olvas\u00e1si id\u0151\" \/>\n\t<meta name=\"twitter:data1\" content=\"2 perc\" \/>\n<script type=\"application\/ld+json\" class=\"yoast-schema-graph\">{\"@context\":\"https:\/\/schema.org\",\"@graph\":[{\"@type\":\"WebPage\",\"@id\":\"https:\/\/shop.leaplytics.de\/guarantee\/\",\"url\":\"https:\/\/shop.leaplytics.de\/guarantee\/\",\"name\":\"Guarantee - LeapLytics&#039; Shop\",\"isPartOf\":{\"@id\":\"https:\/\/shop.leaplytics.de\/pt_br\/#website\"},\"datePublished\":\"2024-12-09T13:55:51+00:00\",\"dateModified\":\"2026-03-05T19:58:24+00:00\",\"breadcrumb\":{\"@id\":\"https:\/\/shop.leaplytics.de\/guarantee\/#breadcrumb\"},\"inLanguage\":\"hu\",\"potentialAction\":[{\"@type\":\"ReadAction\",\"target\":[\"https:\/\/shop.leaplytics.de\/guarantee\/\"]}]},{\"@type\":\"BreadcrumbList\",\"@id\":\"https:\/\/shop.leaplytics.de\/guarantee\/#breadcrumb\",\"itemListElement\":[{\"@type\":\"ListItem\",\"position\":1,\"name\":\"Home\",\"item\":\"https:\/\/shop.leaplytics.de\/\"},{\"@type\":\"ListItem\",\"position\":2,\"name\":\"Guarantee\"}]},{\"@type\":\"WebSite\",\"@id\":\"https:\/\/shop.leaplytics.de\/pt_br\/#website\",\"url\":\"https:\/\/shop.leaplytics.de\/pt_br\/\",\"name\":\"LeapLytics' Shop\",\"description\":\"leap reporting solutions\",\"potentialAction\":[{\"@type\":\"SearchAction\",\"target\":{\"@type\":\"EntryPoint\",\"urlTemplate\":\"https:\/\/shop.leaplytics.de\/pt_br\/?s={search_term_string}\"},\"query-input\":{\"@type\":\"PropertyValueSpecification\",\"valueRequired\":true,\"valueName\":\"search_term_string\"}}],\"inLanguage\":\"hu\"}]}<\/script>\n<!-- \/ Yoast SEO plugin. -->","yoast_head_json":{"title":"Garancia - LeapLytics' Shop","robots":{"index":"index","follow":"follow","max-snippet":"max-snippet:-1","max-image-preview":"max-image-preview:large","max-video-preview":"max-video-preview:-1"},"canonical":"https:\/\/shop.leaplytics.de\/hu\/garancia\/","og_locale":"hu_HU","og_type":"article","og_title":"Guarantee - LeapLytics&#039; Shop","og_description":"The LeapLytics Risk-Free &#038; Lifetime Price Lock Guarantee You\u2019ve already had the chance to explore our visuals for free. Now it\u2019s time to unlock full access for your entire organization \u2014 with zero risk. 30-Day Money-Back Guarantee: If LeapLytics doesn\u2019t help your team understand complex data faster and make better decisions within the first 30 &hellip;","og_url":"https:\/\/shop.leaplytics.de\/hu\/garancia\/","og_site_name":"LeapLytics&#039; Shop","article_modified_time":"2026-03-05T19:58:24+00:00","twitter_card":"summary_large_image","twitter_misc":{"Becs\u00fclt olvas\u00e1si id\u0151":"2 perc"},"schema":{"@context":"https:\/\/schema.org","@graph":[{"@type":"WebPage","@id":"https:\/\/shop.leaplytics.de\/guarantee\/","url":"https:\/\/shop.leaplytics.de\/guarantee\/","name":"Garancia - LeapLytics' Shop","isPartOf":{"@id":"https:\/\/shop.leaplytics.de\/pt_br\/#website"},"datePublished":"2024-12-09T13:55:51+00:00","dateModified":"2026-03-05T19:58:24+00:00","breadcrumb":{"@id":"https:\/\/shop.leaplytics.de\/guarantee\/#breadcrumb"},"inLanguage":"hu","potentialAction":[{"@type":"ReadAction","target":["https:\/\/shop.leaplytics.de\/guarantee\/"]}]},{"@type":"BreadcrumbList","@id":"https:\/\/shop.leaplytics.de\/guarantee\/#breadcrumb","itemListElement":[{"@type":"ListItem","position":1,"name":"Home","item":"https:\/\/shop.leaplytics.de\/"},{"@type":"ListItem","position":2,"name":"Guarantee"}]},{"@type":"WebSite","@id":"https:\/\/shop.leaplytics.de\/pt_br\/#website","url":"https:\/\/shop.leaplytics.de\/pt_br\/","name":"LeapLytics boltja","description":"leap reporting megold\u00e1sok","potentialAction":[{"@type":"SearchAction","target":{"@type":"EntryPoint","urlTemplate":"https:\/\/shop.leaplytics.de\/pt_br\/?s={search_term_string}"},"query-input":{"@type":"PropertyValueSpecification","valueRequired":true,"valueName":"search_term_string"}}],"inLanguage":"hu"}]}},"_links":{"self":[{"href":"https:\/\/shop.leaplytics.de\/hu\/wp-json\/wp\/v2\/pages\/2215","targetHints":{"allow":["GET"]}}],"collection":[{"href":"https:\/\/shop.leaplytics.de\/hu\/wp-json\/wp\/v2\/pages"}],"about":[{"href":"https:\/\/shop.leaplytics.de\/hu\/wp-json\/wp\/v2\/types\/page"}],"author":[{"embeddable":true,"href":"https:\/\/shop.leaplytics.de\/hu\/wp-json\/wp\/v2\/users\/4"}],"replies":[{"embeddable":true,"href":"https:\/\/shop.leaplytics.de\/hu\/wp-json\/wp\/v2\/comments?post=2215"}],"version-history":[{"count":0,"href":"https:\/\/shop.leaplytics.de\/hu\/wp-json\/wp\/v2\/pages\/2215\/revisions"}],"wp:attachment":[{"href":"https:\/\/shop.leaplytics.de\/hu\/wp-json\/wp\/v2\/media?parent=2215"}],"curies":[{"name":"wp","href":"https:\/\/api.w.org\/{rel}","templated":true}]}}