{"id":266,"date":"2022-06-17T16:52:45","date_gmt":"2022-06-17T16:52:45","guid":{"rendered":"https:\/\/shop.leaplytics.de\/?page_id=266"},"modified":"2025-05-27T12:30:33","modified_gmt":"2025-05-27T12:30:33","slug":"la-tarification","status":"publish","type":"page","link":"https:\/\/shop.leaplytics.de\/fr\/la-tarification\/","title":{"rendered":"Tarification"},"content":{"rendered":"<p>Chez LeapLytics, nous pensons que les licences doivent vous rendre la vie plus facile. <strong>plus facile<\/strong>Il s'agit donc d'un travail de longue haleine, et non d'un travail plus compliqu\u00e9. C'est pourquoi nous avons con\u00e7u un <strong>un mod\u00e8le de licence simple et \u00e9quitable<\/strong> pour nos visuels - pas de limites d'utilisateurs, pas de maux de t\u00eate, pas de surprises.<\/p>\n\n\n\n<h3 class=\"wp-block-heading\">Pourquoi pas de licence bas\u00e9e sur l'utilisateur ?<\/h3>\n\n\n\n<p>Soyons honn\u00eates : les licences bas\u00e9es sur l'utilisateur causent souvent plus de probl\u00e8mes qu'elles n'en r\u00e9solvent.<\/p>\n\n\n\n<p>Lorsque le nombre de personnes ayant besoin de consulter un tableau de bord est sup\u00e9rieur au nombre de licences disponibles, la frustration monte rapidement. C'est encore pire lorsque c'est un d\u00e9cideur cl\u00e9 qui est bloqu\u00e9. Nous sommes pass\u00e9s par l\u00e0 - en tant qu'utilisateurs de visuels et de modules compl\u00e9mentaires. C'est exactement ce que nous voulons \u00e9viter.<\/p>\n\n\n\n<p>Et puis il y a les co\u00fbts cach\u00e9s : des factures inattendues pour des \"utilisateurs non autoris\u00e9s\" que personne n'a vu venir ? Pas avec nous.<\/p>\n\n\n\n<h3 class=\"wp-block-heading\">Garantie de s\u00e9curit\u00e9<\/h3>\n\n\n\n<p>Et pour que votre d\u00e9cision soit sans risque : nous vous offrons une <strong>Garantie de remboursement de 30 jours<\/strong>.<\/p>\n\n\n\n<p>Si le visuel ne r\u00e9pond pas \u00e0 vos attentes, il vous suffit de nous en informer dans les 30 jours et nous vous rembourserons int\u00e9gralement, <strong>aucune question n'est pos\u00e9e<\/strong>.<\/p>\n\n\n\n<h3 class=\"wp-block-heading\">Notre promesse : pas de limites. Pas de surprises.<\/h3>\n\n\n\n<p>Avec LeapLytics, vous b\u00e9n\u00e9ficiez d'une <strong>licence de l'entreprise ou de la holding\/du groupe<\/strong>. Cela signifie que :<\/p>\n\n\n\n<p>\u2705 Nombre illimit\u00e9 d'utilisateurs<br>Tableaux de bord illimit\u00e9s<br>Visuels illimit\u00e9s<\/p>\n\n\n\n<p>Utilisez nos visuels o\u00f9 et comme vous le souhaitez - <strong>sans petits caract\u00e8res<\/strong>.<\/p>\n\n\n\n<h3 class=\"wp-block-heading\">Une tarification simple et transparente<\/h3>\n\n\n\n<p>Vous cherchez \u00e0 \u00e9pargner \u00e0 long terme ? Nous avons ce qu'il vous faut :<\/p>\n\n\n\n<ul class=\"wp-block-list\">\n<li><strong>Licence de 2 ans<\/strong> \u2192 +6 mois gratuits<\/li>\n\n\n\n<li><strong>Licence de 3 ans<\/strong> \u2192 +12 mois gratuits<\/li>\n<\/ul>\n\n\n\n<p>C'est une excellente option lorsque vous savez que le visuel correspond \u00e0 vos besoins dans le cadre de votre travail quotidien.<\/p>\n\n\n\n<p>En bas \u00e0 gauche de la page du magasin, vous pouvez changer la devise pour qu'elle corresponde \u00e0 vos pr\u00e9f\u00e9rences.<\/p>\n\n\n\n<h3 class=\"wp-block-heading\">Comment obtenir votre licence<\/h3>\n\n\n\n<p>Il y a deux fa\u00e7ons simples de proc\u00e9der :<\/p>\n\n\n\n<h4 class=\"wp-block-heading\">Option 1 : Devis et facture<\/h4>\n\n\n\n<ul class=\"wp-block-list\">\n<li>Contactez-nous \u00e0 l'adresse suivante <strong><a href=\"mailto:info@leaplytics.de\">info@leaplytics.de<\/a>.<\/strong> Nous vous enverrons un devis officiel.<\/li>\n\n\n\n<li>Apr\u00e8s acceptation, vous recevrez la cl\u00e9 de licence et la facture.<\/li>\n\n\n\n<li>Le paiement s'effectue par virement bancaire en EUR.<\/li>\n<\/ul>\n\n\n\n<h4 class=\"wp-block-heading\">Option 2 : Achat en ligne<\/h4>\n\n\n\n<ul class=\"wp-block-list\">\n<li>Commandez directement dans notre magasin.<\/li>\n\n\n\n<li>Payez avec les principales cartes de cr\u00e9dit ou PayPal.<\/li>\n\n\n\n<li>Choisissez votre devise pr\u00e9f\u00e9r\u00e9e.<\/li>\n<\/ul>\n\n\n\n<h3 class=\"wp-block-heading\">Aucune installation suppl\u00e9mentaire n'est n\u00e9cessaire pour les t\u00e9l\u00e9spectateurs<\/h3>\n\n\n\n<p>Les membres de votre \u00e9quipe n'ont pas besoin d'installer ou d'activer quoi que ce soit. Une fois qu'un rapport contenant le visuel est publi\u00e9, il fonctionne pour tous les membres de votre organisation. Aucune installation particuli\u00e8re n'est n\u00e9cessaire.<\/p>","protected":false},"excerpt":{"rendered":"<p>At LeapLytics, we believe that licensing should make your life easier, not more complicated. That\u2019s why we\u2019ve designed a simple, fair licensing model for our visuals \u2013 no user limits, no headaches, no surprises. Why no user-based licensing? Let\u2019s be honest: User-based licensing often causes more problems than it solves. When more people need to &hellip; <\/p>","protected":false},"author":4,"featured_media":0,"parent":0,"menu_order":0,"comment_status":"closed","ping_status":"closed","template":"","meta":{"footnotes":""},"class_list":["post-266","page","type-page","status-publish","hentry","latest_post"],"yoast_head":"<!-- This site is optimized with the Yoast SEO plugin v25.6 - https:\/\/yoast.com\/wordpress\/plugins\/seo\/ -->\n<title>Pricing - LeapLytics&#039; Shop<\/title>\n<meta name=\"robots\" content=\"index, follow, max-snippet:-1, max-image-preview:large, max-video-preview:-1\" \/>\n<link rel=\"canonical\" href=\"https:\/\/shop.leaplytics.de\/fr\/la-tarification\/\" \/>\n<meta property=\"og:locale\" content=\"fr_FR\" \/>\n<meta property=\"og:type\" content=\"article\" \/>\n<meta property=\"og:title\" content=\"Pricing - LeapLytics&#039; Shop\" \/>\n<meta property=\"og:description\" content=\"At LeapLytics, we believe that licensing should make your life easier, not more complicated. That\u2019s why we\u2019ve designed a simple, fair licensing model for our visuals \u2013 no user limits, no headaches, no surprises. Why no user-based licensing? Let\u2019s be honest: User-based licensing often causes more problems than it solves. When more people need to &hellip;\" \/>\n<meta property=\"og:url\" content=\"https:\/\/shop.leaplytics.de\/fr\/la-tarification\/\" \/>\n<meta property=\"og:site_name\" content=\"LeapLytics&#039; Shop\" \/>\n<meta property=\"article:modified_time\" content=\"2025-05-27T12:30:33+00:00\" \/>\n<meta name=\"twitter:card\" content=\"summary_large_image\" \/>\n<meta name=\"twitter:label1\" content=\"Dur\u00e9e de lecture estim\u00e9e\" \/>\n\t<meta name=\"twitter:data1\" content=\"2 minutes\" \/>\n<script type=\"application\/ld+json\" class=\"yoast-schema-graph\">{\"@context\":\"https:\/\/schema.org\",\"@graph\":[{\"@type\":\"WebPage\",\"@id\":\"https:\/\/shop.leaplytics.de\/pricing\/\",\"url\":\"https:\/\/shop.leaplytics.de\/pricing\/\",\"name\":\"Pricing - LeapLytics&#039; Shop\",\"isPartOf\":{\"@id\":\"https:\/\/shop.leaplytics.de\/pt_br\/#website\"},\"datePublished\":\"2022-06-17T16:52:45+00:00\",\"dateModified\":\"2025-05-27T12:30:33+00:00\",\"breadcrumb\":{\"@id\":\"https:\/\/shop.leaplytics.de\/pricing\/#breadcrumb\"},\"inLanguage\":\"fr-FR\",\"potentialAction\":[{\"@type\":\"ReadAction\",\"target\":[\"https:\/\/shop.leaplytics.de\/pricing\/\"]}]},{\"@type\":\"BreadcrumbList\",\"@id\":\"https:\/\/shop.leaplytics.de\/pricing\/#breadcrumb\",\"itemListElement\":[{\"@type\":\"ListItem\",\"position\":1,\"name\":\"Home\",\"item\":\"https:\/\/shop.leaplytics.de\/\"},{\"@type\":\"ListItem\",\"position\":2,\"name\":\"Pricing\"}]},{\"@type\":\"WebSite\",\"@id\":\"https:\/\/shop.leaplytics.de\/pt_br\/#website\",\"url\":\"https:\/\/shop.leaplytics.de\/pt_br\/\",\"name\":\"LeapLytics' Shop\",\"description\":\"leap reporting solutions\",\"potentialAction\":[{\"@type\":\"SearchAction\",\"target\":{\"@type\":\"EntryPoint\",\"urlTemplate\":\"https:\/\/shop.leaplytics.de\/pt_br\/?s={search_term_string}\"},\"query-input\":{\"@type\":\"PropertyValueSpecification\",\"valueRequired\":true,\"valueName\":\"search_term_string\"}}],\"inLanguage\":\"fr-FR\"}]}<\/script>\n<!-- \/ Yoast SEO plugin. -->","yoast_head_json":{"title":"Tarifs - Boutique LeapLytics","robots":{"index":"index","follow":"follow","max-snippet":"max-snippet:-1","max-image-preview":"max-image-preview:large","max-video-preview":"max-video-preview:-1"},"canonical":"https:\/\/shop.leaplytics.de\/fr\/la-tarification\/","og_locale":"fr_FR","og_type":"article","og_title":"Pricing - LeapLytics&#039; Shop","og_description":"At LeapLytics, we believe that licensing should make your life easier, not more complicated. That\u2019s why we\u2019ve designed a simple, fair licensing model for our visuals \u2013 no user limits, no headaches, no surprises. Why no user-based licensing? Let\u2019s be honest: User-based licensing often causes more problems than it solves. When more people need to &hellip;","og_url":"https:\/\/shop.leaplytics.de\/fr\/la-tarification\/","og_site_name":"LeapLytics&#039; Shop","article_modified_time":"2025-05-27T12:30:33+00:00","twitter_card":"summary_large_image","twitter_misc":{"Dur\u00e9e de lecture estim\u00e9e":"2 minutes"},"schema":{"@context":"https:\/\/schema.org","@graph":[{"@type":"WebPage","@id":"https:\/\/shop.leaplytics.de\/pricing\/","url":"https:\/\/shop.leaplytics.de\/pricing\/","name":"Tarifs - Boutique LeapLytics","isPartOf":{"@id":"https:\/\/shop.leaplytics.de\/pt_br\/#website"},"datePublished":"2022-06-17T16:52:45+00:00","dateModified":"2025-05-27T12:30:33+00:00","breadcrumb":{"@id":"https:\/\/shop.leaplytics.de\/pricing\/#breadcrumb"},"inLanguage":"fr-FR","potentialAction":[{"@type":"ReadAction","target":["https:\/\/shop.leaplytics.de\/pricing\/"]}]},{"@type":"BreadcrumbList","@id":"https:\/\/shop.leaplytics.de\/pricing\/#breadcrumb","itemListElement":[{"@type":"ListItem","position":1,"name":"Home","item":"https:\/\/shop.leaplytics.de\/"},{"@type":"ListItem","position":2,"name":"Pricing"}]},{"@type":"WebSite","@id":"https:\/\/shop.leaplytics.de\/pt_br\/#website","url":"https:\/\/shop.leaplytics.de\/pt_br\/","name":"Boutique LeapLytics","description":"solutions de reporting leap","potentialAction":[{"@type":"SearchAction","target":{"@type":"EntryPoint","urlTemplate":"https:\/\/shop.leaplytics.de\/pt_br\/?s={search_term_string}"},"query-input":{"@type":"PropertyValueSpecification","valueRequired":true,"valueName":"search_term_string"}}],"inLanguage":"fr-FR"}]}},"_links":{"self":[{"href":"https:\/\/shop.leaplytics.de\/fr\/wp-json\/wp\/v2\/pages\/266","targetHints":{"allow":["GET"]}}],"collection":[{"href":"https:\/\/shop.leaplytics.de\/fr\/wp-json\/wp\/v2\/pages"}],"about":[{"href":"https:\/\/shop.leaplytics.de\/fr\/wp-json\/wp\/v2\/types\/page"}],"author":[{"embeddable":true,"href":"https:\/\/shop.leaplytics.de\/fr\/wp-json\/wp\/v2\/users\/4"}],"replies":[{"embeddable":true,"href":"https:\/\/shop.leaplytics.de\/fr\/wp-json\/wp\/v2\/comments?post=266"}],"version-history":[{"count":0,"href":"https:\/\/shop.leaplytics.de\/fr\/wp-json\/wp\/v2\/pages\/266\/revisions"}],"wp:attachment":[{"href":"https:\/\/shop.leaplytics.de\/fr\/wp-json\/wp\/v2\/media?parent=266"}],"curies":[{"name":"wp","href":"https:\/\/api.w.org\/{rel}","templated":true}]}}