{"id":2215,"date":"2024-12-09T13:55:51","date_gmt":"2024-12-09T13:55:51","guid":{"rendered":"https:\/\/shop.leaplytics.de\/?page_id=2215"},"modified":"2026-03-05T19:58:24","modified_gmt":"2026-03-05T19:58:24","slug":"garantie","status":"publish","type":"page","link":"https:\/\/shop.leaplytics.de\/fr\/garantie\/","title":{"rendered":"Garantie"},"content":{"rendered":"<h3 class=\"wp-block-heading\">La garantie de blocage des prix \u00e0 vie et sans risque LeapLytics<\/h3>\n\n\n\n<p>Vous avez d\u00e9j\u00e0 eu l'occasion d'explorer gratuitement nos visuels. Il est maintenant temps de d\u00e9bloquer <strong>un acc\u00e8s complet pour l'ensemble de votre organisation - sans aucun risque.<\/strong><\/p>\n\n<p><strong>Garantie de remboursement de 30 jours :<\/strong> Si LeapLytics n'aide pas votre \u00e9quipe <strong>comprendre plus rapidement des donn\u00e9es complexes<\/strong> et faire <strong>de meilleures d\u00e9cisions<\/strong> dans les 30 premiers jours, envoyez-nous un courriel et nous vous enverrons une <strong>100% restitution<\/strong>. <strong>Pas de formes. Pas de frictions. Pas de questions.<\/strong><\/p>\n\n<p><strong>Blocage des prix \u00e0 vie :<\/strong> Une fois que vous devenez client, votre prix est <strong>enferm\u00e9 de fa\u00e7on permanente<\/strong> - vous le ferez <strong>ne jamais payer plus<\/strong>m\u00eame si nos prix augmentent \u00e0 l'avenir.<\/p>\n\n<p>Le seul ajustement possible peut provenir de <strong>les fluctuations des taux de change<\/strong>. Nous n'ajoutons jamais de suppl\u00e9ments ou de majorations - tout ajustement li\u00e9 au taux de change est pris en compte. <strong>en toute transparence dans notre boutique en ligne<\/strong> et appliqu\u00e9es exactement au moment o\u00f9 elles se produisent.<\/p>\n\n<p><strong>Pas de frais cach\u00e9s. Pas de tarification par utilisateur. Pas de mises \u00e0 niveau surprises.<\/strong> Vous obtenez le prix d'aujourd'hui tout en b\u00e9n\u00e9ficiant de toutes les am\u00e9liorations futures.<\/p>\n\n\n\n<h3 class=\"wp-block-heading\">Pourquoi les \u00e9quipes choisissent LeapLytics<\/h3>\n\n\n\n<p>\n\u2705 <strong>Visuels Power BI exclusifs et performants<\/strong> que vous ne trouverez nulle part ailleurs<br>\n\u2705 <strong>Nombre illimit\u00e9 d'utilisateurs, de tableaux de bord et de rapports<\/strong> - pas de tarification par utilisateur<br>\n\u2705 <strong>Con\u00e7u pour une prise de d\u00e9cision plus rapide<\/strong> - des informations plus claires en moins de clics<br>\n\u2705 <strong>D\u00e9ploiement instantan\u00e9<\/strong> - publiez une fois et cela fonctionne pour l'ensemble de votre organisation<br>\n\u2705 <strong>Con\u00e7u pour des d\u00e9ploiements \u00e9volutifs<\/strong> - des visuels coh\u00e9rents pour toutes les \u00e9quipes et tous les rapports\n<\/p>\n\n\n\n<p>Si nos visuels ne r\u00e9pondent pas \u00e0 vos attentes, nous vous rembourserons votre achat. <strong>Nous ne voulons pas de votre argent<\/strong> \u00e0 moins de le m\u00e9riter.<\/p>\n\n\n\n<h3 class=\"wp-block-heading\">Fonctionnement de la garantie<\/h3>\n\n\n\n<p>\n1\ufe0f\u20e3 Activez votre licence compl\u00e8te - via un devis ou un achat direct.<br>\n2\ufe0f\u20e3 D\u00e9ployez-le dans les tableaux de bord, les rapports et les \u00e9quipes - mettez-le au travail.<br>\n3\ufe0f\u20e3 Si vous n'\u00eates pas satisfait dans les 30 jours, envoyez-nous un courriel pour obtenir un remboursement. <strong>Remboursement int\u00e9gral<\/strong>. <strong>Pas de tracas. Pas de risque.<\/strong><br>\n4\ufe0f\u20e3 Gardez votre licence active et votre <strong>le prix reste bloqu\u00e9<\/strong> - pour toujours.\n<\/p>\n\n\n\n<h3 class=\"wp-block-heading\">S\u00e9curisez votre licence et bloquez le prix d'aujourd'hui<\/h3>\n\n\n\n<p>\n\ud83d\udc49 <strong>Demander un devis :<\/strong> <a href=\"mailto:info@leaplytics.de\"><strong>info@leaplytics.de<\/strong><\/a><br>\n\ud83d\udc49 <strong>Ou commandez votre licence directement dans la boutique<\/strong>\n<\/p>\n\n\n\n<p>Am\u00e9liorez vos rapports Power BI avec des visuels plus clairs et des informations plus rapides - <strong>sans risque.<\/strong><\/p>","protected":false},"excerpt":{"rendered":"<p>The LeapLytics Risk-Free &#038; Lifetime Price Lock Guarantee You\u2019ve already had the chance to explore our visuals for free. Now it\u2019s time to unlock full access for your entire organization \u2014 with zero risk. 30-Day Money-Back Guarantee: If LeapLytics doesn\u2019t help your team understand complex data faster and make better decisions within the first 30 &hellip; <\/p>","protected":false},"author":4,"featured_media":0,"parent":0,"menu_order":0,"comment_status":"closed","ping_status":"closed","template":"","meta":{"footnotes":""},"class_list":["post-2215","page","type-page","status-publish","hentry","latest_post"],"yoast_head":"<!-- This site is optimized with the Yoast SEO plugin v25.6 - https:\/\/yoast.com\/wordpress\/plugins\/seo\/ -->\n<title>Guarantee - LeapLytics&#039; Shop<\/title>\n<meta name=\"robots\" content=\"index, follow, max-snippet:-1, max-image-preview:large, max-video-preview:-1\" \/>\n<link rel=\"canonical\" href=\"https:\/\/shop.leaplytics.de\/fr\/garantie\/\" \/>\n<meta property=\"og:locale\" content=\"fr_FR\" \/>\n<meta property=\"og:type\" content=\"article\" \/>\n<meta property=\"og:title\" content=\"Guarantee - LeapLytics&#039; Shop\" \/>\n<meta property=\"og:description\" content=\"The LeapLytics Risk-Free &#038; Lifetime Price Lock Guarantee You\u2019ve already had the chance to explore our visuals for free. Now it\u2019s time to unlock full access for your entire organization \u2014 with zero risk. 30-Day Money-Back Guarantee: If LeapLytics doesn\u2019t help your team understand complex data faster and make better decisions within the first 30 &hellip;\" \/>\n<meta property=\"og:url\" content=\"https:\/\/shop.leaplytics.de\/fr\/garantie\/\" \/>\n<meta property=\"og:site_name\" content=\"LeapLytics&#039; Shop\" \/>\n<meta property=\"article:modified_time\" content=\"2026-03-05T19:58:24+00:00\" \/>\n<meta name=\"twitter:card\" content=\"summary_large_image\" \/>\n<meta name=\"twitter:label1\" content=\"Dur\u00e9e de lecture estim\u00e9e\" \/>\n\t<meta name=\"twitter:data1\" content=\"2 minutes\" \/>\n<script type=\"application\/ld+json\" class=\"yoast-schema-graph\">{\"@context\":\"https:\/\/schema.org\",\"@graph\":[{\"@type\":\"WebPage\",\"@id\":\"https:\/\/shop.leaplytics.de\/guarantee\/\",\"url\":\"https:\/\/shop.leaplytics.de\/guarantee\/\",\"name\":\"Guarantee - LeapLytics&#039; Shop\",\"isPartOf\":{\"@id\":\"https:\/\/shop.leaplytics.de\/pt_br\/#website\"},\"datePublished\":\"2024-12-09T13:55:51+00:00\",\"dateModified\":\"2026-03-05T19:58:24+00:00\",\"breadcrumb\":{\"@id\":\"https:\/\/shop.leaplytics.de\/guarantee\/#breadcrumb\"},\"inLanguage\":\"fr-FR\",\"potentialAction\":[{\"@type\":\"ReadAction\",\"target\":[\"https:\/\/shop.leaplytics.de\/guarantee\/\"]}]},{\"@type\":\"BreadcrumbList\",\"@id\":\"https:\/\/shop.leaplytics.de\/guarantee\/#breadcrumb\",\"itemListElement\":[{\"@type\":\"ListItem\",\"position\":1,\"name\":\"Home\",\"item\":\"https:\/\/shop.leaplytics.de\/\"},{\"@type\":\"ListItem\",\"position\":2,\"name\":\"Guarantee\"}]},{\"@type\":\"WebSite\",\"@id\":\"https:\/\/shop.leaplytics.de\/pt_br\/#website\",\"url\":\"https:\/\/shop.leaplytics.de\/pt_br\/\",\"name\":\"LeapLytics' Shop\",\"description\":\"leap reporting solutions\",\"potentialAction\":[{\"@type\":\"SearchAction\",\"target\":{\"@type\":\"EntryPoint\",\"urlTemplate\":\"https:\/\/shop.leaplytics.de\/pt_br\/?s={search_term_string}\"},\"query-input\":{\"@type\":\"PropertyValueSpecification\",\"valueRequired\":true,\"valueName\":\"search_term_string\"}}],\"inLanguage\":\"fr-FR\"}]}<\/script>\n<!-- \/ Yoast SEO plugin. -->","yoast_head_json":{"title":"Garantie - Boutique LeapLytics","robots":{"index":"index","follow":"follow","max-snippet":"max-snippet:-1","max-image-preview":"max-image-preview:large","max-video-preview":"max-video-preview:-1"},"canonical":"https:\/\/shop.leaplytics.de\/fr\/garantie\/","og_locale":"fr_FR","og_type":"article","og_title":"Guarantee - LeapLytics&#039; Shop","og_description":"The LeapLytics Risk-Free &#038; Lifetime Price Lock Guarantee You\u2019ve already had the chance to explore our visuals for free. Now it\u2019s time to unlock full access for your entire organization \u2014 with zero risk. 30-Day Money-Back Guarantee: If LeapLytics doesn\u2019t help your team understand complex data faster and make better decisions within the first 30 &hellip;","og_url":"https:\/\/shop.leaplytics.de\/fr\/garantie\/","og_site_name":"LeapLytics&#039; Shop","article_modified_time":"2026-03-05T19:58:24+00:00","twitter_card":"summary_large_image","twitter_misc":{"Dur\u00e9e de lecture estim\u00e9e":"2 minutes"},"schema":{"@context":"https:\/\/schema.org","@graph":[{"@type":"WebPage","@id":"https:\/\/shop.leaplytics.de\/guarantee\/","url":"https:\/\/shop.leaplytics.de\/guarantee\/","name":"Garantie - Boutique LeapLytics","isPartOf":{"@id":"https:\/\/shop.leaplytics.de\/pt_br\/#website"},"datePublished":"2024-12-09T13:55:51+00:00","dateModified":"2026-03-05T19:58:24+00:00","breadcrumb":{"@id":"https:\/\/shop.leaplytics.de\/guarantee\/#breadcrumb"},"inLanguage":"fr-FR","potentialAction":[{"@type":"ReadAction","target":["https:\/\/shop.leaplytics.de\/guarantee\/"]}]},{"@type":"BreadcrumbList","@id":"https:\/\/shop.leaplytics.de\/guarantee\/#breadcrumb","itemListElement":[{"@type":"ListItem","position":1,"name":"Home","item":"https:\/\/shop.leaplytics.de\/"},{"@type":"ListItem","position":2,"name":"Guarantee"}]},{"@type":"WebSite","@id":"https:\/\/shop.leaplytics.de\/pt_br\/#website","url":"https:\/\/shop.leaplytics.de\/pt_br\/","name":"Boutique LeapLytics","description":"solutions de reporting leap","potentialAction":[{"@type":"SearchAction","target":{"@type":"EntryPoint","urlTemplate":"https:\/\/shop.leaplytics.de\/pt_br\/?s={search_term_string}"},"query-input":{"@type":"PropertyValueSpecification","valueRequired":true,"valueName":"search_term_string"}}],"inLanguage":"fr-FR"}]}},"_links":{"self":[{"href":"https:\/\/shop.leaplytics.de\/fr\/wp-json\/wp\/v2\/pages\/2215","targetHints":{"allow":["GET"]}}],"collection":[{"href":"https:\/\/shop.leaplytics.de\/fr\/wp-json\/wp\/v2\/pages"}],"about":[{"href":"https:\/\/shop.leaplytics.de\/fr\/wp-json\/wp\/v2\/types\/page"}],"author":[{"embeddable":true,"href":"https:\/\/shop.leaplytics.de\/fr\/wp-json\/wp\/v2\/users\/4"}],"replies":[{"embeddable":true,"href":"https:\/\/shop.leaplytics.de\/fr\/wp-json\/wp\/v2\/comments?post=2215"}],"version-history":[{"count":0,"href":"https:\/\/shop.leaplytics.de\/fr\/wp-json\/wp\/v2\/pages\/2215\/revisions"}],"wp:attachment":[{"href":"https:\/\/shop.leaplytics.de\/fr\/wp-json\/wp\/v2\/media?parent=2215"}],"curies":[{"name":"wp","href":"https:\/\/api.w.org\/{rel}","templated":true}]}}