{"id":2215,"date":"2024-12-09T13:55:51","date_gmt":"2024-12-09T13:55:51","guid":{"rendered":"https:\/\/shop.leaplytics.de\/?page_id=2215"},"modified":"2026-03-05T19:58:24","modified_gmt":"2026-03-05T19:58:24","slug":"takuu","status":"publish","type":"page","link":"https:\/\/shop.leaplytics.de\/fi\/takuu\/","title":{"rendered":"Takuu"},"content":{"rendered":"<h3 class=\"wp-block-heading\">LeapLytics Riskit\u00f6n ja elinik\u00e4inen hintalukkotakuu<\/h3>\n\n\n\n<p>Sinulla on jo ollut tilaisuus tutustua visuaaliseen ilmeeseemme ilmaiseksi. Nyt on aika avata <strong>koko organisaatiosi t\u00e4ysi k\u00e4ytt\u00f6oikeus - ilman riski\u00e4.<\/strong><\/p>\n\n<p><strong>30 p\u00e4iv\u00e4n rahat takaisin -takuu:<\/strong> Jos LeapLytics ei auta tiimi\u00e4si, - <strong>ymm\u00e4rt\u00e4\u00e4 monimutkaista tietoa nopeammin<\/strong> ja tehd\u00e4 <strong>parempia p\u00e4\u00e4t\u00f6ksi\u00e4<\/strong> ensimm\u00e4isten 30 p\u00e4iv\u00e4n aikana, l\u00e4het\u00e4 meille s\u00e4hk\u00f6postia, niin me annamme sinulle <strong>100%-tuki<\/strong>. <strong>Ei lomakkeita. Ei kitkaa. Ei kysymyksi\u00e4.<\/strong><\/p>\n\n<p><strong>Elinik\u00e4inen hintalukko:<\/strong> Kun sinusta tulee asiakas, hintasi on <strong>lukittu pysyv\u00e4sti<\/strong> - sin\u00e4 <strong>ei koskaan maksa enemp\u00e4\u00e4<\/strong>, vaikka hintamme nousisivat tulevaisuudessa.<\/p>\n\n<p>Ainoa mahdollinen oikaisu voi olla <strong>valuuttakurssien vaihtelut<\/strong>. Emme koskaan lis\u00e4\u00e4 lis\u00e4maksuja tai katteita - kaikki valuuttaan liittyv\u00e4t oikaisut n\u00e4kyv\u00e4t <strong>avoimesti verkkokaupassamme<\/strong> ja niit\u00e4 sovelletaan t\u00e4sm\u00e4lleen niiden esiintyess\u00e4.<\/p>\n\n<p><strong>Ei piilotettuja maksuja. Ei k\u00e4ytt\u00e4j\u00e4kohtaista hinnoittelua. Ei yll\u00e4tysp\u00e4ivityksi\u00e4.<\/strong> Turvaat t\u00e4m\u00e4n p\u00e4iv\u00e4n hinnan ja hy\u00f6dyt samalla kaikista tulevista parannuksista.<\/p>\n\n\n\n<h3 class=\"wp-block-heading\">Miksi joukkueet valitsevat LeapLyticsin<\/h3>\n\n\n\n<p>\n\u2705 <strong>Eksklusiiviset, suorituskykyiset Power BI -visuaalit<\/strong> joita et l\u00f6yd\u00e4 mist\u00e4\u00e4n muualta<br>\n\u2705 <strong>Rajoittamaton m\u00e4\u00e4r\u00e4 k\u00e4ytt\u00e4ji\u00e4, kojelautoja ja raportteja<\/strong> - ei k\u00e4ytt\u00e4j\u00e4kohtaista hinnoittelua<br>\n\u2705 <strong>Rakennettu nopeampaa p\u00e4\u00e4t\u00f6ksentekoa varten<\/strong> - selke\u00e4mpi n\u00e4kemys v\u00e4hemmill\u00e4 klikkauksilla<br>\n\u2705 <strong>V\u00e4lit\u00f6n k\u00e4ytt\u00f6\u00f6notto<\/strong> - julkaise kerran ja se toimii koko organisaatiossasi<br>\n\u2705 <strong>Tehty skaalautuvia k\u00e4ytt\u00f6\u00f6nottoja varten<\/strong> - johdonmukainen visuaalinen ilme tiimeiss\u00e4 ja raporteissa\n<\/p>\n\n\n\n<p>Jos visuaalinen ilmeemme ei tuota odottamaasi arvoa, hyvit\u00e4mme ostoksesi. <strong>Emme halua rahojasi<\/strong> Ellemme ansaitse sit\u00e4.<\/p>\n\n\n\n<h3 class=\"wp-block-heading\">Miten takuu toimii<\/h3>\n\n\n\n<p>\n1\ufe0f\u20e3 Aktivoi koko lisenssi - tarjouksen tai suoran oston kautta.<br>\n2\ufe0f\u20e3 Ota se k\u00e4ytt\u00f6\u00f6n kojelaudoissa, raporteissa ja tiimeiss\u00e4 - ota se k\u00e4ytt\u00f6\u00f6n oikeassa ty\u00f6ss\u00e4.<br>\n3\ufe0f\u20e3 Jos et ole tyytyv\u00e4inen 30 p\u00e4iv\u00e4n kuluessa, l\u00e4het\u00e4 meille s\u00e4hk\u00f6postia. <strong>t\u00e4ysi palautus<\/strong>. <strong>Ei vaivaa. Ei riski\u00e4.<\/strong><br>\n4\ufe0f\u20e3 Pid\u00e4 ajokorttisi aktiivisena ja <strong>hinta pysyy lukittuna<\/strong> - ikuisesti.\n<\/p>\n\n\n\n<h3 class=\"wp-block-heading\">Turvaa lisenssi &amp; lukitse t\u00e4m\u00e4n p\u00e4iv\u00e4n hinta<\/h3>\n\n\n\n<p>\n\ud83d\udc49 <strong>Pyyd\u00e4 tarjous:<\/strong> <a href=\"mailto:info@leaplytics.de\"><strong>info@leaplytics.de<\/strong><\/a><br>\n\ud83d\udc49 <strong>Tai tilaa lisenssi suoraan myym\u00e4l\u00e4st\u00e4<\/strong>\n<\/p>\n\n\n\n<p>Paranna Power BI -raporttejasi selke\u00e4mmill\u00e4 visuaalisilla kuvilla ja nopeammilla oivalluksilla - <strong>ilman riski\u00e4.<\/strong><\/p>","protected":false},"excerpt":{"rendered":"<p>LeapLyticsin riskit\u00f6n ja elinik\u00e4inen hintalukkotakuu Olet jo saanut mahdollisuuden tutustua visuaalisuuteen ilmaiseksi. Nyt on aika avata t\u00e4ysi k\u00e4ytt\u00f6oikeus koko organisaatiollesi - ilman riski\u00e4. 30 p\u00e4iv\u00e4n rahat takaisin -takuu: Jos LeapLytics ei auta tiimi\u00e4si ymm\u00e4rt\u00e4m\u00e4\u00e4n monimutkaisia tietoja nopeammin ja tekem\u00e4\u00e4n parempia p\u00e4\u00e4t\u00f6ksi\u00e4 30 ensimm\u00e4isen ... <\/p>","protected":false},"author":4,"featured_media":0,"parent":0,"menu_order":0,"comment_status":"closed","ping_status":"closed","template":"","meta":{"footnotes":""},"class_list":["post-2215","page","type-page","status-publish","hentry","latest_post"],"yoast_head":"<!-- This site is optimized with the Yoast SEO plugin v25.6 - https:\/\/yoast.com\/wordpress\/plugins\/seo\/ -->\n<title>Guarantee - LeapLytics&#039; Shop<\/title>\n<meta name=\"robots\" content=\"index, follow, max-snippet:-1, max-image-preview:large, max-video-preview:-1\" \/>\n<link rel=\"canonical\" href=\"https:\/\/shop.leaplytics.de\/fi\/takuu\/\" \/>\n<meta property=\"og:locale\" content=\"fi_FI\" \/>\n<meta property=\"og:type\" content=\"article\" \/>\n<meta property=\"og:title\" content=\"Guarantee - LeapLytics&#039; Shop\" \/>\n<meta property=\"og:description\" content=\"The LeapLytics Risk-Free &#038; Lifetime Price Lock Guarantee You\u2019ve already had the chance to explore our visuals for free. Now it\u2019s time to unlock full access for your entire organization \u2014 with zero risk. 30-Day Money-Back Guarantee: If LeapLytics doesn\u2019t help your team understand complex data faster and make better decisions within the first 30 &hellip;\" \/>\n<meta property=\"og:url\" content=\"https:\/\/shop.leaplytics.de\/fi\/takuu\/\" \/>\n<meta property=\"og:site_name\" content=\"LeapLytics&#039; Shop\" \/>\n<meta property=\"article:modified_time\" content=\"2026-03-05T19:58:24+00:00\" \/>\n<meta name=\"twitter:card\" content=\"summary_large_image\" \/>\n<meta name=\"twitter:label1\" content=\"Arvioitu lukuaika\" \/>\n\t<meta name=\"twitter:data1\" content=\"2 minuuttia\" \/>\n<script type=\"application\/ld+json\" class=\"yoast-schema-graph\">{\"@context\":\"https:\/\/schema.org\",\"@graph\":[{\"@type\":\"WebPage\",\"@id\":\"https:\/\/shop.leaplytics.de\/guarantee\/\",\"url\":\"https:\/\/shop.leaplytics.de\/guarantee\/\",\"name\":\"Guarantee - LeapLytics&#039; Shop\",\"isPartOf\":{\"@id\":\"https:\/\/shop.leaplytics.de\/pt_br\/#website\"},\"datePublished\":\"2024-12-09T13:55:51+00:00\",\"dateModified\":\"2026-03-05T19:58:24+00:00\",\"breadcrumb\":{\"@id\":\"https:\/\/shop.leaplytics.de\/guarantee\/#breadcrumb\"},\"inLanguage\":\"fi\",\"potentialAction\":[{\"@type\":\"ReadAction\",\"target\":[\"https:\/\/shop.leaplytics.de\/guarantee\/\"]}]},{\"@type\":\"BreadcrumbList\",\"@id\":\"https:\/\/shop.leaplytics.de\/guarantee\/#breadcrumb\",\"itemListElement\":[{\"@type\":\"ListItem\",\"position\":1,\"name\":\"Home\",\"item\":\"https:\/\/shop.leaplytics.de\/\"},{\"@type\":\"ListItem\",\"position\":2,\"name\":\"Guarantee\"}]},{\"@type\":\"WebSite\",\"@id\":\"https:\/\/shop.leaplytics.de\/pt_br\/#website\",\"url\":\"https:\/\/shop.leaplytics.de\/pt_br\/\",\"name\":\"LeapLytics' Shop\",\"description\":\"leap reporting solutions\",\"potentialAction\":[{\"@type\":\"SearchAction\",\"target\":{\"@type\":\"EntryPoint\",\"urlTemplate\":\"https:\/\/shop.leaplytics.de\/pt_br\/?s={search_term_string}\"},\"query-input\":{\"@type\":\"PropertyValueSpecification\",\"valueRequired\":true,\"valueName\":\"search_term_string\"}}],\"inLanguage\":\"fi\"}]}<\/script>\n<!-- \/ Yoast SEO plugin. -->","yoast_head_json":{"title":"Takuu - LeapLytics' Shop","robots":{"index":"index","follow":"follow","max-snippet":"max-snippet:-1","max-image-preview":"max-image-preview:large","max-video-preview":"max-video-preview:-1"},"canonical":"https:\/\/shop.leaplytics.de\/fi\/takuu\/","og_locale":"fi_FI","og_type":"article","og_title":"Guarantee - LeapLytics&#039; Shop","og_description":"The LeapLytics Risk-Free &#038; Lifetime Price Lock Guarantee You\u2019ve already had the chance to explore our visuals for free. Now it\u2019s time to unlock full access for your entire organization \u2014 with zero risk. 30-Day Money-Back Guarantee: If LeapLytics doesn\u2019t help your team understand complex data faster and make better decisions within the first 30 &hellip;","og_url":"https:\/\/shop.leaplytics.de\/fi\/takuu\/","og_site_name":"LeapLytics&#039; Shop","article_modified_time":"2026-03-05T19:58:24+00:00","twitter_card":"summary_large_image","twitter_misc":{"Arvioitu lukuaika":"2 minuuttia"},"schema":{"@context":"https:\/\/schema.org","@graph":[{"@type":"WebPage","@id":"https:\/\/shop.leaplytics.de\/guarantee\/","url":"https:\/\/shop.leaplytics.de\/guarantee\/","name":"Takuu - LeapLytics' Shop","isPartOf":{"@id":"https:\/\/shop.leaplytics.de\/pt_br\/#website"},"datePublished":"2024-12-09T13:55:51+00:00","dateModified":"2026-03-05T19:58:24+00:00","breadcrumb":{"@id":"https:\/\/shop.leaplytics.de\/guarantee\/#breadcrumb"},"inLanguage":"fi","potentialAction":[{"@type":"ReadAction","target":["https:\/\/shop.leaplytics.de\/guarantee\/"]}]},{"@type":"BreadcrumbList","@id":"https:\/\/shop.leaplytics.de\/guarantee\/#breadcrumb","itemListElement":[{"@type":"ListItem","position":1,"name":"Home","item":"https:\/\/shop.leaplytics.de\/"},{"@type":"ListItem","position":2,"name":"Guarantee"}]},{"@type":"WebSite","@id":"https:\/\/shop.leaplytics.de\/pt_br\/#website","url":"https:\/\/shop.leaplytics.de\/pt_br\/","name":"LeapLyticsin kauppa","description":"Leap-raportointiratkaisut","potentialAction":[{"@type":"SearchAction","target":{"@type":"EntryPoint","urlTemplate":"https:\/\/shop.leaplytics.de\/pt_br\/?s={search_term_string}"},"query-input":{"@type":"PropertyValueSpecification","valueRequired":true,"valueName":"search_term_string"}}],"inLanguage":"fi"}]}},"_links":{"self":[{"href":"https:\/\/shop.leaplytics.de\/fi\/wp-json\/wp\/v2\/pages\/2215","targetHints":{"allow":["GET"]}}],"collection":[{"href":"https:\/\/shop.leaplytics.de\/fi\/wp-json\/wp\/v2\/pages"}],"about":[{"href":"https:\/\/shop.leaplytics.de\/fi\/wp-json\/wp\/v2\/types\/page"}],"author":[{"embeddable":true,"href":"https:\/\/shop.leaplytics.de\/fi\/wp-json\/wp\/v2\/users\/4"}],"replies":[{"embeddable":true,"href":"https:\/\/shop.leaplytics.de\/fi\/wp-json\/wp\/v2\/comments?post=2215"}],"version-history":[{"count":0,"href":"https:\/\/shop.leaplytics.de\/fi\/wp-json\/wp\/v2\/pages\/2215\/revisions"}],"wp:attachment":[{"href":"https:\/\/shop.leaplytics.de\/fi\/wp-json\/wp\/v2\/media?parent=2215"}],"curies":[{"name":"wp","href":"https:\/\/api.w.org\/{rel}","templated":true}]}}