{"id":2,"date":"2022-05-06T11:12:18","date_gmt":"2022-05-06T11:12:18","guid":{"rendered":"https:\/\/shop.leaplytics.de\/?page_id=2"},"modified":"2022-05-06T11:12:18","modified_gmt":"2022-05-06T11:12:18","slug":"naytesivu","status":"publish","type":"page","link":"https:\/\/shop.leaplytics.de\/fi\/naytesivu\/","title":{"rendered":"N\u00e4yte Sivu"},"content":{"rendered":"<p>T\u00e4m\u00e4 on esimerkkisivu. Se eroaa blogikirjoituksesta, koska se pysyy yhdess\u00e4 paikassa ja n\u00e4kyy sivuston navigoinnissa (useimmissa teemoissa). Useimmat ihmiset aloittavat Tietoja-sivulla, joka esittelee heid\u00e4t mahdollisille sivustovierailijoille. Se voi kuulua esimerkiksi n\u00e4in:<\/p>\n\n\n\n<blockquote class=\"wp-block-quote is-layout-flow wp-block-quote-is-layout-flow\"><p>Hei! Olen py\u00f6r\u00e4l\u00e4hetti p\u00e4ivisin, pyrkiv\u00e4 n\u00e4yttelij\u00e4 \u00f6isin, ja t\u00e4m\u00e4 on minun verkkosivustoni. Asun Los Angelesissa, minulla on mahtava koira nimelt\u00e4 Jack ja pid\u00e4n pi\u00f1a coladoista. (Ja sateeseen j\u00e4\u00e4misest\u00e4.)<\/p><\/blockquote>\n\n\n\n<p>...tai jotain t\u00e4llaista:<\/p>\n\n\n\n<blockquote class=\"wp-block-quote is-layout-flow wp-block-quote-is-layout-flow\"><p>XYZ Doohickey Company perustettiin vuonna 1971, ja siit\u00e4 l\u00e4htien se on tarjonnut yleis\u00f6lle laadukkaita doohickej\u00e4. Gotham Cityss\u00e4 sijaitseva XYZ ty\u00f6llist\u00e4\u00e4 yli 2 000 ihmist\u00e4 ja tekee kaikenlaisia mahtavia asioita Gothamin yhteis\u00f6n hyv\u00e4ksi.<\/p><\/blockquote>\n\n\n\n<p>Uutena WordPress-k\u00e4ytt\u00e4j\u00e4n\u00e4 sinun pit\u00e4isi menn\u00e4 osoitteeseen <a href=\"https:\/\/shop.leaplytics.de\/wp-admin\/\">kojelautasi<\/a> voit poistaa t\u00e4m\u00e4n sivun ja luoda uusia sivuja sis\u00e4ll\u00f6llesi. Pid\u00e4 hauskaa!<\/p>","protected":false},"excerpt":{"rendered":"<p>This is an example page. It&#8217;s different from a blog post because it will stay in one place and will show up in your site navigation (in most themes). Most people start with an About page that introduces them to potential site visitors. It might say something like this: Hi there! I&#8217;m a bike messenger &hellip; <\/p>","protected":false},"author":1,"featured_media":0,"parent":0,"menu_order":0,"comment_status":"closed","ping_status":"open","template":"","meta":{"footnotes":""},"class_list":["post-2","page","type-page","status-publish","hentry","latest_post"],"yoast_head":"<!-- This site is optimized with the Yoast SEO plugin v25.6 - https:\/\/yoast.com\/wordpress\/plugins\/seo\/ -->\n<title>Sample Page - LeapLytics&#039; Shop<\/title>\n<meta name=\"robots\" content=\"index, follow, max-snippet:-1, max-image-preview:large, max-video-preview:-1\" \/>\n<link rel=\"canonical\" href=\"https:\/\/shop.leaplytics.de\/fi\/naytesivu\/\" \/>\n<meta property=\"og:locale\" content=\"fi_FI\" \/>\n<meta property=\"og:type\" content=\"article\" \/>\n<meta property=\"og:title\" content=\"Sample Page - LeapLytics&#039; Shop\" \/>\n<meta property=\"og:description\" content=\"This is an example page. It&#8217;s different from a blog post because it will stay in one place and will show up in your site navigation (in most themes). Most people start with an About page that introduces them to potential site visitors. It might say something like this: Hi there! I&#8217;m a bike messenger &hellip;\" \/>\n<meta property=\"og:url\" content=\"https:\/\/shop.leaplytics.de\/fi\/naytesivu\/\" \/>\n<meta property=\"og:site_name\" content=\"LeapLytics&#039; Shop\" \/>\n<meta name=\"twitter:card\" content=\"summary_large_image\" \/>\n<meta name=\"twitter:label1\" content=\"Arvioitu lukuaika\" \/>\n\t<meta name=\"twitter:data1\" content=\"1 minuutti\" \/>\n<script type=\"application\/ld+json\" class=\"yoast-schema-graph\">{\"@context\":\"https:\/\/schema.org\",\"@graph\":[{\"@type\":\"WebPage\",\"@id\":\"https:\/\/shop.leaplytics.de\/sample-page\/\",\"url\":\"https:\/\/shop.leaplytics.de\/sample-page\/\",\"name\":\"Sample Page - LeapLytics&#039; Shop\",\"isPartOf\":{\"@id\":\"https:\/\/shop.leaplytics.de\/pt_br\/#website\"},\"datePublished\":\"2022-05-06T11:12:18+00:00\",\"breadcrumb\":{\"@id\":\"https:\/\/shop.leaplytics.de\/sample-page\/#breadcrumb\"},\"inLanguage\":\"fi\",\"potentialAction\":[{\"@type\":\"ReadAction\",\"target\":[\"https:\/\/shop.leaplytics.de\/sample-page\/\"]}]},{\"@type\":\"BreadcrumbList\",\"@id\":\"https:\/\/shop.leaplytics.de\/sample-page\/#breadcrumb\",\"itemListElement\":[{\"@type\":\"ListItem\",\"position\":1,\"name\":\"Home\",\"item\":\"https:\/\/shop.leaplytics.de\/\"},{\"@type\":\"ListItem\",\"position\":2,\"name\":\"Sample Page\"}]},{\"@type\":\"WebSite\",\"@id\":\"https:\/\/shop.leaplytics.de\/pt_br\/#website\",\"url\":\"https:\/\/shop.leaplytics.de\/pt_br\/\",\"name\":\"LeapLytics' Shop\",\"description\":\"leap reporting solutions\",\"potentialAction\":[{\"@type\":\"SearchAction\",\"target\":{\"@type\":\"EntryPoint\",\"urlTemplate\":\"https:\/\/shop.leaplytics.de\/pt_br\/?s={search_term_string}\"},\"query-input\":{\"@type\":\"PropertyValueSpecification\",\"valueRequired\":true,\"valueName\":\"search_term_string\"}}],\"inLanguage\":\"fi\"}]}<\/script>\n<!-- \/ Yoast SEO plugin. -->","yoast_head_json":{"title":"Esimerkkisivu - LeapLyticsin kauppa","robots":{"index":"index","follow":"follow","max-snippet":"max-snippet:-1","max-image-preview":"max-image-preview:large","max-video-preview":"max-video-preview:-1"},"canonical":"https:\/\/shop.leaplytics.de\/fi\/naytesivu\/","og_locale":"fi_FI","og_type":"article","og_title":"Sample Page - LeapLytics&#039; Shop","og_description":"This is an example page. It&#8217;s different from a blog post because it will stay in one place and will show up in your site navigation (in most themes). Most people start with an About page that introduces them to potential site visitors. It might say something like this: Hi there! I&#8217;m a bike messenger &hellip;","og_url":"https:\/\/shop.leaplytics.de\/fi\/naytesivu\/","og_site_name":"LeapLytics&#039; Shop","twitter_card":"summary_large_image","twitter_misc":{"Arvioitu lukuaika":"1 minuutti"},"schema":{"@context":"https:\/\/schema.org","@graph":[{"@type":"WebPage","@id":"https:\/\/shop.leaplytics.de\/sample-page\/","url":"https:\/\/shop.leaplytics.de\/sample-page\/","name":"Esimerkkisivu - LeapLyticsin kauppa","isPartOf":{"@id":"https:\/\/shop.leaplytics.de\/pt_br\/#website"},"datePublished":"2022-05-06T11:12:18+00:00","breadcrumb":{"@id":"https:\/\/shop.leaplytics.de\/sample-page\/#breadcrumb"},"inLanguage":"fi","potentialAction":[{"@type":"ReadAction","target":["https:\/\/shop.leaplytics.de\/sample-page\/"]}]},{"@type":"BreadcrumbList","@id":"https:\/\/shop.leaplytics.de\/sample-page\/#breadcrumb","itemListElement":[{"@type":"ListItem","position":1,"name":"Home","item":"https:\/\/shop.leaplytics.de\/"},{"@type":"ListItem","position":2,"name":"Sample Page"}]},{"@type":"WebSite","@id":"https:\/\/shop.leaplytics.de\/pt_br\/#website","url":"https:\/\/shop.leaplytics.de\/pt_br\/","name":"LeapLyticsin kauppa","description":"Leap-raportointiratkaisut","potentialAction":[{"@type":"SearchAction","target":{"@type":"EntryPoint","urlTemplate":"https:\/\/shop.leaplytics.de\/pt_br\/?s={search_term_string}"},"query-input":{"@type":"PropertyValueSpecification","valueRequired":true,"valueName":"search_term_string"}}],"inLanguage":"fi"}]}},"_links":{"self":[{"href":"https:\/\/shop.leaplytics.de\/fi\/wp-json\/wp\/v2\/pages\/2","targetHints":{"allow":["GET"]}}],"collection":[{"href":"https:\/\/shop.leaplytics.de\/fi\/wp-json\/wp\/v2\/pages"}],"about":[{"href":"https:\/\/shop.leaplytics.de\/fi\/wp-json\/wp\/v2\/types\/page"}],"author":[{"embeddable":true,"href":"https:\/\/shop.leaplytics.de\/fi\/wp-json\/wp\/v2\/users\/1"}],"replies":[{"embeddable":true,"href":"https:\/\/shop.leaplytics.de\/fi\/wp-json\/wp\/v2\/comments?post=2"}],"version-history":[{"count":0,"href":"https:\/\/shop.leaplytics.de\/fi\/wp-json\/wp\/v2\/pages\/2\/revisions"}],"wp:attachment":[{"href":"https:\/\/shop.leaplytics.de\/fi\/wp-json\/wp\/v2\/media?parent=2"}],"curies":[{"name":"wp","href":"https:\/\/api.w.org\/{rel}","templated":true}]}}