{"id":2215,"date":"2024-12-09T13:55:51","date_gmt":"2024-12-09T13:55:51","guid":{"rendered":"https:\/\/shop.leaplytics.de\/?page_id=2215"},"modified":"2026-03-05T19:58:24","modified_gmt":"2026-03-05T19:58:24","slug":"garantia","status":"publish","type":"page","link":"https:\/\/shop.leaplytics.de\/es\/garantia\/","title":{"rendered":"Garant\u00eda"},"content":{"rendered":"<h3 class=\"wp-block-heading\">LeapLytics sin riesgos y garant\u00eda de bloqueo de precio de por vida<\/h3>\n\n\n\n<p>Ya has tenido la oportunidad de explorar nuestros visuales de forma gratuita. Ahora es el momento de desbloquear <strong>acceso total para toda su organizaci\u00f3n, con riesgo cero.<\/strong><\/p>\n\n<p><strong>Garant\u00eda de devoluci\u00f3n del dinero en 30 d\u00edas:<\/strong> Si LeapLytics no ayuda a su equipo <strong>comprender datos complejos con mayor rapidez<\/strong> y hacer <strong>mejores decisiones<\/strong> en los primeros 30 d\u00edas, env\u00edenos un correo electr\u00f3nico y le enviaremos un <strong>Reembolso 100%<\/strong>. <strong>Sin formas. Sin fricciones. Sin preguntas.<\/strong><\/p>\n\n<p><strong>Bloqueo de precios de por vida:<\/strong> Una vez que se convierte en cliente, su precio es <strong>encerrado permanentemente<\/strong> - lo har\u00e1s <strong>nunca pagues m\u00e1s<\/strong>aunque nuestros precios suban en el futuro.<\/p>\n\n<p>El \u00fanico ajuste posible puede venir de <strong>fluctuaciones de los tipos de cambio<\/strong>. Nunca a\u00f1adimos recargos ni m\u00e1rgenes: cualquier ajuste relacionado con las divisas queda reflejado. <strong>de forma transparente en nuestra tienda en l\u00ednea<\/strong> y se aplican exactamente cuando se producen.<\/p>\n\n<p><strong>Sin tarifas ocultas. Sin precios por usuario. Sin actualizaciones sorpresa.<\/strong> Usted se asegura el precio de hoy al tiempo que se beneficia de todas las mejoras futuras.<\/p>\n\n\n\n<h3 class=\"wp-block-heading\">Por qu\u00e9 los equipos eligen LeapLytics<\/h3>\n\n\n\n<p>\n\u2705 <strong>Visuales Power BI exclusivos y de alto rendimiento<\/strong> que no encontrar\u00e1 en ning\u00fan otro sitio<br>\n\u2705 <strong>Usuarios, cuadros de mando e informes ilimitados<\/strong> - sin precios por usuario<br>\n\u2705 <strong>Dise\u00f1ado para una toma de decisiones m\u00e1s r\u00e1pida<\/strong> - informaci\u00f3n m\u00e1s clara con menos clics<br>\n\u2705 <strong>Despliegue instant\u00e1neo<\/strong> - publique una vez y funcionar\u00e1 para toda su organizaci\u00f3n<br>\n\u2705 <strong>Hecho para implantaciones escalables<\/strong> - im\u00e1genes coherentes en todos los equipos e informes\n<\/p>\n\n\n\n<p>Si nuestros visuales no le ofrecen el valor que espera, le devolveremos el importe de su compra. <strong>No queremos su dinero<\/strong> a menos que nos lo ganemos.<\/p>\n\n\n\n<h3 class=\"wp-block-heading\">C\u00f3mo funciona la garant\u00eda<\/h3>\n\n\n\n<p>\n1\ufe0f\u20e3 Active su licencia completa: mediante presupuesto o compra directa.<br>\n2\ufe0f\u20e3 Despli\u00e9guelo en cuadros de mando, informes y equipos: p\u00f3ngalo a trabajar de verdad.<br>\n3\ufe0f\u20e3 Si no queda satisfecho en un plazo de 30 d\u00edas, env\u00edenos un correo electr\u00f3nico para obtener una <strong>reembolso completo<\/strong>. <strong>Sin complicaciones. Sin riesgos.<\/strong><br>\n4\ufe0f\u20e3 Mantenga su licencia activa y su <strong>el precio se mantiene fijo<\/strong> - para siempre.\n<\/p>\n\n\n\n<h3 class=\"wp-block-heading\">Asegure su licencia y fije el precio actual<\/h3>\n\n\n\n<p>\n\ud83d\udc49 <strong>Solicite un presupuesto:<\/strong> <a href=\"mailto:info@leaplytics.de\"><strong>info@leaplytics.de<\/strong><\/a><br>\n\ud83d\udc49 <strong>O pida su licencia directamente en la tienda<\/strong>\n<\/p>\n\n\n\n<p>Mejore sus informes de Power BI con im\u00e1genes m\u00e1s claras y perspectivas m\u00e1s r\u00e1pidas. <strong>sin riesgo.<\/strong><\/p>","protected":false},"excerpt":{"rendered":"<p>LeapLytics Garant\u00eda de bloqueo de precio de por vida y sin riesgos Ya ha tenido la oportunidad de explorar nuestros visuales de forma gratuita. Ahora es el momento de desbloquear el acceso completo para toda su organizaci\u00f3n, sin ning\u00fan riesgo. Garant\u00eda de devoluci\u00f3n del dinero en 30 d\u00edas: Si LeapLytics no ayuda a su equipo a comprender datos complejos m\u00e1s r\u00e1pidamente y a tomar mejores decisiones en los primeros 30 ... <\/p>","protected":false},"author":4,"featured_media":0,"parent":0,"menu_order":0,"comment_status":"closed","ping_status":"closed","template":"","meta":{"footnotes":""},"class_list":["post-2215","page","type-page","status-publish","hentry","latest_post"],"yoast_head":"<!-- This site is optimized with the Yoast SEO plugin v25.6 - https:\/\/yoast.com\/wordpress\/plugins\/seo\/ -->\n<title>Guarantee - LeapLytics&#039; Shop<\/title>\n<meta name=\"robots\" content=\"index, follow, max-snippet:-1, max-image-preview:large, max-video-preview:-1\" \/>\n<link rel=\"canonical\" href=\"https:\/\/shop.leaplytics.de\/es\/garantia\/\" \/>\n<meta property=\"og:locale\" content=\"es_ES\" \/>\n<meta property=\"og:type\" content=\"article\" \/>\n<meta property=\"og:title\" content=\"Guarantee - LeapLytics&#039; Shop\" \/>\n<meta property=\"og:description\" content=\"The LeapLytics Risk-Free &#038; Lifetime Price Lock Guarantee You\u2019ve already had the chance to explore our visuals for free. Now it\u2019s time to unlock full access for your entire organization \u2014 with zero risk. 30-Day Money-Back Guarantee: If LeapLytics doesn\u2019t help your team understand complex data faster and make better decisions within the first 30 &hellip;\" \/>\n<meta property=\"og:url\" content=\"https:\/\/shop.leaplytics.de\/es\/garantia\/\" \/>\n<meta property=\"og:site_name\" content=\"LeapLytics&#039; Shop\" \/>\n<meta property=\"article:modified_time\" content=\"2026-03-05T19:58:24+00:00\" \/>\n<meta name=\"twitter:card\" content=\"summary_large_image\" \/>\n<meta name=\"twitter:label1\" content=\"Tiempo de lectura\" \/>\n\t<meta name=\"twitter:data1\" content=\"2 minutos\" \/>\n<script type=\"application\/ld+json\" class=\"yoast-schema-graph\">{\"@context\":\"https:\/\/schema.org\",\"@graph\":[{\"@type\":\"WebPage\",\"@id\":\"https:\/\/shop.leaplytics.de\/guarantee\/\",\"url\":\"https:\/\/shop.leaplytics.de\/guarantee\/\",\"name\":\"Guarantee - LeapLytics&#039; Shop\",\"isPartOf\":{\"@id\":\"https:\/\/shop.leaplytics.de\/pt_br\/#website\"},\"datePublished\":\"2024-12-09T13:55:51+00:00\",\"dateModified\":\"2026-03-05T19:58:24+00:00\",\"breadcrumb\":{\"@id\":\"https:\/\/shop.leaplytics.de\/guarantee\/#breadcrumb\"},\"inLanguage\":\"es\",\"potentialAction\":[{\"@type\":\"ReadAction\",\"target\":[\"https:\/\/shop.leaplytics.de\/guarantee\/\"]}]},{\"@type\":\"BreadcrumbList\",\"@id\":\"https:\/\/shop.leaplytics.de\/guarantee\/#breadcrumb\",\"itemListElement\":[{\"@type\":\"ListItem\",\"position\":1,\"name\":\"Home\",\"item\":\"https:\/\/shop.leaplytics.de\/\"},{\"@type\":\"ListItem\",\"position\":2,\"name\":\"Guarantee\"}]},{\"@type\":\"WebSite\",\"@id\":\"https:\/\/shop.leaplytics.de\/pt_br\/#website\",\"url\":\"https:\/\/shop.leaplytics.de\/pt_br\/\",\"name\":\"LeapLytics' Shop\",\"description\":\"leap reporting solutions\",\"potentialAction\":[{\"@type\":\"SearchAction\",\"target\":{\"@type\":\"EntryPoint\",\"urlTemplate\":\"https:\/\/shop.leaplytics.de\/pt_br\/?s={search_term_string}\"},\"query-input\":{\"@type\":\"PropertyValueSpecification\",\"valueRequired\":true,\"valueName\":\"search_term_string\"}}],\"inLanguage\":\"es\"}]}<\/script>\n<!-- \/ Yoast SEO plugin. -->","yoast_head_json":{"title":"Garant\u00eda - Tienda LeapLytics","robots":{"index":"index","follow":"follow","max-snippet":"max-snippet:-1","max-image-preview":"max-image-preview:large","max-video-preview":"max-video-preview:-1"},"canonical":"https:\/\/shop.leaplytics.de\/es\/garantia\/","og_locale":"es_ES","og_type":"article","og_title":"Guarantee - LeapLytics&#039; Shop","og_description":"The LeapLytics Risk-Free &#038; Lifetime Price Lock Guarantee You\u2019ve already had the chance to explore our visuals for free. Now it\u2019s time to unlock full access for your entire organization \u2014 with zero risk. 30-Day Money-Back Guarantee: If LeapLytics doesn\u2019t help your team understand complex data faster and make better decisions within the first 30 &hellip;","og_url":"https:\/\/shop.leaplytics.de\/es\/garantia\/","og_site_name":"LeapLytics&#039; Shop","article_modified_time":"2026-03-05T19:58:24+00:00","twitter_card":"summary_large_image","twitter_misc":{"Tiempo de lectura":"2 minutos"},"schema":{"@context":"https:\/\/schema.org","@graph":[{"@type":"WebPage","@id":"https:\/\/shop.leaplytics.de\/guarantee\/","url":"https:\/\/shop.leaplytics.de\/guarantee\/","name":"Garant\u00eda - Tienda LeapLytics","isPartOf":{"@id":"https:\/\/shop.leaplytics.de\/pt_br\/#website"},"datePublished":"2024-12-09T13:55:51+00:00","dateModified":"2026-03-05T19:58:24+00:00","breadcrumb":{"@id":"https:\/\/shop.leaplytics.de\/guarantee\/#breadcrumb"},"inLanguage":"es","potentialAction":[{"@type":"ReadAction","target":["https:\/\/shop.leaplytics.de\/guarantee\/"]}]},{"@type":"BreadcrumbList","@id":"https:\/\/shop.leaplytics.de\/guarantee\/#breadcrumb","itemListElement":[{"@type":"ListItem","position":1,"name":"Home","item":"https:\/\/shop.leaplytics.de\/"},{"@type":"ListItem","position":2,"name":"Guarantee"}]},{"@type":"WebSite","@id":"https:\/\/shop.leaplytics.de\/pt_br\/#website","url":"https:\/\/shop.leaplytics.de\/pt_br\/","name":"Tienda LeapLytics","description":"soluciones de informes leap","potentialAction":[{"@type":"SearchAction","target":{"@type":"EntryPoint","urlTemplate":"https:\/\/shop.leaplytics.de\/pt_br\/?s={search_term_string}"},"query-input":{"@type":"PropertyValueSpecification","valueRequired":true,"valueName":"search_term_string"}}],"inLanguage":"es"}]}},"_links":{"self":[{"href":"https:\/\/shop.leaplytics.de\/es\/wp-json\/wp\/v2\/pages\/2215","targetHints":{"allow":["GET"]}}],"collection":[{"href":"https:\/\/shop.leaplytics.de\/es\/wp-json\/wp\/v2\/pages"}],"about":[{"href":"https:\/\/shop.leaplytics.de\/es\/wp-json\/wp\/v2\/types\/page"}],"author":[{"embeddable":true,"href":"https:\/\/shop.leaplytics.de\/es\/wp-json\/wp\/v2\/users\/4"}],"replies":[{"embeddable":true,"href":"https:\/\/shop.leaplytics.de\/es\/wp-json\/wp\/v2\/comments?post=2215"}],"version-history":[{"count":0,"href":"https:\/\/shop.leaplytics.de\/es\/wp-json\/wp\/v2\/pages\/2215\/revisions"}],"wp:attachment":[{"href":"https:\/\/shop.leaplytics.de\/es\/wp-json\/wp\/v2\/media?parent=2215"}],"curies":[{"name":"wp","href":"https:\/\/api.w.org\/{rel}","templated":true}]}}