{"id":266,"date":"2022-06-17T16:52:45","date_gmt":"2022-06-17T16:52:45","guid":{"rendered":"https:\/\/shop.leaplytics.de\/?page_id=266"},"modified":"2025-05-27T12:30:33","modified_gmt":"2025-05-27T12:30:33","slug":"preisgestaltung","status":"publish","type":"page","link":"https:\/\/shop.leaplytics.de\/de\/preisgestaltung\/","title":{"rendered":"Lizensierung"},"content":{"rendered":"<p>Wir von LeapLytics glauben, dass Lizenzen Ihr Leben erleichtern sollten. <strong>einfacher<\/strong>und nicht komplizierter. Deshalb haben wir eine <strong>einfaches, faires Lizenzierungsmodell<\/strong> f\u00fcr unsere Visuals - keine Benutzergrenzen, keine Kopfschmerzen, keine \u00dcberraschungen.<\/p>\n\n\n\n<h3 class=\"wp-block-heading\">Warum keine benutzerbasierte Lizenzierung?<\/h3>\n\n\n\n<p>Seien wir ehrlich: Die benutzerbasierte Lizenzierung verursacht oft mehr Probleme als sie l\u00f6st.<\/p>\n\n\n\n<p>Wenn mehr Personen ein Dashboard anzeigen m\u00fcssen, als Lizenzen verf\u00fcgbar sind, entsteht schnell Frustration. Noch schlimmer ist es, wenn es sich um einen wichtigen Entscheidungstr\u00e4ger handelt, der ausgesperrt ist. Wir kennen das - als Nutzer von Visualisierungen und Add-ons. Und genau das wollen wir vermeiden.<\/p>\n\n\n\n<p>Und dann sind da noch die versteckten Kosten: Unerwartete Rechnungen f\u00fcr \"unbefugte Nutzer\", die niemand kommen sah? Nicht mit uns.<\/p>\n\n\n\n<h3 class=\"wp-block-heading\">Sichere Garantie<\/h3>\n\n\n\n<p>Und damit Sie sich risikofrei entscheiden k\u00f6nnen: Wir bieten Ihnen eine <strong>30 Tage Geld-zur\u00fcck-Garantie<\/strong>.<\/p>\n\n\n\n<p>Wenn das Bildmaterial nicht den erwarteten Wert hat, lassen Sie es uns einfach innerhalb von 30 Tagen wissen - wir erstatten Ihnen den vollen Betrag zur\u00fcck, <strong>ohne Fragen zu stellen<\/strong>.<\/p>\n\n\n\n<h3 class=\"wp-block-heading\">Unser Versprechen: Keine Grenzen. Keine \u00dcberraschungen.<\/h3>\n\n\n\n<p>Mit LeapLytics erhalten Sie eine <strong>unternehmens- oder konzernweite Lizenz<\/strong>. Das bedeutet:<\/p>\n\n\n\n<p>\u2705 Unbegrenzte Anzahl von Benutzern<br>\u2705 Unbegrenzte Dashboards<br>\u2705 Unbegrenztes Bildmaterial<\/p>\n\n\n\n<p>Nutzen Sie unser Bildmaterial, wo und wie Sie es brauchen - <strong>ohne Kleingedrucktes<\/strong>.<\/p>\n\n\n\n<h3 class=\"wp-block-heading\">Einfache, transparente Preisgestaltung<\/h3>\n\n\n\n<p>Suchen Sie nach langfristigen Einsparungen? Wir haben das Richtige f\u00fcr Sie:<\/p>\n\n\n\n<ul class=\"wp-block-list\">\n<li><strong>2-Jahres-Lizenz<\/strong> \u2192 +6 Monate kostenlos<\/li>\n\n\n\n<li><strong>3-Jahres-Lizenz<\/strong> \u2192 +12 Monate kostenlos<\/li>\n<\/ul>\n\n\n\n<p>Dies ist eine gute Option, wenn Sie wissen, dass das Bildmaterial Ihren Anforderungen im Arbeitsalltag entspricht.<\/p>\n\n\n\n<p>Unten links auf der Shop-Seite k\u00f6nnen Sie die W\u00e4hrung nach Ihren W\u00fcnschen \u00e4ndern.<\/p>\n\n\n\n<h3 class=\"wp-block-heading\">Wie Sie Ihren F\u00fchrerschein erhalten<\/h3>\n\n\n\n<p>Es gibt zwei einfache M\u00f6glichkeiten, wie Sie vorgehen k\u00f6nnen:<\/p>\n\n\n\n<h4 class=\"wp-block-heading\">Option 1: Angebot &amp; Rechnung<\/h4>\n\n\n\n<ul class=\"wp-block-list\">\n<li>Kontaktieren Sie uns unter <strong><a href=\"mailto:info@leaplytics.de\">info@leaplytics.de<\/a>.<\/strong> Wir schicken Ihnen ein formelles Angebot.<\/li>\n\n\n\n<li>Nach der Annahme erhalten Sie den Lizenzschl\u00fcssel und die Rechnung.<\/li>\n\n\n\n<li>Die Zahlung erfolgt per Bank\u00fcberweisung in EUR.<\/li>\n<\/ul>\n\n\n\n<h4 class=\"wp-block-heading\">Option 2: Online kaufen<\/h4>\n\n\n\n<ul class=\"wp-block-list\">\n<li>Bestellen Sie direkt hier in unserem Shop.<\/li>\n\n\n\n<li>Bezahlen Sie mit g\u00e4ngigen Kreditkarten oder PayPal.<\/li>\n\n\n\n<li>W\u00e4hlen Sie Ihre bevorzugte W\u00e4hrung.<\/li>\n<\/ul>\n\n\n\n<h3 class=\"wp-block-heading\">Keine zus\u00e4tzliche Einrichtung f\u00fcr Zuschauer erforderlich<\/h3>\n\n\n\n<p>Ihre Teammitglieder brauchen nichts zu installieren oder zu aktivieren. Sobald ein Bericht mit dem Bildmaterial ver\u00f6ffentlicht ist, gilt er f\u00fcr alle Mitarbeiter Ihres Unternehmens. Keine separate Einrichtung erforderlich.<\/p>","protected":false},"excerpt":{"rendered":"<p>At LeapLytics, we believe that licensing should make your life easier, not more complicated. That\u2019s why we\u2019ve designed a simple, fair licensing model for our visuals \u2013 no user limits, no headaches, no surprises. Why no user-based licensing? Let\u2019s be honest: User-based licensing often causes more problems than it solves. When more people need to &hellip; <\/p>","protected":false},"author":4,"featured_media":0,"parent":0,"menu_order":0,"comment_status":"closed","ping_status":"closed","template":"","meta":{"footnotes":""},"class_list":["post-266","page","type-page","status-publish","hentry","latest_post"],"yoast_head":"<!-- This site is optimized with the Yoast SEO plugin v25.6 - https:\/\/yoast.com\/wordpress\/plugins\/seo\/ -->\n<title>Pricing - LeapLytics&#039; Shop<\/title>\n<meta name=\"robots\" content=\"index, follow, max-snippet:-1, max-image-preview:large, max-video-preview:-1\" \/>\n<link rel=\"canonical\" href=\"https:\/\/shop.leaplytics.de\/de\/preisgestaltung\/\" \/>\n<meta property=\"og:locale\" content=\"de_DE\" \/>\n<meta property=\"og:type\" content=\"article\" \/>\n<meta property=\"og:title\" content=\"Pricing - LeapLytics&#039; Shop\" \/>\n<meta property=\"og:description\" content=\"At LeapLytics, we believe that licensing should make your life easier, not more complicated. That\u2019s why we\u2019ve designed a simple, fair licensing model for our visuals \u2013 no user limits, no headaches, no surprises. Why no user-based licensing? Let\u2019s be honest: User-based licensing often causes more problems than it solves. When more people need to &hellip;\" \/>\n<meta property=\"og:url\" content=\"https:\/\/shop.leaplytics.de\/de\/preisgestaltung\/\" \/>\n<meta property=\"og:site_name\" content=\"LeapLytics&#039; Shop\" \/>\n<meta property=\"article:modified_time\" content=\"2025-05-27T12:30:33+00:00\" \/>\n<meta name=\"twitter:card\" content=\"summary_large_image\" \/>\n<meta name=\"twitter:label1\" content=\"Gesch\u00e4tzte Lesezeit\" \/>\n\t<meta name=\"twitter:data1\" content=\"2\u00a0Minuten\" \/>\n<script type=\"application\/ld+json\" class=\"yoast-schema-graph\">{\"@context\":\"https:\/\/schema.org\",\"@graph\":[{\"@type\":\"WebPage\",\"@id\":\"https:\/\/shop.leaplytics.de\/pricing\/\",\"url\":\"https:\/\/shop.leaplytics.de\/pricing\/\",\"name\":\"Pricing - LeapLytics&#039; Shop\",\"isPartOf\":{\"@id\":\"https:\/\/shop.leaplytics.de\/pt_br\/#website\"},\"datePublished\":\"2022-06-17T16:52:45+00:00\",\"dateModified\":\"2025-05-27T12:30:33+00:00\",\"breadcrumb\":{\"@id\":\"https:\/\/shop.leaplytics.de\/pricing\/#breadcrumb\"},\"inLanguage\":\"de\",\"potentialAction\":[{\"@type\":\"ReadAction\",\"target\":[\"https:\/\/shop.leaplytics.de\/pricing\/\"]}]},{\"@type\":\"BreadcrumbList\",\"@id\":\"https:\/\/shop.leaplytics.de\/pricing\/#breadcrumb\",\"itemListElement\":[{\"@type\":\"ListItem\",\"position\":1,\"name\":\"Home\",\"item\":\"https:\/\/shop.leaplytics.de\/\"},{\"@type\":\"ListItem\",\"position\":2,\"name\":\"Pricing\"}]},{\"@type\":\"WebSite\",\"@id\":\"https:\/\/shop.leaplytics.de\/pt_br\/#website\",\"url\":\"https:\/\/shop.leaplytics.de\/pt_br\/\",\"name\":\"LeapLytics' Shop\",\"description\":\"leap reporting solutions\",\"potentialAction\":[{\"@type\":\"SearchAction\",\"target\":{\"@type\":\"EntryPoint\",\"urlTemplate\":\"https:\/\/shop.leaplytics.de\/pt_br\/?s={search_term_string}\"},\"query-input\":{\"@type\":\"PropertyValueSpecification\",\"valueRequired\":true,\"valueName\":\"search_term_string\"}}],\"inLanguage\":\"de\"}]}<\/script>\n<!-- \/ Yoast SEO plugin. -->","yoast_head_json":{"title":"Preisgestaltung - LeapLytics' Shop","robots":{"index":"index","follow":"follow","max-snippet":"max-snippet:-1","max-image-preview":"max-image-preview:large","max-video-preview":"max-video-preview:-1"},"canonical":"https:\/\/shop.leaplytics.de\/de\/preisgestaltung\/","og_locale":"de_DE","og_type":"article","og_title":"Pricing - LeapLytics&#039; Shop","og_description":"At LeapLytics, we believe that licensing should make your life easier, not more complicated. That\u2019s why we\u2019ve designed a simple, fair licensing model for our visuals \u2013 no user limits, no headaches, no surprises. Why no user-based licensing? Let\u2019s be honest: User-based licensing often causes more problems than it solves. When more people need to &hellip;","og_url":"https:\/\/shop.leaplytics.de\/de\/preisgestaltung\/","og_site_name":"LeapLytics&#039; Shop","article_modified_time":"2025-05-27T12:30:33+00:00","twitter_card":"summary_large_image","twitter_misc":{"Gesch\u00e4tzte Lesezeit":"2\u00a0Minuten"},"schema":{"@context":"https:\/\/schema.org","@graph":[{"@type":"WebPage","@id":"https:\/\/shop.leaplytics.de\/pricing\/","url":"https:\/\/shop.leaplytics.de\/pricing\/","name":"Preisgestaltung - LeapLytics' Shop","isPartOf":{"@id":"https:\/\/shop.leaplytics.de\/pt_br\/#website"},"datePublished":"2022-06-17T16:52:45+00:00","dateModified":"2025-05-27T12:30:33+00:00","breadcrumb":{"@id":"https:\/\/shop.leaplytics.de\/pricing\/#breadcrumb"},"inLanguage":"de","potentialAction":[{"@type":"ReadAction","target":["https:\/\/shop.leaplytics.de\/pricing\/"]}]},{"@type":"BreadcrumbList","@id":"https:\/\/shop.leaplytics.de\/pricing\/#breadcrumb","itemListElement":[{"@type":"ListItem","position":1,"name":"Home","item":"https:\/\/shop.leaplytics.de\/"},{"@type":"ListItem","position":2,"name":"Pricing"}]},{"@type":"WebSite","@id":"https:\/\/shop.leaplytics.de\/pt_br\/#website","url":"https:\/\/shop.leaplytics.de\/pt_br\/","name":"LeapLytics' Gesch\u00e4ft","description":"leap reporting solutions","potentialAction":[{"@type":"SearchAction","target":{"@type":"EntryPoint","urlTemplate":"https:\/\/shop.leaplytics.de\/pt_br\/?s={search_term_string}"},"query-input":{"@type":"PropertyValueSpecification","valueRequired":true,"valueName":"search_term_string"}}],"inLanguage":"de"}]}},"_links":{"self":[{"href":"https:\/\/shop.leaplytics.de\/de\/wp-json\/wp\/v2\/pages\/266","targetHints":{"allow":["GET"]}}],"collection":[{"href":"https:\/\/shop.leaplytics.de\/de\/wp-json\/wp\/v2\/pages"}],"about":[{"href":"https:\/\/shop.leaplytics.de\/de\/wp-json\/wp\/v2\/types\/page"}],"author":[{"embeddable":true,"href":"https:\/\/shop.leaplytics.de\/de\/wp-json\/wp\/v2\/users\/4"}],"replies":[{"embeddable":true,"href":"https:\/\/shop.leaplytics.de\/de\/wp-json\/wp\/v2\/comments?post=266"}],"version-history":[{"count":0,"href":"https:\/\/shop.leaplytics.de\/de\/wp-json\/wp\/v2\/pages\/266\/revisions"}],"wp:attachment":[{"href":"https:\/\/shop.leaplytics.de\/de\/wp-json\/wp\/v2\/media?parent=266"}],"curies":[{"name":"wp","href":"https:\/\/api.w.org\/{rel}","templated":true}]}}