{"id":2215,"date":"2024-12-09T13:55:51","date_gmt":"2024-12-09T13:55:51","guid":{"rendered":"https:\/\/shop.leaplytics.de\/?page_id=2215"},"modified":"2026-03-05T19:58:24","modified_gmt":"2026-03-05T19:58:24","slug":"garantie","status":"publish","type":"page","link":"https:\/\/shop.leaplytics.de\/de\/garantie\/","title":{"rendered":"Garantie"},"content":{"rendered":"<h3 class=\"wp-block-heading\">Die risikofreie und lebenslange Preisgarantie von LeapLytics<\/h3>\n\n\n\n<p>Sie hatten bereits die Gelegenheit, unser Bildmaterial kostenlos zu erkunden. Jetzt ist es an der Zeit, den Zugang zu <strong>Voller Zugang f\u00fcr Ihr gesamtes Unternehmen - ohne Risiko.<\/strong><\/p>\n\n<p><strong>30-Tage-Geld-zur\u00fcck-Garantie:<\/strong> Wenn LeapLytics Ihrem Team nicht weiterhilft <strong>komplexe Daten schneller verstehen<\/strong> und machen <strong>bessere Entscheidungen<\/strong> innerhalb der ersten 30 Tage, senden Sie uns einfach eine E-Mail und wir stellen Ihnen eine <strong>100% Erstattung<\/strong>. <strong>Keine Formulare. Keine Reibung. Keine Fragen.<\/strong><\/p>\n\n<p><strong>Preisbindung auf Lebenszeit:<\/strong> Sobald Sie Kunde sind, ist Ihr Preis <strong>dauerhaft eingeschlossen<\/strong> - Sie werden <strong>nie mehr bezahlen<\/strong>selbst wenn unsere Preise in Zukunft steigen sollten.<\/p>\n\n<p>Die einzige m\u00f6gliche Anpassung kann sich ergeben aus <strong>Wechselkursschwankungen<\/strong>. Wir f\u00fcgen niemals Zuschl\u00e4ge oder Aufschl\u00e4ge hinzu - alle w\u00e4hrungsbedingten Anpassungen werden ber\u00fccksichtigt. <strong>Transparent in unserem Online Shop<\/strong> und genau so angewendet werden, wie sie auftreten.<\/p>\n\n<p><strong>Keine versteckten Geb\u00fchren. Keine Preise pro Benutzer. Keine \u00fcberraschenden Upgrades.<\/strong> Sie sichern sich den heutigen Preis und profitieren von allen zuk\u00fcnftigen Verbesserungen.<\/p>\n\n\n\n<h3 class=\"wp-block-heading\">Warum sich Teams f\u00fcr LeapLytics entscheiden<\/h3>\n\n\n\n<p>\n\u2705 <strong>Exklusive, leistungsstarke Power BI-Grafiken<\/strong> die Sie nirgendwo anders finden werden<br>\n\u2705 <strong>Unbegrenzte Anzahl von Benutzern, Dashboards und Berichten<\/strong> - keine Preise pro Benutzer<br>\n\u2705 <strong>F\u00fcr schnellere Entscheidungen gebaut<\/strong> - klarere Erkenntnisse mit weniger Klicks<br>\n\u2705 <strong>Sofortige Bereitstellung<\/strong> - einmal ver\u00f6ffentlichen und es funktioniert f\u00fcr Ihre gesamte Organisation<br>\n\u2705 <strong>F\u00fcr skalierbare Rollouts gemacht<\/strong> - einheitliches Bildmaterial f\u00fcr alle Teams und Berichte\n<\/p>\n\n\n\n<p>Wenn unser Bildmaterial nicht den erwarteten Nutzen bringt, erstatten wir Ihnen den Kaufpreis. <strong>Wir wollen Ihr Geld nicht<\/strong> wenn wir es uns nicht verdienen.<\/p>\n\n\n\n<h3 class=\"wp-block-heading\">Wie die Garantie funktioniert<\/h3>\n\n\n\n<p>\n1\ufe0f\u20e3 Aktivieren Sie Ihre Volllizenz - per Angebot oder Direktkauf.<br>\n2\ufe0f\u20e3 Verteilen Sie es auf Dashboards, Berichte und Teams und setzen Sie es in die Praxis um.<br>\n3\ufe0f\u20e3 Wenn Sie innerhalb von 30 Tagen nicht zufrieden sind, senden Sie uns eine E-Mail f\u00fcr eine <strong>vollst\u00e4ndige Erstattung<\/strong>. <strong>Kein \u00c4rger. Kein Risiko.<\/strong><br>\n4\ufe0f\u20e3 Halten Sie Ihre Lizenz aktiv und Ihre <strong>Preis bleibt gesperrt<\/strong> - f\u00fcr immer.\n<\/p>\n\n\n\n<h3 class=\"wp-block-heading\">Sichern Sie sich Ihre Lizenz und sichern Sie sich den heutigen Preis<\/h3>\n\n\n\n<p>\n\ud83d\udc49 <strong>Fordern Sie ein Angebot an:<\/strong> <a href=\"mailto:info@leaplytics.de\"><strong>info@leaplytics.de<\/strong><\/a><br>\n\ud83d\udc49 <strong>Oder bestellen Sie Ihre Lizenz direkt im Shop<\/strong>\n<\/p>\n\n\n\n<p>Verbessern Sie Ihre Power BI-Berichte mit klareren Darstellungen und schnelleren Erkenntnissen. <strong>ohne das Risiko.<\/strong><\/p>","protected":false},"excerpt":{"rendered":"<p>The LeapLytics Risk-Free &#038; Lifetime Price Lock Guarantee You\u2019ve already had the chance to explore our visuals for free. Now it\u2019s time to unlock full access for your entire organization \u2014 with zero risk. 30-Day Money-Back Guarantee: If LeapLytics doesn\u2019t help your team understand complex data faster and make better decisions within the first 30 &hellip; <\/p>","protected":false},"author":4,"featured_media":0,"parent":0,"menu_order":0,"comment_status":"closed","ping_status":"closed","template":"","meta":{"footnotes":""},"class_list":["post-2215","page","type-page","status-publish","hentry","latest_post"],"yoast_head":"<!-- This site is optimized with the Yoast SEO plugin v25.6 - https:\/\/yoast.com\/wordpress\/plugins\/seo\/ -->\n<title>Guarantee - LeapLytics&#039; Shop<\/title>\n<meta name=\"robots\" content=\"index, follow, max-snippet:-1, max-image-preview:large, max-video-preview:-1\" \/>\n<link rel=\"canonical\" href=\"https:\/\/shop.leaplytics.de\/de\/garantie\/\" \/>\n<meta property=\"og:locale\" content=\"de_DE\" \/>\n<meta property=\"og:type\" content=\"article\" \/>\n<meta property=\"og:title\" content=\"Guarantee - LeapLytics&#039; Shop\" \/>\n<meta property=\"og:description\" content=\"The LeapLytics Risk-Free &#038; Lifetime Price Lock Guarantee You\u2019ve already had the chance to explore our visuals for free. Now it\u2019s time to unlock full access for your entire organization \u2014 with zero risk. 30-Day Money-Back Guarantee: If LeapLytics doesn\u2019t help your team understand complex data faster and make better decisions within the first 30 &hellip;\" \/>\n<meta property=\"og:url\" content=\"https:\/\/shop.leaplytics.de\/de\/garantie\/\" \/>\n<meta property=\"og:site_name\" content=\"LeapLytics&#039; Shop\" \/>\n<meta property=\"article:modified_time\" content=\"2026-03-05T19:58:24+00:00\" \/>\n<meta name=\"twitter:card\" content=\"summary_large_image\" \/>\n<meta name=\"twitter:label1\" content=\"Gesch\u00e4tzte Lesezeit\" \/>\n\t<meta name=\"twitter:data1\" content=\"2\u00a0Minuten\" \/>\n<script type=\"application\/ld+json\" class=\"yoast-schema-graph\">{\"@context\":\"https:\/\/schema.org\",\"@graph\":[{\"@type\":\"WebPage\",\"@id\":\"https:\/\/shop.leaplytics.de\/guarantee\/\",\"url\":\"https:\/\/shop.leaplytics.de\/guarantee\/\",\"name\":\"Guarantee - LeapLytics&#039; Shop\",\"isPartOf\":{\"@id\":\"https:\/\/shop.leaplytics.de\/pt_br\/#website\"},\"datePublished\":\"2024-12-09T13:55:51+00:00\",\"dateModified\":\"2026-03-05T19:58:24+00:00\",\"breadcrumb\":{\"@id\":\"https:\/\/shop.leaplytics.de\/guarantee\/#breadcrumb\"},\"inLanguage\":\"de\",\"potentialAction\":[{\"@type\":\"ReadAction\",\"target\":[\"https:\/\/shop.leaplytics.de\/guarantee\/\"]}]},{\"@type\":\"BreadcrumbList\",\"@id\":\"https:\/\/shop.leaplytics.de\/guarantee\/#breadcrumb\",\"itemListElement\":[{\"@type\":\"ListItem\",\"position\":1,\"name\":\"Home\",\"item\":\"https:\/\/shop.leaplytics.de\/\"},{\"@type\":\"ListItem\",\"position\":2,\"name\":\"Guarantee\"}]},{\"@type\":\"WebSite\",\"@id\":\"https:\/\/shop.leaplytics.de\/pt_br\/#website\",\"url\":\"https:\/\/shop.leaplytics.de\/pt_br\/\",\"name\":\"LeapLytics' Shop\",\"description\":\"leap reporting solutions\",\"potentialAction\":[{\"@type\":\"SearchAction\",\"target\":{\"@type\":\"EntryPoint\",\"urlTemplate\":\"https:\/\/shop.leaplytics.de\/pt_br\/?s={search_term_string}\"},\"query-input\":{\"@type\":\"PropertyValueSpecification\",\"valueRequired\":true,\"valueName\":\"search_term_string\"}}],\"inLanguage\":\"de\"}]}<\/script>\n<!-- \/ Yoast SEO plugin. -->","yoast_head_json":{"title":"Garantie - LeapLytics' Shop","robots":{"index":"index","follow":"follow","max-snippet":"max-snippet:-1","max-image-preview":"max-image-preview:large","max-video-preview":"max-video-preview:-1"},"canonical":"https:\/\/shop.leaplytics.de\/de\/garantie\/","og_locale":"de_DE","og_type":"article","og_title":"Guarantee - LeapLytics&#039; Shop","og_description":"The LeapLytics Risk-Free &#038; Lifetime Price Lock Guarantee You\u2019ve already had the chance to explore our visuals for free. Now it\u2019s time to unlock full access for your entire organization \u2014 with zero risk. 30-Day Money-Back Guarantee: If LeapLytics doesn\u2019t help your team understand complex data faster and make better decisions within the first 30 &hellip;","og_url":"https:\/\/shop.leaplytics.de\/de\/garantie\/","og_site_name":"LeapLytics&#039; Shop","article_modified_time":"2026-03-05T19:58:24+00:00","twitter_card":"summary_large_image","twitter_misc":{"Gesch\u00e4tzte Lesezeit":"2\u00a0Minuten"},"schema":{"@context":"https:\/\/schema.org","@graph":[{"@type":"WebPage","@id":"https:\/\/shop.leaplytics.de\/guarantee\/","url":"https:\/\/shop.leaplytics.de\/guarantee\/","name":"Garantie - LeapLytics' Shop","isPartOf":{"@id":"https:\/\/shop.leaplytics.de\/pt_br\/#website"},"datePublished":"2024-12-09T13:55:51+00:00","dateModified":"2026-03-05T19:58:24+00:00","breadcrumb":{"@id":"https:\/\/shop.leaplytics.de\/guarantee\/#breadcrumb"},"inLanguage":"de","potentialAction":[{"@type":"ReadAction","target":["https:\/\/shop.leaplytics.de\/guarantee\/"]}]},{"@type":"BreadcrumbList","@id":"https:\/\/shop.leaplytics.de\/guarantee\/#breadcrumb","itemListElement":[{"@type":"ListItem","position":1,"name":"Home","item":"https:\/\/shop.leaplytics.de\/"},{"@type":"ListItem","position":2,"name":"Guarantee"}]},{"@type":"WebSite","@id":"https:\/\/shop.leaplytics.de\/pt_br\/#website","url":"https:\/\/shop.leaplytics.de\/pt_br\/","name":"LeapLytics' Gesch\u00e4ft","description":"leap reporting solutions","potentialAction":[{"@type":"SearchAction","target":{"@type":"EntryPoint","urlTemplate":"https:\/\/shop.leaplytics.de\/pt_br\/?s={search_term_string}"},"query-input":{"@type":"PropertyValueSpecification","valueRequired":true,"valueName":"search_term_string"}}],"inLanguage":"de"}]}},"_links":{"self":[{"href":"https:\/\/shop.leaplytics.de\/de\/wp-json\/wp\/v2\/pages\/2215","targetHints":{"allow":["GET"]}}],"collection":[{"href":"https:\/\/shop.leaplytics.de\/de\/wp-json\/wp\/v2\/pages"}],"about":[{"href":"https:\/\/shop.leaplytics.de\/de\/wp-json\/wp\/v2\/types\/page"}],"author":[{"embeddable":true,"href":"https:\/\/shop.leaplytics.de\/de\/wp-json\/wp\/v2\/users\/4"}],"replies":[{"embeddable":true,"href":"https:\/\/shop.leaplytics.de\/de\/wp-json\/wp\/v2\/comments?post=2215"}],"version-history":[{"count":0,"href":"https:\/\/shop.leaplytics.de\/de\/wp-json\/wp\/v2\/pages\/2215\/revisions"}],"wp:attachment":[{"href":"https:\/\/shop.leaplytics.de\/de\/wp-json\/wp\/v2\/media?parent=2215"}],"curies":[{"name":"wp","href":"https:\/\/api.w.org\/{rel}","templated":true}]}}