{"id":2413,"date":"2026-02-15T21:10:28","date_gmt":"2026-02-15T21:10:28","guid":{"rendered":"https:\/\/shop.leaplytics.de\/?post_type=product&#038;p=2413"},"modified":"2026-03-05T20:00:39","modified_gmt":"2026-03-05T20:00:39","slug":"matrixtabel","status":"publish","type":"product","link":"https:\/\/shop.leaplytics.de\/da\/product\/matrixtabel\/","title":{"rendered":"Matrix-tabel"},"content":{"rendered":"<p>Matrix-tabel<\/p>","protected":false},"excerpt":{"rendered":"<p>Resultatopg\u00f8relse, afvigelsesanalyse og ledelsesrapportering - i \u00e9t st\u00e6rkt matrixbillede.<\/p>\n<p><strong>Beskrivelse:<\/strong><\/p>\n<ul>\n<li>\u00c5rlig eller fler\u00e5rig licens tilg\u00e6ngelig<\/li>\n<li>Brug licensen til en enkelt virksomhed (juridisk enhed) eller p\u00e5 tv\u00e6rs af en gruppe\/holding (flere juridiske enheder)<\/li>\n<li><u><a href=\"https:\/\/shop.leaplytics.de\/da\/garanti\/\">30 dages risikofri garanti + livstidspris Locke<\/a><\/u><\/li>\n<li>Licenskoden sendes til din e-mail inden for 24 timer efter k\u00f8bet.<\/li>\n<li>\n    For kommerciel brug i kundevendte milj\u00f8er, kontakt os venligst p\u00e5<br \/>\n    <u><a href=\"mailto:info@leaplytics.de\">info@leaplytics.de<\/a><\/u>\n  <\/li>\n<\/ul>\n<p>Leder du efter et endnu bedre tilbud? Kontakt os p\u00e5 <a href=\"mailto:info@leaplytics.de\">info@leaplytics.de<\/a> og f\u00e5 en eksklusiv ekstra rabat!<\/p>","protected":false},"featured_media":2416,"template":"","meta":[],"product_brand":[],"product_cat":[44],"product_tag":[],"class_list":{"0":"post-2413","1":"product","2":"type-product","3":"status-publish","4":"has-post-thumbnail","6":"product_cat-bi-solutions","7":"latest_post","9":"first","10":"instock","11":"taxable","12":"shipping-taxable","13":"purchasable","14":"product-type-variable"},"yoast_head":"<!-- This site is optimized with the Yoast SEO plugin v25.6 - https:\/\/yoast.com\/wordpress\/plugins\/seo\/ -->\n<title>Matrix Table - LeapLytics&#039; Shop<\/title>\n<meta name=\"robots\" content=\"index, follow, max-snippet:-1, max-image-preview:large, max-video-preview:-1\" \/>\n<link rel=\"canonical\" href=\"https:\/\/shop.leaplytics.de\/da\/product\/matrixtabel\/\" \/>\n<meta property=\"og:locale\" content=\"da_DK\" \/>\n<meta property=\"og:type\" content=\"article\" \/>\n<meta property=\"og:title\" content=\"Matrix Table - LeapLytics&#039; Shop\" \/>\n<meta property=\"og:description\" content=\"P&amp;L statements, variance analysis, and management reporting \u2013 in one powerful matrix visual.  Description:   Annual or multi-year license available  Use the license for a single company (legal entity) or across a group\/holding (multiple legal entities)  30-Day Risk-Free Guarantee + Lifetime Price Locke  License code will be sent to your email within 24 hours of purchase     For commercial use in customer-facing environments, please contact us at    info@leaplytics.de     Looking for an even better deal? Contact us at info@leaplytics.de and get an exclusive extra discount!\" \/>\n<meta property=\"og:url\" content=\"https:\/\/shop.leaplytics.de\/da\/product\/matrixtabel\/\" \/>\n<meta property=\"og:site_name\" content=\"LeapLytics&#039; Shop\" \/>\n<meta property=\"article:modified_time\" content=\"2026-03-05T20:00:39+00:00\" \/>\n<meta property=\"og:image\" content=\"https:\/\/shop.leaplytics.de\/wp-content\/uploads\/2026\/02\/Icon_300x300.png\" \/>\n\t<meta property=\"og:image:width\" content=\"300\" \/>\n\t<meta property=\"og:image:height\" content=\"300\" \/>\n\t<meta property=\"og:image:type\" content=\"image\/png\" \/>\n<meta name=\"twitter:card\" content=\"summary_large_image\" \/>\n<meta name=\"twitter:label1\" content=\"Estimeret l\u00e6setid\" \/>\n\t<meta name=\"twitter:data1\" content=\"1 minut\" \/>\n<script type=\"application\/ld+json\" class=\"yoast-schema-graph\">{\"@context\":\"https:\/\/schema.org\",\"@graph\":[{\"@type\":\"WebPage\",\"@id\":\"https:\/\/shop.leaplytics.de\/product\/matrix-table\/\",\"url\":\"https:\/\/shop.leaplytics.de\/product\/matrix-table\/\",\"name\":\"Matrix Table - LeapLytics&#039; Shop\",\"isPartOf\":{\"@id\":\"https:\/\/shop.leaplytics.de\/pt_br\/#website\"},\"primaryImageOfPage\":{\"@id\":\"https:\/\/shop.leaplytics.de\/product\/matrix-table\/#primaryimage\"},\"image\":{\"@id\":\"https:\/\/shop.leaplytics.de\/product\/matrix-table\/#primaryimage\"},\"thumbnailUrl\":\"https:\/\/shop.leaplytics.de\/wp-content\/uploads\/2026\/02\/Icon_300x300.png\",\"datePublished\":\"2026-02-15T21:10:28+00:00\",\"dateModified\":\"2026-03-05T20:00:39+00:00\",\"breadcrumb\":{\"@id\":\"https:\/\/shop.leaplytics.de\/product\/matrix-table\/#breadcrumb\"},\"inLanguage\":\"da-DK\",\"potentialAction\":[{\"@type\":\"ReadAction\",\"target\":[\"https:\/\/shop.leaplytics.de\/product\/matrix-table\/\"]}]},{\"@type\":\"ImageObject\",\"inLanguage\":\"da-DK\",\"@id\":\"https:\/\/shop.leaplytics.de\/product\/matrix-table\/#primaryimage\",\"url\":\"https:\/\/shop.leaplytics.de\/wp-content\/uploads\/2026\/02\/Icon_300x300.png\",\"contentUrl\":\"https:\/\/shop.leaplytics.de\/wp-content\/uploads\/2026\/02\/Icon_300x300.png\",\"width\":300,\"height\":300},{\"@type\":\"BreadcrumbList\",\"@id\":\"https:\/\/shop.leaplytics.de\/product\/matrix-table\/#breadcrumb\",\"itemListElement\":[{\"@type\":\"ListItem\",\"position\":1,\"name\":\"Home\",\"item\":\"https:\/\/shop.leaplytics.de\/\"},{\"@type\":\"ListItem\",\"position\":2,\"name\":\"Shop\",\"item\":\"https:\/\/shop.leaplytics.de\/\"},{\"@type\":\"ListItem\",\"position\":3,\"name\":\"Matrix Table\"}]},{\"@type\":\"WebSite\",\"@id\":\"https:\/\/shop.leaplytics.de\/pt_br\/#website\",\"url\":\"https:\/\/shop.leaplytics.de\/pt_br\/\",\"name\":\"LeapLytics' Shop\",\"description\":\"leap reporting solutions\",\"potentialAction\":[{\"@type\":\"SearchAction\",\"target\":{\"@type\":\"EntryPoint\",\"urlTemplate\":\"https:\/\/shop.leaplytics.de\/pt_br\/?s={search_term_string}\"},\"query-input\":{\"@type\":\"PropertyValueSpecification\",\"valueRequired\":true,\"valueName\":\"search_term_string\"}}],\"inLanguage\":\"da-DK\"}]}<\/script>\n<!-- \/ Yoast SEO plugin. -->","yoast_head_json":{"title":"Matrix-tabel - LeapLytics' butik","robots":{"index":"index","follow":"follow","max-snippet":"max-snippet:-1","max-image-preview":"max-image-preview:large","max-video-preview":"max-video-preview:-1"},"canonical":"https:\/\/shop.leaplytics.de\/da\/product\/matrixtabel\/","og_locale":"da_DK","og_type":"article","og_title":"Matrix Table - LeapLytics&#039; Shop","og_description":"P&L statements, variance analysis, and management reporting \u2013 in one powerful matrix visual.  Description:   Annual or multi-year license available  Use the license for a single company (legal entity) or across a group\/holding (multiple legal entities)  30-Day Risk-Free Guarantee + Lifetime Price Locke  License code will be sent to your email within 24 hours of purchase     For commercial use in customer-facing environments, please contact us at    info@leaplytics.de     Looking for an even better deal? Contact us at info@leaplytics.de and get an exclusive extra discount!","og_url":"https:\/\/shop.leaplytics.de\/da\/product\/matrixtabel\/","og_site_name":"LeapLytics&#039; Shop","article_modified_time":"2026-03-05T20:00:39+00:00","og_image":[{"width":300,"height":300,"url":"https:\/\/shop.leaplytics.de\/wp-content\/uploads\/2026\/02\/Icon_300x300.png","type":"image\/png"}],"twitter_card":"summary_large_image","twitter_misc":{"Estimeret l\u00e6setid":"1 minut"},"schema":{"@context":"https:\/\/schema.org","@graph":[{"@type":"WebPage","@id":"https:\/\/shop.leaplytics.de\/product\/matrix-table\/","url":"https:\/\/shop.leaplytics.de\/product\/matrix-table\/","name":"Matrix-tabel - LeapLytics' butik","isPartOf":{"@id":"https:\/\/shop.leaplytics.de\/pt_br\/#website"},"primaryImageOfPage":{"@id":"https:\/\/shop.leaplytics.de\/product\/matrix-table\/#primaryimage"},"image":{"@id":"https:\/\/shop.leaplytics.de\/product\/matrix-table\/#primaryimage"},"thumbnailUrl":"https:\/\/shop.leaplytics.de\/wp-content\/uploads\/2026\/02\/Icon_300x300.png","datePublished":"2026-02-15T21:10:28+00:00","dateModified":"2026-03-05T20:00:39+00:00","breadcrumb":{"@id":"https:\/\/shop.leaplytics.de\/product\/matrix-table\/#breadcrumb"},"inLanguage":"da-DK","potentialAction":[{"@type":"ReadAction","target":["https:\/\/shop.leaplytics.de\/product\/matrix-table\/"]}]},{"@type":"ImageObject","inLanguage":"da-DK","@id":"https:\/\/shop.leaplytics.de\/product\/matrix-table\/#primaryimage","url":"https:\/\/shop.leaplytics.de\/wp-content\/uploads\/2026\/02\/Icon_300x300.png","contentUrl":"https:\/\/shop.leaplytics.de\/wp-content\/uploads\/2026\/02\/Icon_300x300.png","width":300,"height":300},{"@type":"BreadcrumbList","@id":"https:\/\/shop.leaplytics.de\/product\/matrix-table\/#breadcrumb","itemListElement":[{"@type":"ListItem","position":1,"name":"Home","item":"https:\/\/shop.leaplytics.de\/"},{"@type":"ListItem","position":2,"name":"Shop","item":"https:\/\/shop.leaplytics.de\/"},{"@type":"ListItem","position":3,"name":"Matrix Table"}]},{"@type":"WebSite","@id":"https:\/\/shop.leaplytics.de\/pt_br\/#website","url":"https:\/\/shop.leaplytics.de\/pt_br\/","name":"LeapLytics' butik","description":"Leap-rapporteringsl\u00f8sninger","potentialAction":[{"@type":"SearchAction","target":{"@type":"EntryPoint","urlTemplate":"https:\/\/shop.leaplytics.de\/pt_br\/?s={search_term_string}"},"query-input":{"@type":"PropertyValueSpecification","valueRequired":true,"valueName":"search_term_string"}}],"inLanguage":"da-DK"}]}},"_links":{"self":[{"href":"https:\/\/shop.leaplytics.de\/da\/wp-json\/wp\/v2\/product\/2413","targetHints":{"allow":["GET"]}}],"collection":[{"href":"https:\/\/shop.leaplytics.de\/da\/wp-json\/wp\/v2\/product"}],"about":[{"href":"https:\/\/shop.leaplytics.de\/da\/wp-json\/wp\/v2\/types\/product"}],"wp:featuredmedia":[{"embeddable":true,"href":"https:\/\/shop.leaplytics.de\/da\/wp-json\/wp\/v2\/media\/2416"}],"wp:attachment":[{"href":"https:\/\/shop.leaplytics.de\/da\/wp-json\/wp\/v2\/media?parent=2413"}],"wp:term":[{"taxonomy":"product_brand","embeddable":true,"href":"https:\/\/shop.leaplytics.de\/da\/wp-json\/wp\/v2\/product_brand?post=2413"},{"taxonomy":"product_cat","embeddable":true,"href":"https:\/\/shop.leaplytics.de\/da\/wp-json\/wp\/v2\/product_cat?post=2413"},{"taxonomy":"product_tag","embeddable":true,"href":"https:\/\/shop.leaplytics.de\/da\/wp-json\/wp\/v2\/product_tag?post=2413"}],"curies":[{"name":"wp","href":"https:\/\/api.w.org\/{rel}","templated":true}]}}