{"id":2215,"date":"2024-12-09T13:55:51","date_gmt":"2024-12-09T13:55:51","guid":{"rendered":"https:\/\/shop.leaplytics.de\/?page_id=2215"},"modified":"2026-03-05T19:58:24","modified_gmt":"2026-03-05T19:58:24","slug":"garanti","status":"publish","type":"page","link":"https:\/\/shop.leaplytics.de\/da\/garanti\/","title":{"rendered":"Garanti"},"content":{"rendered":"<h3 class=\"wp-block-heading\">LeapLytics risikofri og livstids prisl\u00e5s-garanti<\/h3>\n\n\n\n<p>Du har allerede haft mulighed for at udforske vores billeder gratis. Nu er det tid til at l\u00e5se op for <strong>fuld adgang for hele din organisation - uden risiko.<\/strong><\/p>\n\n<p><strong>30 dages pengene-tilbage-garanti:<\/strong> Hvis LeapLytics ikke hj\u00e6lper dit team <strong>forst\u00e5 komplekse data hurtigere<\/strong> og lave <strong>bedre beslutninger<\/strong> inden for de f\u00f8rste 30 dage, skal du bare sende os en e-mail, s\u00e5 udsteder vi en <strong>100% tilbagebetaling<\/strong>. <strong>Ingen former. Ingen gnidninger. Ingen sp\u00f8rgsm\u00e5l.<\/strong><\/p>\n\n<p><strong>Livstids prisl\u00e5s:<\/strong> N\u00e5r du er blevet kunde, er din pris <strong>l\u00e5st inde permanent<\/strong> - du vil <strong>Betal aldrig mere<\/strong>selv hvis vores priser stiger i fremtiden.<\/p>\n\n<p>Den eneste mulige justering kan komme fra <strong>Udsving i valutakurser<\/strong>. Vi tilf\u00f8jer aldrig ekstra gebyrer eller till\u00e6g - eventuelle valutarelaterede justeringer afspejles <strong>gennemsigtigt i vores online shop<\/strong> og anvendes pr\u00e6cis, n\u00e5r de opst\u00e5r.<\/p>\n\n<p><strong>Ingen skjulte gebyrer. Ingen priser pr. bruger. Ingen overraskende opgraderinger.<\/strong> Du sikrer dig dagens pris, mens du nyder godt af alle fremtidige forbedringer.<\/p>\n\n\n\n<h3 class=\"wp-block-heading\">Hvorfor teams v\u00e6lger LeapLytics<\/h3>\n\n\n\n<p>\n\u2705 <strong>Eksklusive, h\u00f8jtydende Power BI-visualiseringer<\/strong> du ikke finder andre steder<br>\n\u2705 <strong>Ubegr\u00e6nset antal brugere, dashboards og rapporter<\/strong> - ingen priser pr. bruger<br>\n\u2705 <strong>Bygget til hurtigere beslutningstagning<\/strong> - klarere indsigt med f\u00e6rre klik<br>\n\u2705 <strong>\u00d8jeblikkelig udrulning<\/strong> - Udgiv \u00e9n gang, og det virker for hele din organisation<br>\n\u2705 <strong>Lavet til skalerbare udrulninger<\/strong> - Ensartede billeder p\u00e5 tv\u00e6rs af teams og rapporter\n<\/p>\n\n\n\n<p>Hvis vores visuals ikke leverer den v\u00e6rdi, du forventer, refunderer vi dit k\u00f8b. <strong>Vi vil ikke have dine penge<\/strong> medmindre vi g\u00f8r os fortjent til det.<\/p>\n\n\n\n<h3 class=\"wp-block-heading\">S\u00e5dan fungerer garantien<\/h3>\n\n\n\n<p>\n1\ufe0f\u20e3 Aktiv\u00e9r din fulde licens - via tilbud eller direkte k\u00f8b.<br>\n2\ufe0f\u20e3 Rul det ud p\u00e5 tv\u00e6rs af dashboards, rapporter og teams - brug det i praksis.<br>\n3\ufe0f\u20e3 Hvis du ikke er tilfreds inden for 30 dage, kan du sende os en e-mail og f\u00e5 en <strong>fuld tilbagebetaling<\/strong>. <strong>Intet besv\u00e6r. Ingen risiko.<\/strong><br>\n4\ufe0f\u20e3 Hold din licens aktiv og din <strong>Prisen forbliver l\u00e5st<\/strong> - For altid.\n<\/p>\n\n\n\n<h3 class=\"wp-block-heading\">Sikre din licens og fastl\u00e5s dagens pris<\/h3>\n\n\n\n<p>\n\ud83d\udc49 <strong>Anmod om et tilbud:<\/strong> <a href=\"mailto:info@leaplytics.de\"><strong>info@leaplytics.de<\/strong><\/a><br>\n\ud83d\udc49 <strong>Eller bestil din licens direkte i butikken<\/strong>\n<\/p>\n\n\n\n<p>Opgrader dine Power BI-rapporter med klarere billeder og hurtigere indsigt. <strong>uden risiko.<\/strong><\/p>","protected":false},"excerpt":{"rendered":"<p>LeapLytics' risikofrie og livslange prisl\u00e5sgaranti Du har allerede haft mulighed for at udforske vores visuelle materiale gratis. Nu er det tid til at l\u00e5se op for fuld adgang for hele din organisation - uden risiko. 30-dages pengene-tilbage-garanti: Hvis LeapLytics ikke hj\u00e6lper dit team med at forst\u00e5 komplekse data hurtigere og tr\u00e6ffe bedre beslutninger inden for de f\u00f8rste 30 ... <\/p>","protected":false},"author":4,"featured_media":0,"parent":0,"menu_order":0,"comment_status":"closed","ping_status":"closed","template":"","meta":{"footnotes":""},"class_list":["post-2215","page","type-page","status-publish","hentry","latest_post"],"yoast_head":"<!-- This site is optimized with the Yoast SEO plugin v25.6 - https:\/\/yoast.com\/wordpress\/plugins\/seo\/ -->\n<title>Guarantee - LeapLytics&#039; Shop<\/title>\n<meta name=\"robots\" content=\"index, follow, max-snippet:-1, max-image-preview:large, max-video-preview:-1\" \/>\n<link rel=\"canonical\" href=\"https:\/\/shop.leaplytics.de\/da\/garanti\/\" \/>\n<meta property=\"og:locale\" content=\"da_DK\" \/>\n<meta property=\"og:type\" content=\"article\" \/>\n<meta property=\"og:title\" content=\"Guarantee - LeapLytics&#039; Shop\" \/>\n<meta property=\"og:description\" content=\"The LeapLytics Risk-Free &#038; Lifetime Price Lock Guarantee You\u2019ve already had the chance to explore our visuals for free. Now it\u2019s time to unlock full access for your entire organization \u2014 with zero risk. 30-Day Money-Back Guarantee: If LeapLytics doesn\u2019t help your team understand complex data faster and make better decisions within the first 30 &hellip;\" \/>\n<meta property=\"og:url\" content=\"https:\/\/shop.leaplytics.de\/da\/garanti\/\" \/>\n<meta property=\"og:site_name\" content=\"LeapLytics&#039; Shop\" \/>\n<meta property=\"article:modified_time\" content=\"2026-03-05T19:58:24+00:00\" \/>\n<meta name=\"twitter:card\" content=\"summary_large_image\" \/>\n<meta name=\"twitter:label1\" content=\"Estimeret l\u00e6setid\" \/>\n\t<meta name=\"twitter:data1\" content=\"2 minutter\" \/>\n<script type=\"application\/ld+json\" class=\"yoast-schema-graph\">{\"@context\":\"https:\/\/schema.org\",\"@graph\":[{\"@type\":\"WebPage\",\"@id\":\"https:\/\/shop.leaplytics.de\/guarantee\/\",\"url\":\"https:\/\/shop.leaplytics.de\/guarantee\/\",\"name\":\"Guarantee - LeapLytics&#039; Shop\",\"isPartOf\":{\"@id\":\"https:\/\/shop.leaplytics.de\/pt_br\/#website\"},\"datePublished\":\"2024-12-09T13:55:51+00:00\",\"dateModified\":\"2026-03-05T19:58:24+00:00\",\"breadcrumb\":{\"@id\":\"https:\/\/shop.leaplytics.de\/guarantee\/#breadcrumb\"},\"inLanguage\":\"da-DK\",\"potentialAction\":[{\"@type\":\"ReadAction\",\"target\":[\"https:\/\/shop.leaplytics.de\/guarantee\/\"]}]},{\"@type\":\"BreadcrumbList\",\"@id\":\"https:\/\/shop.leaplytics.de\/guarantee\/#breadcrumb\",\"itemListElement\":[{\"@type\":\"ListItem\",\"position\":1,\"name\":\"Home\",\"item\":\"https:\/\/shop.leaplytics.de\/\"},{\"@type\":\"ListItem\",\"position\":2,\"name\":\"Guarantee\"}]},{\"@type\":\"WebSite\",\"@id\":\"https:\/\/shop.leaplytics.de\/pt_br\/#website\",\"url\":\"https:\/\/shop.leaplytics.de\/pt_br\/\",\"name\":\"LeapLytics' Shop\",\"description\":\"leap reporting solutions\",\"potentialAction\":[{\"@type\":\"SearchAction\",\"target\":{\"@type\":\"EntryPoint\",\"urlTemplate\":\"https:\/\/shop.leaplytics.de\/pt_br\/?s={search_term_string}\"},\"query-input\":{\"@type\":\"PropertyValueSpecification\",\"valueRequired\":true,\"valueName\":\"search_term_string\"}}],\"inLanguage\":\"da-DK\"}]}<\/script>\n<!-- \/ Yoast SEO plugin. -->","yoast_head_json":{"title":"Garanti - LeapLytics' butik","robots":{"index":"index","follow":"follow","max-snippet":"max-snippet:-1","max-image-preview":"max-image-preview:large","max-video-preview":"max-video-preview:-1"},"canonical":"https:\/\/shop.leaplytics.de\/da\/garanti\/","og_locale":"da_DK","og_type":"article","og_title":"Guarantee - LeapLytics&#039; Shop","og_description":"The LeapLytics Risk-Free &#038; Lifetime Price Lock Guarantee You\u2019ve already had the chance to explore our visuals for free. Now it\u2019s time to unlock full access for your entire organization \u2014 with zero risk. 30-Day Money-Back Guarantee: If LeapLytics doesn\u2019t help your team understand complex data faster and make better decisions within the first 30 &hellip;","og_url":"https:\/\/shop.leaplytics.de\/da\/garanti\/","og_site_name":"LeapLytics&#039; Shop","article_modified_time":"2026-03-05T19:58:24+00:00","twitter_card":"summary_large_image","twitter_misc":{"Estimeret l\u00e6setid":"2 minutter"},"schema":{"@context":"https:\/\/schema.org","@graph":[{"@type":"WebPage","@id":"https:\/\/shop.leaplytics.de\/guarantee\/","url":"https:\/\/shop.leaplytics.de\/guarantee\/","name":"Garanti - LeapLytics' butik","isPartOf":{"@id":"https:\/\/shop.leaplytics.de\/pt_br\/#website"},"datePublished":"2024-12-09T13:55:51+00:00","dateModified":"2026-03-05T19:58:24+00:00","breadcrumb":{"@id":"https:\/\/shop.leaplytics.de\/guarantee\/#breadcrumb"},"inLanguage":"da-DK","potentialAction":[{"@type":"ReadAction","target":["https:\/\/shop.leaplytics.de\/guarantee\/"]}]},{"@type":"BreadcrumbList","@id":"https:\/\/shop.leaplytics.de\/guarantee\/#breadcrumb","itemListElement":[{"@type":"ListItem","position":1,"name":"Home","item":"https:\/\/shop.leaplytics.de\/"},{"@type":"ListItem","position":2,"name":"Guarantee"}]},{"@type":"WebSite","@id":"https:\/\/shop.leaplytics.de\/pt_br\/#website","url":"https:\/\/shop.leaplytics.de\/pt_br\/","name":"LeapLytics' butik","description":"Leap-rapporteringsl\u00f8sninger","potentialAction":[{"@type":"SearchAction","target":{"@type":"EntryPoint","urlTemplate":"https:\/\/shop.leaplytics.de\/pt_br\/?s={search_term_string}"},"query-input":{"@type":"PropertyValueSpecification","valueRequired":true,"valueName":"search_term_string"}}],"inLanguage":"da-DK"}]}},"_links":{"self":[{"href":"https:\/\/shop.leaplytics.de\/da\/wp-json\/wp\/v2\/pages\/2215","targetHints":{"allow":["GET"]}}],"collection":[{"href":"https:\/\/shop.leaplytics.de\/da\/wp-json\/wp\/v2\/pages"}],"about":[{"href":"https:\/\/shop.leaplytics.de\/da\/wp-json\/wp\/v2\/types\/page"}],"author":[{"embeddable":true,"href":"https:\/\/shop.leaplytics.de\/da\/wp-json\/wp\/v2\/users\/4"}],"replies":[{"embeddable":true,"href":"https:\/\/shop.leaplytics.de\/da\/wp-json\/wp\/v2\/comments?post=2215"}],"version-history":[{"count":0,"href":"https:\/\/shop.leaplytics.de\/da\/wp-json\/wp\/v2\/pages\/2215\/revisions"}],"wp:attachment":[{"href":"https:\/\/shop.leaplytics.de\/da\/wp-json\/wp\/v2\/media?parent=2215"}],"curies":[{"name":"wp","href":"https:\/\/api.w.org\/{rel}","templated":true}]}}