{"id":2350,"date":"2025-07-31T12:57:27","date_gmt":"2025-07-31T12:57:27","guid":{"rendered":"https:\/\/shop.leaplytics.de\/?post_type=product&#038;p=2350"},"modified":"2026-03-05T20:01:00","modified_gmt":"2026-03-05T20:01:00","slug":"digitalni-dvojce","status":"publish","type":"product","link":"https:\/\/shop.leaplytics.de\/cs\/product\/digitalni-dvojce\/","title":{"rendered":"Digit\u00e1ln\u00ed dvoj\u010de"},"content":{"rendered":"","protected":false},"excerpt":{"rendered":"<p>Umo\u017en\u00edme v\u00e1m o\u017eivit slo\u017eit\u00e9 syst\u00e9my, procesy nebo aktiva p\u0159\u00edmo v prost\u0159ed\u00ed Power BI. Na\u0161e vizu\u00e1ln\u00ed \u0159e\u0161en\u00ed Digital Twin transformuje statick\u00e9 diagramy a data do interaktivn\u00edch, p\u0159ehledn\u00fdch a dynamick\u00fdch reprezentac\u00ed. Pochopte vz\u00e1jemn\u00e9 z\u00e1vislosti, sledujte stavy a odemkn\u011bte nov\u00fd rozm\u011br zkoum\u00e1n\u00ed dat.<\/p>\n<p><strong>Popis:<\/strong><\/p>\n<ul>\n<li>K dispozici je ro\u010dn\u00ed nebo v\u00edcelet\u00e1 licence<\/li>\n<li>Pou\u017eit\u00ed licence pro jednu spole\u010dnost (pr\u00e1vnickou osobu) nebo v r\u00e1mci skupiny\/holdingu (v\u00edce pr\u00e1vnick\u00fdch osob).<\/li>\n<li><u><a href=\"https:\/\/shop.leaplytics.de\/cs\/zaruka\/\">30denn\u00ed z\u00e1ruka bez rizika + do\u017eivotn\u00ed uzam\u010den\u00ed ceny<\/a><\/u><\/li>\n<li>Licen\u010dn\u00ed k\u00f3d v\u00e1m bude zasl\u00e1n na v\u00e1\u0161 e-mail do 24 hodin od n\u00e1kupu.<\/li>\n<li>\n    V p\u0159\u00edpad\u011b komer\u010dn\u00edho vyu\u017eit\u00ed v z\u00e1kaznick\u00e9m prost\u0159ed\u00ed n\u00e1s pros\u00edm kontaktujte na adrese<br \/>\n    <u><a href=\"mailto:info@leaplytics.de\">info@leaplytics.de<\/a><\/u>\n  <\/li>\n<\/ul>","protected":false},"featured_media":2360,"template":"","meta":[],"product_brand":[],"product_cat":[19],"product_tag":[],"class_list":{"0":"post-2350","1":"product","2":"type-product","3":"status-publish","4":"has-post-thumbnail","6":"product_cat-bi-visual","7":"latest_post","9":"first","10":"instock","11":"taxable","12":"shipping-taxable","13":"purchasable","14":"product-type-variable"},"yoast_head":"<!-- This site is optimized with the Yoast SEO plugin v25.6 - https:\/\/yoast.com\/wordpress\/plugins\/seo\/ -->\n<title>Digital Twin - LeapLytics&#039; Shop<\/title>\n<meta name=\"robots\" content=\"index, follow, max-snippet:-1, max-image-preview:large, max-video-preview:-1\" \/>\n<link rel=\"canonical\" href=\"https:\/\/shop.leaplytics.de\/cs\/product\/digitalni-dvojce\/\" \/>\n<meta property=\"og:locale\" content=\"cs_CZ\" \/>\n<meta property=\"og:type\" content=\"article\" \/>\n<meta property=\"og:title\" content=\"Digital Twin - LeapLytics&#039; Shop\" \/>\n<meta property=\"og:description\" content=\"We empower you to bring your complex systems, processes, or assets to life directly within Power BI. Our Digital Twin visual transforms static diagrams and data into interactive, insightful, and dynamic representations. Understand interdependencies, monitor statuses, and unlock a new dimension of data exploration.  Description:   Annual or multi-year license available  Use the license for a single company (legal entity) or across a group\/holding (multiple legal entities)  30-Day Risk-Free Guarantee + Lifetime Price Lock  License code will be sent to your email within 24 hours of purchase     For commercial use in customer-facing environments, please contact us at    info@leaplytics.de\" \/>\n<meta property=\"og:url\" content=\"https:\/\/shop.leaplytics.de\/cs\/product\/digitalni-dvojce\/\" \/>\n<meta property=\"og:site_name\" content=\"LeapLytics&#039; Shop\" \/>\n<meta property=\"article:modified_time\" content=\"2026-03-05T20:01:00+00:00\" \/>\n<meta property=\"og:image\" content=\"https:\/\/shop.leaplytics.de\/wp-content\/uploads\/2025\/07\/Digital_Twin_Logo_300x3001.png\" \/>\n\t<meta property=\"og:image:width\" content=\"300\" \/>\n\t<meta property=\"og:image:height\" content=\"300\" \/>\n\t<meta property=\"og:image:type\" content=\"image\/png\" \/>\n<meta name=\"twitter:card\" content=\"summary_large_image\" \/>\n<meta name=\"twitter:label1\" content=\"Odhadovan\u00e1 doba \u010dten\u00ed\" \/>\n\t<meta name=\"twitter:data1\" content=\"1 minuta\" \/>\n<script type=\"application\/ld+json\" class=\"yoast-schema-graph\">{\"@context\":\"https:\/\/schema.org\",\"@graph\":[{\"@type\":\"WebPage\",\"@id\":\"https:\/\/shop.leaplytics.de\/product\/digital-twin\/\",\"url\":\"https:\/\/shop.leaplytics.de\/product\/digital-twin\/\",\"name\":\"Digital Twin - LeapLytics&#039; Shop\",\"isPartOf\":{\"@id\":\"https:\/\/shop.leaplytics.de\/pt_br\/#website\"},\"primaryImageOfPage\":{\"@id\":\"https:\/\/shop.leaplytics.de\/product\/digital-twin\/#primaryimage\"},\"image\":{\"@id\":\"https:\/\/shop.leaplytics.de\/product\/digital-twin\/#primaryimage\"},\"thumbnailUrl\":\"https:\/\/shop.leaplytics.de\/wp-content\/uploads\/2025\/07\/Digital_Twin_Logo_300x3001.png\",\"datePublished\":\"2025-07-31T12:57:27+00:00\",\"dateModified\":\"2026-03-05T20:01:00+00:00\",\"breadcrumb\":{\"@id\":\"https:\/\/shop.leaplytics.de\/product\/digital-twin\/#breadcrumb\"},\"inLanguage\":\"cs\",\"potentialAction\":[{\"@type\":\"ReadAction\",\"target\":[\"https:\/\/shop.leaplytics.de\/product\/digital-twin\/\"]}]},{\"@type\":\"ImageObject\",\"inLanguage\":\"cs\",\"@id\":\"https:\/\/shop.leaplytics.de\/product\/digital-twin\/#primaryimage\",\"url\":\"https:\/\/shop.leaplytics.de\/wp-content\/uploads\/2025\/07\/Digital_Twin_Logo_300x3001.png\",\"contentUrl\":\"https:\/\/shop.leaplytics.de\/wp-content\/uploads\/2025\/07\/Digital_Twin_Logo_300x3001.png\",\"width\":300,\"height\":300},{\"@type\":\"BreadcrumbList\",\"@id\":\"https:\/\/shop.leaplytics.de\/product\/digital-twin\/#breadcrumb\",\"itemListElement\":[{\"@type\":\"ListItem\",\"position\":1,\"name\":\"Home\",\"item\":\"https:\/\/shop.leaplytics.de\/\"},{\"@type\":\"ListItem\",\"position\":2,\"name\":\"Shop\",\"item\":\"https:\/\/shop.leaplytics.de\/\"},{\"@type\":\"ListItem\",\"position\":3,\"name\":\"Digital Twin\"}]},{\"@type\":\"WebSite\",\"@id\":\"https:\/\/shop.leaplytics.de\/pt_br\/#website\",\"url\":\"https:\/\/shop.leaplytics.de\/pt_br\/\",\"name\":\"LeapLytics' Shop\",\"description\":\"leap reporting solutions\",\"potentialAction\":[{\"@type\":\"SearchAction\",\"target\":{\"@type\":\"EntryPoint\",\"urlTemplate\":\"https:\/\/shop.leaplytics.de\/pt_br\/?s={search_term_string}\"},\"query-input\":{\"@type\":\"PropertyValueSpecification\",\"valueRequired\":true,\"valueName\":\"search_term_string\"}}],\"inLanguage\":\"cs\"}]}<\/script>\n<!-- \/ Yoast SEO plugin. -->","yoast_head_json":{"title":"Digit\u00e1ln\u00ed dvoj\u010de - Obchod spole\u010dnosti LeapLytics","robots":{"index":"index","follow":"follow","max-snippet":"max-snippet:-1","max-image-preview":"max-image-preview:large","max-video-preview":"max-video-preview:-1"},"canonical":"https:\/\/shop.leaplytics.de\/cs\/product\/digitalni-dvojce\/","og_locale":"cs_CZ","og_type":"article","og_title":"Digital Twin - LeapLytics&#039; Shop","og_description":"We empower you to bring your complex systems, processes, or assets to life directly within Power BI. Our Digital Twin visual transforms static diagrams and data into interactive, insightful, and dynamic representations. Understand interdependencies, monitor statuses, and unlock a new dimension of data exploration.  Description:   Annual or multi-year license available  Use the license for a single company (legal entity) or across a group\/holding (multiple legal entities)  30-Day Risk-Free Guarantee + Lifetime Price Lock  License code will be sent to your email within 24 hours of purchase     For commercial use in customer-facing environments, please contact us at    info@leaplytics.de","og_url":"https:\/\/shop.leaplytics.de\/cs\/product\/digitalni-dvojce\/","og_site_name":"LeapLytics&#039; Shop","article_modified_time":"2026-03-05T20:01:00+00:00","og_image":[{"width":300,"height":300,"url":"https:\/\/shop.leaplytics.de\/wp-content\/uploads\/2025\/07\/Digital_Twin_Logo_300x3001.png","type":"image\/png"}],"twitter_card":"summary_large_image","twitter_misc":{"Odhadovan\u00e1 doba \u010dten\u00ed":"1 minuta"},"schema":{"@context":"https:\/\/schema.org","@graph":[{"@type":"WebPage","@id":"https:\/\/shop.leaplytics.de\/product\/digital-twin\/","url":"https:\/\/shop.leaplytics.de\/product\/digital-twin\/","name":"Digit\u00e1ln\u00ed dvoj\u010de - Obchod spole\u010dnosti LeapLytics","isPartOf":{"@id":"https:\/\/shop.leaplytics.de\/pt_br\/#website"},"primaryImageOfPage":{"@id":"https:\/\/shop.leaplytics.de\/product\/digital-twin\/#primaryimage"},"image":{"@id":"https:\/\/shop.leaplytics.de\/product\/digital-twin\/#primaryimage"},"thumbnailUrl":"https:\/\/shop.leaplytics.de\/wp-content\/uploads\/2025\/07\/Digital_Twin_Logo_300x3001.png","datePublished":"2025-07-31T12:57:27+00:00","dateModified":"2026-03-05T20:01:00+00:00","breadcrumb":{"@id":"https:\/\/shop.leaplytics.de\/product\/digital-twin\/#breadcrumb"},"inLanguage":"cs","potentialAction":[{"@type":"ReadAction","target":["https:\/\/shop.leaplytics.de\/product\/digital-twin\/"]}]},{"@type":"ImageObject","inLanguage":"cs","@id":"https:\/\/shop.leaplytics.de\/product\/digital-twin\/#primaryimage","url":"https:\/\/shop.leaplytics.de\/wp-content\/uploads\/2025\/07\/Digital_Twin_Logo_300x3001.png","contentUrl":"https:\/\/shop.leaplytics.de\/wp-content\/uploads\/2025\/07\/Digital_Twin_Logo_300x3001.png","width":300,"height":300},{"@type":"BreadcrumbList","@id":"https:\/\/shop.leaplytics.de\/product\/digital-twin\/#breadcrumb","itemListElement":[{"@type":"ListItem","position":1,"name":"Home","item":"https:\/\/shop.leaplytics.de\/"},{"@type":"ListItem","position":2,"name":"Shop","item":"https:\/\/shop.leaplytics.de\/"},{"@type":"ListItem","position":3,"name":"Digital Twin"}]},{"@type":"WebSite","@id":"https:\/\/shop.leaplytics.de\/pt_br\/#website","url":"https:\/\/shop.leaplytics.de\/pt_br\/","name":"Obchod spole\u010dnosti LeapLytics","description":"\u0159e\u0161en\u00ed skokov\u00e9ho vykazov\u00e1n\u00ed","potentialAction":[{"@type":"SearchAction","target":{"@type":"EntryPoint","urlTemplate":"https:\/\/shop.leaplytics.de\/pt_br\/?s={search_term_string}"},"query-input":{"@type":"PropertyValueSpecification","valueRequired":true,"valueName":"search_term_string"}}],"inLanguage":"cs"}]}},"_links":{"self":[{"href":"https:\/\/shop.leaplytics.de\/cs\/wp-json\/wp\/v2\/product\/2350","targetHints":{"allow":["GET"]}}],"collection":[{"href":"https:\/\/shop.leaplytics.de\/cs\/wp-json\/wp\/v2\/product"}],"about":[{"href":"https:\/\/shop.leaplytics.de\/cs\/wp-json\/wp\/v2\/types\/product"}],"wp:featuredmedia":[{"embeddable":true,"href":"https:\/\/shop.leaplytics.de\/cs\/wp-json\/wp\/v2\/media\/2360"}],"wp:attachment":[{"href":"https:\/\/shop.leaplytics.de\/cs\/wp-json\/wp\/v2\/media?parent=2350"}],"wp:term":[{"taxonomy":"product_brand","embeddable":true,"href":"https:\/\/shop.leaplytics.de\/cs\/wp-json\/wp\/v2\/product_brand?post=2350"},{"taxonomy":"product_cat","embeddable":true,"href":"https:\/\/shop.leaplytics.de\/cs\/wp-json\/wp\/v2\/product_cat?post=2350"},{"taxonomy":"product_tag","embeddable":true,"href":"https:\/\/shop.leaplytics.de\/cs\/wp-json\/wp\/v2\/product_tag?post=2350"}],"curies":[{"name":"wp","href":"https:\/\/api.w.org\/{rel}","templated":true}]}}