{"id":266,"date":"2022-06-17T16:52:45","date_gmt":"2022-06-17T16:52:45","guid":{"rendered":"https:\/\/shop.leaplytics.de\/?page_id=266"},"modified":"2025-05-27T12:30:33","modified_gmt":"2025-05-27T12:30:33","slug":"stanoveni-cen","status":"publish","type":"page","link":"https:\/\/shop.leaplytics.de\/cs\/stanoveni-cen\/","title":{"rendered":"Stanoven\u00ed cen"},"content":{"rendered":"<p>Ve spole\u010dnosti LeapLytics v\u011b\u0159\u00edme, \u017ee licencov\u00e1n\u00ed by v\u00e1m m\u011blo zp\u0159\u00edjemnit \u017eivot. <strong>snadn\u011bj\u0161\u00ed<\/strong>, ne slo\u017eit\u011bj\u0161\u00ed. Proto jsme navrhli <strong>jednoduch\u00fd a spravedliv\u00fd licen\u010dn\u00ed model<\/strong> pro na\u0161e vizu\u00e1ly - \u017e\u00e1dn\u00e1 u\u017eivatelsk\u00e1 omezen\u00ed, \u017e\u00e1dn\u00e9 probl\u00e9my, \u017e\u00e1dn\u00e1 p\u0159ekvapen\u00ed.<\/p>\n\n\n\n<h3 class=\"wp-block-heading\">Pro\u010d nen\u00ed licencov\u00e1n\u00ed zalo\u017eeno na u\u017eivateli?<\/h3>\n\n\n\n<p>Bu\u010fme up\u0159\u00edmn\u00ed: licencov\u00e1n\u00ed na z\u00e1klad\u011b u\u017eivatele \u010dasto zp\u016fsobuje v\u00edce probl\u00e9m\u016f, ne\u017e kolik jich \u0159e\u0161\u00ed.<\/p>\n\n\n\n<p>Kdy\u017e pot\u0159ebuje zobrazit ovl\u00e1dac\u00ed panel v\u00edce lid\u00ed, ne\u017e je k dispozici licenc\u00ed, frustrace rychle nar\u016fst\u00e1. Je\u0161t\u011b hor\u0161\u00ed je, kdy\u017e je zablokov\u00e1n kl\u00ed\u010dov\u00fd pracovn\u00edk s rozhodovac\u00ed pravomoc\u00ed. Sami jsme si t\u00edm pro\u0161li - jako u\u017eivatel\u00e9 vizualizac\u00ed a dopl\u0148k\u016f. P\u0159esn\u011b tomu se chceme vyhnout.<\/p>\n\n\n\n<p>A pak jsou tu skryt\u00e9 n\u00e1klady: ne\u010dekan\u00e9 faktury za \"neopr\u00e1vn\u011bn\u00e9 u\u017eivatele\", kter\u00e9 nikdo ne\u010dekal? U n\u00e1s ne.<\/p>\n\n\n\n<h3 class=\"wp-block-heading\">Bezpe\u010dn\u00e1 z\u00e1ruka<\/h3>\n\n\n\n<p>A abyste se mohli rozhodnout bez rizika: nab\u00edz\u00edme v\u00e1m <strong>30denn\u00ed z\u00e1ruka vr\u00e1cen\u00ed pen\u011bz<\/strong>.<\/p>\n\n\n\n<p>Pokud vizu\u00e1ln\u00ed str\u00e1nka nep\u0159in\u00e1\u0161\u00ed o\u010dek\u00e1vanou hodnotu, sta\u010d\u00ed n\u00e1m d\u00e1t v\u011bd\u011bt do 30 dn\u016f - vr\u00e1t\u00edme v\u00e1m pen\u00edze v pln\u00e9 v\u00fd\u0161i, <strong>bez ot\u00e1zek<\/strong>.<\/p>\n\n\n\n<h3 class=\"wp-block-heading\">N\u00e1\u0161 slib: \u017d\u00e1dn\u00e1 omezen\u00ed. \u017d\u00e1dn\u00e1 p\u0159ekvapen\u00ed.<\/h3>\n\n\n\n<p>Se slu\u017ebou LeapLytics z\u00edsk\u00e1te <strong>licence pro celou spole\u010dnost nebo holding\/skupinu<\/strong>. To znamen\u00e1:<\/p>\n\n\n\n<p>\u2705 Neomezen\u00fd po\u010det u\u017eivatel\u016f<br>\u2705 Neomezen\u00e9 p\u0159\u00edstrojov\u00e9 panely<br>\u2705 Neomezen\u00e9 vizualizace<\/p>\n\n\n\n<p>Pou\u017e\u00edvejte na\u0161e vizu\u00e1ly kdekoli a jakkoli pot\u0159ebujete - <strong>s nulov\u00fdm drobn\u00fdm p\u00edsmem<\/strong>.<\/p>\n\n\n\n<h3 class=\"wp-block-heading\">Jednoduch\u00e9 a transparentn\u00ed ceny<\/h3>\n\n\n\n<p>Hled\u00e1te dlouhodob\u00e9 \u00faspory? M\u00e1me pro v\u00e1s \u0159e\u0161en\u00ed:<\/p>\n\n\n\n<ul class=\"wp-block-list\">\n<li><strong>Dvoulet\u00e1 licence<\/strong> \u2192 +6 m\u011bs\u00edc\u016f zdarma<\/li>\n\n\n\n<li><strong>3let\u00e1 licence<\/strong> \u2192 +12 m\u011bs\u00edc\u016f zdarma<\/li>\n<\/ul>\n\n\n\n<p>Je to skv\u011bl\u00e1 volba, pokud v\u00edte, \u017ee vizu\u00e1ln\u00ed str\u00e1nka odpov\u00edd\u00e1 va\u0161im pot\u0159eb\u00e1m p\u0159i ka\u017edodenn\u00ed pr\u00e1ci.<\/p>\n\n\n\n<p>Vlevo dole na str\u00e1nce obchodu m\u016f\u017eete p\u0159epnout m\u011bnu podle sv\u00fdch preferenc\u00ed.<\/p>\n\n\n\n<h3 class=\"wp-block-heading\">Jak z\u00edskat licenci<\/h3>\n\n\n\n<p>Existuj\u00ed dva snadn\u00e9 zp\u016fsoby, jak postupovat:<\/p>\n\n\n\n<h4 class=\"wp-block-heading\">Mo\u017enost 1: Nab\u00eddka a faktura<\/h4>\n\n\n\n<ul class=\"wp-block-list\">\n<li>Kontaktujte n\u00e1s na adrese <strong><a href=\"mailto:info@leaplytics.de\">info@leaplytics.de<\/a>.<\/strong> Po\u0161leme v\u00e1m ofici\u00e1ln\u00ed nab\u00eddku.<\/li>\n\n\n\n<li>Po p\u0159ijet\u00ed obdr\u017e\u00edte licen\u010dn\u00ed kl\u00ed\u010d a fakturu.<\/li>\n\n\n\n<li>Platba se prov\u00e1d\u00ed bankovn\u00edm p\u0159evodem v EUR.<\/li>\n<\/ul>\n\n\n\n<h4 class=\"wp-block-heading\">Mo\u017enost 2: Koupit online<\/h4>\n\n\n\n<ul class=\"wp-block-list\">\n<li>Objednejte si p\u0159\u00edmo zde n\u00e1\u0161 obchod.<\/li>\n\n\n\n<li>Pla\u0165te hlavn\u00edmi kreditn\u00edmi kartami nebo slu\u017ebou PayPal.<\/li>\n\n\n\n<li>Vyberte si preferovanou m\u011bnu.<\/li>\n<\/ul>\n\n\n\n<h3 class=\"wp-block-heading\">Div\u00e1ci nepot\u0159ebuj\u00ed \u017e\u00e1dn\u00e9 dal\u0161\u00ed nastaven\u00ed<\/h3>\n\n\n\n<p>\u010clenov\u00e9 va\u0161eho t\u00fdmu nemus\u00ed nic instalovat ani aktivovat. Jakmile je sestava s vizu\u00e1lem zve\u0159ejn\u011bna, funguje pro v\u0161echny ve va\u0161\u00ed organizaci. Nen\u00ed nutn\u00e9 \u017e\u00e1dn\u00e9 samostatn\u00e9 nastaven\u00ed.<\/p>","protected":false},"excerpt":{"rendered":"<p>Ve spole\u010dnosti LeapLytics v\u011b\u0159\u00edme, \u017ee licencov\u00e1n\u00ed by v\u00e1m m\u011blo usnad\u0148ovat \u017eivot, nikoli ho komplikovat. Proto jsme pro na\u0161e vizualizace navrhli jednoduch\u00fd a spravedliv\u00fd licen\u010dn\u00ed model - \u017e\u00e1dn\u00e9 u\u017eivatelsk\u00e9 limity, \u017e\u00e1dn\u00e9 bolesti hlavy, \u017e\u00e1dn\u00e1 p\u0159ekvapen\u00ed. Pro\u010d \u017e\u00e1dn\u00e9 licencov\u00e1n\u00ed podle u\u017eivatel\u016f? Bu\u010fme up\u0159\u00edmn\u00ed: licencov\u00e1n\u00ed zalo\u017een\u00e9 na u\u017eivatel\u00edch \u010dasto zp\u016fsobuje v\u00edce probl\u00e9m\u016f, ne\u017e kolik jich \u0159e\u0161\u00ed. Kdy\u017e pot\u0159ebuje v\u00edce lid\u00ed ... <\/p>","protected":false},"author":4,"featured_media":0,"parent":0,"menu_order":0,"comment_status":"closed","ping_status":"closed","template":"","meta":{"footnotes":""},"class_list":["post-266","page","type-page","status-publish","hentry","latest_post"],"yoast_head":"<!-- This site is optimized with the Yoast SEO plugin v25.6 - https:\/\/yoast.com\/wordpress\/plugins\/seo\/ -->\n<title>Pricing - LeapLytics&#039; Shop<\/title>\n<meta name=\"robots\" content=\"index, follow, max-snippet:-1, max-image-preview:large, max-video-preview:-1\" \/>\n<link rel=\"canonical\" href=\"https:\/\/shop.leaplytics.de\/cs\/stanoveni-cen\/\" \/>\n<meta property=\"og:locale\" content=\"cs_CZ\" \/>\n<meta property=\"og:type\" content=\"article\" \/>\n<meta property=\"og:title\" content=\"Pricing - LeapLytics&#039; Shop\" \/>\n<meta property=\"og:description\" content=\"At LeapLytics, we believe that licensing should make your life easier, not more complicated. That\u2019s why we\u2019ve designed a simple, fair licensing model for our visuals \u2013 no user limits, no headaches, no surprises. Why no user-based licensing? Let\u2019s be honest: User-based licensing often causes more problems than it solves. When more people need to &hellip;\" \/>\n<meta property=\"og:url\" content=\"https:\/\/shop.leaplytics.de\/cs\/stanoveni-cen\/\" \/>\n<meta property=\"og:site_name\" content=\"LeapLytics&#039; Shop\" \/>\n<meta property=\"article:modified_time\" content=\"2025-05-27T12:30:33+00:00\" \/>\n<meta name=\"twitter:card\" content=\"summary_large_image\" \/>\n<meta name=\"twitter:label1\" content=\"Odhadovan\u00e1 doba \u010dten\u00ed\" \/>\n\t<meta name=\"twitter:data1\" content=\"2 minuty\" \/>\n<script type=\"application\/ld+json\" class=\"yoast-schema-graph\">{\"@context\":\"https:\/\/schema.org\",\"@graph\":[{\"@type\":\"WebPage\",\"@id\":\"https:\/\/shop.leaplytics.de\/pricing\/\",\"url\":\"https:\/\/shop.leaplytics.de\/pricing\/\",\"name\":\"Pricing - LeapLytics&#039; Shop\",\"isPartOf\":{\"@id\":\"https:\/\/shop.leaplytics.de\/pt_br\/#website\"},\"datePublished\":\"2022-06-17T16:52:45+00:00\",\"dateModified\":\"2025-05-27T12:30:33+00:00\",\"breadcrumb\":{\"@id\":\"https:\/\/shop.leaplytics.de\/pricing\/#breadcrumb\"},\"inLanguage\":\"cs\",\"potentialAction\":[{\"@type\":\"ReadAction\",\"target\":[\"https:\/\/shop.leaplytics.de\/pricing\/\"]}]},{\"@type\":\"BreadcrumbList\",\"@id\":\"https:\/\/shop.leaplytics.de\/pricing\/#breadcrumb\",\"itemListElement\":[{\"@type\":\"ListItem\",\"position\":1,\"name\":\"Home\",\"item\":\"https:\/\/shop.leaplytics.de\/\"},{\"@type\":\"ListItem\",\"position\":2,\"name\":\"Pricing\"}]},{\"@type\":\"WebSite\",\"@id\":\"https:\/\/shop.leaplytics.de\/pt_br\/#website\",\"url\":\"https:\/\/shop.leaplytics.de\/pt_br\/\",\"name\":\"LeapLytics' Shop\",\"description\":\"leap reporting solutions\",\"potentialAction\":[{\"@type\":\"SearchAction\",\"target\":{\"@type\":\"EntryPoint\",\"urlTemplate\":\"https:\/\/shop.leaplytics.de\/pt_br\/?s={search_term_string}\"},\"query-input\":{\"@type\":\"PropertyValueSpecification\",\"valueRequired\":true,\"valueName\":\"search_term_string\"}}],\"inLanguage\":\"cs\"}]}<\/script>\n<!-- \/ Yoast SEO plugin. -->","yoast_head_json":{"title":"Ceny - Obchod spole\u010dnosti LeapLytics","robots":{"index":"index","follow":"follow","max-snippet":"max-snippet:-1","max-image-preview":"max-image-preview:large","max-video-preview":"max-video-preview:-1"},"canonical":"https:\/\/shop.leaplytics.de\/cs\/stanoveni-cen\/","og_locale":"cs_CZ","og_type":"article","og_title":"Pricing - LeapLytics&#039; Shop","og_description":"At LeapLytics, we believe that licensing should make your life easier, not more complicated. That\u2019s why we\u2019ve designed a simple, fair licensing model for our visuals \u2013 no user limits, no headaches, no surprises. Why no user-based licensing? Let\u2019s be honest: User-based licensing often causes more problems than it solves. When more people need to &hellip;","og_url":"https:\/\/shop.leaplytics.de\/cs\/stanoveni-cen\/","og_site_name":"LeapLytics&#039; Shop","article_modified_time":"2025-05-27T12:30:33+00:00","twitter_card":"summary_large_image","twitter_misc":{"Odhadovan\u00e1 doba \u010dten\u00ed":"2 minuty"},"schema":{"@context":"https:\/\/schema.org","@graph":[{"@type":"WebPage","@id":"https:\/\/shop.leaplytics.de\/pricing\/","url":"https:\/\/shop.leaplytics.de\/pricing\/","name":"Ceny - Obchod spole\u010dnosti LeapLytics","isPartOf":{"@id":"https:\/\/shop.leaplytics.de\/pt_br\/#website"},"datePublished":"2022-06-17T16:52:45+00:00","dateModified":"2025-05-27T12:30:33+00:00","breadcrumb":{"@id":"https:\/\/shop.leaplytics.de\/pricing\/#breadcrumb"},"inLanguage":"cs","potentialAction":[{"@type":"ReadAction","target":["https:\/\/shop.leaplytics.de\/pricing\/"]}]},{"@type":"BreadcrumbList","@id":"https:\/\/shop.leaplytics.de\/pricing\/#breadcrumb","itemListElement":[{"@type":"ListItem","position":1,"name":"Home","item":"https:\/\/shop.leaplytics.de\/"},{"@type":"ListItem","position":2,"name":"Pricing"}]},{"@type":"WebSite","@id":"https:\/\/shop.leaplytics.de\/pt_br\/#website","url":"https:\/\/shop.leaplytics.de\/pt_br\/","name":"Obchod spole\u010dnosti LeapLytics","description":"\u0159e\u0161en\u00ed skokov\u00e9ho vykazov\u00e1n\u00ed","potentialAction":[{"@type":"SearchAction","target":{"@type":"EntryPoint","urlTemplate":"https:\/\/shop.leaplytics.de\/pt_br\/?s={search_term_string}"},"query-input":{"@type":"PropertyValueSpecification","valueRequired":true,"valueName":"search_term_string"}}],"inLanguage":"cs"}]}},"_links":{"self":[{"href":"https:\/\/shop.leaplytics.de\/cs\/wp-json\/wp\/v2\/pages\/266","targetHints":{"allow":["GET"]}}],"collection":[{"href":"https:\/\/shop.leaplytics.de\/cs\/wp-json\/wp\/v2\/pages"}],"about":[{"href":"https:\/\/shop.leaplytics.de\/cs\/wp-json\/wp\/v2\/types\/page"}],"author":[{"embeddable":true,"href":"https:\/\/shop.leaplytics.de\/cs\/wp-json\/wp\/v2\/users\/4"}],"replies":[{"embeddable":true,"href":"https:\/\/shop.leaplytics.de\/cs\/wp-json\/wp\/v2\/comments?post=266"}],"version-history":[{"count":0,"href":"https:\/\/shop.leaplytics.de\/cs\/wp-json\/wp\/v2\/pages\/266\/revisions"}],"wp:attachment":[{"href":"https:\/\/shop.leaplytics.de\/cs\/wp-json\/wp\/v2\/media?parent=266"}],"curies":[{"name":"wp","href":"https:\/\/api.w.org\/{rel}","templated":true}]}}