{"id":2215,"date":"2024-12-09T13:55:51","date_gmt":"2024-12-09T13:55:51","guid":{"rendered":"https:\/\/shop.leaplytics.de\/?page_id=2215"},"modified":"2026-03-05T19:58:24","modified_gmt":"2026-03-05T19:58:24","slug":"zaruka","status":"publish","type":"page","link":"https:\/\/shop.leaplytics.de\/cs\/zaruka\/","title":{"rendered":"Z\u00e1ruka"},"content":{"rendered":"<h3 class=\"wp-block-heading\">Z\u00e1ruka bez rizika a do\u017eivotn\u00edho uzam\u010den\u00ed ceny LeapLytics<\/h3>\n\n\n\n<p>Na\u0161e vizu\u00e1ly jste si ji\u017e mohli prohl\u00e9dnout zdarma. Nyn\u00ed je \u010das odemknout <strong>pln\u00fd p\u0159\u00edstup pro celou organizaci - s nulov\u00fdm rizikem.<\/strong><\/p>\n\n<p><strong>30denn\u00ed z\u00e1ruka vr\u00e1cen\u00ed pen\u011bz:<\/strong> Pokud LeapLytics va\u0161emu t\u00fdmu nepom\u016f\u017ee <strong>rychleji pochopit slo\u017eit\u00e1 data<\/strong> a vytvo\u0159it <strong>lep\u0161\u00ed rozhodov\u00e1n\u00ed<\/strong> b\u011bhem prvn\u00edch 30 dn\u016f, sta\u010d\u00ed n\u00e1m poslat e-mail a my v\u00e1m vystav\u00edme <strong>N\u00e1hrada za 100%<\/strong>. <strong>\u017d\u00e1dn\u00e9 formul\u00e1\u0159e. \u017d\u00e1dn\u00e9 t\u0159en\u00ed. \u017d\u00e1dn\u00e9 ot\u00e1zky.<\/strong><\/p>\n\n<p><strong>Do\u017eivotn\u00ed uzam\u010den\u00ed ceny:<\/strong> Jakmile se stanete z\u00e1kazn\u00edkem, va\u0161e cena je <strong>trvale uzam\u010den\u00e9<\/strong> - budete <strong>nikdy neplatit v\u00edce<\/strong>, a to i v p\u0159\u00edpad\u011b, \u017ee na\u0161e ceny v budoucnu vzrostou.<\/p>\n\n<p>Jedinou mo\u017enou \u00fapravou m\u016f\u017ee b\u00fdt <strong>kol\u00eds\u00e1n\u00ed sm\u011bnn\u00fdch kurz\u016f<\/strong>. Nikdy nep\u0159ipo\u010d\u00edt\u00e1v\u00e1me p\u0159\u00edplatky ani p\u0159ir\u00e1\u017eky - ve\u0161ker\u00e9 \u00fapravy souvisej\u00edc\u00ed s m\u011bnou jsou zohledn\u011bny. <strong>transparentn\u011b v na\u0161em online obchod\u011b<\/strong> a pou\u017eity p\u0159esn\u011b tak, jak se vyskytuj\u00ed.<\/p>\n\n<p><strong>\u017d\u00e1dn\u00e9 skryt\u00e9 poplatky. \u017d\u00e1dn\u00e9 ceny za u\u017eivatele. \u017d\u00e1dn\u00e9 p\u0159ekvapiv\u00e9 upgrady.<\/strong> Zajist\u00edte si dne\u0161n\u00ed cenu a z\u00e1rove\u0148 budete m\u00edt prosp\u011bch ze v\u0161ech budouc\u00edch vylep\u0161en\u00ed.<\/p>\n\n\n\n<h3 class=\"wp-block-heading\">Pro\u010d si t\u00fdmy vyb\u00edraj\u00ed LeapLytics<\/h3>\n\n\n\n<p>\n\u2705 <strong>Exkluzivn\u00ed, vysoce v\u00fdkonn\u00e9 vizualizace Power BI<\/strong> nikde jinde nenajdete<br>\n\u2705 <strong>Neomezen\u00fd po\u010det u\u017eivatel\u016f, ovl\u00e1dac\u00edch panel\u016f a sestav<\/strong> - \u017e\u00e1dn\u00e9 ceny na u\u017eivatele<br>\n\u2705 <strong>Vytvo\u0159eno pro rychlej\u0161\u00ed rozhodov\u00e1n\u00ed<\/strong> - jasn\u011bj\u0161\u00ed p\u0159ehled s men\u0161\u00edm po\u010dtem kliknut\u00ed.<br>\n\u2705 <strong>Okam\u017eit\u00e9 nasazen\u00ed<\/strong> - publikujte jednou a bude to fungovat pro celou organizaci<br>\n\u2705 <strong>Stvo\u0159eno pro \u0161k\u00e1lovateln\u00e9 zav\u00e1d\u011bn\u00ed<\/strong> - konzistentn\u00ed vizualizace nap\u0159\u00ed\u010d t\u00fdmy a sestavami\n<\/p>\n\n\n\n<p>Pokud na\u0161e vizualizace nep\u0159inesou o\u010dek\u00e1vanou hodnotu, vr\u00e1t\u00edme v\u00e1m pen\u00edze za n\u00e1kup. <strong>Nechceme va\u0161e pen\u00edze<\/strong> pokud si je nezaslou\u017e\u00edme.<\/p>\n\n\n\n<h3 class=\"wp-block-heading\">Jak z\u00e1ruka funguje<\/h3>\n\n\n\n<p>\n1\ufe0f\u20e3 Aktivace pln\u00e9 licence - prost\u0159ednictv\u00edm nab\u00eddky nebo p\u0159\u00edm\u00e9ho n\u00e1kupu.<br>\n2\ufe0f\u20e3 Roz\u0161i\u0159te ji na \u0159\u00eddic\u00ed panely, p\u0159ehledy a t\u00fdmy - pou\u017eijte ji ve skute\u010dn\u00e9 pr\u00e1ci.<br>\n3\ufe0f\u20e3 Pokud nebudete do 30 dn\u016f spokojeni, napi\u0161te n\u00e1m o tom. <strong>pln\u00e1 n\u00e1hrada<\/strong>. <strong>\u017d\u00e1dn\u00e9 pot\u00ed\u017ee. \u017d\u00e1dn\u00e9 riziko.<\/strong><br>\n4\ufe0f\u20e3 Udr\u017eujte si aktivn\u00ed licenci a <strong>cena z\u016fst\u00e1v\u00e1 uzam\u010dena<\/strong> - nav\u017edy.\n<\/p>\n\n\n\n<h3 class=\"wp-block-heading\">Zajist\u011bte si licenci a uzamkn\u011bte si dne\u0161n\u00ed cenu<\/h3>\n\n\n\n<p>\n\ud83d\udc49 <strong>Po\u017e\u00e1dat o cenovou nab\u00eddku:<\/strong> <a href=\"mailto:info@leaplytics.de\"><strong>info@leaplytics.de<\/strong><\/a><br>\n\ud83d\udc49 <strong>Nebo si licenci objednejte p\u0159\u00edmo v obchod\u011b<\/strong>\n<\/p>\n\n\n\n<p>Vylep\u0161ete sv\u00e9 reporty Power BI o jasn\u011bj\u0161\u00ed vizualizace a rychlej\u0161\u00ed p\u0159ehledy - <strong>bez rizika.<\/strong><\/p>","protected":false},"excerpt":{"rendered":"<p>The LeapLytics Risk-Free &#038; Lifetime Price Lock Guarantee You\u2019ve already had the chance to explore our visuals for free. Now it\u2019s time to unlock full access for your entire organization \u2014 with zero risk. 30-Day Money-Back Guarantee: If LeapLytics doesn\u2019t help your team understand complex data faster and make better decisions within the first 30 &hellip; <\/p>","protected":false},"author":4,"featured_media":0,"parent":0,"menu_order":0,"comment_status":"closed","ping_status":"closed","template":"","meta":{"footnotes":""},"class_list":["post-2215","page","type-page","status-publish","hentry","latest_post"],"yoast_head":"<!-- This site is optimized with the Yoast SEO plugin v25.6 - https:\/\/yoast.com\/wordpress\/plugins\/seo\/ -->\n<title>Guarantee - LeapLytics&#039; Shop<\/title>\n<meta name=\"robots\" content=\"index, follow, max-snippet:-1, max-image-preview:large, max-video-preview:-1\" \/>\n<link rel=\"canonical\" href=\"https:\/\/shop.leaplytics.de\/cs\/zaruka\/\" \/>\n<meta property=\"og:locale\" content=\"cs_CZ\" \/>\n<meta property=\"og:type\" content=\"article\" \/>\n<meta property=\"og:title\" content=\"Guarantee - LeapLytics&#039; Shop\" \/>\n<meta property=\"og:description\" content=\"The LeapLytics Risk-Free &#038; Lifetime Price Lock Guarantee You\u2019ve already had the chance to explore our visuals for free. Now it\u2019s time to unlock full access for your entire organization \u2014 with zero risk. 30-Day Money-Back Guarantee: If LeapLytics doesn\u2019t help your team understand complex data faster and make better decisions within the first 30 &hellip;\" \/>\n<meta property=\"og:url\" content=\"https:\/\/shop.leaplytics.de\/cs\/zaruka\/\" \/>\n<meta property=\"og:site_name\" content=\"LeapLytics&#039; Shop\" \/>\n<meta property=\"article:modified_time\" content=\"2026-03-05T19:58:24+00:00\" \/>\n<meta name=\"twitter:card\" content=\"summary_large_image\" \/>\n<meta name=\"twitter:label1\" content=\"Odhadovan\u00e1 doba \u010dten\u00ed\" \/>\n\t<meta name=\"twitter:data1\" content=\"2 minuty\" \/>\n<script type=\"application\/ld+json\" class=\"yoast-schema-graph\">{\"@context\":\"https:\/\/schema.org\",\"@graph\":[{\"@type\":\"WebPage\",\"@id\":\"https:\/\/shop.leaplytics.de\/guarantee\/\",\"url\":\"https:\/\/shop.leaplytics.de\/guarantee\/\",\"name\":\"Guarantee - LeapLytics&#039; Shop\",\"isPartOf\":{\"@id\":\"https:\/\/shop.leaplytics.de\/pt_br\/#website\"},\"datePublished\":\"2024-12-09T13:55:51+00:00\",\"dateModified\":\"2026-03-05T19:58:24+00:00\",\"breadcrumb\":{\"@id\":\"https:\/\/shop.leaplytics.de\/guarantee\/#breadcrumb\"},\"inLanguage\":\"cs\",\"potentialAction\":[{\"@type\":\"ReadAction\",\"target\":[\"https:\/\/shop.leaplytics.de\/guarantee\/\"]}]},{\"@type\":\"BreadcrumbList\",\"@id\":\"https:\/\/shop.leaplytics.de\/guarantee\/#breadcrumb\",\"itemListElement\":[{\"@type\":\"ListItem\",\"position\":1,\"name\":\"Home\",\"item\":\"https:\/\/shop.leaplytics.de\/\"},{\"@type\":\"ListItem\",\"position\":2,\"name\":\"Guarantee\"}]},{\"@type\":\"WebSite\",\"@id\":\"https:\/\/shop.leaplytics.de\/pt_br\/#website\",\"url\":\"https:\/\/shop.leaplytics.de\/pt_br\/\",\"name\":\"LeapLytics' Shop\",\"description\":\"leap reporting solutions\",\"potentialAction\":[{\"@type\":\"SearchAction\",\"target\":{\"@type\":\"EntryPoint\",\"urlTemplate\":\"https:\/\/shop.leaplytics.de\/pt_br\/?s={search_term_string}\"},\"query-input\":{\"@type\":\"PropertyValueSpecification\",\"valueRequired\":true,\"valueName\":\"search_term_string\"}}],\"inLanguage\":\"cs\"}]}<\/script>\n<!-- \/ Yoast SEO plugin. -->","yoast_head_json":{"title":"Z\u00e1ruka - Obchod spole\u010dnosti LeapLytics","robots":{"index":"index","follow":"follow","max-snippet":"max-snippet:-1","max-image-preview":"max-image-preview:large","max-video-preview":"max-video-preview:-1"},"canonical":"https:\/\/shop.leaplytics.de\/cs\/zaruka\/","og_locale":"cs_CZ","og_type":"article","og_title":"Guarantee - LeapLytics&#039; Shop","og_description":"The LeapLytics Risk-Free &#038; Lifetime Price Lock Guarantee You\u2019ve already had the chance to explore our visuals for free. Now it\u2019s time to unlock full access for your entire organization \u2014 with zero risk. 30-Day Money-Back Guarantee: If LeapLytics doesn\u2019t help your team understand complex data faster and make better decisions within the first 30 &hellip;","og_url":"https:\/\/shop.leaplytics.de\/cs\/zaruka\/","og_site_name":"LeapLytics&#039; Shop","article_modified_time":"2026-03-05T19:58:24+00:00","twitter_card":"summary_large_image","twitter_misc":{"Odhadovan\u00e1 doba \u010dten\u00ed":"2 minuty"},"schema":{"@context":"https:\/\/schema.org","@graph":[{"@type":"WebPage","@id":"https:\/\/shop.leaplytics.de\/guarantee\/","url":"https:\/\/shop.leaplytics.de\/guarantee\/","name":"Z\u00e1ruka - Obchod spole\u010dnosti LeapLytics","isPartOf":{"@id":"https:\/\/shop.leaplytics.de\/pt_br\/#website"},"datePublished":"2024-12-09T13:55:51+00:00","dateModified":"2026-03-05T19:58:24+00:00","breadcrumb":{"@id":"https:\/\/shop.leaplytics.de\/guarantee\/#breadcrumb"},"inLanguage":"cs","potentialAction":[{"@type":"ReadAction","target":["https:\/\/shop.leaplytics.de\/guarantee\/"]}]},{"@type":"BreadcrumbList","@id":"https:\/\/shop.leaplytics.de\/guarantee\/#breadcrumb","itemListElement":[{"@type":"ListItem","position":1,"name":"Home","item":"https:\/\/shop.leaplytics.de\/"},{"@type":"ListItem","position":2,"name":"Guarantee"}]},{"@type":"WebSite","@id":"https:\/\/shop.leaplytics.de\/pt_br\/#website","url":"https:\/\/shop.leaplytics.de\/pt_br\/","name":"Obchod spole\u010dnosti LeapLytics","description":"\u0159e\u0161en\u00ed skokov\u00e9ho vykazov\u00e1n\u00ed","potentialAction":[{"@type":"SearchAction","target":{"@type":"EntryPoint","urlTemplate":"https:\/\/shop.leaplytics.de\/pt_br\/?s={search_term_string}"},"query-input":{"@type":"PropertyValueSpecification","valueRequired":true,"valueName":"search_term_string"}}],"inLanguage":"cs"}]}},"_links":{"self":[{"href":"https:\/\/shop.leaplytics.de\/cs\/wp-json\/wp\/v2\/pages\/2215","targetHints":{"allow":["GET"]}}],"collection":[{"href":"https:\/\/shop.leaplytics.de\/cs\/wp-json\/wp\/v2\/pages"}],"about":[{"href":"https:\/\/shop.leaplytics.de\/cs\/wp-json\/wp\/v2\/types\/page"}],"author":[{"embeddable":true,"href":"https:\/\/shop.leaplytics.de\/cs\/wp-json\/wp\/v2\/users\/4"}],"replies":[{"embeddable":true,"href":"https:\/\/shop.leaplytics.de\/cs\/wp-json\/wp\/v2\/comments?post=2215"}],"version-history":[{"count":0,"href":"https:\/\/shop.leaplytics.de\/cs\/wp-json\/wp\/v2\/pages\/2215\/revisions"}],"wp:attachment":[{"href":"https:\/\/shop.leaplytics.de\/cs\/wp-json\/wp\/v2\/media?parent=2215"}],"curies":[{"name":"wp","href":"https:\/\/api.w.org\/{rel}","templated":true}]}}